{"id":8088,"date":"2019-07-24T18:39:13","date_gmt":"2019-07-24T17:39:13","guid":{"rendered":"https:\/\/blogsaverroes.juntadeandalucia.es\/eielcastillo\/?page_id=8088"},"modified":"2019-07-24T18:40:16","modified_gmt":"2019-07-24T17:40:16","slug":"galeria-imagenes-octubre-2018","status":"publish","type":"page","link":"https:\/\/blogsaverroes.juntadeandalucia.es\/eielcastillo\/?page_id=8088","title":{"rendered":"Galer\u00eda im\u00e1genes OCTUBRE 2018"},"content":{"rendered":"<h3><span style=\"text-decoration: underline\"><span style=\"color: #333300\"><strong>Galeria im\u00e1genes OCTUBRE 2018<\/strong><\/span><\/span><\/h3>\n<p>Contiene im\u00e1genes de las siguiente actividades:<\/p>\n<h6><span style=\"color: #800080\">-Teatro en la Casa de la Cultura, una mezcla de ciencia, payasos y circo. Fu\u00e9 el 3 de octubre de 2018.<\/span><\/h6>\n<h6><span style=\"color: #800080\">-Cuento y Cuentacuentos \u00abMis peque\u00f1as alegr\u00edas\u00bb, relacionado con el Programa de Valores y Educaci\u00f3n Emocional.<\/span><\/h6>\n<h6><span style=\"color: #800080\">-Decoraci\u00f3n espacios del centro con motivo de la celebraci\u00f3n de Halloween.<\/span><\/h6>\n<h6><span style=\"color: #800080\">-Presentaci\u00f3n en el centro del Programa de Educaci\u00f3n Vial Bail\u00e9n 2018, asistencia del Sr. Jefe Provincial de Tr\u00e1fico en Ja\u00e9n, autoridades locales, autoridades policia local y gaurdia civil, direcciones de los centros de Infantil y Primaria de la localidad, representantes de AMPAs, comunidad educativa de la EI El Castillo. 26 octubre<\/span><\/h6>\n<h6><span style=\"color: #800080\">-Taller de maquillaje a cargo de las familias colaboradoras. 29 octubre.<\/span><\/h6>\n<h6><span style=\"color: #800080\">-Cuentacuentos a cargo de AMPA \u00abEl Reloj\u00bb, una divertida y terror\u00edfica historia relacionada con la celebraci\u00f3n de Halloween. 30 octubre.<\/span><\/h6>\n<h6><span style=\"color: #800080\">-Disfraces y tradicional \u00abTrick or treat\u00bb (truco o trato), motivo Halloween. 31 octubre.<\/span><\/h6>\nngg_shortcode_0_placeholder\n","protected":false},"excerpt":{"rendered":"<p>Galeria im\u00e1genes OCTUBRE 2018 Contiene im\u00e1genes de las siguiente actividades: -Teatro en la Casa de la Cultura, una mezcla de ciencia, payasos y circo. Fu\u00e9&hellip;<\/p>\n","protected":false},"author":3249,"featured_media":0,"parent":8062,"menu_order":10,"comment_status":"closed","ping_status":"closed","template":"","meta":{"ngg_post_thumbnail":0,"footnotes":"","_mc_calendar":[]},"aioseo_notices":[],"_links":{"self":[{"href":"https:\/\/blogsaverroes.juntadeandalucia.es\/eielcastillo\/index.php?rest_route=\/wp\/v2\/pages\/8088"}],"collection":[{"href":"https:\/\/blogsaverroes.juntadeandalucia.es\/eielcastillo\/index.php?rest_route=\/wp\/v2\/pages"}],"about":[{"href":"https:\/\/blogsaverroes.juntadeandalucia.es\/eielcastillo\/index.php?rest_route=\/wp\/v2\/types\/page"}],"author":[{"embeddable":true,"href":"https:\/\/blogsaverroes.juntadeandalucia.es\/eielcastillo\/index.php?rest_route=\/wp\/v2\/users\/3249"}],"replies":[{"embeddable":true,"href":"https:\/\/blogsaverroes.juntadeandalucia.es\/eielcastillo\/index.php?rest_route=%2Fwp%2Fv2%2Fcomments&post=8088"}],"version-history":[{"count":1,"href":"https:\/\/blogsaverroes.juntadeandalucia.es\/eielcastillo\/index.php?rest_route=\/wp\/v2\/pages\/8088\/revisions"}],"predecessor-version":[{"id":8089,"href":"https:\/\/blogsaverroes.juntadeandalucia.es\/eielcastillo\/index.php?rest_route=\/wp\/v2\/pages\/8088\/revisions\/8089"}],"up":[{"embeddable":true,"href":"https:\/\/blogsaverroes.juntadeandalucia.es\/eielcastillo\/index.php?rest_route=\/wp\/v2\/pages\/8062"}],"wp:attachment":[{"href":"https:\/\/blogsaverroes.juntadeandalucia.es\/eielcastillo\/index.php?rest_route=%2Fwp%2Fv2%2Fmedia&parent=8088"}],"curies":[{"name":"wp","href":"https:\/\/api.w.org\/{rel}","templated":true}]}}