{"id":113,"date":"2015-03-16T08:06:00","date_gmt":"2015-03-16T08:06:00","guid":{"rendered":"http:\/\/blogsaverroes.juntadeandalucia.es\/pre\/ceip\/?page_id=113"},"modified":"2024-01-28T00:08:20","modified_gmt":"2024-01-28T00:08:20","slug":"biblioteca","status":"publish","type":"page","link":"https:\/\/blogsaverroes.juntadeandalucia.es\/eielreal\/biblioteca\/","title":{"rendered":"Transporte"},"content":{"rendered":"<div class=\"page\" title=\"Page 3\">\n<div class=\"section\">\n<div class=\"layoutArea\">\n<div class=\"column\">\n<p>Nuestro centro ofrece este servicio desde el curso 22\/23. Se trata de&nbsp; un servicio ofertado por la Junta de Andaluci\u0301a de forma gratuita para aquellos usuarios que viven a las afueras de la localidad y se incluyan en la ruta de transporte ordinario.<\/p>\n<p>Para ello deben solicitarlo poni\u00e9ndose en contacto con la direcci\u00f3n del centro para informarles del procedimiento a seguir as\u00ed como de las rutas asignadas y horarios.<a href=\"https:\/\/blogsaverroes.juntadeandalucia.es\/eielreal\/files\/2024\/01\/descarga.jpg\"><img loading=\"lazy\" decoding=\"async\" class=\"aligncenter size-full wp-image-38508\" src=\"https:\/\/blogsaverroes.juntadeandalucia.es\/eielreal\/files\/2024\/01\/descarga.jpg\" alt=\"\" width=\"300\" height=\"168\"><\/a><\/p>\n<\/div>\n<\/div>\n<\/div>\n<\/div>\n","protected":false},"excerpt":{"rendered":"<p>Nuestro centro ofrece este servicio desde el curso 22\/23. Se trata de&nbsp; un servicio ofertado por la Junta de Andaluci\u0301a de forma gratuita para aquellos usuarios que viven a las afueras de la localidad&#46;&#46;&#46;<\/p>\n","protected":false},"author":1,"featured_media":0,"parent":0,"menu_order":0,"comment_status":"closed","ping_status":"open","template":"","meta":{"ngg_post_thumbnail":0,"footnotes":"","_mc_calendar":[]},"aioseo_notices":[],"_links":{"self":[{"href":"https:\/\/blogsaverroes.juntadeandalucia.es\/eielreal\/wp-json\/wp\/v2\/pages\/113"}],"collection":[{"href":"https:\/\/blogsaverroes.juntadeandalucia.es\/eielreal\/wp-json\/wp\/v2\/pages"}],"about":[{"href":"https:\/\/blogsaverroes.juntadeandalucia.es\/eielreal\/wp-json\/wp\/v2\/types\/page"}],"author":[{"embeddable":true,"href":"https:\/\/blogsaverroes.juntadeandalucia.es\/eielreal\/wp-json\/wp\/v2\/users\/1"}],"replies":[{"embeddable":true,"href":"https:\/\/blogsaverroes.juntadeandalucia.es\/eielreal\/wp-json\/wp\/v2\/comments?post=113"}],"version-history":[{"count":10,"href":"https:\/\/blogsaverroes.juntadeandalucia.es\/eielreal\/wp-json\/wp\/v2\/pages\/113\/revisions"}],"predecessor-version":[{"id":38509,"href":"https:\/\/blogsaverroes.juntadeandalucia.es\/eielreal\/wp-json\/wp\/v2\/pages\/113\/revisions\/38509"}],"wp:attachment":[{"href":"https:\/\/blogsaverroes.juntadeandalucia.es\/eielreal\/wp-json\/wp\/v2\/media?parent=113"}],"curies":[{"name":"wp","href":"https:\/\/api.w.org\/{rel}","templated":true}]}}