{"id":198,"date":"2015-03-17T09:55:36","date_gmt":"2015-03-17T09:55:36","guid":{"rendered":"http:\/\/blogsaverroes.juntadeandalucia.es\/pre\/ceip\/?page_id=198"},"modified":"2024-01-28T00:59:16","modified_gmt":"2024-01-28T00:59:16","slug":"que-es-el-ampa","status":"publish","type":"page","link":"https:\/\/blogsaverroes.juntadeandalucia.es\/eielreal\/que-es-el-ampa\/","title":{"rendered":"El AMPA"},"content":{"rendered":"<p style=\"text-align: justify\">El &nbsp;<strong>AMPA<\/strong>&nbsp;es una asociaci\u00f3n sin \u00e1nimo de lucro formada por las madres y padres de alumnos del centro que lo deseen.<\/p>\n<p style=\"text-align: justify\">Desde el Centro queremos animar a todos los padres y madres a formar parte de la Asociaci\u00f3n de padres y madres cuyos principales objetivos son contribuir a la mejora de la calidad de la educaci\u00f3n, la convivencia del centro y de las instalaciones, plantear ideas y experiencias, organizar actividades, intercambiar opiniones, buscar soluciones a problemas&nbsp;que surjan,&nbsp;etc.<\/p>\n<p>El AMPA &nbsp;se financia a trav\u00e9s de las cuotas de socios\/as.&nbsp;La cuota de socios\/as es el \u00fanico pago que realizan las familias y que gestiona el &nbsp;AMPA para el beneficio exclusivo de la comunidad educativa y en definitiva de la educaci\u00f3n que reciben&nbsp; nuestros hijos\/as en el centro.<\/p>\n<p style=\"text-align: justify\">Las relaciones entre <strong>AMPA<\/strong> <strong>y &nbsp;Centro&nbsp;<\/strong>&nbsp;son muy cordiales, manteniendo constantes reuniones &nbsp;los cargos directivos.<\/p>\n<p style=\"text-align: justify\">El <strong>AMPA<\/strong> participa en m\u00faltiples actividades dentro del Centro &nbsp;en coordinaci\u00f3n con la direcci\u00f3n, &nbsp; siempre en busca de hacer felices a los ni\u00f1os y ni\u00f1as&nbsp;y respetando las normas del Centro.<\/p>\n<p style=\"text-align: justify\">Cabe destacar:<\/p>\n<h4 style=\"text-align: justify\">La celebraci\u00f3n de los Reyes Magos.<\/h4>\n<p><img loading=\"lazy\" decoding=\"async\" class=\"alignnone size-full wp-image-2769\" src=\"http:\/\/blogsaverroes.juntadeandalucia.es\/eielreal\/files\/2015\/03\/reyesdia.png\" alt=\"reyesdia\" width=\"660\" height=\"250\" srcset=\"https:\/\/blogsaverroes.juntadeandalucia.es\/eielreal\/files\/2015\/03\/reyesdia.png 660w, https:\/\/blogsaverroes.juntadeandalucia.es\/eielreal\/files\/2015\/03\/reyesdia-300x114.png 300w\" sizes=\"(max-width: 660px) 100vw, 660px\" \/><\/p>\n<h4 style=\"text-align: justify\">Celebraci\u00f3n del d\u00eda de Andaluc\u00eda.<\/h4>\n<p><a href=\"https:\/\/blogsaverroes.juntadeandalucia.es\/eielreal\/files\/2023\/02\/IMG_20230224_112627-scaled.jpg\"><img loading=\"lazy\" decoding=\"async\" class=\"size-medium wp-image-36742 alignleft\" src=\"https:\/\/blogsaverroes.juntadeandalucia.es\/eielreal\/files\/2023\/02\/IMG_20230224_112627-300x224.jpg\" alt=\"\" width=\"300\" height=\"224\" srcset=\"https:\/\/blogsaverroes.juntadeandalucia.es\/eielreal\/files\/2023\/02\/IMG_20230224_112627-300x224.jpg 300w, https:\/\/blogsaverroes.juntadeandalucia.es\/eielreal\/files\/2023\/02\/IMG_20230224_112627-1024x766.jpg 1024w, https:\/\/blogsaverroes.juntadeandalucia.es\/eielreal\/files\/2023\/02\/IMG_20230224_112627-768x575.jpg 768w, https:\/\/blogsaverroes.juntadeandalucia.es\/eielreal\/files\/2023\/02\/IMG_20230224_112627-1536x1149.jpg 1536w, https:\/\/blogsaverroes.juntadeandalucia.es\/eielreal\/files\/2023\/02\/IMG_20230224_112627-2048x1532.jpg 2048w, https:\/\/blogsaverroes.juntadeandalucia.es\/eielreal\/files\/2023\/02\/IMG_20230224_112627-700x524.jpg 700w, https:\/\/blogsaverroes.juntadeandalucia.es\/eielreal\/files\/2023\/02\/IMG_20230224_112627-scaled.jpg 1600w\" sizes=\"(max-width: 300px) 100vw, 300px\" \/><\/a> <a href=\"https:\/\/blogsaverroes.juntadeandalucia.es\/eielreal\/files\/2023\/02\/IMG20230224111753-scaled.jpg\"><img loading=\"lazy\" decoding=\"async\" class=\"aligncenter size-medium wp-image-36738\" src=\"https:\/\/blogsaverroes.juntadeandalucia.es\/eielreal\/files\/2023\/02\/IMG20230224111753-300x225.jpg\" alt=\"\" width=\"300\" height=\"225\" srcset=\"https:\/\/blogsaverroes.juntadeandalucia.es\/eielreal\/files\/2023\/02\/IMG20230224111753-300x225.jpg 300w, https:\/\/blogsaverroes.juntadeandalucia.es\/eielreal\/files\/2023\/02\/IMG20230224111753-1024x768.jpg 1024w, https:\/\/blogsaverroes.juntadeandalucia.es\/eielreal\/files\/2023\/02\/IMG20230224111753-768x576.jpg 768w, https:\/\/blogsaverroes.juntadeandalucia.es\/eielreal\/files\/2023\/02\/IMG20230224111753-1536x1152.jpg 1536w, https:\/\/blogsaverroes.juntadeandalucia.es\/eielreal\/files\/2023\/02\/IMG20230224111753-2048x1536.jpg 2048w, https:\/\/blogsaverroes.juntadeandalucia.es\/eielreal\/files\/2023\/02\/IMG20230224111753-700x525.jpg 700w, https:\/\/blogsaverroes.juntadeandalucia.es\/eielreal\/files\/2023\/02\/IMG20230224111753-scaled.jpg 1600w\" sizes=\"(max-width: 300px) 100vw, 300px\" \/><\/a><\/p>\n<p>&nbsp;<\/p>\n<h4 style=\"text-align: justify\">Celebraci\u00f3n del d\u00eda del libro.<\/h4>\n<p>&nbsp;<\/p>\n<p>&nbsp;<\/p>\n<p><img loading=\"lazy\" decoding=\"async\" class=\"alignnone size-full wp-image-2765\" src=\"http:\/\/blogsaverroes.juntadeandalucia.es\/eielreal\/files\/2015\/03\/libro.png\" alt=\"libro\" width=\"660\" height=\"250\" srcset=\"https:\/\/blogsaverroes.juntadeandalucia.es\/eielreal\/files\/2015\/03\/libro.png 660w, https:\/\/blogsaverroes.juntadeandalucia.es\/eielreal\/files\/2015\/03\/libro-300x114.png 300w\" sizes=\"(max-width: 660px) 100vw, 660px\" \/><\/p>\n<p><a href=\"https:\/\/blogsaverroes.juntadeandalucia.es\/eielreal\/files\/2023\/04\/IMG-20230422-WA0015.jpg\"><img loading=\"lazy\" decoding=\"async\" class=\"size-medium wp-image-37179 alignleft\" src=\"https:\/\/blogsaverroes.juntadeandalucia.es\/eielreal\/files\/2023\/04\/IMG-20230422-WA0015-225x300.jpg\" alt=\"\" width=\"225\" height=\"300\" srcset=\"https:\/\/blogsaverroes.juntadeandalucia.es\/eielreal\/files\/2023\/04\/IMG-20230422-WA0015-225x300.jpg 225w, https:\/\/blogsaverroes.juntadeandalucia.es\/eielreal\/files\/2023\/04\/IMG-20230422-WA0015-768x1024.jpg 768w, https:\/\/blogsaverroes.juntadeandalucia.es\/eielreal\/files\/2023\/04\/IMG-20230422-WA0015-1152x1536.jpg 1152w, https:\/\/blogsaverroes.juntadeandalucia.es\/eielreal\/files\/2023\/04\/IMG-20230422-WA0015-700x933.jpg 700w, https:\/\/blogsaverroes.juntadeandalucia.es\/eielreal\/files\/2023\/04\/IMG-20230422-WA0015.jpg 1200w\" sizes=\"(max-width: 225px) 100vw, 225px\" \/><\/a><a href=\"https:\/\/blogsaverroes.juntadeandalucia.es\/eielreal\/files\/2023\/04\/IMG20230421122521-scaled.jpg\"><img loading=\"lazy\" decoding=\"async\" class=\"aligncenter size-medium wp-image-37211\" src=\"https:\/\/blogsaverroes.juntadeandalucia.es\/eielreal\/files\/2023\/04\/IMG20230421122521-300x225.jpg\" alt=\"\" width=\"300\" height=\"225\" srcset=\"https:\/\/blogsaverroes.juntadeandalucia.es\/eielreal\/files\/2023\/04\/IMG20230421122521-300x225.jpg 300w, https:\/\/blogsaverroes.juntadeandalucia.es\/eielreal\/files\/2023\/04\/IMG20230421122521-1024x768.jpg 1024w, https:\/\/blogsaverroes.juntadeandalucia.es\/eielreal\/files\/2023\/04\/IMG20230421122521-768x576.jpg 768w, https:\/\/blogsaverroes.juntadeandalucia.es\/eielreal\/files\/2023\/04\/IMG20230421122521-1536x1152.jpg 1536w, https:\/\/blogsaverroes.juntadeandalucia.es\/eielreal\/files\/2023\/04\/IMG20230421122521-2048x1536.jpg 2048w, https:\/\/blogsaverroes.juntadeandalucia.es\/eielreal\/files\/2023\/04\/IMG20230421122521-700x525.jpg 700w, https:\/\/blogsaverroes.juntadeandalucia.es\/eielreal\/files\/2023\/04\/IMG20230421122521-scaled.jpg 1600w\" sizes=\"(max-width: 300px) 100vw, 300px\" \/><\/a><\/p>\n<h4>&nbsp;<\/h4>\n<h4>&nbsp;<\/h4>\n<h4 style=\"text-align: justify\">Celebraci\u00f3n de la Feria.<\/h4>\n<p><a href=\"https:\/\/blogsaverroes.juntadeandalucia.es\/eielreal\/files\/2023\/05\/IMG_20230517_110525-scaled.jpg\"><img loading=\"lazy\" decoding=\"async\" class=\"size-medium wp-image-37414 alignleft\" src=\"https:\/\/blogsaverroes.juntadeandalucia.es\/eielreal\/files\/2023\/05\/IMG_20230517_110525-300x225.jpg\" alt=\"\" width=\"300\" height=\"225\" srcset=\"https:\/\/blogsaverroes.juntadeandalucia.es\/eielreal\/files\/2023\/05\/IMG_20230517_110525-300x225.jpg 300w, https:\/\/blogsaverroes.juntadeandalucia.es\/eielreal\/files\/2023\/05\/IMG_20230517_110525-1024x769.jpg 1024w, https:\/\/blogsaverroes.juntadeandalucia.es\/eielreal\/files\/2023\/05\/IMG_20230517_110525-768x577.jpg 768w, https:\/\/blogsaverroes.juntadeandalucia.es\/eielreal\/files\/2023\/05\/IMG_20230517_110525-1536x1153.jpg 1536w, https:\/\/blogsaverroes.juntadeandalucia.es\/eielreal\/files\/2023\/05\/IMG_20230517_110525-2048x1538.jpg 2048w, https:\/\/blogsaverroes.juntadeandalucia.es\/eielreal\/files\/2023\/05\/IMG_20230517_110525-700x526.jpg 700w, https:\/\/blogsaverroes.juntadeandalucia.es\/eielreal\/files\/2023\/05\/IMG_20230517_110525-scaled.jpg 1600w\" sizes=\"(max-width: 300px) 100vw, 300px\" \/><\/a> <a href=\"https:\/\/blogsaverroes.juntadeandalucia.es\/eielreal\/files\/2023\/05\/IMG20230517122809-scaled.jpg\"><img loading=\"lazy\" decoding=\"async\" class=\"aligncenter size-medium wp-image-37412\" src=\"https:\/\/blogsaverroes.juntadeandalucia.es\/eielreal\/files\/2023\/05\/IMG20230517122809-300x225.jpg\" alt=\"\" width=\"300\" height=\"225\" srcset=\"https:\/\/blogsaverroes.juntadeandalucia.es\/eielreal\/files\/2023\/05\/IMG20230517122809-300x225.jpg 300w, https:\/\/blogsaverroes.juntadeandalucia.es\/eielreal\/files\/2023\/05\/IMG20230517122809-1024x768.jpg 1024w, https:\/\/blogsaverroes.juntadeandalucia.es\/eielreal\/files\/2023\/05\/IMG20230517122809-768x576.jpg 768w, https:\/\/blogsaverroes.juntadeandalucia.es\/eielreal\/files\/2023\/05\/IMG20230517122809-1536x1152.jpg 1536w, https:\/\/blogsaverroes.juntadeandalucia.es\/eielreal\/files\/2023\/05\/IMG20230517122809-2048x1536.jpg 2048w, https:\/\/blogsaverroes.juntadeandalucia.es\/eielreal\/files\/2023\/05\/IMG20230517122809-700x525.jpg 700w, https:\/\/blogsaverroes.juntadeandalucia.es\/eielreal\/files\/2023\/05\/IMG20230517122809-scaled.jpg 1600w\" sizes=\"(max-width: 300px) 100vw, 300px\" \/><\/a><\/p>\n<h4 style=\"text-align: justify\">Fiesta Fin de curso.<\/h4>\n<p><a href=\"https:\/\/blogsaverroes.juntadeandalucia.es\/eielreal\/files\/2023\/06\/InkedWhatsApp-Image-2023-06-20-at-21.17.58-3.jpg\"><img loading=\"lazy\" decoding=\"async\" class=\"size-medium wp-image-37883 alignleft\" src=\"https:\/\/blogsaverroes.juntadeandalucia.es\/eielreal\/files\/2023\/06\/InkedWhatsApp-Image-2023-06-20-at-21.17.58-3-225x300.jpg\" alt=\"\" width=\"225\" height=\"300\" srcset=\"https:\/\/blogsaverroes.juntadeandalucia.es\/eielreal\/files\/2023\/06\/InkedWhatsApp-Image-2023-06-20-at-21.17.58-3-225x300.jpg 225w, https:\/\/blogsaverroes.juntadeandalucia.es\/eielreal\/files\/2023\/06\/InkedWhatsApp-Image-2023-06-20-at-21.17.58-3-768x1024.jpg 768w, https:\/\/blogsaverroes.juntadeandalucia.es\/eielreal\/files\/2023\/06\/InkedWhatsApp-Image-2023-06-20-at-21.17.58-3-1152x1536.jpg 1152w, https:\/\/blogsaverroes.juntadeandalucia.es\/eielreal\/files\/2023\/06\/InkedWhatsApp-Image-2023-06-20-at-21.17.58-3-700x933.jpg 700w, https:\/\/blogsaverroes.juntadeandalucia.es\/eielreal\/files\/2023\/06\/InkedWhatsApp-Image-2023-06-20-at-21.17.58-3.jpg 1200w\" sizes=\"(max-width: 225px) 100vw, 225px\" \/><\/a> <a href=\"https:\/\/blogsaverroes.juntadeandalucia.es\/eielreal\/files\/2023\/06\/IMG20230620123001-scaled.jpg\"><img loading=\"lazy\" decoding=\"async\" class=\"aligncenter size-medium wp-image-37879\" src=\"https:\/\/blogsaverroes.juntadeandalucia.es\/eielreal\/files\/2023\/06\/IMG20230620123001-300x225.jpg\" alt=\"\" width=\"300\" height=\"225\" srcset=\"https:\/\/blogsaverroes.juntadeandalucia.es\/eielreal\/files\/2023\/06\/IMG20230620123001-300x225.jpg 300w, https:\/\/blogsaverroes.juntadeandalucia.es\/eielreal\/files\/2023\/06\/IMG20230620123001-1024x768.jpg 1024w, https:\/\/blogsaverroes.juntadeandalucia.es\/eielreal\/files\/2023\/06\/IMG20230620123001-768x576.jpg 768w, https:\/\/blogsaverroes.juntadeandalucia.es\/eielreal\/files\/2023\/06\/IMG20230620123001-1536x1152.jpg 1536w, https:\/\/blogsaverroes.juntadeandalucia.es\/eielreal\/files\/2023\/06\/IMG20230620123001-2048x1536.jpg 2048w, https:\/\/blogsaverroes.juntadeandalucia.es\/eielreal\/files\/2023\/06\/IMG20230620123001-700x525.jpg 700w, https:\/\/blogsaverroes.juntadeandalucia.es\/eielreal\/files\/2023\/06\/IMG20230620123001-scaled.jpg 1600w\" sizes=\"(max-width: 300px) 100vw, 300px\" \/><\/a><\/p>\n<p>&nbsp;<\/p>\n<p>&nbsp;<\/p>\n<p style=\"text-align: justify\">&nbsp;<\/p>\n","protected":false},"excerpt":{"rendered":"<p>El &nbsp;AMPA&nbsp;es una asociaci\u00f3n sin \u00e1nimo de lucro formada por las madres y padres de alumnos del centro que lo deseen. Desde el Centro queremos animar a todos los padres y madres a formar&#46;&#46;&#46;<\/p>\n","protected":false},"author":1,"featured_media":0,"parent":0,"menu_order":0,"comment_status":"closed","ping_status":"open","template":"template-content-sidebar.php","meta":{"ngg_post_thumbnail":0,"footnotes":"","_mc_calendar":[]},"aioseo_notices":[],"_links":{"self":[{"href":"https:\/\/blogsaverroes.juntadeandalucia.es\/eielreal\/wp-json\/wp\/v2\/pages\/198"}],"collection":[{"href":"https:\/\/blogsaverroes.juntadeandalucia.es\/eielreal\/wp-json\/wp\/v2\/pages"}],"about":[{"href":"https:\/\/blogsaverroes.juntadeandalucia.es\/eielreal\/wp-json\/wp\/v2\/types\/page"}],"author":[{"embeddable":true,"href":"https:\/\/blogsaverroes.juntadeandalucia.es\/eielreal\/wp-json\/wp\/v2\/users\/1"}],"replies":[{"embeddable":true,"href":"https:\/\/blogsaverroes.juntadeandalucia.es\/eielreal\/wp-json\/wp\/v2\/comments?post=198"}],"version-history":[{"count":17,"href":"https:\/\/blogsaverroes.juntadeandalucia.es\/eielreal\/wp-json\/wp\/v2\/pages\/198\/revisions"}],"predecessor-version":[{"id":38514,"href":"https:\/\/blogsaverroes.juntadeandalucia.es\/eielreal\/wp-json\/wp\/v2\/pages\/198\/revisions\/38514"}],"wp:attachment":[{"href":"https:\/\/blogsaverroes.juntadeandalucia.es\/eielreal\/wp-json\/wp\/v2\/media?parent=198"}],"curies":[{"name":"wp","href":"https:\/\/api.w.org\/{rel}","templated":true}]}}