{"id":2293,"date":"2016-01-25T16:36:18","date_gmt":"2016-01-25T16:36:18","guid":{"rendered":"http:\/\/blogsaverroes.juntadeandalucia.es\/eielreal\/?page_id=2293"},"modified":"2023-05-25T07:10:55","modified_gmt":"2023-05-25T07:10:55","slug":"programacion-de-nivel-3-anos","status":"publish","type":"page","link":"https:\/\/blogsaverroes.juntadeandalucia.es\/eielreal\/programacion-de-nivel-3-anos\/","title":{"rendered":"Programaci\u00f3n de nivel (3 a\u00f1os)"},"content":{"rendered":"<h1>Programaci\u00f3n anual 3 a\u00f1os<img loading=\"lazy\" decoding=\"async\" class=\"alignnone size-full wp-image-2554\" src=\"http:\/\/blogsaverroes.juntadeandalucia.es\/eielreal\/files\/2016\/01\/3anios.png\" alt=\"3anios\" width=\"650\" height=\"247\" srcset=\"https:\/\/blogsaverroes.juntadeandalucia.es\/eielreal\/files\/2016\/01\/3anios.png 650w, https:\/\/blogsaverroes.juntadeandalucia.es\/eielreal\/files\/2016\/01\/3anios-300x114.png 300w\" sizes=\"(max-width: 650px) 100vw, 650px\" \/><\/h1>\n","protected":false},"excerpt":{"rendered":"<p>Programaci\u00f3n anual 3 a\u00f1os<\/p>\n","protected":false},"author":1901,"featured_media":0,"parent":0,"menu_order":0,"comment_status":"closed","ping_status":"open","template":"template-content-sidebar.php","meta":{"ngg_post_thumbnail":0,"footnotes":"","_mc_calendar":[]},"aioseo_notices":[],"_links":{"self":[{"href":"https:\/\/blogsaverroes.juntadeandalucia.es\/eielreal\/wp-json\/wp\/v2\/pages\/2293"}],"collection":[{"href":"https:\/\/blogsaverroes.juntadeandalucia.es\/eielreal\/wp-json\/wp\/v2\/pages"}],"about":[{"href":"https:\/\/blogsaverroes.juntadeandalucia.es\/eielreal\/wp-json\/wp\/v2\/types\/page"}],"author":[{"embeddable":true,"href":"https:\/\/blogsaverroes.juntadeandalucia.es\/eielreal\/wp-json\/wp\/v2\/users\/1901"}],"replies":[{"embeddable":true,"href":"https:\/\/blogsaverroes.juntadeandalucia.es\/eielreal\/wp-json\/wp\/v2\/comments?post=2293"}],"version-history":[{"count":10,"href":"https:\/\/blogsaverroes.juntadeandalucia.es\/eielreal\/wp-json\/wp\/v2\/pages\/2293\/revisions"}],"predecessor-version":[{"id":37543,"href":"https:\/\/blogsaverroes.juntadeandalucia.es\/eielreal\/wp-json\/wp\/v2\/pages\/2293\/revisions\/37543"}],"wp:attachment":[{"href":"https:\/\/blogsaverroes.juntadeandalucia.es\/eielreal\/wp-json\/wp\/v2\/media?parent=2293"}],"curies":[{"name":"wp","href":"https:\/\/api.w.org\/{rel}","templated":true}]}}