{"id":35,"date":"2015-03-13T08:21:43","date_gmt":"2015-03-13T08:21:43","guid":{"rendered":"http:\/\/blogsaverroes.juntadeandalucia.es\/pre\/ceip\/?page_id=35"},"modified":"2024-10-18T15:35:15","modified_gmt":"2024-10-18T15:35:15","slug":"el-centro-2","status":"publish","type":"page","link":"https:\/\/blogsaverroes.juntadeandalucia.es\/eielreal\/el-centro-2\/","title":{"rendered":"Datos del centro"},"content":{"rendered":"<h4><img loading=\"lazy\" decoding=\"async\" class=\"alignnone size-full wp-image-2427\" src=\"http:\/\/blogsaverroes.juntadeandalucia.es\/eielreal\/files\/2015\/03\/banner1.png\" alt=\"banner1\" width=\"660\" height=\"200\" srcset=\"https:\/\/blogsaverroes.juntadeandalucia.es\/eielreal\/files\/2015\/03\/banner1.png 660w, https:\/\/blogsaverroes.juntadeandalucia.es\/eielreal\/files\/2015\/03\/banner1-300x91.png 300w\" sizes=\"(max-width: 660px) 100vw, 660px\" \/><\/h4>\n<h4><span style=\"color: #087021\"><strong>Datos de contacto<\/strong><\/span><\/h4>\n<p>ESCUELA P\u00daBLICA DE EDUCACI\u00d3N INFANTIL \u00abEL &nbsp;REAL\u00bb<\/p>\n<p>Calle Alfonso X s\/n Carmona | C.P. 41410 &nbsp;( Sevilla )<\/p>\n<p><strong>Tel\u00e9fono:<\/strong> 955 64 95 00<\/p>\n<p><strong>Fax<\/strong>: 955 64 95 01<\/p>\n<p>Correo electr\u00f3nico: &nbsp;41010356.edu@juntadeandalucia.es<\/p>\n<p>&nbsp;<\/p>\n<h4><span style=\"color: #087021\"><strong>Horario de apertura del Centro<\/strong><\/span><\/h4>\n<p>Horario lectivo: de 9:00 a 14:00.<\/p>\n<p>Aula matinal: de 7:30 a 8:45.<\/p>\n<p>Comedor: de 14:00 a 16:00.<\/p>\n<p>Actividades extraescolares: de 16:00 a 17:00 de lunes a jueves<\/p>\n<p>Atenci\u00f3n a padres (tutor\u00edas): lunes de 16:00 a 17:00 &#8211;&nbsp; <em>previa cita<\/em>.<\/p>\n<p>Horario de direcci\u00f3n: de lunes a viernes de 9:00 a 10:00&nbsp;<\/p>\n<h4><span style=\"color: #087021\"><strong>Oferta educativa<\/strong><\/span><\/h4>\n<h4>En nuestro centro se imparte exclusivamente el Segundo Ciclo de Educaci\u00f3n Infantil.<\/h4>\n<p>Cuenta con dos l\u00edneas de 3, 4 y 5 a\u00f1os.<\/p>\n<p>Al terminar la Educaci\u00f3n Infantil, nuestros alumnos\/as realizan la Educaci\u00f3n Primaria (si as\u00ed lo desean) en el Colegio P\u00fablico Biling\u00fce \u00ab<a href=\"http:\/\/www.juntadeandalucia.es\/averroes\/centros-tic\/41000983\/helvia\/sitio\/\" target=\"_blank\" rel=\"noopener noreferrer\">Beato Juan Grande<\/a>\u00ab, centro al que est\u00e1 adscrito.<\/p>\n","protected":false},"excerpt":{"rendered":"<p>Datos de contacto ESCUELA P\u00daBLICA DE EDUCACI\u00d3N INFANTIL \u00abEL &nbsp;REAL\u00bb Calle Alfonso X s\/n Carmona | C.P. 41410 &nbsp;( Sevilla ) Tel\u00e9fono: 955 64 95 00 Fax: 955 64 95 01 Correo electr\u00f3nico: &nbsp;41010356.edu@juntadeandalucia.es&#46;&#46;&#46;<\/p>\n","protected":false},"author":1,"featured_media":0,"parent":0,"menu_order":0,"comment_status":"closed","ping_status":"open","template":"template-content-sidebar.php","meta":{"ngg_post_thumbnail":0,"footnotes":"","_mc_calendar":[]},"aioseo_notices":[],"_links":{"self":[{"href":"https:\/\/blogsaverroes.juntadeandalucia.es\/eielreal\/wp-json\/wp\/v2\/pages\/35"}],"collection":[{"href":"https:\/\/blogsaverroes.juntadeandalucia.es\/eielreal\/wp-json\/wp\/v2\/pages"}],"about":[{"href":"https:\/\/blogsaverroes.juntadeandalucia.es\/eielreal\/wp-json\/wp\/v2\/types\/page"}],"author":[{"embeddable":true,"href":"https:\/\/blogsaverroes.juntadeandalucia.es\/eielreal\/wp-json\/wp\/v2\/users\/1"}],"replies":[{"embeddable":true,"href":"https:\/\/blogsaverroes.juntadeandalucia.es\/eielreal\/wp-json\/wp\/v2\/comments?post=35"}],"version-history":[{"count":16,"href":"https:\/\/blogsaverroes.juntadeandalucia.es\/eielreal\/wp-json\/wp\/v2\/pages\/35\/revisions"}],"predecessor-version":[{"id":39390,"href":"https:\/\/blogsaverroes.juntadeandalucia.es\/eielreal\/wp-json\/wp\/v2\/pages\/35\/revisions\/39390"}],"wp:attachment":[{"href":"https:\/\/blogsaverroes.juntadeandalucia.es\/eielreal\/wp-json\/wp\/v2\/media?parent=35"}],"curies":[{"name":"wp","href":"https:\/\/api.w.org\/{rel}","templated":true}]}}