{"id":42,"date":"2015-03-13T08:40:47","date_gmt":"2015-03-13T08:40:47","guid":{"rendered":"http:\/\/blogsaverroes.juntadeandalucia.es\/pre\/ceip\/?page_id=42"},"modified":"2025-08-18T15:25:29","modified_gmt":"2025-08-18T15:25:29","slug":"claustro-de-profesores","status":"publish","type":"page","link":"https:\/\/blogsaverroes.juntadeandalucia.es\/eielreal\/claustro-de-profesores\/","title":{"rendered":"Claustro de profesores"},"content":{"rendered":"<h3><span style=\"color: #087021\"><strong>EQUIPO DIRECTIVO<\/strong><\/span><\/h3>\n<p><strong>Direcci\u00f3n: <\/strong>D\u00aa Sara Mart\u00edn Romero<\/p>\n<p><strong>Jefatura de estudios: <\/strong>D\u00aa Manuela Oliva Cruz<\/p>\n<p><strong>Secretar\u00eda: <\/strong>D\u00aa Rosario L\u00f3pez Osuna<\/p>\n<p><a href=\"https:\/\/blogsaverroes.juntadeandalucia.es\/eielreal\/files\/2024\/01\/mi-equipo.jpg\"><img loading=\"lazy\" decoding=\"async\" class=\"aligncenter size-medium wp-image-38495\" src=\"https:\/\/blogsaverroes.juntadeandalucia.es\/eielreal\/files\/2024\/01\/mi-equipo-300x295.jpg\" alt=\"\" width=\"300\" height=\"295\" srcset=\"https:\/\/blogsaverroes.juntadeandalucia.es\/eielreal\/files\/2024\/01\/mi-equipo-300x295.jpg 300w, https:\/\/blogsaverroes.juntadeandalucia.es\/eielreal\/files\/2024\/01\/mi-equipo.jpg 506w\" sizes=\"(max-width: 300px) 100vw, 300px\" \/><\/a><\/p>\n<h3><span style=\"color: #087021\"><strong>PROFESORADO ESPECIALISTAS EN INFANTIL<\/strong><\/span><\/h3>\n<p><strong>Nivel 1: 3 a\u00f1os<\/strong><\/p>\n<p>D\u00aa Isabel Fern\u00e1ndez Ram\u00edrez<\/p>\n<p>D\u00aa Beatriz Rueda Valencia<\/p>\n<p><strong>Nivel 2: 4 a\u00f1os<\/strong><\/p>\n<p>D\u00aa Inmaculada Barba Conde<\/p>\n<p>D\u00aa Mercedes Barrera Mart\u00ednez<\/p>\n<p><strong>Nivel 3: 5 a\u00f1os<\/strong><\/p>\n<p>D\u00aa Manuela Oliva Cruz<\/p>\n<p>D\u00aa Rosario L\u00f3pez Osuna<\/p>\n<p><strong>PROFESORADO ESPECIALISTA EN PEDAGOG\u00cdA TERAP\u00c9UTICA<\/strong><\/p>\n<p>D\u00aa Inmaculada Gautier Rodr\u00edguez<\/p>\n<p><strong>PROFESORADO ESPECIALISTA EN INGL\u00c9S<\/strong><\/p>\n<p>D\u00aa Pilar de la Osa Rodr\u00edguez<\/p>\n<p><strong>PROFESORADO ESPECIALISTA EN AUDICI\u00d3N Y LENGUAJE<\/strong><\/p>\n<p>D\u00aa&nbsp;<\/p>\n<p><strong>PROFESORADO de APOYO<\/strong><\/p>\n<p>D\u00aa Leocadia Guerrero Ma\u00f1as<\/p>\n<p>D\u00aa Sara Mart\u00edn Romero<\/p>\n<p><strong>PROFESORADO ESPECIALISTA EN RELIGI\u00d3N<\/strong><\/p>\n<p>D\u00aa M\u00aa Jos\u00e9 Jim\u00e9nez Guerrero<\/p>\n<p><strong>MONITORA DE ALUMNADO NEE&nbsp; (PTIS)<\/strong><\/p>\n<p>D\u00aa Pilar Guerra&nbsp; Mendoza<\/p>\n<p><strong>E.O.E.:<\/strong><\/p>\n<p>D\u00aa Mercedes El\u00edas Guill\u00e9n (Psic\u00f3loga)<\/p>\n<p>D\u00aa Mar\u00eda Gracia Requena S\u00e1nchez (Logopeda)<\/p>\n<p>D. Basilio \u00c1lvarez (M\u00e9dico)<\/p>\n<p>&nbsp;<\/p>\n<p>&nbsp;<\/p>\n","protected":false},"excerpt":{"rendered":"<p>EQUIPO DIRECTIVO Direcci\u00f3n: D\u00aa Sara Mart\u00edn Romero Jefatura de estudios: D\u00aa Manuela Oliva Cruz Secretar\u00eda: D\u00aa Rosario L\u00f3pez Osuna PROFESORADO ESPECIALISTAS EN INFANTIL Nivel 1: 3 a\u00f1os D\u00aa Isabel Fern\u00e1ndez Ram\u00edrez D\u00aa Beatriz Rueda&#46;&#46;&#46;<\/p>\n","protected":false},"author":1,"featured_media":0,"parent":0,"menu_order":0,"comment_status":"closed","ping_status":"open","template":"","meta":{"ngg_post_thumbnail":0,"footnotes":"","_mc_calendar":[]},"aioseo_notices":[],"_links":{"self":[{"href":"https:\/\/blogsaverroes.juntadeandalucia.es\/eielreal\/wp-json\/wp\/v2\/pages\/42"}],"collection":[{"href":"https:\/\/blogsaverroes.juntadeandalucia.es\/eielreal\/wp-json\/wp\/v2\/pages"}],"about":[{"href":"https:\/\/blogsaverroes.juntadeandalucia.es\/eielreal\/wp-json\/wp\/v2\/types\/page"}],"author":[{"embeddable":true,"href":"https:\/\/blogsaverroes.juntadeandalucia.es\/eielreal\/wp-json\/wp\/v2\/users\/1"}],"replies":[{"embeddable":true,"href":"https:\/\/blogsaverroes.juntadeandalucia.es\/eielreal\/wp-json\/wp\/v2\/comments?post=42"}],"version-history":[{"count":22,"href":"https:\/\/blogsaverroes.juntadeandalucia.es\/eielreal\/wp-json\/wp\/v2\/pages\/42\/revisions"}],"predecessor-version":[{"id":40755,"href":"https:\/\/blogsaverroes.juntadeandalucia.es\/eielreal\/wp-json\/wp\/v2\/pages\/42\/revisions\/40755"}],"wp:attachment":[{"href":"https:\/\/blogsaverroes.juntadeandalucia.es\/eielreal\/wp-json\/wp\/v2\/media?parent=42"}],"curies":[{"name":"wp","href":"https:\/\/api.w.org\/{rel}","templated":true}]}}