{"id":424,"date":"2015-03-20T07:05:20","date_gmt":"2015-03-20T07:05:20","guid":{"rendered":"http:\/\/blogsaverroes.juntadeandalucia.es\/pre\/ceip\/?page_id=424"},"modified":"2016-02-07T19:06:22","modified_gmt":"2016-02-07T19:06:22","slug":"educacion-infantil","status":"publish","type":"page","link":"https:\/\/blogsaverroes.juntadeandalucia.es\/eielreal\/educacion-infantil\/","title":{"rendered":"Educaci\u00f3n infantil"},"content":{"rendered":"<p style=\"text-align: justify\"><img loading=\"lazy\" decoding=\"async\" class=\"alignnone size-full wp-image-2467\" src=\"http:\/\/blogsaverroes.juntadeandalucia.es\/eielreal\/files\/2015\/03\/einfantil.png\" alt=\"einfantil\" width=\"650\" height=\"400\" srcset=\"https:\/\/blogsaverroes.juntadeandalucia.es\/eielreal\/files\/2015\/03\/einfantil.png 650w, https:\/\/blogsaverroes.juntadeandalucia.es\/eielreal\/files\/2015\/03\/einfantil-300x185.png 300w, https:\/\/blogsaverroes.juntadeandalucia.es\/eielreal\/files\/2015\/03\/einfantil-332x205.png 332w, https:\/\/blogsaverroes.juntadeandalucia.es\/eielreal\/files\/2015\/03\/einfantil-268x164.png 268w\" sizes=\"(max-width: 650px) 100vw, 650px\" \/><\/p>\n<p style=\"text-align: justify\"><strong>La educaci\u00f3n infantil constituye la primera etapa del sistema educativo<\/strong>. Dirigida a los ni\u00f1os y ni\u00f1as desde el nacimiento hasta los seis a\u00f1os de edad, <strong>su finalidad es contribuir al desarrollo f\u00edsico, afectivo, social e intelectual de los mismos.<\/strong><\/p>\n<p style=\"text-align: justify\"><strong>Nuestro Centro imparte exclusivamente el Segundo Ciclo de la Educaci\u00f3n Infantil<\/strong>, <strong>que abarca de los 3 a los 6 a\u00f1os<\/strong>, aunque esta etapa tiene\u00a0<strong>car\u00e1cter voluntario<\/strong>, se ha generalizado en toda Andaluc\u00eda, de modo que en la actualidad pr\u00e1cticamente el 100% de los ni\u00f1os y ni\u00f1as de 3 a 6 a\u00f1os acuden al colegio de manera gratuita.<\/p>\n<p style=\"text-align: justify\">La educaci\u00f3n infantil se entiende como una etapa educativa con identidad y caracter\u00edsticas propias. Con ella \u00a0pretendemos que los ni\u00f1os y ni\u00f1as\u00a0 desarrollen el m\u00e1ximo sus capacidades, procurando\u00a0 aprendizajes\u00a0 relevantes, significativos y motivadores que les\u00a0 permitan interpretar gradualmente el mundo que les rodea y puedan actuar\u00a0 en \u00e9l .<\/p>\n<p style=\"text-align: justify\">De forma transversal trabajamos\u00a0 los\u00a0 <strong>valores democr\u00e1ticos, c\u00edvicos y \u00e9ticos de nuestra sociedad, la diversidad cultural, la sostenibilidad, la cultura de la paz, los h\u00e1bitos de consumo y vida saludable y la utilizaci\u00f3n del tiempo de ocio<\/strong> y contribuyendo a la superaci\u00f3n de las desigualdades por raz\u00f3n de g\u00e9nero cuando las hubiere, el respeto de los derechos humanos y de las libertades fundamentales y los valores que preparan a las ni\u00f1as y ni\u00f1os para asumir una vida responsable en una sociedad libre y democr\u00e1tica.<\/p>\n<p style=\"text-align: justify\"><strong>El Decreto 428\/2008, de 29 de julio,<\/strong> establece que los centros que imparten la educaci\u00f3n infantil contar\u00e1n con autonom\u00eda pedag\u00f3gica y de organizaci\u00f3n para poder llevar a cabo modelos de funcionamiento propios que se concretar\u00e1n en un proyecto educativo. Consecuentemente, se reconoce la capacidad y la responsabilidad de los centros y del equipo de profesorado y dem\u00e1s profesionales de la educaci\u00f3n en el desarrollo curricular. Corresponde al profesorado, por tanto, desarrollar, adaptar y concretar el curr\u00edculo \u00a0teniendo en cuenta las peculiaridades de su alumnado y el contexto social y cultural del centro.<\/p>\n<p style=\"text-align: justify\"><img loading=\"lazy\" decoding=\"async\" class=\"alignnone size-full wp-image-2548\" src=\"http:\/\/blogsaverroes.juntadeandalucia.es\/eielreal\/files\/2015\/03\/cuenta.png\" alt=\"cuenta\" width=\"650\" height=\"400\" srcset=\"https:\/\/blogsaverroes.juntadeandalucia.es\/eielreal\/files\/2015\/03\/cuenta.png 650w, https:\/\/blogsaverroes.juntadeandalucia.es\/eielreal\/files\/2015\/03\/cuenta-300x185.png 300w, https:\/\/blogsaverroes.juntadeandalucia.es\/eielreal\/files\/2015\/03\/cuenta-332x205.png 332w, https:\/\/blogsaverroes.juntadeandalucia.es\/eielreal\/files\/2015\/03\/cuenta-268x164.png 268w\" sizes=\"(max-width: 650px) 100vw, 650px\" \/><\/p>\n<p style=\"text-align: justify\">Especial \u00e9nfasis ponemos en la <strong>detecci\u00f3n y tratamiento de las dificultades de aprendizaje<\/strong> tan pronto como se produzcan, siendo la atenci\u00f3n temprana y la relaci\u00f3n con las familias los canales indispensables para el apoyo al proceso educativo de las ni\u00f1as y ni\u00f1os.<\/p>\n<p style=\"text-align: justify\"><strong>Las familias t<\/strong>ienen especial importancia en la educaci\u00f3n, principalmente en estas edades. La corresponsabilidad, la colaboraci\u00f3n y la aceptaci\u00f3n mutua son pilares fundamentales para el mejor desarrollo de los ni\u00f1os y ni\u00f1as y de los procesos de ense\u00f1anza y aprendizaje. <strong>Tanto la direcci\u00f3n como las maestras y maestros\u00a0 ofrecemos momentos de encuentro y colaboraci\u00f3n con las familias, con el fin de\u00a0 contribuir a la mejora de la educaci\u00f3n y al desarrollo integral de todos y cada uno de los ni\u00f1os y ni\u00f1as de Nuestro Centro.<\/strong><\/p>\n<p style=\"text-align: justify\">\n","protected":false},"excerpt":{"rendered":"<p>La educaci\u00f3n infantil constituye la primera etapa del sistema educativo. Dirigida a los ni\u00f1os y ni\u00f1as desde el nacimiento hasta los seis a\u00f1os de edad, su finalidad es contribuir al desarrollo f\u00edsico, afectivo, social&#46;&#46;&#46;<\/p>\n","protected":false},"author":1,"featured_media":0,"parent":0,"menu_order":0,"comment_status":"closed","ping_status":"open","template":"template-content-sidebar.php","meta":{"ngg_post_thumbnail":0,"footnotes":"","_mc_calendar":[]},"aioseo_notices":[],"_links":{"self":[{"href":"https:\/\/blogsaverroes.juntadeandalucia.es\/eielreal\/wp-json\/wp\/v2\/pages\/424"}],"collection":[{"href":"https:\/\/blogsaverroes.juntadeandalucia.es\/eielreal\/wp-json\/wp\/v2\/pages"}],"about":[{"href":"https:\/\/blogsaverroes.juntadeandalucia.es\/eielreal\/wp-json\/wp\/v2\/types\/page"}],"author":[{"embeddable":true,"href":"https:\/\/blogsaverroes.juntadeandalucia.es\/eielreal\/wp-json\/wp\/v2\/users\/1"}],"replies":[{"embeddable":true,"href":"https:\/\/blogsaverroes.juntadeandalucia.es\/eielreal\/wp-json\/wp\/v2\/comments?post=424"}],"version-history":[{"count":10,"href":"https:\/\/blogsaverroes.juntadeandalucia.es\/eielreal\/wp-json\/wp\/v2\/pages\/424\/revisions"}],"predecessor-version":[{"id":2549,"href":"https:\/\/blogsaverroes.juntadeandalucia.es\/eielreal\/wp-json\/wp\/v2\/pages\/424\/revisions\/2549"}],"wp:attachment":[{"href":"https:\/\/blogsaverroes.juntadeandalucia.es\/eielreal\/wp-json\/wp\/v2\/media?parent=424"}],"curies":[{"name":"wp","href":"https:\/\/api.w.org\/{rel}","templated":true}]}}