{"id":44,"date":"2015-03-13T08:42:15","date_gmt":"2015-03-13T08:42:15","guid":{"rendered":"http:\/\/blogsaverroes.juntadeandalucia.es\/pre\/ceip\/?page_id=44"},"modified":"2024-10-18T15:39:24","modified_gmt":"2024-10-18T15:39:24","slug":"planes-y-proyectos","status":"publish","type":"page","link":"https:\/\/blogsaverroes.juntadeandalucia.es\/eielreal\/planes-y-proyectos\/","title":{"rendered":"Planes y Programas"},"content":{"rendered":"<p style=\"text-align: justify\"><strong>La E.I. El &nbsp;Real<\/strong> personaliza y adapta su Proyecto Educativo adheri\u00e9ndose a &nbsp;los siguientes&nbsp;<strong>Planes y Programas<\/strong> promovidos desde la Consejer\u00eda de Educaci\u00f3n, Cultura y Deporte.<\/p>\n<p style=\"text-align: justify\">Haz clic para descargar los Planes y Programas del Centro:<\/p>\n<table>\n<tbody>\n<tr>\n<td><a href=\"https:\/\/blogsaverroes.juntadeandalucia.es\/eielreal\/files\/2021\/01\/Proyecto-COEDUCACI\u00d3N.pdf\" target=\"_blank\" rel=\"noopener noreferrer\"><img loading=\"lazy\" decoding=\"async\" class=\"alignnone wp-image-2394 size-medium\" src=\"https:\/\/blogsaverroes.juntadeandalucia.es\/eielreal\/files\/2016\/02\/salud-300x212.png\" alt=\"salud\" width=\"300\" height=\"212\" srcset=\"https:\/\/blogsaverroes.juntadeandalucia.es\/eielreal\/files\/2016\/02\/salud-300x212.png 300w, https:\/\/blogsaverroes.juntadeandalucia.es\/eielreal\/files\/2016\/02\/salud.png 495w\" sizes=\"(max-width: 300px) 100vw, 300px\" \/><\/a><br \/>\n<a title=\"PLAN DE IGUALDAD\" href=\"https:\/\/drive.google.com\/file\/d\/1trTF0aOP20goOIhMQJG6rLnk_sOSWpfm\/view?usp=sharing\"><strong>PLAN DE IGUALDAD ENTRE&nbsp; HOMBRES Y MUJERES<\/strong><\/a><\/td>\n<td>\n<p style=\"text-align: center\"><strong><img decoding=\"async\" class=\"alignnone size-medium wp-image-2526\" src=\"https:\/\/blogsaverroes.juntadeandalucia.es\/eielreal\/files\/2015\/03\/plaan-300x202.png\" alt=\"plaan\" width=\"200\"> PLAN DE APERTURA DE CENTRO<br \/>\n<\/strong><\/p>\n<\/td>\n<td><strong><a href=\"https:\/\/blogsaverroes.juntadeandalucia.es\/eielreal\/files\/2021\/01\/PROYECTO-DE-BIBLIOTECA.pdf\" target=\"_blank\" rel=\"noopener noreferrer\"><img loading=\"lazy\" decoding=\"async\" class=\"alignnone wp-image-2519 \" src=\"https:\/\/blogsaverroes.juntadeandalucia.es\/eielreal\/files\/2015\/03\/abc1-300x202.png\" alt=\"abc\" width=\"193\" height=\"131\"><\/a><\/strong><\/p>\n<p><strong><a href=\"https:\/\/drive.google.com\/file\/d\/18CAcmK8GAm7UfyuVAzQ4LFEyGmcaaEDL\/view?usp=sharing\">PROYECTO DE ORGANIZACI\u00d3N Y FUNCIONAMIENTO DE BIBLIOTECA<\/a><\/strong><\/td>\n<\/tr>\n<tr>\n<td><a href=\"https:\/\/blogsaverroes.juntadeandalucia.es\/eielreal\/files\/2021\/01\/Pan-Anual-Creciendo-en-Salud-20-21.pdf\" target=\"_blank\" rel=\"noopener noreferrer\"><img loading=\"lazy\" decoding=\"async\" class=\"alignnone wp-image-2395 size-medium\" src=\"https:\/\/blogsaverroes.juntadeandalucia.es\/eielreal\/files\/2016\/02\/creciendo-300x212.png\" alt=\"creciendo\" width=\"300\" height=\"212\" srcset=\"https:\/\/blogsaverroes.juntadeandalucia.es\/eielreal\/files\/2016\/02\/creciendo-300x212.png 300w, https:\/\/blogsaverroes.juntadeandalucia.es\/eielreal\/files\/2016\/02\/creciendo.png 495w\" sizes=\"(max-width: 300px) 100vw, 300px\" \/><\/a><br \/>\n<strong>CIMA:H\u00c1BITO DE VIDA SALUDABLE<\/strong><\/td>\n<td><a href=\"https:\/\/blogsaverroes.juntadeandalucia.es\/eielreal\/files\/2021\/01\/PROYECTO-E.E.-PAZ-EL-REAL.pdf\" target=\"_blank\" rel=\"noopener noreferrer\"><img loading=\"lazy\" decoding=\"async\" class=\"alignnone wp-image-2393 size-medium\" src=\"https:\/\/blogsaverroes.juntadeandalucia.es\/eielreal\/files\/2016\/02\/metacrilato1-300x212.png\" alt=\"escuela de paz carmona\" width=\"300\" height=\"212\" srcset=\"https:\/\/blogsaverroes.juntadeandalucia.es\/eielreal\/files\/2016\/02\/metacrilato1-300x212.png 300w, https:\/\/blogsaverroes.juntadeandalucia.es\/eielreal\/files\/2016\/02\/metacrilato1.png 495w\" sizes=\"(max-width: 300px) 100vw, 300px\" \/><\/a><br \/>\n<a title=\"ESCUELA ESPACIO DE PAZ\" href=\"https:\/\/drive.google.com\/file\/d\/1Q2wW-BOFzibgCYqrkN6672eWIBMgVvrO\/view?usp=drive_link\"><strong>ESCUELA ESPACIO DE PAZ<\/strong><\/a><\/td>\n<td><a href=\"https:\/\/blogsaverroes.juntadeandalucia.es\/eielreal\/files\/2018\/09\/PLAN-DE-CONVIVENCIA.pdf\"><img loading=\"lazy\" decoding=\"async\" class=\"alignnone wp-image-2522 size-medium\" src=\"https:\/\/blogsaverroes.juntadeandalucia.es\/eielreal\/files\/2015\/03\/conv-300x202.png\" alt=\"conv\" width=\"300\" height=\"202\"><\/a><br \/>\n<strong>PLAN DE CONVIVENCIA<\/strong><\/td>\n<\/tr>\n<\/tbody>\n<\/table>\n<p>&nbsp;<\/p>\n<p>&nbsp;<\/p>\n","protected":false},"excerpt":{"rendered":"<p>La E.I. El &nbsp;Real personaliza y adapta su Proyecto Educativo adheri\u00e9ndose a &nbsp;los siguientes&nbsp;Planes y Programas promovidos desde la Consejer\u00eda de Educaci\u00f3n, Cultura y Deporte. Haz clic para descargar los Planes y Programas del&#46;&#46;&#46;<\/p>\n","protected":false},"author":1,"featured_media":0,"parent":0,"menu_order":0,"comment_status":"closed","ping_status":"closed","template":"template-content-sidebar.php","meta":{"ngg_post_thumbnail":0,"footnotes":"","_mc_calendar":[]},"aioseo_notices":[],"_links":{"self":[{"href":"https:\/\/blogsaverroes.juntadeandalucia.es\/eielreal\/wp-json\/wp\/v2\/pages\/44"}],"collection":[{"href":"https:\/\/blogsaverroes.juntadeandalucia.es\/eielreal\/wp-json\/wp\/v2\/pages"}],"about":[{"href":"https:\/\/blogsaverroes.juntadeandalucia.es\/eielreal\/wp-json\/wp\/v2\/types\/page"}],"author":[{"embeddable":true,"href":"https:\/\/blogsaverroes.juntadeandalucia.es\/eielreal\/wp-json\/wp\/v2\/users\/1"}],"replies":[{"embeddable":true,"href":"https:\/\/blogsaverroes.juntadeandalucia.es\/eielreal\/wp-json\/wp\/v2\/comments?post=44"}],"version-history":[{"count":35,"href":"https:\/\/blogsaverroes.juntadeandalucia.es\/eielreal\/wp-json\/wp\/v2\/pages\/44\/revisions"}],"predecessor-version":[{"id":39391,"href":"https:\/\/blogsaverroes.juntadeandalucia.es\/eielreal\/wp-json\/wp\/v2\/pages\/44\/revisions\/39391"}],"wp:attachment":[{"href":"https:\/\/blogsaverroes.juntadeandalucia.es\/eielreal\/wp-json\/wp\/v2\/media?parent=44"}],"curies":[{"name":"wp","href":"https:\/\/api.w.org\/{rel}","templated":true}]}}