{"id":49,"date":"2015-03-13T08:47:05","date_gmt":"2015-03-13T08:47:05","guid":{"rendered":"http:\/\/blogsaverroes.juntadeandalucia.es\/pre\/ceip\/?page_id=49"},"modified":"2025-08-18T14:47:30","modified_gmt":"2025-08-18T14:47:30","slug":"proyecto-educativo","status":"publish","type":"page","link":"https:\/\/blogsaverroes.juntadeandalucia.es\/eielreal\/proyecto-educativo\/","title":{"rendered":"Plan de Centro"},"content":{"rendered":"<p style=\"text-align: justify\"><img loading=\"lazy\" decoding=\"async\" class=\"alignnone size-full wp-image-2296\" src=\"https:\/\/blogsaverroes.juntadeandalucia.es\/eielreal\/files\/2016\/01\/actividades.png\" alt=\"actividades\" width=\"660\" height=\"100\" srcset=\"https:\/\/blogsaverroes.juntadeandalucia.es\/eielreal\/files\/2016\/01\/actividades.png 660w, https:\/\/blogsaverroes.juntadeandalucia.es\/eielreal\/files\/2016\/01\/actividades-300x45.png 300w\" sizes=\"(max-width: 660px) 100vw, 660px\" \/><\/p>\n<p style=\"text-align: justify\"><span style=\"color: #087021\"><strong>Siguiendo el Decreto 328\/2010, de 13 de julio, por el que se aprueba el Reglamento Org\u00e1nico de los colegios de Educaci\u00f3n Infantil y Primaria, todo proyecto educativo debe constituir las se\u00f1as de identidad del centro docente y debe expresar la educaci\u00f3n que se desea para su alumnado<\/strong><\/span>, &nbsp;as\u00ed como la forma en que se va a desarrollar partiendo de las caracter\u00edsticas propias de dicho centro. (Art21.)<\/p>\n<p style=\"text-align: justify\">Teniendo esto en cuenta, en nuestro Proyecto Educativo, que forma parte del Plan de Centro, se convierte en la gu\u00eda donde encontramos los valores, objetivos y prioridades de actuaci\u00f3n, no limit\u00e1ndose a los aspectos curriculares solamente, sino tambi\u00e9n a todos aquellos que, desde un punto de vista cultural, hacen del centro un elemento dinamizador de toda la Comunidad Educativa.<\/p>\n<p style=\"text-align: justify\"><span style=\"color: #087021\"><strong> \u201c<em>La educaci\u00f3n es el pasaporte hacia el futuro, el ma\u00f1ana pertenece a aquellos que se preparan para \u00e9l en el d\u00eda de hoy<\/em> \u201c. Malcom X<\/strong><\/span><\/p>\n<p style=\"text-align: justify\">Tomando como referencia la Ley Org\u00e1nica 2\/2006, de 3 de mayo, y la Ley 17\/2007, de 10 de diciembre, nuestro Proyecto Educativo define &nbsp;los objetivos particulares que el centro se propone alcanzar, partiendo de su realidad y de los principios que orienta la &nbsp;etapa educativas que se imparten en el centro y las correspondientes prescripciones acerca del curr\u00edculum.<\/p>\n<p style=\"text-align: justify\">Que la web de un centro informe de su Proyecto Educativo es una apuesta clara por la <span style=\"color: #087021\"><strong>transparencia<\/strong><\/span>.<\/p>\n<p style=\"text-align: justify\"><strong>En este espacio se &nbsp;muestran los &nbsp;documentos que forman nuestro PLAN DE CENTRO si pincha en ellos acceder\u00e1 a su lectura:<\/strong><\/p>\n<p><em><strong>1.&nbsp;<a href=\"https:\/\/heyzine.com\/flip-book\/a6b11784ac.html\">PROYECTO EDUCATIVO<\/a><\/strong><\/em><\/p>\n<p><strong><em>2.- <a title=\"PROYECTO DE GESTION\" href=\"https:\/\/heyzine.com\/flip-book\/ab5bf3fc6f.html\">PROYECTO DE GESTION<\/a><\/em><\/strong><\/p>\n<p><strong><em>3.-<a title=\"REGLAMENTO DE ORGANIZACION Y FUNCIONAMIENTO\" href=\"https:\/\/heyzine.com\/flip-book\/2235ff1864.html\">REGLAMENTO DE ORGANIZACION Y FUNCIONAMIENTO<\/a><\/em><\/strong><\/p>\n<p><strong>4.-<em><a href=\"https:\/\/heyzine.com\/flip-book\/e2df5234ea.html\">PROPUESTA PEDAG\u00d3GICA<\/a><\/em><\/strong><\/p>\n<p><strong>5.- <em><a href=\"https:\/\/heyzine.com\/flip-book\/271b5bb41c.html\">PROTOCOLO POR OLA DE CALOR<\/a><\/em><\/strong><\/p>\n","protected":false},"excerpt":{"rendered":"<p>Siguiendo el Decreto 328\/2010, de 13 de julio, por el que se aprueba el Reglamento Org\u00e1nico de los colegios de Educaci\u00f3n Infantil y Primaria, todo proyecto educativo debe constituir las se\u00f1as de identidad del&#46;&#46;&#46;<\/p>\n","protected":false},"author":1,"featured_media":0,"parent":0,"menu_order":0,"comment_status":"closed","ping_status":"open","template":"","meta":{"ngg_post_thumbnail":0,"footnotes":"","_mc_calendar":[]},"aioseo_notices":[],"_links":{"self":[{"href":"https:\/\/blogsaverroes.juntadeandalucia.es\/eielreal\/wp-json\/wp\/v2\/pages\/49"}],"collection":[{"href":"https:\/\/blogsaverroes.juntadeandalucia.es\/eielreal\/wp-json\/wp\/v2\/pages"}],"about":[{"href":"https:\/\/blogsaverroes.juntadeandalucia.es\/eielreal\/wp-json\/wp\/v2\/types\/page"}],"author":[{"embeddable":true,"href":"https:\/\/blogsaverroes.juntadeandalucia.es\/eielreal\/wp-json\/wp\/v2\/users\/1"}],"replies":[{"embeddable":true,"href":"https:\/\/blogsaverroes.juntadeandalucia.es\/eielreal\/wp-json\/wp\/v2\/comments?post=49"}],"version-history":[{"count":27,"href":"https:\/\/blogsaverroes.juntadeandalucia.es\/eielreal\/wp-json\/wp\/v2\/pages\/49\/revisions"}],"predecessor-version":[{"id":40754,"href":"https:\/\/blogsaverroes.juntadeandalucia.es\/eielreal\/wp-json\/wp\/v2\/pages\/49\/revisions\/40754"}],"wp:attachment":[{"href":"https:\/\/blogsaverroes.juntadeandalucia.es\/eielreal\/wp-json\/wp\/v2\/media?parent=49"}],"curies":[{"name":"wp","href":"https:\/\/api.w.org\/{rel}","templated":true}]}}