{"id":871,"date":"2015-03-16T07:25:46","date_gmt":"2015-03-16T07:25:46","guid":{"rendered":"http:\/\/blogsaverroes.juntadeandalucia.es\/pre\/ceip\/?page_id=106"},"modified":"2025-08-18T15:29:55","modified_gmt":"2025-08-18T15:29:55","slug":"actividades-extraescolares","status":"publish","type":"page","link":"https:\/\/blogsaverroes.juntadeandalucia.es\/eielreal\/actividades-extraescolares\/","title":{"rendered":"Actividades extraescolares"},"content":{"rendered":"<p style=\"text-align: left\"><strong>Para hacer posible la realizaci\u00f3n de actividades fuera del horario lectivo, nuestro centro abre sus instalaciones los lunes, martes, mi\u00e9rcoles y jueves en horario de 4 a 5 de la tarde.<\/strong><\/p>\n<p style=\"text-align: left\"><strong>Las llevan a cabo monitores titulados y con muchos a\u00f1os de experiencia.<\/strong><\/p>\n<p style=\"text-align: left\"><strong>Los ni\u00f1os y ni\u00f1as que asisten a Comedor Escolar, son trasladados por los monitores al aula donde se imparte la actividad extraescolar.<\/strong><\/p>\n<p style=\"text-align: left\"><strong>Los ni\u00f1os y ni\u00f1as que no asisten al comedor, estar\u00e1n puntualmente a las 4 de la tarde en puerta principal del Centro.<\/strong><\/p>\n<p style=\"text-align: left\"><strong>La salida ser\u00e1 para todos a las 5 de la tarde.<\/strong><\/p>\n<p><strong>SOLICITUDES : <\/strong>Se presentan en secretar\u00eda de nuestro Centro del 1 al 8 de junio junto con el resto de documentaci\u00f3n de matr\u00edcula.<\/p>\n<p>Tambi\u00e9n podr\u00e1 solicitarla &nbsp;a lo largo del curso, y estar\u00e1 sujeto a disponibilidad de plazas.<\/p>\n<p>Puede solicitar la baja del servicio &nbsp;en Direcci\u00f3n firmando una solicitud que &nbsp;le &nbsp;ser\u00e1 facilitada.<\/p>\n<p><strong>BONIFICACIONES: S<\/strong>e solicitan del 1 al 5 de septiembre cada a\u00f1o, &nbsp;o en los tres d\u00edas inmediatos una vez &nbsp;el alumno\/a haya sido aceptado en los servicios de comedor, aula matinal o cualquier otra actividad extraescolar. S\u00f3lo se bonifica una actividad extraescolar.<\/p>\n<p>Los litados de admitidos\/ excluidos &nbsp;ser\u00e1n publicados en el tabl\u00f3n informativo del Centro escolar dentro del plazo legal.<\/p>\n<p style=\"text-align: left\"><strong>&nbsp;&nbsp;<span style=\"color: #339966\"> &nbsp; <span style=\"color: #008000\">&nbsp;<em>&nbsp; &nbsp; &nbsp; &nbsp; &nbsp; &nbsp; &nbsp; &nbsp; &nbsp; LAS ACTIVIDADES EXTRAESCOLARES OFERTADAS SON:<\/em><\/span><\/span><\/strong><\/p>\n<h3><strong><span style=\"color: #087021\">ART ATTACK<\/span><\/strong><\/h3>\n<p><strong><a href=\"https:\/\/blogsaverroes.juntadeandalucia.es\/eielreal\/files\/2025\/08\/ART-ATTACK.jpg\"><img loading=\"lazy\" decoding=\"async\" class=\"aligncenter size-full wp-image-40756\" src=\"https:\/\/blogsaverroes.juntadeandalucia.es\/eielreal\/files\/2025\/08\/ART-ATTACK.jpg\" alt=\"\" width=\"250\" height=\"193\"><\/a><\/strong><\/p>\n<p style=\"text-align: justify\"><strong>Con esta actividad nuestros alumnos\/as se inician en las habilidades pl\u00e1sticas y manualidades, con producciones propias y creativas que har\u00e1n las delicias de los peques.<\/strong><\/p>\n<ul>\n<li style=\"text-align: justify\"><strong>HORARIO:&nbsp; 2 sesiones semanales de 1 hora de duraci\u00f3n. MARTES Y JUEVES DE 4 a 5 de la tarde<\/strong><\/li>\n<li><strong>ESPACIO: La actividad se desarrolla en el aula matinal<\/strong><\/li>\n<li style=\"text-align: justify\"><strong>A QUIEN VA DIRIGIDA:&nbsp;A todo el alumnado de nuestro Centro, cualquiera que sea su edad.<\/strong><\/li>\n<li style=\"text-align: justify\"><strong>N\u00ba MAXIMO Y MINIMO:&nbsp;El n\u00famero de alumnos\/as por grupo ser\u00e1 de 10 m\u00ednimo y 20 m\u00e1ximo.<\/strong><\/li>\n<\/ul>\n<h3><strong><span style=\"color: #087021\">Ingl\u00e9s<\/span><\/strong><\/h3>\n<p><strong><img loading=\"lazy\" decoding=\"async\" class=\"alignnone size-full wp-image-2462\" src=\"http:\/\/blogsaverroes.juntadeandalucia.es\/eielreal\/files\/2015\/03\/english.png\" alt=\"english\" width=\"660\" height=\"200\" srcset=\"https:\/\/blogsaverroes.juntadeandalucia.es\/eielreal\/files\/2015\/03\/english.png 660w, https:\/\/blogsaverroes.juntadeandalucia.es\/eielreal\/files\/2015\/03\/english-300x91.png 300w\" sizes=\"(max-width: 660px) 100vw, 660px\" \/><\/strong><\/p>\n<p><strong>Los objetivos que se persiguen con esta actividad son:<\/strong><\/p>\n<p style=\"text-align: justify\"><strong>Familiarizarse con el vocabulario y expresiones de la vida cotidiana &nbsp;del alumno, comprendiendo y respondiendo a mensajes sencillos relativos a su entorno m\u00e1s inmediato (familia, colegio y amigos).<\/strong><\/p>\n<p style=\"text-align: justify\"><strong>Todo ello, naturalmente lo tratamos de conseguir de manera l\u00fadica y divertida, a trav\u00e9s de juegos, canciones, bailes, im\u00e1genes, marionetas\u2026 pues no hay que olvidar que el juego es la actividad esencial de los ni\u00f1os en estas edades y es a trav\u00e9s de \u00e9l como aprenden de una manera casi espont\u00e1nea y natural.<\/strong><\/p>\n<ul>\n<li><strong>HORARIO: 2 sesiones semanales de 1 hora de duraci\u00f3n. Dos grupos.<\/strong><\/li>\n<li><strong>ESPACIO: Esta actividad se realiza en el aula matinal<\/strong><\/li>\n<li><strong>A QUI\u00c9N VA DIRIGIDA:A todo el alumnado de nuestro Centro.<\/strong><\/li>\n<li><strong>N\u00daMERO M\u00cdNIMO Y M\u00c1XIMO:El n\u00famero de alumnos por grupo ser\u00e1 de 10 m\u00ednimo y 20 de m\u00e1ximo.<\/strong><\/li>\n<\/ul>\n<h3><strong><span style=\"color: #087021\">Predeporte<\/span><\/strong><\/h3>\n<p><strong><img loading=\"lazy\" decoding=\"async\" class=\"alignnone size-full wp-image-2460\" src=\"http:\/\/blogsaverroes.juntadeandalucia.es\/eielreal\/files\/2015\/03\/deporte.png\" alt=\"deporte\" width=\"660\" height=\"200\" srcset=\"https:\/\/blogsaverroes.juntadeandalucia.es\/eielreal\/files\/2015\/03\/deporte.png 660w, https:\/\/blogsaverroes.juntadeandalucia.es\/eielreal\/files\/2015\/03\/deporte-300x91.png 300w\" sizes=\"(max-width: 660px) 100vw, 660px\" \/><\/strong><\/p>\n<p style=\"text-align: justify\"><strong>El&nbsp;predeporte&nbsp;nace para dar respuesta a las necesidades de desarrollo piscomotriz de los m\u00e1s peque\u00f1os en funci\u00f3n de sus habilidades, de sus capacidades motrices, su coordinaci\u00f3n, lateralidad, etc.<\/strong><\/p>\n<p style=\"text-align: justify\"><strong>Con esta actividad se trabajan los desplazamientos (corriendo, saltando), la coordinaci\u00f3n, el control temporal, ocular y espacial del propio cuerpo, la capacidad para&nbsp;desenvolverse mejor en actividades individuales o colectivas\u2026 sin olvidar aspectos tan importantes como la socializaci\u00f3n, el compa\u00f1erismo y el gusto por pertenecer a un equipo.<\/strong><\/p>\n<p style=\"text-align: justify\"><strong>El taller de predeporte&nbsp;inicia al ni\u00f1o en la pr\u00e1ctica del ejercicio f\u00edsico en un ambiente l\u00fadico&nbsp;y distendido, combinando las actividades deportivas con las actividades l\u00fadicas y propiciando la formaci\u00f3n integral del ni\u00f1o.<\/strong><\/p>\n<ul>\n<li style=\"text-align: justify\"><strong>HORARIO: 2 sesiones semanales. LUNES Y MI\u00c9RCOLES DE 4 A 5 de la tarde.<\/strong><\/li>\n<li style=\"text-align: justify\"><strong>ESPACIOS : Generalmente se realiza dentro de Sala de psicomotricidad, aunque a veces, se usa el patio exterior.<\/strong><\/li>\n<li style=\"text-align: justify\"><strong>A QUI\u00c9N VA DIRIGIDA: Esta actividad va dirigida a todos los alumnos\/as de infantil de nuestro Centro.<\/strong><\/li>\n<li style=\"text-align: justify\"><strong>N\u00daMERO M\u00cdNIMO Y M\u00c1XIMO DE PARTICIPANTES: el n\u00famero de alumnos por grupo ser\u00e1 de 10 m\u00ednimo y 20 m\u00e1ximo.<\/strong><\/li>\n<\/ul>\n<p>&nbsp;<\/p>\n","protected":false},"excerpt":{"rendered":"<p>Para hacer posible la realizaci\u00f3n de actividades fuera del horario lectivo, nuestro centro abre sus instalaciones los lunes, martes, mi\u00e9rcoles y jueves en horario de 4 a 5 de la tarde. Las llevan a&#46;&#46;&#46;<\/p>\n","protected":false},"author":1,"featured_media":0,"parent":0,"menu_order":0,"comment_status":"closed","ping_status":"open","template":"","meta":{"ngg_post_thumbnail":0,"footnotes":"","_mc_calendar":[]},"aioseo_notices":[],"_links":{"self":[{"href":"https:\/\/blogsaverroes.juntadeandalucia.es\/eielreal\/wp-json\/wp\/v2\/pages\/871"}],"collection":[{"href":"https:\/\/blogsaverroes.juntadeandalucia.es\/eielreal\/wp-json\/wp\/v2\/pages"}],"about":[{"href":"https:\/\/blogsaverroes.juntadeandalucia.es\/eielreal\/wp-json\/wp\/v2\/types\/page"}],"author":[{"embeddable":true,"href":"https:\/\/blogsaverroes.juntadeandalucia.es\/eielreal\/wp-json\/wp\/v2\/users\/1"}],"replies":[{"embeddable":true,"href":"https:\/\/blogsaverroes.juntadeandalucia.es\/eielreal\/wp-json\/wp\/v2\/comments?post=871"}],"version-history":[{"count":17,"href":"https:\/\/blogsaverroes.juntadeandalucia.es\/eielreal\/wp-json\/wp\/v2\/pages\/871\/revisions"}],"predecessor-version":[{"id":40757,"href":"https:\/\/blogsaverroes.juntadeandalucia.es\/eielreal\/wp-json\/wp\/v2\/pages\/871\/revisions\/40757"}],"wp:attachment":[{"href":"https:\/\/blogsaverroes.juntadeandalucia.es\/eielreal\/wp-json\/wp\/v2\/media?parent=871"}],"curies":[{"name":"wp","href":"https:\/\/api.w.org\/{rel}","templated":true}]}}