{"id":99,"date":"2015-03-16T07:22:54","date_gmt":"2015-03-16T07:22:54","guid":{"rendered":"http:\/\/blogsaverroes.juntadeandalucia.es\/pre\/ceip\/?page_id=99"},"modified":"2023-05-25T07:10:02","modified_gmt":"2023-05-25T07:10:02","slug":"comedor-escolar","status":"publish","type":"page","link":"https:\/\/blogsaverroes.juntadeandalucia.es\/eielreal\/comedor-escolar\/","title":{"rendered":"Comedor escolar"},"content":{"rendered":"<h4 style=\"text-align: justify\"><img loading=\"lazy\" decoding=\"async\" class=\"alignnone size-full wp-image-2560\" src=\"http:\/\/blogsaverroes.juntadeandalucia.es\/eielreal\/files\/2015\/03\/comedor1.png\" alt=\"comedor\" width=\"650\" height=\"247\" srcset=\"https:\/\/blogsaverroes.juntadeandalucia.es\/eielreal\/files\/2015\/03\/comedor1.png 650w, https:\/\/blogsaverroes.juntadeandalucia.es\/eielreal\/files\/2015\/03\/comedor1-300x114.png 300w\" sizes=\"(max-width: 650px) 100vw, 650px\" \/><\/h4>\n<p style=\"text-align: justify\"><span style=\"color: #087021\"><strong>El REAL<\/strong><\/span> &nbsp;es consciente de la necesidad de los padres y madres de&nbsp;conciliar la vida laboral y familiar. Por eso, dentro de sus servicios complementarios, ofrece el de &nbsp;comedor escolar &nbsp;al terminar la jornada escolar, de 14 a 16 horas.<\/p>\n<p style=\"text-align: justify\">Los comedores, adem\u00e1s &nbsp;son una pieza importante para mejorar los h\u00e1bitos alimenticios de los ni\u00f1os y ni\u00f1as y prevenir problemas de salud como la obesidad.<\/p>\n<p style=\"text-align: justify\">Los comedores escolares de los centros p\u00fablicos andaluces promueven una alimentaci\u00f3n saludable que est\u00e1 supervisada por nutricionistas y que, entre otros aspectos, se caracteriza por:<\/p>\n<p style=\"text-align: justify\">&#8211; Una mayor proporci\u00f3n de verdura en los men\u00fas.<\/p>\n<p style=\"text-align: justify\">&#8211; Fruta fresca como postre al menos cuatro d\u00edas a la semana.<\/p>\n<p style=\"text-align: justify\">&#8211; Uso de aceite de oliva virgen extra.<\/p>\n<p style=\"text-align: justify\">&#8211; M\u00e1s pescado que carne, que debe ser magra.<\/p>\n<p style=\"text-align: justify\">&#8211; Prohibici\u00f3n de los alimentos precocinados y limitaci\u00f3n de los fritos.<\/p>\n<p style=\"text-align: justify\">&#8211; Apuesta por la dieta mediterr\u00e1nea y los productos ecol\u00f3gicos.<\/p>\n<p style=\"text-align: justify\"><span style=\"color: #087021\"><strong>La Escuela de Infantil EL REAL, al ser centro adscrito al CPr Beato Juan Grande, comparte comedor con dicho colegio.<\/strong><\/span><\/p>\n<p style=\"text-align: justify\"><strong><span style=\"color: #087021\">SOLICITUDES<\/span>: <\/strong>Se presentan en secretar\u00eda de nuestro Centro del 1 al 8 de junio junto con el resto de documentaci\u00f3n de matr\u00edcula. &nbsp;Tras las baremaciones se publica en el tabl\u00f3n del Centro &nbsp;los listados de admitidos\/as.<\/p>\n<p style=\"text-align: justify\"><strong><span style=\"color: #087021\">BONIFICACIONES<\/span>: <\/strong>Se solicitan del 1 al 7 de septiembre cada a\u00f1o, &nbsp;o en los tres d\u00edas inmediatos una vez &nbsp;el alumno\/a haya sido aceptado en los servicios de comedor.<\/p>\n<p style=\"text-align: justify\">Los monitores trasladan a los peque\u00f1os al comedor situado en el colegio de enfrente.<\/p>\n<p style=\"text-align: justify\">A los padres se les ofrece la opci\u00f3n de recoger &nbsp;a sus hijos bien a las 15,30 o a las 16 h.<\/p>\n<p style=\"text-align: justify\"><strong><span style=\"color: #087021\">Normativa<\/span>: Enlace<\/strong><\/p>\n<p style=\"text-align: justify\"><strong><span style=\"color: #087021\">Empresa catering<\/span>: ARAMARK SERVICIOS DE CATERING<\/strong><\/p>\n<p style=\"text-align: justify\">&nbsp; &nbsp; &nbsp; &nbsp; &nbsp; &nbsp; &nbsp; &nbsp; &nbsp; Para cualquier aclaraci\u00f3n o duda, justificaci\u00f3n de ausencia o baja referente al servicio de comedor, pueden contactar con el departamento de gesti\u00f3n de &nbsp;cobros en el tel\u00e9fono 954461035.<\/p>\n<p style=\"text-align: justify\"><img loading=\"lazy\" decoding=\"async\" class=\" size-full wp-image-2542 aligncenter\" src=\"http:\/\/blogsaverroes.juntadeandalucia.es\/eielreal\/files\/2015\/03\/comedor.png\" alt=\"comedor\" width=\"500\" height=\"333\" srcset=\"https:\/\/blogsaverroes.juntadeandalucia.es\/eielreal\/files\/2015\/03\/comedor.png 500w, https:\/\/blogsaverroes.juntadeandalucia.es\/eielreal\/files\/2015\/03\/comedor-300x200.png 300w\" sizes=\"(max-width: 500px) 100vw, 500px\" \/><\/p>\n","protected":false},"excerpt":{"rendered":"<p>El REAL &nbsp;es consciente de la necesidad de los padres y madres de&nbsp;conciliar la vida laboral y familiar. Por eso, dentro de sus servicios complementarios, ofrece el de &nbsp;comedor escolar &nbsp;al terminar la jornada&#46;&#46;&#46;<\/p>\n","protected":false},"author":1,"featured_media":0,"parent":0,"menu_order":0,"comment_status":"closed","ping_status":"open","template":"template-content-sidebar.php","meta":{"ngg_post_thumbnail":0,"footnotes":"","_mc_calendar":[]},"aioseo_notices":[],"_links":{"self":[{"href":"https:\/\/blogsaverroes.juntadeandalucia.es\/eielreal\/wp-json\/wp\/v2\/pages\/99"}],"collection":[{"href":"https:\/\/blogsaverroes.juntadeandalucia.es\/eielreal\/wp-json\/wp\/v2\/pages"}],"about":[{"href":"https:\/\/blogsaverroes.juntadeandalucia.es\/eielreal\/wp-json\/wp\/v2\/types\/page"}],"author":[{"embeddable":true,"href":"https:\/\/blogsaverroes.juntadeandalucia.es\/eielreal\/wp-json\/wp\/v2\/users\/1"}],"replies":[{"embeddable":true,"href":"https:\/\/blogsaverroes.juntadeandalucia.es\/eielreal\/wp-json\/wp\/v2\/comments?post=99"}],"version-history":[{"count":19,"href":"https:\/\/blogsaverroes.juntadeandalucia.es\/eielreal\/wp-json\/wp\/v2\/pages\/99\/revisions"}],"predecessor-version":[{"id":37542,"href":"https:\/\/blogsaverroes.juntadeandalucia.es\/eielreal\/wp-json\/wp\/v2\/pages\/99\/revisions\/37542"}],"wp:attachment":[{"href":"https:\/\/blogsaverroes.juntadeandalucia.es\/eielreal\/wp-json\/wp\/v2\/media?parent=99"}],"curies":[{"name":"wp","href":"https:\/\/api.w.org\/{rel}","templated":true}]}}