{"id":2301,"date":"2020-09-30T11:46:44","date_gmt":"2020-09-30T11:46:44","guid":{"rendered":"https:\/\/blogsaverroes.juntadeandalucia.es\/eigibraljaire\/?page_id=2301"},"modified":"2022-10-27T07:41:03","modified_gmt":"2022-10-27T07:41:03","slug":"normas-generales","status":"publish","type":"page","link":"https:\/\/blogsaverroes.juntadeandalucia.es\/eigibraljaire\/normas-generales\/","title":{"rendered":"Normas Generales"},"content":{"rendered":"<h1><strong>NORMAS:<\/strong><\/h1>\n<p><strong>\u2022<\/strong> <strong>Los padres\/madres deben:<\/strong> apoyar en casa las normas que se dan al alumnado,<br \/>\ncolaborando as\u00ed con el colegio.<br \/>\n<strong>\u2022<\/strong> <strong>Grupos WhatsApp:<\/strong> Les recomendamos un uso responsable del mismo.<br \/>\n<strong>\u2022<\/strong> <strong>Ante posibles problemas, las madres\/padres:<\/strong> hablar\u00e1n en primer lugar con el profesor\/a de su hij@, y si fuese necesario, con la Direcci\u00f3n.<br \/>\n<strong>\u2022 L@s n\u00ed\u00f1@s no deben:<\/strong> traer chupetes, biberones, mochilas con ruedas o carritos, juguetes &#8230;etc. al colegio.<br \/>\n<strong>\u2022 No deben:<\/strong> traer latas, botes de cristal, paraguas, encendedores, cerillas, llaves, m\u00f3viles, dinero o cualquier objeto punzante (alfileres, pinks). Los familiares deben poner especial cuidado para que no cojan en casa este tipo de objetos.<br \/>\n\u2022 <strong>No deben traer adornos:<\/strong> collares, pulseras, anillos, pendientes largos, etc. Todo lo que pueda suponer un peligro deben dejarlo en casa.<br \/>\n<strong>\u2022 Si, a pesar de estas advertencias, l@s ni\u00f1@s:<\/strong> traen este tipo de objetos, el Centro proceder\u00e1 a retirarlos, y no se har\u00e1 responsable de la p\u00e9rdida de los mismos.<br \/>\n<strong>\u2022 Se recomienda:<\/strong> que el desayuno sea un bocadillo o fruta y lo traigan en una mochila peque\u00f1a, con el nombre del ni\u00f1@. No les den chucher\u00edas; en el colegio no est\u00e1n permitidas, siguiendo los objetivos del Programa de alimentaci\u00f3n sana y saludable que est\u00e1 implementado en el Centro (Creciendo en Salud).<br \/>\n<strong>\u2022 Cumplea\u00f1os:<\/strong> siguiendo con la norma implantada en nuestro colegio, no se admitir\u00e1n ning\u00fan tipo de objetos ni alimentos para celebrar los cumplea\u00f1os en el recinto escolar, as\u00ed como tampoco se repartir\u00e1n invitaciones. Abst\u00e9nganse de solicitarlo al tutor\/a correspondiente.<br \/>\n<strong>\u2022 La ropa:<\/strong> debe ser c\u00f3moda, para que no tengan dificultad si tienen que ir al ba\u00f1o; y<br \/>\nlavable teniendo en cuenta que l@s ni\u00f1@s se1a van a manchar al jugar.<br \/>\n<strong>\u2022 Si, por cualquier circunstancia, faltan a clase:<\/strong> deben justificar su ausencia.&nbsp;<br \/>\n<strong>\u2022 Los zapatos:<\/strong> del alumnado deben cubrir el pie, a ser posible sin cordones, evitando<br \/>\nlas chanclas.<br \/>\n<strong>\u2022 En el cuello:<\/strong> de las prendas de abrigo (chaquetones, anoraks, rebecas, etc} deben traer cosida una cinta estrecha y con el nombre puesto, de unos 15 cent\u00edmetros de longitud para que les sea m\u00e1s f\u00e1cil colgar los abrigos en los percheros.<br \/>\n<strong>\u2022 El tel\u00e9fono del Centro es:<\/strong> 951 29 85 55 y, si \u00e9ste lo vieran en la pantalla de su m\u00f3v\u00edl, por favor llamen al colegio.<br \/>\n<strong>\u2022<\/strong> <strong>La p\u00e1gina web es: <\/strong><a href=\"https:\/\/blogsaverroes.juntadeandalucia.es\/eigibraljaire\/\">https:\/\/blogsaverroes.juntadeandalucia.es\/eigibraljaire\/<\/a><br \/>\n<strong>\u2022<\/strong> <strong>El email:<\/strong> ceigibraljaire@gmail.com<\/p>\n","protected":false},"excerpt":{"rendered":"<p>NORMAS: \u2022 Los padres\/madres deben: apoyar en casa las normas que se dan al alumnado, colaborando as\u00ed con el colegio. \u2022 Grupos WhatsApp: Les recomendamos un uso responsable del mismo. \u2022 Ante posibles problemas,&#46;&#46;&#46;<\/p>\n","protected":false},"author":10666,"featured_media":0,"parent":0,"menu_order":0,"comment_status":"closed","ping_status":"closed","template":"","meta":{"ngg_post_thumbnail":0,"footnotes":"","_mc_calendar":[]},"aioseo_notices":[],"_links":{"self":[{"href":"https:\/\/blogsaverroes.juntadeandalucia.es\/eigibraljaire\/wp-json\/wp\/v2\/pages\/2301"}],"collection":[{"href":"https:\/\/blogsaverroes.juntadeandalucia.es\/eigibraljaire\/wp-json\/wp\/v2\/pages"}],"about":[{"href":"https:\/\/blogsaverroes.juntadeandalucia.es\/eigibraljaire\/wp-json\/wp\/v2\/types\/page"}],"author":[{"embeddable":true,"href":"https:\/\/blogsaverroes.juntadeandalucia.es\/eigibraljaire\/wp-json\/wp\/v2\/users\/10666"}],"replies":[{"embeddable":true,"href":"https:\/\/blogsaverroes.juntadeandalucia.es\/eigibraljaire\/wp-json\/wp\/v2\/comments?post=2301"}],"version-history":[{"count":12,"href":"https:\/\/blogsaverroes.juntadeandalucia.es\/eigibraljaire\/wp-json\/wp\/v2\/pages\/2301\/revisions"}],"predecessor-version":[{"id":2756,"href":"https:\/\/blogsaverroes.juntadeandalucia.es\/eigibraljaire\/wp-json\/wp\/v2\/pages\/2301\/revisions\/2756"}],"wp:attachment":[{"href":"https:\/\/blogsaverroes.juntadeandalucia.es\/eigibraljaire\/wp-json\/wp\/v2\/media?parent=2301"}],"curies":[{"name":"wp","href":"https:\/\/api.w.org\/{rel}","templated":true}]}}