{"id":2482,"date":"2020-10-16T07:59:20","date_gmt":"2020-10-16T07:59:20","guid":{"rendered":"https:\/\/blogsaverroes.juntadeandalucia.es\/eigibraljaire\/?page_id=2482"},"modified":"2022-10-27T07:43:25","modified_gmt":"2022-10-27T07:43:25","slug":"classroom","status":"publish","type":"page","link":"https:\/\/blogsaverroes.juntadeandalucia.es\/eigibraljaire\/classroom\/","title":{"rendered":"Classroom"},"content":{"rendered":"<h1><strong>Herramienta Classroom<\/strong><\/h1>\n<p>&nbsp;Disponemos como <strong>medida ante un \u00abposible confinamiento\u00bb<\/strong>&nbsp;la herramienta Google Classroom: con esta herramienta podemos mandar tareas a los alumnos desde casa para corregirlas y ver el progreso.<\/p>\n<p><a href=\"https:\/\/blogsaverroes.juntadeandalucia.es\/eigibraljaire\/files\/2020\/10\/classroom-feat.jpg\"><img loading=\"lazy\" decoding=\"async\" class=\"alignnone size-full wp-image-2507\" src=\"https:\/\/blogsaverroes.juntadeandalucia.es\/eigibraljaire\/files\/2020\/10\/classroom-feat.jpg\" alt=\"\" width=\"1328\" height=\"746\" srcset=\"https:\/\/blogsaverroes.juntadeandalucia.es\/eigibraljaire\/files\/2020\/10\/classroom-feat.jpg 1328w, https:\/\/blogsaverroes.juntadeandalucia.es\/eigibraljaire\/files\/2020\/10\/classroom-feat-300x169.jpg 300w, https:\/\/blogsaverroes.juntadeandalucia.es\/eigibraljaire\/files\/2020\/10\/classroom-feat-1024x575.jpg 1024w, https:\/\/blogsaverroes.juntadeandalucia.es\/eigibraljaire\/files\/2020\/10\/classroom-feat-768x431.jpg 768w, https:\/\/blogsaverroes.juntadeandalucia.es\/eigibraljaire\/files\/2020\/10\/classroom-feat-24x13.jpg 24w, https:\/\/blogsaverroes.juntadeandalucia.es\/eigibraljaire\/files\/2020\/10\/classroom-feat-36x20.jpg 36w, https:\/\/blogsaverroes.juntadeandalucia.es\/eigibraljaire\/files\/2020\/10\/classroom-feat-48x27.jpg 48w\" sizes=\"(max-width: 1328px) 100vw, 1328px\" \/><\/a><\/p>\n<h3><strong>Para ir a Google Classroom haga<\/strong> <a href=\"https:\/\/edu.google.com\/intl\/es-419\/products\/classroom\/?modal_active=none&amp;gclid=EAIaIQobChMIvLf2ytK47AIVCLLVCh2WvAOcEAAYASAAEgKVs_D_BwE\">click aqu\u00ed<\/a><\/h3>\n<h3><strong>Si tiene alguna duda sobre como acceder<\/strong> <strong>haga<\/strong> <a href=\"https:\/\/support.google.com\/edu\/classroom\/answer\/6020297?co=GENIE.Platform%3DDesktop&amp;hl=es#:~:text=Para%20usar%20Classroom%2C%20debes%20iniciar,que%20te%20env%C3%ADe%20el%20profesor.\">click aqu\u00ed<\/a><\/h3>\n<p><em>Los C\u00f3digos se pondr\u00e1n en caso del posible confinamiento mientras tanto no estar\u00e1n disponibles.<\/em><\/p>\n<table style=\"border-collapse: collapse;width: 100%;height: 238px\">\n<tbody>\n<tr style=\"height: 24px\">\n<td style=\"width: 50%;text-align: center;height: 24px\"><strong>AULA<\/strong><\/td>\n<td style=\"width: 50%;text-align: center;height: 24px\"><strong>C\u00d3DIGO<\/strong><\/td>\n<\/tr>\n<tr style=\"height: 24px\">\n<td style=\"width: 50%;height: 24px;text-align: center\">3 A\u00d1OS A<\/td>\n<td style=\"width: 50%;height: 24px;text-align: center\">&nbsp;&#8212;&#8212;&#8212;&#8212;&#8212;&#8212;&#8212;&#8212;&#8212;-<\/td>\n<\/tr>\n<tr style=\"height: 22px\">\n<td style=\"width: 50%;height: 22px;text-align: center\">3 A\u00d1OS B<\/td>\n<td style=\"width: 50%;height: 22px;text-align: center\">&nbsp;&#8212;&#8212;&#8212;&#8212;&#8212;&#8212;&#8212;&#8212;&#8212;-<\/td>\n<\/tr>\n<tr style=\"height: 24px\">\n<td style=\"width: 50%;height: 24px;text-align: center\">3 A\u00d1OS C<\/td>\n<td style=\"width: 50%;height: 24px;text-align: center\">&nbsp;&#8212;&#8212;&#8212;&#8212;&#8212;&#8212;&#8212;&#8212;&#8212;-<\/td>\n<\/tr>\n<tr style=\"height: 24px\">\n<td style=\"width: 50%;height: 24px;text-align: center\">4 A\u00d1OS A<\/td>\n<td style=\"width: 50%;height: 24px;text-align: center\">&nbsp;&#8212;&#8212;&#8212;&#8212;&#8212;&#8212;&#8212;&#8212;&#8212;-<\/td>\n<\/tr>\n<tr style=\"height: 24px\">\n<td style=\"width: 50%;height: 24px;text-align: center\">4 A\u00d1OS B<\/td>\n<td style=\"width: 50%;height: 24px;text-align: center\">&nbsp;&#8212;&#8212;&#8212;&#8212;&#8212;&#8212;&#8212;&#8212;&#8212;-<\/td>\n<\/tr>\n<tr style=\"height: 24px\">\n<td style=\"width: 50%;height: 24px;text-align: center\">4 A\u00d1OS C<\/td>\n<td style=\"width: 50%;height: 24px;text-align: center\">&nbsp;&#8212;&#8212;&#8212;&#8212;&#8212;&#8212;&#8212;&#8212;&#8212;-<\/td>\n<\/tr>\n<tr style=\"height: 24px\">\n<td style=\"width: 50%;height: 24px;text-align: center\">5 A\u00d1OS A<\/td>\n<td style=\"width: 50%;height: 24px;text-align: center\">&nbsp;&#8212;&#8212;&#8212;&#8212;&#8212;&#8212;&#8212;&#8212;&#8212;-<\/td>\n<\/tr>\n<tr style=\"height: 24px\">\n<td style=\"width: 50%;height: 24px;text-align: center\">5 A\u00d1OS B<\/td>\n<td style=\"width: 50%;height: 24px;text-align: center\">&nbsp;&#8212;&#8212;&#8212;&#8212;&#8212;&#8212;&#8212;&#8212;&#8212;-<\/td>\n<\/tr>\n<tr style=\"height: 24px\">\n<td style=\"width: 50%;height: 24px;text-align: center\">5 A\u00d1OS C<\/td>\n<td style=\"width: 50%;height: 24px;text-align: center\">&nbsp;&#8212;&#8212;&#8212;&#8212;&#8212;&#8212;&#8212;&#8212;&#8212;-<\/td>\n<\/tr>\n<\/tbody>\n<\/table>\n","protected":false},"excerpt":{"rendered":"<p>Herramienta Classroom &nbsp;Disponemos como medida ante un \u00abposible confinamiento\u00bb&nbsp;la herramienta Google Classroom: con esta herramienta podemos mandar tareas a los alumnos desde casa para corregirlas y ver el progreso. Para ir a Google Classroom&#46;&#46;&#46;<\/p>\n","protected":false},"author":10666,"featured_media":0,"parent":0,"menu_order":0,"comment_status":"closed","ping_status":"closed","template":"","meta":{"ngg_post_thumbnail":0,"footnotes":"","_mc_calendar":[]},"aioseo_notices":[],"_links":{"self":[{"href":"https:\/\/blogsaverroes.juntadeandalucia.es\/eigibraljaire\/wp-json\/wp\/v2\/pages\/2482"}],"collection":[{"href":"https:\/\/blogsaverroes.juntadeandalucia.es\/eigibraljaire\/wp-json\/wp\/v2\/pages"}],"about":[{"href":"https:\/\/blogsaverroes.juntadeandalucia.es\/eigibraljaire\/wp-json\/wp\/v2\/types\/page"}],"author":[{"embeddable":true,"href":"https:\/\/blogsaverroes.juntadeandalucia.es\/eigibraljaire\/wp-json\/wp\/v2\/users\/10666"}],"replies":[{"embeddable":true,"href":"https:\/\/blogsaverroes.juntadeandalucia.es\/eigibraljaire\/wp-json\/wp\/v2\/comments?post=2482"}],"version-history":[{"count":13,"href":"https:\/\/blogsaverroes.juntadeandalucia.es\/eigibraljaire\/wp-json\/wp\/v2\/pages\/2482\/revisions"}],"predecessor-version":[{"id":3542,"href":"https:\/\/blogsaverroes.juntadeandalucia.es\/eigibraljaire\/wp-json\/wp\/v2\/pages\/2482\/revisions\/3542"}],"wp:attachment":[{"href":"https:\/\/blogsaverroes.juntadeandalucia.es\/eigibraljaire\/wp-json\/wp\/v2\/media?parent=2482"}],"curies":[{"name":"wp","href":"https:\/\/api.w.org\/{rel}","templated":true}]}}