{"id":2708,"date":"2020-10-28T09:19:46","date_gmt":"2020-10-28T09:19:46","guid":{"rendered":"https:\/\/blogsaverroes.juntadeandalucia.es\/eigibraljaire\/?page_id=2708"},"modified":"2024-12-03T11:29:07","modified_gmt":"2024-12-03T11:29:07","slug":"plan-de-orientacion-y-accion-tutorial","status":"publish","type":"page","link":"https:\/\/blogsaverroes.juntadeandalucia.es\/eigibraljaire\/plan-de-orientacion-y-accion-tutorial\/","title":{"rendered":"Plan de Orientaci\u00f3n y Acci\u00f3n tutorial"},"content":{"rendered":"<p>PLAN DE ORIENTACI\u00d3N Y ACCI\u00d3N <a href=\"https:\/\/drive.google.com\/file\/d\/1etTuj6XYJUdhYL8e28-E6qZJrHJ-4Fth\/view?usp=sharing\">TUTORIAL<\/a><\/p>\n<p><img decoding=\"async\" src=\"https:\/\/cmli.es\/wp-content\/uploads\/2022\/01\/imagen_poat4.jpg\" alt=\"Plan de Orientaci\u00f3n y Acci\u00f3n Tutorial - CMLI\"><\/p>\n","protected":false},"excerpt":{"rendered":"<p>PLAN DE ORIENTACI\u00d3N Y ACCI\u00d3N TUTORIAL<\/p>\n","protected":false},"author":10666,"featured_media":0,"parent":0,"menu_order":0,"comment_status":"closed","ping_status":"closed","template":"","meta":{"ngg_post_thumbnail":0,"footnotes":"","_mc_calendar":[]},"aioseo_notices":[],"_links":{"self":[{"href":"https:\/\/blogsaverroes.juntadeandalucia.es\/eigibraljaire\/wp-json\/wp\/v2\/pages\/2708"}],"collection":[{"href":"https:\/\/blogsaverroes.juntadeandalucia.es\/eigibraljaire\/wp-json\/wp\/v2\/pages"}],"about":[{"href":"https:\/\/blogsaverroes.juntadeandalucia.es\/eigibraljaire\/wp-json\/wp\/v2\/types\/page"}],"author":[{"embeddable":true,"href":"https:\/\/blogsaverroes.juntadeandalucia.es\/eigibraljaire\/wp-json\/wp\/v2\/users\/10666"}],"replies":[{"embeddable":true,"href":"https:\/\/blogsaverroes.juntadeandalucia.es\/eigibraljaire\/wp-json\/wp\/v2\/comments?post=2708"}],"version-history":[{"count":3,"href":"https:\/\/blogsaverroes.juntadeandalucia.es\/eigibraljaire\/wp-json\/wp\/v2\/pages\/2708\/revisions"}],"predecessor-version":[{"id":3684,"href":"https:\/\/blogsaverroes.juntadeandalucia.es\/eigibraljaire\/wp-json\/wp\/v2\/pages\/2708\/revisions\/3684"}],"wp:attachment":[{"href":"https:\/\/blogsaverroes.juntadeandalucia.es\/eigibraljaire\/wp-json\/wp\/v2\/media?parent=2708"}],"curies":[{"name":"wp","href":"https:\/\/api.w.org\/{rel}","templated":true}]}}