{"id":2710,"date":"2020-10-28T09:20:05","date_gmt":"2020-10-28T09:20:05","guid":{"rendered":"https:\/\/blogsaverroes.juntadeandalucia.es\/eigibraljaire\/?page_id=2710"},"modified":"2024-12-03T11:26:21","modified_gmt":"2024-12-03T11:26:21","slug":"plan-de-igualdad","status":"publish","type":"page","link":"https:\/\/blogsaverroes.juntadeandalucia.es\/eigibraljaire\/plan-de-igualdad\/","title":{"rendered":"Plan de Igualdad"},"content":{"rendered":"<p><img decoding=\"async\" src=\"https:\/\/i0.wp.com\/www3.gobiernodecanarias.org\/medusa\/edublog\/ceipveintedeenero\/wp-content\/uploads\/sites\/598\/2016\/11\/blog-igualdad-01-1.png?fit=1200%2C411&amp;ssl=1\" alt=\"NI\u00d1AS Y NI\u00d1OS TENEMOS DERECHO A SER TRATADOS EN IGUALDAD, Y PREVENIR LA VIOLENCIA DE G\u00c9NERO | CEIP Veinte de Enero\"><\/p>\n<p><a href=\"https:\/\/drive.google.com\/file\/d\/1Ojh0vv3cHZfO8Pj6HSoTQRhUtlfRhXRn\/view?usp=sharing\">III PLAN DE IGUALDAD (1).pdf<\/a><\/p>\n","protected":false},"excerpt":{"rendered":"<p>III PLAN DE IGUALDAD (1).pdf<\/p>\n","protected":false},"author":10666,"featured_media":0,"parent":0,"menu_order":0,"comment_status":"closed","ping_status":"closed","template":"","meta":{"ngg_post_thumbnail":0,"footnotes":"","_mc_calendar":[]},"aioseo_notices":[],"_links":{"self":[{"href":"https:\/\/blogsaverroes.juntadeandalucia.es\/eigibraljaire\/wp-json\/wp\/v2\/pages\/2710"}],"collection":[{"href":"https:\/\/blogsaverroes.juntadeandalucia.es\/eigibraljaire\/wp-json\/wp\/v2\/pages"}],"about":[{"href":"https:\/\/blogsaverroes.juntadeandalucia.es\/eigibraljaire\/wp-json\/wp\/v2\/types\/page"}],"author":[{"embeddable":true,"href":"https:\/\/blogsaverroes.juntadeandalucia.es\/eigibraljaire\/wp-json\/wp\/v2\/users\/10666"}],"replies":[{"embeddable":true,"href":"https:\/\/blogsaverroes.juntadeandalucia.es\/eigibraljaire\/wp-json\/wp\/v2\/comments?post=2710"}],"version-history":[{"count":4,"href":"https:\/\/blogsaverroes.juntadeandalucia.es\/eigibraljaire\/wp-json\/wp\/v2\/pages\/2710\/revisions"}],"predecessor-version":[{"id":3682,"href":"https:\/\/blogsaverroes.juntadeandalucia.es\/eigibraljaire\/wp-json\/wp\/v2\/pages\/2710\/revisions\/3682"}],"wp:attachment":[{"href":"https:\/\/blogsaverroes.juntadeandalucia.es\/eigibraljaire\/wp-json\/wp\/v2\/media?parent=2710"}],"curies":[{"name":"wp","href":"https:\/\/api.w.org\/{rel}","templated":true}]}}