{"id":3192,"date":"2021-10-08T10:17:27","date_gmt":"2021-10-08T10:17:27","guid":{"rendered":"https:\/\/blogsaverroes.juntadeandalucia.es\/eigibraljaire\/?page_id=3192"},"modified":"2025-01-27T12:41:18","modified_gmt":"2025-01-27T12:41:18","slug":"consejo-escolar","status":"publish","type":"page","link":"https:\/\/blogsaverroes.juntadeandalucia.es\/eigibraljaire\/consejo-escolar\/","title":{"rendered":"Consejo Escolar"},"content":{"rendered":"<p style=\"text-align: center\"><a href=\"https:\/\/blogsaverroes.juntadeandalucia.es\/eigibraljaire\/files\/2025\/01\/consejo_escolar.png\"><img loading=\"lazy\" decoding=\"async\" class=\"alignnone size-full wp-image-3722\" src=\"https:\/\/blogsaverroes.juntadeandalucia.es\/eigibraljaire\/files\/2025\/01\/consejo_escolar.png\" alt=\"\" width=\"700\" height=\"400\" srcset=\"https:\/\/blogsaverroes.juntadeandalucia.es\/eigibraljaire\/files\/2025\/01\/consejo_escolar.png 700w, https:\/\/blogsaverroes.juntadeandalucia.es\/eigibraljaire\/files\/2025\/01\/consejo_escolar-300x171.png 300w\" sizes=\"(max-width: 700px) 100vw, 700px\" \/><\/a><\/p>\n<h2>1. \u00bfQu\u00e9 es un Consejo Escolar?<\/h2>\n<p><span style=\"font-weight: 400\">Es el \u00f3rgano de gesti\u00f3n y control de un centro educativo en el que tienen representaci\u00f3n oficial todos los miembros de la comunidad educativa. Familias, profesorado, personal no docente, administraci\u00f3n p\u00fablica y el alumnado (en secundaria).<\/span><\/p>\n<p>&nbsp;<\/p>\n<h2>2. \u00bfPara qu\u00e9 sirve?<\/h2>\n<p style=\"font-style: inherit;font-weight: inherit;text-align: justify\"><span style=\"font-weight: 400\">Permite que toda la comunidad educativa opine y decida sobre la gesti\u00f3n diaria del centro, sus funciones son:<\/span><\/p>\n<ul style=\"list-style-type: circle\">\n<li style=\"font-style: inherit;font-weight: inherit;text-align: justify\"><span style=\"font-weight: 400\">Aprobar y evaluar el Proyecto Educativo y de gesti\u00f3n del centro: presupuesto, actividades, empresa de comedor\u2026<\/span><\/li>\n<li style=\"font-style: inherit;font-weight: inherit;text-align: justify\"><span style=\"font-weight: 400\">Aprobar y evaluar la programaci\u00f3n general anual del centro.<\/span><\/li>\n<li style=\"font-style: inherit;font-weight: inherit;text-align: justify\"><span style=\"font-weight: 400\">Conocer candidaturas y participar en la selecci\u00f3n Director\/a del Centro y decidir sobre la admisi\u00f3n del alumnado conforme a normativa<\/span><\/li>\n<li style=\"font-style: inherit;font-weight: inherit;text-align: justify\"><span style=\"font-weight: 400\">Conocer las conductas contrarias a la convivencia y aplicar medidas educativas correctoras<\/span><\/li>\n<li style=\"font-style: inherit;font-weight: inherit;text-align: justify\"><span style=\"font-weight: 400\">Proponer medidas e iniciativas que favorezcan la convivencia en el centro, la resoluci\u00f3n pac\u00edfica de conflictos, la igualdad de trato y la no discriminaci\u00f3n<\/span><\/li>\n<li style=\"font-style: inherit;font-weight: inherit;text-align: justify\"><span style=\"font-weight: 400\">Informar a todas las partes representadas y atender sus propuestas.<\/span><\/li>\n<li style=\"font-style: inherit;font-weight: inherit;text-align: justify\"><span style=\"font-weight: 400\">Hacer seguimiento de los resultados acad\u00e9micos<\/span><\/li>\n<li style=\"font-style: inherit;font-weight: inherit;text-align: justify\"><span style=\"font-weight: 400\">Promover la conservaci\u00f3n y renovaci\u00f3n del centro.<\/span><\/li>\n<\/ul>\n<p>&nbsp;<\/p>\n<h2>3. \u00bfQui\u00e9nes lo componen?<\/h2>\n<p style=\"font-style: inherit;font-weight: inherit\"><span style=\"font-weight: 400\">4 representantes de las familias. (3 elegidas por votaci\u00f3n directa de las familias y 1 designada por la Asociaci\u00f3n de Familias)<\/span><\/p>\n<p style=\"font-style: inherit;font-weight: inherit\"><span style=\"font-weight: 400\">3 docentes, seleccionadas\/os por el claustro<\/span><\/p>\n<p style=\"font-style: inherit;font-weight: inherit\"><span style=\"font-weight: 400\">El equipo directivo (Direcci\u00f3n, jefatura de estudios y secretar\u00eda, esta \u00faltima con derecho a voz sin voto)<\/span><\/p>\n<p style=\"font-style: inherit;font-weight: inherit\"><span style=\"font-weight: 400\">1 Un\/a concejal\/a o representante del ayuntamiento.<\/span><\/p>\n<p style=\"font-style: inherit;font-weight: inherit\"><span style=\"font-weight: 400\">1 persona de administraci\u00f3n y servicios.<\/span><\/p>\n","protected":false},"excerpt":{"rendered":"<p>1. \u00bfQu\u00e9 es un Consejo Escolar? Es el \u00f3rgano de gesti\u00f3n y control de un centro educativo en el que tienen representaci\u00f3n oficial todos los miembros de la comunidad educativa. Familias, profesorado, personal no&#46;&#46;&#46;<\/p>\n","protected":false},"author":10666,"featured_media":0,"parent":0,"menu_order":0,"comment_status":"closed","ping_status":"closed","template":"","meta":{"ngg_post_thumbnail":0,"footnotes":"","_mc_calendar":[]},"aioseo_notices":[],"_links":{"self":[{"href":"https:\/\/blogsaverroes.juntadeandalucia.es\/eigibraljaire\/wp-json\/wp\/v2\/pages\/3192"}],"collection":[{"href":"https:\/\/blogsaverroes.juntadeandalucia.es\/eigibraljaire\/wp-json\/wp\/v2\/pages"}],"about":[{"href":"https:\/\/blogsaverroes.juntadeandalucia.es\/eigibraljaire\/wp-json\/wp\/v2\/types\/page"}],"author":[{"embeddable":true,"href":"https:\/\/blogsaverroes.juntadeandalucia.es\/eigibraljaire\/wp-json\/wp\/v2\/users\/10666"}],"replies":[{"embeddable":true,"href":"https:\/\/blogsaverroes.juntadeandalucia.es\/eigibraljaire\/wp-json\/wp\/v2\/comments?post=3192"}],"version-history":[{"count":9,"href":"https:\/\/blogsaverroes.juntadeandalucia.es\/eigibraljaire\/wp-json\/wp\/v2\/pages\/3192\/revisions"}],"predecessor-version":[{"id":3724,"href":"https:\/\/blogsaverroes.juntadeandalucia.es\/eigibraljaire\/wp-json\/wp\/v2\/pages\/3192\/revisions\/3724"}],"wp:attachment":[{"href":"https:\/\/blogsaverroes.juntadeandalucia.es\/eigibraljaire\/wp-json\/wp\/v2\/media?parent=3192"}],"curies":[{"name":"wp","href":"https:\/\/api.w.org\/{rel}","templated":true}]}}