{"id":35,"date":"2015-03-13T08:21:43","date_gmt":"2015-03-13T08:21:43","guid":{"rendered":"http:\/\/blogsaverroes.juntadeandalucia.es\/pre\/ceip\/?page_id=35"},"modified":"2024-01-19T12:37:29","modified_gmt":"2024-01-19T12:37:29","slug":"el-centro-2","status":"publish","type":"page","link":"https:\/\/blogsaverroes.juntadeandalucia.es\/eigibraljaire\/el-centro-2\/","title":{"rendered":"Datos del centro"},"content":{"rendered":"<h3><strong>\u00bfD\u00f3nde se sit\u00faa nuestro Centro?:<\/strong><\/h3>\n<p>&nbsp;<\/p>\n<p><iframe loading=\"lazy\" src=\"https:\/\/www.google.com\/maps\/embed?pb=!1m18!1m12!1m3!1d3197.6353753084118!2d-4.441809484774172!3d36.73131737927392!2m3!1f0!2f0!3f0!3m2!1i1024!2i768!4f13.1!3m3!1m2!1s0xd72f7be25b4b5b1%3A0x93d27b1787f1c9a4!2sEscuela%20de%20Educaci%C3%B3n%20Infantil%20Gibraljaire!5e0!3m2!1ses!2ses!4v1601450975006!5m2!1ses!2ses\" width=\"600\" height=\"400\" frameborder=\"0\"><span data-mce-type=\"bookmark\" style=\"width: 0px;overflow: hidden;line-height: 0\" class=\"mce_SELRES_start\">\ufeff<\/span><span data-mce-type=\"bookmark\" style=\"width: 0px;overflow: hidden;line-height: 0\" class=\"mce_SELRES_start\">\ufeff<\/span><span data-mce-type=\"bookmark\" style=\"width: 0px;overflow: hidden;line-height: 0\" class=\"mce_SELRES_start\">\ufeff<\/span><span data-mce-type=\"bookmark\" style=\"width: 0px;overflow: hidden;line-height: 0\" class=\"mce_SELRES_start\">\ufeff<\/span><span data-mce-type=\"bookmark\" style=\"width: 0px;overflow: hidden;line-height: 0\" class=\"mce_SELRES_start\">\ufeff<\/span><span data-mce-type=\"bookmark\" style=\"width: 0px;overflow: hidden;line-height: 0\" class=\"mce_SELRES_start\">\ufeff<\/span><\/iframe><br \/>\n<iframe loading=\"lazy\" src=\"https:\/\/www.google.com\/maps\/embed?pb=!4v1601451420368!6m8!1m7!1sOC2xNdmizamMtFf8yvhXIw!2m2!1d36.73129412954646!2d-4.439750899663081!3f78.92764750608279!4f-1.2177104919861108!5f0.7820865974627469\" width=\"600\" height=\"450\" frameborder=\"0\"><\/iframe><\/p>\n<h3><strong>Datos de contacto<\/strong><\/h3>\n<p>Escuela de Educaci\u00f3n Infantil Gibraljaire<\/p>\n<p><strong>Direcci\u00f3n:<\/strong> C\/Mirazucenas n\u00ba 8 CP.29011 M\u00e1laga<\/p>\n<p><strong>Tel\u00e9fono: +<\/strong>34 951 29 85 55<\/p>\n<p><strong>Tel\u00e9fono corporativo: <\/strong>990555<\/p>\n<p><strong>Email:<\/strong> 29011369.edu@juntadeandalucia.es\/ceigibraljaire@gmail.com<\/p>\n<p>ceigibraljaire@gmail.com<\/p>\n<p><strong>P\u00e1gina Web: <\/strong><a href=\"https:\/\/blogsaverroes.juntadeandalucia.es\/eigibraljaire\/\">https:\/\/blogsaverroes.juntadeandalucia.es\/eigibraljaire\/<\/a><\/p>\n<p><strong>Facebook e Instagram: <\/strong>ceigibraljaire<\/p>\n","protected":false},"excerpt":{"rendered":"<p>\u00bfD\u00f3nde se sit\u00faa nuestro Centro?: &nbsp; \ufeff\ufeff\ufeff\ufeff\ufeff\ufeff Datos de contacto Escuela de Educaci\u00f3n Infantil Gibraljaire Direcci\u00f3n: C\/Mirazucenas n\u00ba 8 CP.29011 M\u00e1laga Tel\u00e9fono: +34 951 29 85 55 Tel\u00e9fono corporativo: 990555 Email: 29011369.edu@juntadeandalucia.es\/ceigibraljaire@gmail.com ceigibraljaire@gmail.com P\u00e1gina&#46;&#46;&#46;<\/p>\n","protected":false},"author":1,"featured_media":0,"parent":0,"menu_order":0,"comment_status":"closed","ping_status":"open","template":"page-cs.php","meta":{"ngg_post_thumbnail":0,"footnotes":"","_mc_calendar":[]},"aioseo_notices":[],"_links":{"self":[{"href":"https:\/\/blogsaverroes.juntadeandalucia.es\/eigibraljaire\/wp-json\/wp\/v2\/pages\/35"}],"collection":[{"href":"https:\/\/blogsaverroes.juntadeandalucia.es\/eigibraljaire\/wp-json\/wp\/v2\/pages"}],"about":[{"href":"https:\/\/blogsaverroes.juntadeandalucia.es\/eigibraljaire\/wp-json\/wp\/v2\/types\/page"}],"author":[{"embeddable":true,"href":"https:\/\/blogsaverroes.juntadeandalucia.es\/eigibraljaire\/wp-json\/wp\/v2\/users\/1"}],"replies":[{"embeddable":true,"href":"https:\/\/blogsaverroes.juntadeandalucia.es\/eigibraljaire\/wp-json\/wp\/v2\/comments?post=35"}],"version-history":[{"count":53,"href":"https:\/\/blogsaverroes.juntadeandalucia.es\/eigibraljaire\/wp-json\/wp\/v2\/pages\/35\/revisions"}],"predecessor-version":[{"id":3606,"href":"https:\/\/blogsaverroes.juntadeandalucia.es\/eigibraljaire\/wp-json\/wp\/v2\/pages\/35\/revisions\/3606"}],"wp:attachment":[{"href":"https:\/\/blogsaverroes.juntadeandalucia.es\/eigibraljaire\/wp-json\/wp\/v2\/media?parent=35"}],"curies":[{"name":"wp","href":"https:\/\/api.w.org\/{rel}","templated":true}]}}