{"id":3654,"date":"2024-09-30T10:17:34","date_gmt":"2024-09-30T10:17:34","guid":{"rendered":"https:\/\/blogsaverroes.juntadeandalucia.es\/eigibraljaire\/?page_id=3654"},"modified":"2024-12-03T11:31:42","modified_gmt":"2024-12-03T11:31:42","slug":"tde","status":"publish","type":"page","link":"https:\/\/blogsaverroes.juntadeandalucia.es\/eigibraljaire\/tde\/","title":{"rendered":"TRANSFORMACI\u00d3N DIGITAL EDUCATIVA (TDE)"},"content":{"rendered":"<p>&nbsp;<\/p>\n<p><img decoding=\"async\" src=\"https:\/\/blogsaverroes.juntadeandalucia.es\/eigibraljaire\/files\/2021\/05\/TDE-MAESTROS.jpg\"><\/p>\n<p>Los cursos 2020\/21, 2021\/2022 y 2023\/2024 nuestro Centro fue participe en el proceso de <strong>Transformaci\u00f3n Digital Educativa en Andaluc\u00eda (#TDE)<\/strong>, que tiene por objetivo poner a disposici\u00f3n de los centros educativos una serie de recursos destinados a apoyar la labor del profesorado, de forma que las ideas innovadoras y las actuaciones creativas en cualquiera de los tres \u00e1mbitos (Organizaci\u00f3n de centro, Informaci\u00f3n y Comunicaci\u00f3n y Procesos de Ense\u00f1anza-Aprendizaje) contribuyan a afrontar los retos derivados de los cambios que nuestra sociedad actual requiere. A continuaci\u00f3n, adjuntamos un enlace con toda la informaci\u00f3n:<\/p>\n<p><a href=\"https:\/\/www.juntadeandalucia.es\/educacion\/portals\/web\/transformacion-digital-educativa\">https:\/\/www.juntadeandalucia.es\/educacion\/portals\/web\/transformacion-digital-educativa<\/a><\/p>\n<p>&nbsp; &nbsp; &nbsp; &nbsp;Este nuevo curso 2024\/25 continuamos en el proceso de <strong>Transformaci\u00f3n Digital Educativa en Andaluc\u00eda (#TDE)&nbsp;<\/strong>procurando mejorar nuestra formaci\u00f3n en los recursos digitales y afrontar retos organizativos basados en dichos recursos.&nbsp;<\/p>\n<p style=\"text-align: center\"><span style=\"text-decoration: underline\"><span style=\"color: #ff00ff\"><strong>PLAN DE ACTUACI\u00d3N DIGITAL<\/strong><\/span><\/span><\/p>\n<p><a href=\"https:\/\/drive.google.com\/file\/d\/1ayQF5xdnyCVQgNyTSwYRymGUOfPwfL4e\/view?usp=drive_link\">https:\/\/drive.google.com\/file\/d\/1ayQF5xdnyCVQgNyTSwYRymGUOfPwfL4e\/view?usp=drive_link<\/a><\/p>\n<p>&nbsp;<\/p>\n","protected":false},"excerpt":{"rendered":"<p>&nbsp; Los cursos 2020\/21, 2021\/2022 y 2023\/2024 nuestro Centro fue participe en el proceso de Transformaci\u00f3n Digital Educativa en Andaluc\u00eda (#TDE), que tiene por objetivo poner a disposici\u00f3n de los centros educativos una serie&#46;&#46;&#46;<\/p>\n","protected":false},"author":10666,"featured_media":0,"parent":0,"menu_order":0,"comment_status":"closed","ping_status":"closed","template":"","meta":{"ngg_post_thumbnail":0,"footnotes":"","_mc_calendar":[]},"aioseo_notices":[],"_links":{"self":[{"href":"https:\/\/blogsaverroes.juntadeandalucia.es\/eigibraljaire\/wp-json\/wp\/v2\/pages\/3654"}],"collection":[{"href":"https:\/\/blogsaverroes.juntadeandalucia.es\/eigibraljaire\/wp-json\/wp\/v2\/pages"}],"about":[{"href":"https:\/\/blogsaverroes.juntadeandalucia.es\/eigibraljaire\/wp-json\/wp\/v2\/types\/page"}],"author":[{"embeddable":true,"href":"https:\/\/blogsaverroes.juntadeandalucia.es\/eigibraljaire\/wp-json\/wp\/v2\/users\/10666"}],"replies":[{"embeddable":true,"href":"https:\/\/blogsaverroes.juntadeandalucia.es\/eigibraljaire\/wp-json\/wp\/v2\/comments?post=3654"}],"version-history":[{"count":7,"href":"https:\/\/blogsaverroes.juntadeandalucia.es\/eigibraljaire\/wp-json\/wp\/v2\/pages\/3654\/revisions"}],"predecessor-version":[{"id":3686,"href":"https:\/\/blogsaverroes.juntadeandalucia.es\/eigibraljaire\/wp-json\/wp\/v2\/pages\/3654\/revisions\/3686"}],"wp:attachment":[{"href":"https:\/\/blogsaverroes.juntadeandalucia.es\/eigibraljaire\/wp-json\/wp\/v2\/media?parent=3654"}],"curies":[{"name":"wp","href":"https:\/\/api.w.org\/{rel}","templated":true}]}}