{"id":44,"date":"2015-03-13T08:42:15","date_gmt":"2015-03-13T08:42:15","guid":{"rendered":"http:\/\/blogsaverroes.juntadeandalucia.es\/pre\/ceip\/?page_id=44"},"modified":"2025-03-04T10:57:24","modified_gmt":"2025-03-04T10:57:24","slug":"planes-y-proyectos","status":"publish","type":"page","link":"https:\/\/blogsaverroes.juntadeandalucia.es\/eigibraljaire\/planes-y-proyectos\/","title":{"rendered":"Planes y Programas"},"content":{"rendered":"<p><img loading=\"lazy\" decoding=\"async\" class=\"alignnone size-medium wp-image-1667\" src=\"https:\/\/blogsaverroes.juntadeandalucia.es\/eigibraljaire\/files\/2015\/03\/planes-300x150.png\" alt=\"planes\" width=\"300\" height=\"150\" srcset=\"https:\/\/blogsaverroes.juntadeandalucia.es\/eigibraljaire\/files\/2015\/03\/planes-300x150.png 300w, https:\/\/blogsaverroes.juntadeandalucia.es\/eigibraljaire\/files\/2015\/03\/planes.png 640w\" sizes=\"(max-width: 300px) 100vw, 300px\" \/><\/p>\n<h3><span style=\"text-decoration: underline;color: #ff00ff\"><strong>PLANES Y PROGRAMAS IMPLANTADOS EN EL CENTRO<\/strong><\/span><\/h3>\n<p>Nuestro Plan de Centro contiene los siguientes planes y programas:<\/p>\n<p><strong>\u2022<\/strong> <strong>Escuela Espacio de Paz:<\/strong> objetivo \u00abFavorecer los valores de la convivencia<br \/>\npac\u00edfica e implementarlos en la Comunidad Educativa-\u00ab.<br \/>\n<strong>\u2022 Igualdad entre Mujeres y Hombres:<\/strong> Objetivo \u00abFomentar la educaci\u00f3n en el<br \/>\nrespeto y en la igualdad de oportunidades entre ambos sexos\u00bb,<br \/>\n<strong>\u2022 Apertura de Centros:<\/strong> Objetivo \u201cConciliar la vida laboral y escolar\u201d<br \/>\n<strong>\u2022 Plan de Orientaci\u00f3n y Acci\u00f3n Tutorial (POAT):<\/strong> Objetivo \u201cOrientar la tutorizaci\u00f3n del alumnado por los docentes e implicar y responsabilizar a las familias en la educaci\u00f3n de sus hijos\/as, y en las actuaciones del Centro\u201d. \u2013<br \/>\n<strong>\u2022 Plan de actuaci\u00f3n Digital. TDE:<\/strong> Objetivo \u201cEstablecer pautas de actuaci\u00f3n relativas a los procesos de transformaci\u00f3n digital educativa, para su aplicaci\u00f3n durante el curso escolar 2024\/25 en los centros docentes de Andaluc\u00eda que imparten ense\u00f1anzas no universitarias, determinando as\u00ed un marco de actuaci\u00f3n com\u00fan\u201d.<\/p>\n<p>&nbsp;<\/p>\n<h1 style=\"text-align: center\"><span style=\"color: #00ff00\"><strong>PLAN DE ATENCI\u00d3N A LA DIVERSIDAD<\/strong><\/span><\/h1>\n<p><a href=\"https:\/\/drive.google.com\/file\/d\/171-I5ngwQ0KT-RBeXqlXPd-jhm8h7dc6\/view?usp=sharing\">https:\/\/drive.google.com\/file\/d\/171-I5ngwQ0KT-RBeXqlXPd-jhm8h7dc6\/view?usp=sharing<\/a><\/p>\n<p>&nbsp;<\/p>\n","protected":false},"excerpt":{"rendered":"<p>PLANES Y PROGRAMAS IMPLANTADOS EN EL CENTRO Nuestro Plan de Centro contiene los siguientes planes y programas: \u2022 Escuela Espacio de Paz: objetivo \u00abFavorecer los valores de la convivencia pac\u00edfica e implementarlos en la&#46;&#46;&#46;<\/p>\n","protected":false},"author":1,"featured_media":0,"parent":0,"menu_order":0,"comment_status":"closed","ping_status":"closed","template":"page-cs.php","meta":{"ngg_post_thumbnail":0,"footnotes":"","_mc_calendar":[]},"aioseo_notices":[],"_links":{"self":[{"href":"https:\/\/blogsaverroes.juntadeandalucia.es\/eigibraljaire\/wp-json\/wp\/v2\/pages\/44"}],"collection":[{"href":"https:\/\/blogsaverroes.juntadeandalucia.es\/eigibraljaire\/wp-json\/wp\/v2\/pages"}],"about":[{"href":"https:\/\/blogsaverroes.juntadeandalucia.es\/eigibraljaire\/wp-json\/wp\/v2\/types\/page"}],"author":[{"embeddable":true,"href":"https:\/\/blogsaverroes.juntadeandalucia.es\/eigibraljaire\/wp-json\/wp\/v2\/users\/1"}],"replies":[{"embeddable":true,"href":"https:\/\/blogsaverroes.juntadeandalucia.es\/eigibraljaire\/wp-json\/wp\/v2\/comments?post=44"}],"version-history":[{"count":12,"href":"https:\/\/blogsaverroes.juntadeandalucia.es\/eigibraljaire\/wp-json\/wp\/v2\/pages\/44\/revisions"}],"predecessor-version":[{"id":3743,"href":"https:\/\/blogsaverroes.juntadeandalucia.es\/eigibraljaire\/wp-json\/wp\/v2\/pages\/44\/revisions\/3743"}],"wp:attachment":[{"href":"https:\/\/blogsaverroes.juntadeandalucia.es\/eigibraljaire\/wp-json\/wp\/v2\/media?parent=44"}],"curies":[{"name":"wp","href":"https:\/\/api.w.org\/{rel}","templated":true}]}}