{"id":82,"date":"2015-03-16T06:59:55","date_gmt":"2015-03-16T06:59:55","guid":{"rendered":"http:\/\/blogsaverroes.juntadeandalucia.es\/pre\/ceip\/?page_id=82"},"modified":"2025-01-27T12:16:48","modified_gmt":"2025-01-27T12:16:48","slug":"horarios","status":"publish","type":"page","link":"https:\/\/blogsaverroes.juntadeandalucia.es\/eigibraljaire\/horarios\/","title":{"rendered":"Horarios"},"content":{"rendered":"<p style=\"padding-left: 40px\"><img loading=\"lazy\" decoding=\"async\" class=\"alignnone size-medium wp-image-1675\" src=\"https:\/\/blogsaverroes.juntadeandalucia.es\/eigibraljaire\/files\/2015\/03\/horario2-300x211.jpg\" alt=\"horario2\" width=\"300\" height=\"211\" srcset=\"https:\/\/blogsaverroes.juntadeandalucia.es\/eigibraljaire\/files\/2015\/03\/horario2-300x211.jpg 300w, https:\/\/blogsaverroes.juntadeandalucia.es\/eigibraljaire\/files\/2015\/03\/horario2.jpg 640w\" sizes=\"(max-width: 300px) 100vw, 300px\" \/><\/p>\n<h2><strong>Horarios:<\/strong><\/h2>\n<p>El horario normal es: <strong>9:00 a 14:00 h<\/strong>.<\/p>\n<p>Horario de recreo: <strong>11:30-12:00 h.<\/strong><\/p>\n<p>Horario de <strong>Direcci\u00f3n<\/strong> para atenci\u00f3n a familias:&nbsp;<strong>Jueves 12:00 a 13:00 h.<\/strong><\/p>\n<p>Horario de&nbsp;<strong>Secretar\u00eda&nbsp;<\/strong>para atenci\u00f3n a familias:&nbsp;<strong>Mi\u00e9rcoles 12:00 a 13:00 h.<\/strong><\/p>\n<p>&nbsp;<\/p>\n<p>&nbsp;<\/p>\n<p>&nbsp;<\/p>\n<p>&nbsp;<\/p>\n<p>&nbsp;<\/p>\n<p>&nbsp;<\/p>\n","protected":false},"excerpt":{"rendered":"<p>Horarios: El horario normal es: 9:00 a 14:00 h. Horario de recreo: 11:30-12:00 h. Horario de Direcci\u00f3n para atenci\u00f3n a familias:&nbsp;Jueves 12:00 a 13:00 h. Horario de&nbsp;Secretar\u00eda&nbsp;para atenci\u00f3n a familias:&nbsp;Mi\u00e9rcoles 12:00 a 13:00 h.&#46;&#46;&#46;<\/p>\n","protected":false},"author":1,"featured_media":0,"parent":0,"menu_order":0,"comment_status":"closed","ping_status":"open","template":"page-cs.php","meta":{"ngg_post_thumbnail":0,"footnotes":"","_mc_calendar":[]},"aioseo_notices":[],"_links":{"self":[{"href":"https:\/\/blogsaverroes.juntadeandalucia.es\/eigibraljaire\/wp-json\/wp\/v2\/pages\/82"}],"collection":[{"href":"https:\/\/blogsaverroes.juntadeandalucia.es\/eigibraljaire\/wp-json\/wp\/v2\/pages"}],"about":[{"href":"https:\/\/blogsaverroes.juntadeandalucia.es\/eigibraljaire\/wp-json\/wp\/v2\/types\/page"}],"author":[{"embeddable":true,"href":"https:\/\/blogsaverroes.juntadeandalucia.es\/eigibraljaire\/wp-json\/wp\/v2\/users\/1"}],"replies":[{"embeddable":true,"href":"https:\/\/blogsaverroes.juntadeandalucia.es\/eigibraljaire\/wp-json\/wp\/v2\/comments?post=82"}],"version-history":[{"count":13,"href":"https:\/\/blogsaverroes.juntadeandalucia.es\/eigibraljaire\/wp-json\/wp\/v2\/pages\/82\/revisions"}],"predecessor-version":[{"id":3717,"href":"https:\/\/blogsaverroes.juntadeandalucia.es\/eigibraljaire\/wp-json\/wp\/v2\/pages\/82\/revisions\/3717"}],"wp:attachment":[{"href":"https:\/\/blogsaverroes.juntadeandalucia.es\/eigibraljaire\/wp-json\/wp\/v2\/media?parent=82"}],"curies":[{"name":"wp","href":"https:\/\/api.w.org\/{rel}","templated":true}]}}