{"id":870,"date":"2015-03-16T07:24:27","date_gmt":"2015-03-16T07:24:27","guid":{"rendered":"http:\/\/blogsaverroes.juntadeandalucia.es\/pre\/ceip\/?page_id=103"},"modified":"2025-01-27T12:23:20","modified_gmt":"2025-01-27T12:23:20","slug":"aula-matinal","status":"publish","type":"page","link":"https:\/\/blogsaverroes.juntadeandalucia.es\/eigibraljaire\/aula-matinal\/","title":{"rendered":"Aula Matinal"},"content":{"rendered":"<h1 style=\"text-align: justify\"><a href=\"https:\/\/blogsaverroes.juntadeandalucia.es\/eigibraljaire\/files\/2025\/01\/aulamatinal.jpg\"><img loading=\"lazy\" decoding=\"async\" class=\"size-full wp-image-3720 aligncenter\" src=\"https:\/\/blogsaverroes.juntadeandalucia.es\/eigibraljaire\/files\/2025\/01\/aulamatinal.jpg\" alt=\"\" width=\"474\" height=\"509\" srcset=\"https:\/\/blogsaverroes.juntadeandalucia.es\/eigibraljaire\/files\/2025\/01\/aulamatinal.jpg 474w, https:\/\/blogsaverroes.juntadeandalucia.es\/eigibraljaire\/files\/2025\/01\/aulamatinal-279x300.jpg 279w\" sizes=\"(max-width: 474px) 100vw, 474px\" \/><\/a><span style=\"text-decoration: underline\"><span style=\"color: #ff6600\"><strong>El Aula Matinal<\/strong><\/span><\/span> abre a las <strong>7.30<\/strong> horas de lunes a viernes, ofreciendo actividades diversas a los estudiantes hasta el comienzo del horario lectivo.<\/h1>\n<h1 style=\"text-align: justify\">Nuestro colegio Infantil Gibraljaire no tiene habilitada el Aula matinal. El C.D.P Gibraljaire nos la oferta todos los a\u00f1os&nbsp; con la intenci\u00f3n de tener este horario cubierto por conciliaci\u00f3n familiar.<\/h1>\n<h1 style=\"text-align: justify\">Al final a partir de las <strong>8:50AM<\/strong> una monitora del aula matinal trasladar\u00e1 al alumnado de infantil a sus respectivas aulas, a trav\u00e9s de una puerta interna que comunica los dos centros.<\/h1>\n<h1 style=\"text-align: justify\">El pago de este servicio se gestiona en el C.D.P Gibraljaire.<\/h1>\n","protected":false},"excerpt":{"rendered":"<p>El Aula Matinal abre a las 7.30 horas de lunes a viernes, ofreciendo actividades diversas a los estudiantes hasta el comienzo del horario lectivo. Nuestro colegio Infantil Gibraljaire no tiene habilitada el Aula matinal.&#46;&#46;&#46;<\/p>\n","protected":false},"author":1,"featured_media":0,"parent":0,"menu_order":0,"comment_status":"closed","ping_status":"open","template":"page-cs.php","meta":{"ngg_post_thumbnail":0,"footnotes":"","_mc_calendar":[]},"aioseo_notices":[],"_links":{"self":[{"href":"https:\/\/blogsaverroes.juntadeandalucia.es\/eigibraljaire\/wp-json\/wp\/v2\/pages\/870"}],"collection":[{"href":"https:\/\/blogsaverroes.juntadeandalucia.es\/eigibraljaire\/wp-json\/wp\/v2\/pages"}],"about":[{"href":"https:\/\/blogsaverroes.juntadeandalucia.es\/eigibraljaire\/wp-json\/wp\/v2\/types\/page"}],"author":[{"embeddable":true,"href":"https:\/\/blogsaverroes.juntadeandalucia.es\/eigibraljaire\/wp-json\/wp\/v2\/users\/1"}],"replies":[{"embeddable":true,"href":"https:\/\/blogsaverroes.juntadeandalucia.es\/eigibraljaire\/wp-json\/wp\/v2\/comments?post=870"}],"version-history":[{"count":14,"href":"https:\/\/blogsaverroes.juntadeandalucia.es\/eigibraljaire\/wp-json\/wp\/v2\/pages\/870\/revisions"}],"predecessor-version":[{"id":3721,"href":"https:\/\/blogsaverroes.juntadeandalucia.es\/eigibraljaire\/wp-json\/wp\/v2\/pages\/870\/revisions\/3721"}],"wp:attachment":[{"href":"https:\/\/blogsaverroes.juntadeandalucia.es\/eigibraljaire\/wp-json\/wp\/v2\/media?parent=870"}],"curies":[{"name":"wp","href":"https:\/\/api.w.org\/{rel}","templated":true}]}}