{"id":872,"date":"2015-03-16T12:50:42","date_gmt":"2015-03-16T12:50:42","guid":{"rendered":"http:\/\/blogsaverroes.juntadeandalucia.es\/pre\/ceip\/?page_id=120"},"modified":"2025-01-27T12:15:23","modified_gmt":"2025-01-27T12:15:23","slug":"contactar","status":"publish","type":"page","link":"https:\/\/blogsaverroes.juntadeandalucia.es\/eigibraljaire\/contactar\/","title":{"rendered":"Contactar"},"content":{"rendered":"<h2>Si desea contactar con nosotros:<\/h2>\n<p>&#8211; <strong>HORARIO DE ATENCI\u00d3N A LOS PADRES \/MADRES DE ALUMNADO:<\/strong><\/p>\n<p><strong>TUTOR\u00cdA:<\/strong> LUNES de <strong>17:00 a 18:00<\/strong> horas. Cita previa<\/p>\n<p><strong>SECRETAR\u00cdA:<\/strong> MI\u00c9RCOLES de <strong>12:00 a 13:00<\/strong> horas. Cita previa.<\/p>\n<p><strong>DIRECCI\u00d3N:<\/strong> JUEVES de <strong>12:00 a 13:00<\/strong> horas. Cita previa.<\/p>\n<p>Las familias y tutores legales podr\u00e1n ser atendidas presencialmente solicitando cita previa.<\/p>\n<h2>Si desea seguirnos en redes sociales:<\/h2>\n<p>&nbsp; <a href=\"https:\/\/www.facebook.com\/CEI-Gibraljaire-105752138278173\/\"><img loading=\"lazy\" decoding=\"async\" class=\"alignnone wp-image-3416\" src=\"https:\/\/blogsaverroes.juntadeandalucia.es\/eigibraljaire\/files\/2022\/03\/logo-facebook.jpg\" alt=\"\" width=\"45\" height=\"45\" srcset=\"https:\/\/blogsaverroes.juntadeandalucia.es\/eigibraljaire\/files\/2022\/03\/logo-facebook.jpg 225w, https:\/\/blogsaverroes.juntadeandalucia.es\/eigibraljaire\/files\/2022\/03\/logo-facebook-150x150.jpg 150w\" sizes=\"(max-width: 45px) 100vw, 45px\" \/><\/a><\/p>\n<p><a href=\"https:\/\/instagram.com\/ceigibraljaire?utm_medium=copy_link\"><img loading=\"lazy\" decoding=\"async\" class=\"alignnone wp-image-3414\" src=\"https:\/\/blogsaverroes.juntadeandalucia.es\/eigibraljaire\/files\/2022\/03\/logoinstagram.jpg\" alt=\"\" width=\"63\" height=\"35\"><\/a><\/p>\n<p>Un saludo muy cordial.<br \/>\nM\u00e1laga, 02 de Octubre de 2024<\/p>\n<p>LA DIRECCI\u00d3N.<\/p>\n","protected":false},"excerpt":{"rendered":"<p>Si desea contactar con nosotros: &#8211; HORARIO DE ATENCI\u00d3N A LOS PADRES \/MADRES DE ALUMNADO: TUTOR\u00cdA: LUNES de 17:00 a 18:00 horas. Cita previa SECRETAR\u00cdA: MI\u00c9RCOLES de 12:00 a 13:00 horas. Cita previa. DIRECCI\u00d3N:&#46;&#46;&#46;<\/p>\n","protected":false},"author":1,"featured_media":0,"parent":0,"menu_order":0,"comment_status":"closed","ping_status":"open","template":"page-cs.php","meta":{"ngg_post_thumbnail":0,"footnotes":"","_mc_calendar":[]},"aioseo_notices":[],"_links":{"self":[{"href":"https:\/\/blogsaverroes.juntadeandalucia.es\/eigibraljaire\/wp-json\/wp\/v2\/pages\/872"}],"collection":[{"href":"https:\/\/blogsaverroes.juntadeandalucia.es\/eigibraljaire\/wp-json\/wp\/v2\/pages"}],"about":[{"href":"https:\/\/blogsaverroes.juntadeandalucia.es\/eigibraljaire\/wp-json\/wp\/v2\/types\/page"}],"author":[{"embeddable":true,"href":"https:\/\/blogsaverroes.juntadeandalucia.es\/eigibraljaire\/wp-json\/wp\/v2\/users\/1"}],"replies":[{"embeddable":true,"href":"https:\/\/blogsaverroes.juntadeandalucia.es\/eigibraljaire\/wp-json\/wp\/v2\/comments?post=872"}],"version-history":[{"count":19,"href":"https:\/\/blogsaverroes.juntadeandalucia.es\/eigibraljaire\/wp-json\/wp\/v2\/pages\/872\/revisions"}],"predecessor-version":[{"id":3716,"href":"https:\/\/blogsaverroes.juntadeandalucia.es\/eigibraljaire\/wp-json\/wp\/v2\/pages\/872\/revisions\/3716"}],"wp:attachment":[{"href":"https:\/\/blogsaverroes.juntadeandalucia.es\/eigibraljaire\/wp-json\/wp\/v2\/media?parent=872"}],"curies":[{"name":"wp","href":"https:\/\/api.w.org\/{rel}","templated":true}]}}