{"id":1082,"date":"2021-05-08T22:26:04","date_gmt":"2021-05-08T21:26:04","guid":{"rendered":"https:\/\/blogsaverroes.juntadeandalucia.es\/eilajulianita\/?page_id=1082"},"modified":"2023-02-10T22:07:38","modified_gmt":"2023-02-10T21:07:38","slug":"consejo-escolar","status":"publish","type":"page","link":"https:\/\/blogsaverroes.juntadeandalucia.es\/eilajulianita\/centro-2\/consejo-escolar\/","title":{"rendered":"CONSEJO ESCOLAR"},"content":{"rendered":"<p style=\"text-align: left\">El Consejo Escolar , es uno de los \u00f3rganos colegios del centro.<\/p>\n<p style=\"text-align: left\">Es el lugar donde se debaten, y aprueban las cuestiones m\u00e1s importantes que dan vida a nuestro centro: como puede ser la contabilidad, participaci\u00f3n en actividades, documentos del centro,&#8230;<\/p>\n<p style=\"text-align: left\">En el caso concreto de nuestro centro est\u00e1 compuesto por:<\/p>\n<ul>\n<li style=\"text-align: left\">Equipo directivo: la presidencia recae en la persona titular de la direcci\u00f3n, la secretaria es la encargada de recoger acta tiene voz pero no voto.<\/li>\n<li style=\"text-align: left\">5 representantes del sector profesorado.<\/li>\n<li style=\"text-align: left\">5 representantes del sector familias.<\/li>\n<li style=\"text-align: left\">1 representante de libre designaci\u00f3n por parte de AMPA.<\/li>\n<li style=\"text-align: left\">1 representante de libre designaci\u00f3n por parte del Ayuntamiento.<\/li>\n<li style=\"text-align: left\">1 representante del sector PAS (actualmente desierto).<\/li>\n<li style=\"text-align: left\">La representaci\u00f3n por parte del alumnado dada su corta edad, la ostentan las familias.<\/li>\n<\/ul>\n<p>En el curso 2022 &#8211; 2023 se ha vuelto a realizar la renovaci\u00f3n por completo del Consejo Escolar por dos cursos acad\u00e9micos, quedando constituido como pod\u00e9is comprobar en el siguiente video:<\/p>\n<p><a href=\"https:\/\/fb.watch\/iCqu8VTQ4G\/\">https:\/\/fb.watch\/iCqu8VTQ4G\/<\/a><\/p>\n<p>&nbsp;<\/p>\n<p><span style=\"color: #ff6600\">&#8230;&#8230;&#8230;&#8230;&#8230;&#8230;&#8230;&#8230;&#8230;&#8230;&#8230;&#8230;&#8230;&#8230;&#8230;&#8230;&#8230;&#8230;&#8230;&#8230;&#8230;&#8230;&#8230;&#8230;&#8230;&#8230;&#8230;&#8230;&#8230;&#8230;&#8230;&#8230;&#8230;&#8230;&#8230;&#8230;&#8230;&#8230;&#8230;&#8230;&#8230;&#8230;&#8230;&#8230;&#8230;&#8230;&#8230;&#8230;&#8230;&#8230;&#8230;&#8230;&#8230;&#8230;.<\/span><\/p>\n<p>En concreto, en el&nbsp; curso 2021- 2022, se renueva al completo por un curso.<\/p>\n<p>Es por que pedimos vuestra colaboraci\u00f3n para que os anim\u00e9is a formar parte de nuestro Consejo Escolar. En las entradas os iremos dejando noticias acerca de dicho proceso.<\/p>\n<p>Aqu\u00ed os dejamos el enlace con toda la informaci\u00f3n necesaria acerca de este tema <a href=\"https:\/\/www.juntadeandalucia.es\/educacion\/portals\/web\/ced\/consejos-escolares\">https:\/\/www.juntadeandalucia.es\/educacion\/portals\/web\/ced\/consejos-escolares<\/a><\/p>\n","protected":false},"excerpt":{"rendered":"<p>El Consejo Escolar , es uno de los \u00f3rganos colegios del centro. Es el lugar donde se debaten, y aprueban las cuestiones m\u00e1s importantes que dan vida a nuestro centro: como puede ser la&#46;&#46;&#46;<\/p>\n","protected":false},"author":8503,"featured_media":0,"parent":971,"menu_order":4,"comment_status":"closed","ping_status":"closed","template":"","meta":{"ngg_post_thumbnail":0,"footnotes":""},"aioseo_notices":[],"_links":{"self":[{"href":"https:\/\/blogsaverroes.juntadeandalucia.es\/eilajulianita\/wp-json\/wp\/v2\/pages\/1082"}],"collection":[{"href":"https:\/\/blogsaverroes.juntadeandalucia.es\/eilajulianita\/wp-json\/wp\/v2\/pages"}],"about":[{"href":"https:\/\/blogsaverroes.juntadeandalucia.es\/eilajulianita\/wp-json\/wp\/v2\/types\/page"}],"author":[{"embeddable":true,"href":"https:\/\/blogsaverroes.juntadeandalucia.es\/eilajulianita\/wp-json\/wp\/v2\/users\/8503"}],"replies":[{"embeddable":true,"href":"https:\/\/blogsaverroes.juntadeandalucia.es\/eilajulianita\/wp-json\/wp\/v2\/comments?post=1082"}],"version-history":[{"count":4,"href":"https:\/\/blogsaverroes.juntadeandalucia.es\/eilajulianita\/wp-json\/wp\/v2\/pages\/1082\/revisions"}],"predecessor-version":[{"id":1976,"href":"https:\/\/blogsaverroes.juntadeandalucia.es\/eilajulianita\/wp-json\/wp\/v2\/pages\/1082\/revisions\/1976"}],"up":[{"embeddable":true,"href":"https:\/\/blogsaverroes.juntadeandalucia.es\/eilajulianita\/wp-json\/wp\/v2\/pages\/971"}],"wp:attachment":[{"href":"https:\/\/blogsaverroes.juntadeandalucia.es\/eilajulianita\/wp-json\/wp\/v2\/media?parent=1082"}],"curies":[{"name":"wp","href":"https:\/\/api.w.org\/{rel}","templated":true}]}}