{"id":3802,"date":"2026-02-27T21:53:24","date_gmt":"2026-02-27T20:53:24","guid":{"rendered":"https:\/\/blogsaverroes.juntadeandalucia.es\/eilajulianita\/?page_id=3802"},"modified":"2026-02-27T21:59:34","modified_gmt":"2026-02-27T20:59:34","slug":"admision","status":"publish","type":"page","link":"https:\/\/blogsaverroes.juntadeandalucia.es\/eilajulianita\/admision\/","title":{"rendered":"ADMISI\u00d3N"},"content":{"rendered":"<p style=\"text-align: center\"><img loading=\"lazy\" decoding=\"async\" class=\"alignnone wp-image-3803\" src=\"https:\/\/blogsaverroes.juntadeandalucia.es\/eilajulianita\/files\/2026\/02\/Gemini_Generated_Image_z2kvzmz2kvzmz2kv-200x300.png\" alt=\"\" width=\"279\" height=\"419\" srcset=\"https:\/\/blogsaverroes.juntadeandalucia.es\/eilajulianita\/files\/2026\/02\/Gemini_Generated_Image_z2kvzmz2kvzmz2kv-200x300.png 200w, https:\/\/blogsaverroes.juntadeandalucia.es\/eilajulianita\/files\/2026\/02\/Gemini_Generated_Image_z2kvzmz2kvzmz2kv-683x1024.png 683w, https:\/\/blogsaverroes.juntadeandalucia.es\/eilajulianita\/files\/2026\/02\/Gemini_Generated_Image_z2kvzmz2kvzmz2kv-768x1152.png 768w, https:\/\/blogsaverroes.juntadeandalucia.es\/eilajulianita\/files\/2026\/02\/Gemini_Generated_Image_z2kvzmz2kvzmz2kv.png 832w\" sizes=\"(max-width: 279px) 100vw, 279px\" \/> <img loading=\"lazy\" decoding=\"async\" class=\"alignnone wp-image-3804\" src=\"https:\/\/blogsaverroes.juntadeandalucia.es\/eilajulianita\/files\/2026\/02\/Gemini_Generated_Image_cqccw8cqccw8cqcc-200x300.png\" alt=\"\" width=\"281\" height=\"422\" srcset=\"https:\/\/blogsaverroes.juntadeandalucia.es\/eilajulianita\/files\/2026\/02\/Gemini_Generated_Image_cqccw8cqccw8cqcc-200x300.png 200w, https:\/\/blogsaverroes.juntadeandalucia.es\/eilajulianita\/files\/2026\/02\/Gemini_Generated_Image_cqccw8cqccw8cqcc-683x1024.png 683w, https:\/\/blogsaverroes.juntadeandalucia.es\/eilajulianita\/files\/2026\/02\/Gemini_Generated_Image_cqccw8cqccw8cqcc-768x1152.png 768w, https:\/\/blogsaverroes.juntadeandalucia.es\/eilajulianita\/files\/2026\/02\/Gemini_Generated_Image_cqccw8cqccw8cqcc.png 832w\" sizes=\"(max-width: 281px) 100vw, 281px\" \/><\/p>\n<p>S\u00d3LO PARA LOS ALUMNOS\/AS QUE EL CURSO 2026\/2027 SE INCORPORAR\u00c1N A 3 A\u00d1OS<\/p>\n<p>Queridas familias:<\/p>\n<p>Aqu\u00ed pod\u00e9is consultar todos los documentos relacionados con el proceso de admisi\u00f3n.<\/p>\n<p><strong>MUY IMPORTANTE: PLAZO DEL 1 AL 31 DE MARZO DE 2026.<\/strong><\/p>\n<p><a href=\"https:\/\/blogsaverroes.juntadeandalucia.es\/eilajulianita\/files\/2026\/02\/OFERTA-EDUCATIVA.pdf\">OFERTA EDUCATIVA<\/a><\/p>\n<p><a href=\"https:\/\/blogsaverroes.juntadeandalucia.es\/eilajulianita\/files\/2026\/02\/Anexo-V-reas-de-influencia.-2\u00a6-ciclo-Infantil-y-Primaria.pdf\">Anexo V -reas de influencia. 2\u00a6 ciclo Infantil y Primaria<\/a><\/p>\n<p><a href=\"https:\/\/blogsaverroes.juntadeandalucia.es\/eilajulianita\/files\/2026\/02\/2026_21007_I_P_01-MAPA.pdf\">2026_21007_I_P_01 MAPA<\/a><\/p>\n<p><a href=\"https:\/\/blogsaverroes.juntadeandalucia.es\/eilajulianita\/files\/2026\/02\/2026_21007_I_P_01_VIALES.pdf\">2026_21007_I_P_01_VIALES<\/a><\/p>\n<p><a href=\"https:\/\/blogsaverroes.juntadeandalucia.es\/eilajulianita\/files\/2026\/02\/Anexo-I.-Calendario-de-admisi\u00ben-2\u00a6-Ciclo-de-Infantil-y-Primaria.pdf\">Anexo I. Calendario de admisi\u00ben 2\u00a6 Ciclo de Infantil y Primaria<\/a><\/p>\n<p><a href=\"https:\/\/blogsaverroes.juntadeandalucia.es\/eilajulianita\/files\/2026\/02\/Normativa-escolarizacion.pdf\">Normativa escolarizacion<\/a><\/p>\n<p><a href=\"https:\/\/blogsaverroes.juntadeandalucia.es\/eilajulianita\/files\/2026\/02\/260223_INSTRUCCIONES_ESCOLARIZACION__26_27_DEF-_-para-firmaF.pdf\">260223_INSTRUCCIONES_ESCOLARIZACION__26_27_DEF _ para firma(F)<\/a><\/p>\n<p><span style=\"color: #3366ff\"><a style=\"color: #3366ff\" href=\"https:\/\/blogsaverroes.juntadeandalucia.es\/eilajulianita\/centro-2\/plan-de-centro\/\">PLAN DE CENTRO<\/a><\/span><\/p>\n<p><a href=\"https:\/\/secretariavirtual.juntadeandalucia.es\/secretariavirtual\/solicitudes\/\">SOLICITA TU PLAZA DE FORMA ONLINE<\/a><\/p>\n","protected":false},"excerpt":{"rendered":"<p>S\u00d3LO PARA LOS ALUMNOS\/AS QUE EL CURSO 2026\/2027 SE INCORPORAR\u00c1N A 3 A\u00d1OS Queridas familias: Aqu\u00ed pod\u00e9is consultar todos los documentos relacionados con el proceso de admisi\u00f3n. MUY IMPORTANTE: PLAZO DEL 1 AL 31&#46;&#46;&#46;<\/p>\n","protected":false},"author":8503,"featured_media":0,"parent":0,"menu_order":0,"comment_status":"closed","ping_status":"closed","template":"","meta":{"ngg_post_thumbnail":0,"footnotes":""},"aioseo_notices":[],"_links":{"self":[{"href":"https:\/\/blogsaverroes.juntadeandalucia.es\/eilajulianita\/wp-json\/wp\/v2\/pages\/3802"}],"collection":[{"href":"https:\/\/blogsaverroes.juntadeandalucia.es\/eilajulianita\/wp-json\/wp\/v2\/pages"}],"about":[{"href":"https:\/\/blogsaverroes.juntadeandalucia.es\/eilajulianita\/wp-json\/wp\/v2\/types\/page"}],"author":[{"embeddable":true,"href":"https:\/\/blogsaverroes.juntadeandalucia.es\/eilajulianita\/wp-json\/wp\/v2\/users\/8503"}],"replies":[{"embeddable":true,"href":"https:\/\/blogsaverroes.juntadeandalucia.es\/eilajulianita\/wp-json\/wp\/v2\/comments?post=3802"}],"version-history":[{"count":3,"href":"https:\/\/blogsaverroes.juntadeandalucia.es\/eilajulianita\/wp-json\/wp\/v2\/pages\/3802\/revisions"}],"predecessor-version":[{"id":3816,"href":"https:\/\/blogsaverroes.juntadeandalucia.es\/eilajulianita\/wp-json\/wp\/v2\/pages\/3802\/revisions\/3816"}],"wp:attachment":[{"href":"https:\/\/blogsaverroes.juntadeandalucia.es\/eilajulianita\/wp-json\/wp\/v2\/media?parent=3802"}],"curies":[{"name":"wp","href":"https:\/\/api.w.org\/{rel}","templated":true}]}}