{"id":104,"date":"2020-04-29T17:55:31","date_gmt":"2020-04-29T15:55:31","guid":{"rendered":"https:\/\/blogsaverroes.juntadeandalucia.es\/eilosjazmines\/?page_id=104"},"modified":"2020-05-01T21:25:08","modified_gmt":"2020-05-01T19:25:08","slug":"documentacion-del-centro","status":"publish","type":"page","link":"https:\/\/blogsaverroes.juntadeandalucia.es\/eilosjazmines\/documentacion-del-centro\/","title":{"rendered":"\u00abEnlaces de inter\u00e9s\u00bb"},"content":{"rendered":"<p><span style=\"font-family: 'comic sans ms', sans-serif\"><span style=\"color: #008000\"><strong><img decoding=\"async\" class=\"alignnone wp-image-88\" src=\"https:\/\/blogsaverroes.juntadeandalucia.es\/eilosjazmines\/files\/2020\/04\/log-JUNTA.png\" alt=\"\" width=\"68\" height=\"68\" srcset=\"https:\/\/blogsaverroes.juntadeandalucia.es\/eilosjazmines\/files\/2020\/04\/log-JUNTA.png 225w, https:\/\/blogsaverroes.juntadeandalucia.es\/eilosjazmines\/files\/2020\/04\/log-JUNTA-150x150.png 150w, https:\/\/blogsaverroes.juntadeandalucia.es\/eilosjazmines\/files\/2020\/04\/log-JUNTA-100x100.png 100w, https:\/\/blogsaverroes.juntadeandalucia.es\/eilosjazmines\/files\/2020\/04\/log-JUNTA-24x24.png 24w, https:\/\/blogsaverroes.juntadeandalucia.es\/eilosjazmines\/files\/2020\/04\/log-JUNTA-36x36.png 36w, https:\/\/blogsaverroes.juntadeandalucia.es\/eilosjazmines\/files\/2020\/04\/log-JUNTA-48x48.png 48w\" sizes=\"(max-width: 68px) 100vw, 68px\" \/>Consejer\u00eda de Educaci\u00f3n<\/strong><\/span> de <strong><span style=\"color: #000000\">0-3 a\u00f1os<\/span><\/strong> en el siguiente enlace;&nbsp;<\/span> <span style=\"font-family: arial, helvetica, sans-serif;color: #3366ff\"><a style=\"color: #3366ff\" href=\"http:\/\/www.juntadeandalucia.es\/educacion\/portals\/web\/escolarizacion\/0-a-3-anos\" target=\"_blank\" rel=\"noopener noreferrer\">http:\/\/www.juntadeandalucia.es\/educacion\/portals\/web\/escolarizacion\/0-a-3-anos<\/a><\/span><\/p>\n<p>&nbsp;<\/p>\n","protected":false},"excerpt":{"rendered":"<p>Consejer\u00eda de Educaci\u00f3n de 0-3 a\u00f1os en el siguiente enlace;&nbsp; http:\/\/www.juntadeandalucia.es\/educacion\/portals\/web\/escolarizacion\/0-a-3-anos &nbsp;<\/p>\n","protected":false},"author":9920,"featured_media":0,"parent":0,"menu_order":2,"comment_status":"closed","ping_status":"closed","template":"","meta":{"ngg_post_thumbnail":0,"footnotes":""},"aioseo_notices":[],"_links":{"self":[{"href":"https:\/\/blogsaverroes.juntadeandalucia.es\/eilosjazmines\/wp-json\/wp\/v2\/pages\/104"}],"collection":[{"href":"https:\/\/blogsaverroes.juntadeandalucia.es\/eilosjazmines\/wp-json\/wp\/v2\/pages"}],"about":[{"href":"https:\/\/blogsaverroes.juntadeandalucia.es\/eilosjazmines\/wp-json\/wp\/v2\/types\/page"}],"author":[{"embeddable":true,"href":"https:\/\/blogsaverroes.juntadeandalucia.es\/eilosjazmines\/wp-json\/wp\/v2\/users\/9920"}],"replies":[{"embeddable":true,"href":"https:\/\/blogsaverroes.juntadeandalucia.es\/eilosjazmines\/wp-json\/wp\/v2\/comments?post=104"}],"version-history":[{"count":12,"href":"https:\/\/blogsaverroes.juntadeandalucia.es\/eilosjazmines\/wp-json\/wp\/v2\/pages\/104\/revisions"}],"predecessor-version":[{"id":252,"href":"https:\/\/blogsaverroes.juntadeandalucia.es\/eilosjazmines\/wp-json\/wp\/v2\/pages\/104\/revisions\/252"}],"wp:attachment":[{"href":"https:\/\/blogsaverroes.juntadeandalucia.es\/eilosjazmines\/wp-json\/wp\/v2\/media?parent=104"}],"curies":[{"name":"wp","href":"https:\/\/api.w.org\/{rel}","templated":true}]}}