{"id":392,"date":"2020-05-02T22:47:03","date_gmt":"2020-05-02T20:47:03","guid":{"rendered":"https:\/\/blogsaverroes.juntadeandalucia.es\/eilosjazmines\/?page_id=392"},"modified":"2020-05-03T19:24:19","modified_gmt":"2020-05-03T17:24:19","slug":"quienes-somos","status":"publish","type":"page","link":"https:\/\/blogsaverroes.juntadeandalucia.es\/eilosjazmines\/","title":{"rendered":"\u00abQuienes somos\u00bb"},"content":{"rendered":"\t\t<div data-elementor-type=\"wp-post\" data-elementor-id=\"392\" class=\"elementor elementor-392\">\n\t\t\t\t\t\t<section class=\"elementor-section elementor-top-section elementor-element elementor-element-167e130 elementor-section-boxed elementor-section-height-default elementor-section-height-default\" data-id=\"167e130\" data-element_type=\"section\">\n\t\t\t\t\t\t<div class=\"elementor-container elementor-column-gap-default\">\n\t\t\t\t\t<div class=\"elementor-column elementor-col-33 elementor-top-column elementor-element elementor-element-08f1979\" data-id=\"08f1979\" data-element_type=\"column\">\n\t\t\t<div class=\"elementor-widget-wrap elementor-element-populated\">\n\t\t\t\t\t\t<div class=\"elementor-element elementor-element-e2653a7 elementor-widget elementor-widget-image\" data-id=\"e2653a7\" data-element_type=\"widget\" data-widget_type=\"image.default\">\n\t\t\t\t<div class=\"elementor-widget-container\">\n\t\t\t\t\t\t\t\t\t\t\t\t\t\t\t<img fetchpriority=\"high\" decoding=\"async\" width=\"225\" height=\"225\" src=\"https:\/\/blogsaverroes.juntadeandalucia.es\/eilosjazmines\/files\/2020\/04\/log-JUNTA.png\" class=\"attachment-large size-large wp-image-88\" alt=\"\" srcset=\"https:\/\/blogsaverroes.juntadeandalucia.es\/eilosjazmines\/files\/2020\/04\/log-JUNTA.png 225w, https:\/\/blogsaverroes.juntadeandalucia.es\/eilosjazmines\/files\/2020\/04\/log-JUNTA-150x150.png 150w, https:\/\/blogsaverroes.juntadeandalucia.es\/eilosjazmines\/files\/2020\/04\/log-JUNTA-100x100.png 100w, https:\/\/blogsaverroes.juntadeandalucia.es\/eilosjazmines\/files\/2020\/04\/log-JUNTA-24x24.png 24w, https:\/\/blogsaverroes.juntadeandalucia.es\/eilosjazmines\/files\/2020\/04\/log-JUNTA-36x36.png 36w, https:\/\/blogsaverroes.juntadeandalucia.es\/eilosjazmines\/files\/2020\/04\/log-JUNTA-48x48.png 48w\" sizes=\"(max-width: 225px) 100vw, 225px\" \/>\t\t\t\t\t\t\t\t\t\t\t\t\t\t\t<\/div>\n\t\t\t\t<\/div>\n\t\t\t\t\t<\/div>\n\t\t<\/div>\n\t\t\t\t<div class=\"elementor-column elementor-col-33 elementor-top-column elementor-element elementor-element-5b9e98d\" data-id=\"5b9e98d\" data-element_type=\"column\">\n\t\t\t<div class=\"elementor-widget-wrap elementor-element-populated\">\n\t\t\t\t\t\t<div class=\"elementor-element elementor-element-56caca6 elementor-widget elementor-widget-image\" data-id=\"56caca6\" data-element_type=\"widget\" data-widget_type=\"image.default\">\n\t\t\t\t<div class=\"elementor-widget-container\">\n\t\t\t\t\t\t\t\t\t\t\t\t\t\t\t<img decoding=\"async\" width=\"576\" height=\"1024\" src=\"https:\/\/blogsaverroes.juntadeandalucia.es\/eilosjazmines\/files\/2020\/04\/2-E.I-LOS-JAZMINES-576x1024.jpg\" class=\"attachment-large size-large wp-image-144\" alt=\"\" srcset=\"https:\/\/blogsaverroes.juntadeandalucia.es\/eilosjazmines\/files\/2020\/04\/2-E.I-LOS-JAZMINES-576x1024.jpg 576w, https:\/\/blogsaverroes.juntadeandalucia.es\/eilosjazmines\/files\/2020\/04\/2-E.I-LOS-JAZMINES-169x300.jpg 169w, https:\/\/blogsaverroes.juntadeandalucia.es\/eilosjazmines\/files\/2020\/04\/2-E.I-LOS-JAZMINES-768x1365.jpg 768w, https:\/\/blogsaverroes.juntadeandalucia.es\/eilosjazmines\/files\/2020\/04\/2-E.I-LOS-JAZMINES-14x24.jpg 14w, https:\/\/blogsaverroes.juntadeandalucia.es\/eilosjazmines\/files\/2020\/04\/2-E.I-LOS-JAZMINES-20x36.jpg 20w, https:\/\/blogsaverroes.juntadeandalucia.es\/eilosjazmines\/files\/2020\/04\/2-E.I-LOS-JAZMINES-27x48.jpg 27w\" sizes=\"(max-width: 576px) 100vw, 576px\" \/>\t\t\t\t\t\t\t\t\t\t\t\t\t\t\t<\/div>\n\t\t\t\t<\/div>\n\t\t\t\t\t<\/div>\n\t\t<\/div>\n\t\t\t\t<div class=\"elementor-column elementor-col-33 elementor-top-column elementor-element elementor-element-cf21853\" data-id=\"cf21853\" data-element_type=\"column\">\n\t\t\t<div class=\"elementor-widget-wrap elementor-element-populated\">\n\t\t\t\t\t\t<div class=\"elementor-element elementor-element-729430f elementor-widget elementor-widget-image\" data-id=\"729430f\" data-element_type=\"widget\" data-widget_type=\"image.default\">\n\t\t\t\t<div class=\"elementor-widget-container\">\n\t\t\t\t\t\t\t\t\t\t\t\t\t\t\t<img decoding=\"async\" width=\"660\" height=\"494\" src=\"https:\/\/blogsaverroes.juntadeandalucia.es\/eilosjazmines\/files\/2020\/04\/eilosjazmines-1024x767.jpeg\" class=\"attachment-large size-large wp-image-62\" alt=\"\" srcset=\"https:\/\/blogsaverroes.juntadeandalucia.es\/eilosjazmines\/files\/2020\/04\/eilosjazmines-1024x767.jpeg 1024w, https:\/\/blogsaverroes.juntadeandalucia.es\/eilosjazmines\/files\/2020\/04\/eilosjazmines-300x225.jpeg 300w, https:\/\/blogsaverroes.juntadeandalucia.es\/eilosjazmines\/files\/2020\/04\/eilosjazmines-768x575.jpeg 768w, https:\/\/blogsaverroes.juntadeandalucia.es\/eilosjazmines\/files\/2020\/04\/eilosjazmines-24x18.jpeg 24w, https:\/\/blogsaverroes.juntadeandalucia.es\/eilosjazmines\/files\/2020\/04\/eilosjazmines-36x27.jpeg 36w, https:\/\/blogsaverroes.juntadeandalucia.es\/eilosjazmines\/files\/2020\/04\/eilosjazmines-48x36.jpeg 48w, https:\/\/blogsaverroes.juntadeandalucia.es\/eilosjazmines\/files\/2020\/04\/eilosjazmines.jpeg 2008w\" sizes=\"(max-width: 660px) 100vw, 660px\" \/>\t\t\t\t\t\t\t\t\t\t\t\t\t\t\t<\/div>\n\t\t\t\t<\/div>\n\t\t\t\t<div class=\"elementor-element elementor-element-74ede14 elementor-widget elementor-widget-image\" data-id=\"74ede14\" data-element_type=\"widget\" data-widget_type=\"image.default\">\n\t\t\t\t<div class=\"elementor-widget-container\">\n\t\t\t\t\t\t\t\t\t\t\t\t\t\t\t<img loading=\"lazy\" decoding=\"async\" width=\"491\" height=\"99\" src=\"https:\/\/blogsaverroes.juntadeandalucia.es\/eilosjazmines\/files\/2020\/05\/logo-Delegaci\u00f3n.png\" class=\"attachment-large size-large wp-image-411\" alt=\"\" srcset=\"https:\/\/blogsaverroes.juntadeandalucia.es\/eilosjazmines\/files\/2020\/05\/logo-Delegaci\u00f3n.png 491w, https:\/\/blogsaverroes.juntadeandalucia.es\/eilosjazmines\/files\/2020\/05\/logo-Delegaci\u00f3n-300x60.png 300w, https:\/\/blogsaverroes.juntadeandalucia.es\/eilosjazmines\/files\/2020\/05\/logo-Delegaci\u00f3n-24x5.png 24w, https:\/\/blogsaverroes.juntadeandalucia.es\/eilosjazmines\/files\/2020\/05\/logo-Delegaci\u00f3n-36x7.png 36w, https:\/\/blogsaverroes.juntadeandalucia.es\/eilosjazmines\/files\/2020\/05\/logo-Delegaci\u00f3n-48x10.png 48w\" sizes=\"(max-width: 491px) 100vw, 491px\" \/>\t\t\t\t\t\t\t\t\t\t\t\t\t\t\t<\/div>\n\t\t\t\t<\/div>\n\t\t\t\t\t<\/div>\n\t\t<\/div>\n\t\t\t\t\t<\/div>\n\t\t<\/section>\n\t\t\t\t<section class=\"elementor-section elementor-top-section elementor-element elementor-element-67ed280 elementor-section-boxed elementor-section-height-default elementor-section-height-default\" data-id=\"67ed280\" data-element_type=\"section\">\n\t\t\t\t\t\t<div class=\"elementor-container elementor-column-gap-default\">\n\t\t\t\t\t<div class=\"elementor-column elementor-col-100 elementor-top-column elementor-element elementor-element-ac3f11a\" data-id=\"ac3f11a\" data-element_type=\"column\">\n\t\t\t<div class=\"elementor-widget-wrap elementor-element-populated\">\n\t\t\t\t\t\t<div class=\"elementor-element elementor-element-aac960c elementor-widget elementor-widget-text-editor\" data-id=\"aac960c\" data-element_type=\"widget\" data-widget_type=\"text-editor.default\">\n\t\t\t\t<div class=\"elementor-widget-container\">\n\t\t\t\t\t\t\t\t\t<p><span style=\"font-family: 'comic sans ms', sans-serif;color: #339966\"><strong>1.-PRESENTACION DE LA ESCUELA INFANTIL:<\/strong><\/span><\/p><p><span style=\"font-family: 'comic sans ms', sans-serif\">Titularidad:<strong> Junta de Andaluc\u00eda dependiente de la Consejer\u00eda de Educaci\u00f3n, en la Delegaci\u00f3n Territorial de Almer\u00eda.<\/strong><\/span><\/p><p><span style=\"font-family: 'comic sans ms', sans-serif\">Identificaci\u00f3n:<strong> Escuela Infantil \u00abLos Jazmines\u00bb<\/strong> , en adelante <strong>E.I<\/strong><\/span><\/p><p><span style=\"font-family: 'comic sans ms', sans-serif\">Direcci\u00f3n: C\/ Escuelas n\u00ba 6 04738 Puebla de Vicar &#8211; Vicar Almer\u00eda<\/span><\/p><p><span style=\"font-family: 'comic sans ms', sans-serif\"><strong>Tel\u00e9fonos: <\/strong>950 15 33 32 \/\/ Corporativo: 77 63 32<\/span><\/p><p><span style=\"font-family: 'comic sans ms', sans-serif\">M\u00f3vil: 671 59 75 83 \/\/ Corporativo: 69 75 83<\/span><\/p><p><span style=\"font-family: 'comic sans ms', sans-serif\">Fax: 950 15 33 33 \/\/ Corporativo: 77 63 33<\/span><\/p><p><span style=\"font-family: 'comic sans ms', sans-serif\">E-mail:<span style=\"color: #3366ff\"> <a style=\"color: #3366ff\" href=\"mailto:04009009.edu@juntadeandalucia.es\">04009137.edu@juntadeandalucia.es<\/a><\/span><\/span><\/p><p><span style=\"font-family: 'comic sans ms', sans-serif\">Servicio:<strong> P\u00fablico <\/strong>Nivel Educativo:<strong> Educaci\u00f3n Infantil (1\u00ba Ciclo 0-3 a\u00f1os). <\/strong>Etapa educativa Voluntaria y no gratuita.<\/span><\/p><p><span style=\"font-family: 'comic sans ms', sans-serif\">N\u00famero de Unidades: Consta de <strong>7 Unidades de 0 a 3 a\u00f1os.<\/strong> <\/span><\/p><p><span style=\"font-family: 'comic sans ms', sans-serif\"> \u00a0N\u00famero de Cursos por Nivel: <strong>4-12 Meses: 1 Unidad; 1 -2 a\u00f1os: 3 Unidades; 2-3 a\u00f1os: 3 Unidades\u00a0<\/strong>\u00a0<\/span><\/p><p><span style=\"font-family: 'comic sans ms', sans-serif\">N\u00famero de Plazas Escolares: <strong>81 ni\u00f1o\/as<\/strong>. <\/span><\/p><p><span style=\"font-family: 'comic sans ms', sans-serif\">\u00a0<strong>Plazas por Unidad: 4-12 Meses: 6 ni\u00f1o\/as; 1 -2 a\u00f1os: 30 ni\u00f1o\/as ; 2-3 a\u00f1os: 45 ni\u00f1o\/as<\/strong><\/span><\/p><p><span style=\"font-family: 'comic sans ms', sans-serif\">Servicios que Presta:<strong> Aula Matinal:7.30h-9h; Taller de Juego:17-20h; Servicio de Comedor mediante instalaci\u00f3n propia<\/strong> \u00a0\u00a0\u00a0\u00a0\u00a0\u00a0\u00a0\u00a0\u00a0\u00a0\u00a0\u00a0\u00a0\u00a0\u00a0\u00a0\u00a0\u00a0\u00a0\u00a0\u00a0\u00a0\u00a0\u00a0\u00a0\u00a0\u00a0\u00a0\u00a0\u00a0\u00a0\u00a0\u00a0\u00a0\u00a0\u00a0 <strong>\u00a0 \u00a0 \u00a0 \u00a0 \u00a0 \u00a0 \u00a0 \u00a0 \u00a0 \u00a0 \u00a0 \u00a0 \u00a0 \u00a0 \u00a0 \u00a0 \u00a0 \u00a0 \u00a0 \u00a0 \u00a0 \u00a0 \u00a0 \u00a0 \u00a0 \u00a0 \u00a0 \u00a0 \u00a0 \u00a0 \u00a0 \u00a0 \u00a0 \u00a0 \u00a0 \u00a0 \u00a0 \u00a0 \u00a0 \u00a0<\/strong>\u00a0 \u00a0 \u00a0 \u00a0 \u00a0 \u00a0 \u00a0 \u00a0 \u00a0 \u00a0 \u00a0 \u00a0 \u00a0 \u00a0 \u00a0 \u00a0 \u00a0 \u00a0 \u00a0 <\/span><\/p><p><span style=\"font-family: 'comic sans ms', sans-serif\"><strong>Horario Atenci\u00f3n Socioeducativa:<\/strong> Nuestro horario es desde las 7.30h de la ma\u00f1ana hasta las 17h, en caso de haber grupo (m\u00ednimo 10 ni\u00f1o\/as)\u00a0 para Taller de Juego hasta las 20h de la tarde. Tenemos un horario flexible que se ajuste a las necesidades de las familias y salvaguardando las rutinas y h\u00e1bitos de los ni\u00f1o\/as.<\/span><\/p><p><span style=\"font-family: 'comic sans ms', sans-serif\"><strong>Fin educativo:<\/strong> Facilitar el desarrollo global de los ni\u00f1o\/as, la prevenci\u00f3n de desigualdades al sentar las bases de la igualdad de oportunidades para el \u00e9xito en las sucesivas etapas, adem\u00e1s de conciliar la vida laboral de los padres.<\/span><\/p><p><span style=\"font-family: 'comic sans ms', sans-serif\"><strong>Horario Administrativo:<\/strong> de 9h- 11h de la Ma\u00f1ana , para entregar documentaci\u00f3n.<\/span><\/p><p><span style=\"font-family: 'comic sans ms', sans-serif\">Las se\u00f1as pedag\u00f3gicas que la E.I \u201cLos Jazmines\u201d va a desarrollar y que le dan identidad a la labor docente son:<\/span><\/p><p><span style=\"font-family: 'comic sans ms', sans-serif\">Una escuela <strong>AFECTIVA<\/strong>, en la que compartir experiencias y emociones, abierta a las familias y al entorno que nos rodea. Que favorece la seguridad emocional y la autoestima, en la que todos tenemos nuestro lugar.<\/span><\/p><p><span style=\"font-family: 'comic sans ms', sans-serif\">Una escuela en la que el ni\u00f1o\/a es el <strong>PROTAGONISTA<\/strong>, aprendiendo desde lo cercano y lo familiar, a trav\u00e9s de experiencias y sensaciones (manipulaci\u00f3n, experimentaci\u00f3n y descubrimiento).<\/span><\/p><p><span style=\"font-family: 'comic sans ms', sans-serif\">Una escuela <strong>CREATIVA<\/strong>, donde valoramos el proceso y el disfrute tanto como los resultados. Iniciando a los ni\u00f1o\/as en distintos lenguajes art\u00edsticos y potenciando la resoluci\u00f3n de situaciones desde una perspectiva abierta, flexible, conciliadora y creativa.<\/span><\/p><p><span style=\"font-family: 'comic sans ms', sans-serif\">Una escuela <strong>RENOVADORA<\/strong>, que reflexiona y revisa su pr\u00e1ctica educativa, que investiga sobre nuevas metodolog\u00edas que nos ayuden a mejorar y a ser cr\u00edticos en nuestras actuaciones cotidianas.<\/span><\/p><p><span style=\"font-family: 'comic sans ms', sans-serif\">Una escuela <strong>INTEGRADORA<\/strong>, donde la convivencia, la tolerancia, el respeto y la colaboraci\u00f3n se crea entre todos, enriqueci\u00e9ndonos de las diferencias y trabajando juntos.<\/span><\/p><p><span style=\"font-family: 'comic sans ms', sans-serif\">Una escuela<strong> PARTICIPATIVA<\/strong>, en la que contamos con las aportaciones y experiencias de toda la comunidad educativa para desarrollar nuestros objetivos comunes.<\/span><\/p><p><span style=\"font-family: 'comic sans ms', sans-serif\">Que favorece la <strong>COMUNICACI\u00d3N <\/strong>y el uso del lenguaje, provocando situaciones que impulsen a los ni\u00f1os a interactuar, no solo mensajes sino tambi\u00e9n sentimientos.<\/span><\/p><p><span style=\"font-family: 'comic sans ms', sans-serif\">Una escuela <strong>C\u00c1LIDA Y BIEN EQUIPADA<\/strong> que re\u00fane todas las condiciones para garantizar el bienestar y seguridad de todos, estimulando el encuentro y el intercambio, y en la que cualquier espacio es educativo.<\/span><\/p><p><span style=\"font-family: 'comic sans ms', sans-serif;color: #008000\"><strong><em><u>Entorno Sociocultural:<\/u><\/em><\/strong><strong><em> Caracter\u00edsticas socio-econ\u00f3micas y culturales de la zona.<\/em><\/strong><\/span><\/p><p><span style=\"font-family: 'comic sans ms', sans-serif\">Las caracter\u00edsticas relevantes del Barrio son:<\/span><\/p><p><span style=\"font-family: 'comic sans ms', sans-serif\">1.- La Puebla de Vicar presenta una actividad econ\u00f3mica fuerte, relacionada con la agricultura intensiva en invernaderos, que es el motor del desarrollo econ\u00f3mico de la zona. En torno a la cual se ha generado una rica industria auxiliar de comercializaci\u00f3n de los productos hort\u00edcolas a nivel nacional e internacional. As\u00ed, la producci\u00f3n de tomates, pimientos, calabacines, jud\u00edas, etc. El \u00e9xito de la econom\u00eda de este municipio, reside en un desarrollo a distintos niveles: creaci\u00f3n de semillas y patrones de est\u00e1ndares de consumo, control de crecimiento y especializaci\u00f3n de la producci\u00f3n para responder a las demandas de los distintos mercados, y la generaci\u00f3n de una red de comercializaci\u00f3n a nivel internacional para asegurar la colocaci\u00f3n de la producci\u00f3n. Recientemente se ha producido una transformaci\u00f3n generalizada de las t\u00e9cnicas de control de plagas de los cultivos hort\u00edcolas, de manera que en la mayor\u00eda de los invernaderos las plagas se combaten mediante lucha biol\u00f3gica, dejando atr\u00e1s la lucha qu\u00edmica.<\/span><\/p><p><span style=\"font-family: 'comic sans ms', sans-serif\">2.- La fuerte actividad econ\u00f3mica de la zona ha propiciado un desarrollo demogr\u00e1fico r\u00e1pido.<\/span><\/p><p><span style=\"font-family: 'comic sans ms', sans-serif\">El despliegue de la agricultura bajo pl\u00e1stico durante los a\u00f1os 80 \u2013 90 creci\u00f3 paralelo a la demanda de mano de obra que se intensific\u00f3 con las campa\u00f1as de recogida de hortalizas.<\/span><\/p><p><span style=\"font-family: 'comic sans ms', sans-serif\">La amplia oferta de trabajo de la zona atrajo a la poblaci\u00f3n inmigrante de fuera de Espa\u00f1a, que ha crecido aceleradamente en los \u00faltimos 15 a\u00f1os. El crecimiento demogr\u00e1fico sigue en expansi\u00f3n y creciendo a ritmo acelerado.<\/span><\/p><p><span style=\"font-family: 'comic sans ms', sans-serif\">3.- Al ser una zona eminentemente agr\u00edcola la poblaci\u00f3n est\u00e1 muy diseminada, en cortijos ubicados junto al invernadero. Por lo que la poblaci\u00f3n infantil que asiste a la E.I \u201cLos Jazmines\u201d corresponde a los distintos puntos de las barriadas de la Puebla de Vicar.<\/span><\/p><p><span style=\"font-family: 'comic sans ms', sans-serif\">Por tanto tenemos ni\u00f1o\/as con familias que tienen peque\u00f1as explotaciones donde toda la familia colabora para sacar la cosecha con los menos gastos posibles; y familias de otras nacionalidades que trabajan de jornaleros en grandes explotaciones agr\u00edcolas, que necesitan de los servicios que da el centro para poder trabajar los padres.<\/span><\/p><p><span style=\"font-family: 'comic sans ms', sans-serif;color: #008000\"><strong><em><u>Caracter\u00edsticas de la Poblaci\u00f3n Infantil 0 a 3 a\u00f1os del Primer Ciclo de Educaci\u00f3n Infantil<\/u><\/em><\/strong><strong><em>: <\/em><\/strong><\/span><\/p><p><span style=\"font-family: 'comic sans ms', sans-serif\">La Educaci\u00f3n Infantil de primer Ciclo en la E.I sienta las bases para la consecuci\u00f3n del \u00e9xito educativo del alumnado al facilitar el desarrollo integral de la personalidad, capacidades y competencias de los ni\u00f1o\/as de 0-3 a\u00f1os Y ofrecer Igualdad de Oportunidades, previniendo y compensando dificultades que permitan la detecci\u00f3n precoz de dificultades y su recuperaci\u00f3n con la estimulaci\u00f3n de Atenci\u00f3n Temprana. Educar es la clave para cambiar hacia una sociedad m\u00e1s justa y con valores democr\u00e1ticos.<\/span><\/p><p><span style=\"font-family: 'comic sans ms', sans-serif\">El Proyecto de Centro define sus objetivos de actuaci\u00f3n en la E.I \u201cLos Jazmines\u201d, partiendo de su realidad y tomando como referencia los principios que orientan la educaci\u00f3n infantil y las prescripciones del curr\u00edculo, regulados en el Decreto 428\/2008, de 19 de julio. Asimismo contiene las normas organizativas y funcionales que facilitan la consecuci\u00f3n de dichos objetivos.<\/span><\/p><p><span style=\"font-family: 'comic sans ms', sans-serif\">En esta etapa, el ni\u00f1o\/a toma conciencia de s\u00ed mismo y del mundo que le rodea, a la vez que adquiere una serie de conocimientos y destrezas que van a configurar su madurez global, tanto intelectual como afectiva.<\/span><\/p><p><span style=\"font-family: 'comic sans ms', sans-serif\">En estas edades, la principal y m\u00e1s importante actividad del ni\u00f1o\/a es el juego, mediante juegos se presentan actividades que contribuir\u00e1n de manera gradual y divertida (feliz) al desarrollo f\u00edsico, intelectual, afectivo, social y moral de los ni\u00f1o\/as.<\/span><\/p><p><span style=\"font-family: 'comic sans ms', sans-serif\">En el desarrollo de nuestras actividades utilizamos una metodolog\u00eda activa, basada en el juego, la experimentaci\u00f3n, la manipulaci\u00f3n\u2026 y teniendo presentes los intereses propios de la edad de los peque\u00f1os as\u00ed como el respeto a sus ritmos particulares de aprendizaje.<\/span><\/p><p><span style=\"font-family: 'comic sans ms', sans-serif\">Nuestra metodolog\u00eda est\u00e1 basada en aprender jugando y con la actividad del ni\u00f1o\/a, la experimentaci\u00f3n permite al ni\u00f1o\/a desarrollar su imaginaci\u00f3n y creatividad, potenciando el desarrollo cognitivo, motor, emocional, afectivo y social.<\/span><\/p><p><span style=\"font-family: 'comic sans ms', sans-serif\">En nuestra escuela planificamos y valoramos todos los momentos del d\u00eda con una intenci\u00f3n educativa, tanto las rutinas (comida, aseo, siesta\u2026) como los diferentes proyectos y actividades que realizamos con los peque\u00f1os.<\/span><\/p><p><span style=\"font-family: 'comic sans ms', sans-serif\">Todas las actividades y juegos se desarrollaran en una <strong>\u201cPedagog\u00eda del Afecto\u201d<\/strong> para hacer una escuela con coraz\u00f3n. La calidez en el ambiente y el clima emocional hace de la E.I sea propicia para la labor educativa y una estancia feliz de los ni\u00f1o\/as en la escuela<strong>.<\/strong><\/span><\/p><p><span style=\"font-family: 'comic sans ms', sans-serif\">Los ni\u00f1o\/as para un mayor desarrollo de sus potencialidades y personalidad tienen que hacerlo en un clima de bienestar y felicidad.<\/span><\/p><p><span style=\"font-family: 'comic sans ms', sans-serif\">El clima emocional tiene relevancia en la educaci\u00f3n infantil dada la naturaleza sensible, vulnerable de estos ni\u00f1o\/as tan peque\u00f1os. Una educaci\u00f3n colmada de afectos, cuidados y atenciones.<\/span><\/p><p><span style=\"font-family: 'comic sans ms', sans-serif\">La pedag\u00f3gica del afecto la desarrolla la Tutora del aula, estableciendo una vinculaci\u00f3n afectiva, se convierte en la figura del apego del ni\u00f1o\/a en ausencia de la familia.<\/span><\/p><p><span style=\"font-family: 'comic sans ms', sans-serif\"><strong>Caracter\u00edsticas<\/strong> de la Pedagog\u00eda del Afecto:<\/span><\/p><p><span style=\"font-family: 'comic sans ms', sans-serif\">El referente afectivo es importante a esta edad para el ni\u00f1o\/a construya su identidad personal y autoestima.<\/span><\/p><p><span style=\"font-family: 'comic sans ms', sans-serif\">1.- La Tutora ser\u00e1 aceptante, afectuosa con el ni\u00f1o\/a, mantendr\u00e1 contacto visual y le dar\u00e1 la respuesta apropiada en el tiempo para que el ni\u00f1o\/a pueda desarrollar el sentimiento de seguridad y confianza necesaria para desarrollar su autoestima.<\/span><\/p><p><span style=\"font-family: 'comic sans ms', sans-serif\">2.- D\u00e1 Refuerzos Sociales: resalta sus logros, hace comentarios positivos y sinceros, utiliza un lenguaje corporal apropiado (miradas a los ojos, sonreir, gestos de afecto), les escucha, muestra inter\u00e9s por lo que tienen que decir&#8230;&#8230;&#8230; Los refuerzos sociales ayudan al ni\u00f1o\/a a saber que existe para los otros y que es apreciado, valorado.<\/span><\/p><p><span style=\"font-family: 'comic sans ms', sans-serif\">3.- Tiene comunicaci\u00f3n con el ni\u00f1o\/a, le da seguridad y aprobaci\u00f3n, le ayuda a crear unas relaciones interpersonales adecuadas en un ambiente donde se le ayuda a verbalizar, comprender y aceptar los sentimientos que surgen en relaci\u00f3n a los contextos de interacci\u00f3n con los dem\u00e1s, contribuyendo a su relaci\u00f3n interpersonal con los otros y a su autoestima.<\/span><\/p>\t\t\t\t\t\t\t\t<\/div>\n\t\t\t\t<\/div>\n\t\t\t\t\t<\/div>\n\t\t<\/div>\n\t\t\t\t\t<\/div>\n\t\t<\/section>\n\t\t\t\t<\/div>\n\t\t","protected":false},"excerpt":{"rendered":"<p>1.-PRESENTACION DE LA ESCUELA INFANTIL: Titularidad: Junta de Andaluc\u00eda dependiente de la Consejer\u00eda de Educaci\u00f3n, en la Delegaci\u00f3n Territorial de Almer\u00eda. Identificaci\u00f3n: Escuela Infantil \u00abLos Jazmines\u00bb , en adelante E.I Direcci\u00f3n: C\/ Escuelas n\u00ba 6 04738 Puebla de Vicar &#8211; Vicar Almer\u00eda Tel\u00e9fonos: 950 15 33 32 \/\/ Corporativo: 77 63 32 M\u00f3vil: 671 59 &hellip; <a href=\"https:\/\/blogsaverroes.juntadeandalucia.es\/eilosjazmines\/\" class=\"more-link\">Sigue leyendo <span class=\"screen-reader-text\">\u00abQuienes somos\u00bb<\/span><\/a><\/p>\n","protected":false},"author":9920,"featured_media":0,"parent":0,"menu_order":0,"comment_status":"closed","ping_status":"closed","template":"","meta":{"ngg_post_thumbnail":0,"footnotes":""},"aioseo_notices":[],"_links":{"self":[{"href":"https:\/\/blogsaverroes.juntadeandalucia.es\/eilosjazmines\/wp-json\/wp\/v2\/pages\/392"}],"collection":[{"href":"https:\/\/blogsaverroes.juntadeandalucia.es\/eilosjazmines\/wp-json\/wp\/v2\/pages"}],"about":[{"href":"https:\/\/blogsaverroes.juntadeandalucia.es\/eilosjazmines\/wp-json\/wp\/v2\/types\/page"}],"author":[{"embeddable":true,"href":"https:\/\/blogsaverroes.juntadeandalucia.es\/eilosjazmines\/wp-json\/wp\/v2\/users\/9920"}],"replies":[{"embeddable":true,"href":"https:\/\/blogsaverroes.juntadeandalucia.es\/eilosjazmines\/wp-json\/wp\/v2\/comments?post=392"}],"version-history":[{"count":6,"href":"https:\/\/blogsaverroes.juntadeandalucia.es\/eilosjazmines\/wp-json\/wp\/v2\/pages\/392\/revisions"}],"predecessor-version":[{"id":412,"href":"https:\/\/blogsaverroes.juntadeandalucia.es\/eilosjazmines\/wp-json\/wp\/v2\/pages\/392\/revisions\/412"}],"wp:attachment":[{"href":"https:\/\/blogsaverroes.juntadeandalucia.es\/eilosjazmines\/wp-json\/wp\/v2\/media?parent=392"}],"curies":[{"name":"wp","href":"https:\/\/api.w.org\/{rel}","templated":true}]}}