{"id":35,"date":"2020-01-10T07:46:12","date_gmt":"2020-01-10T06:46:12","guid":{"rendered":"http:\/\/blogsaverroes.juntadeandalucia.es\/pre\/nuevoiesv2\/?page_id=35"},"modified":"2026-01-16T10:17:18","modified_gmt":"2026-01-16T09:17:18","slug":"biblioteca","status":"publish","type":"page","link":"https:\/\/blogsaverroes.juntadeandalucia.es\/eimartindegainza\/biblioteca\/","title":{"rendered":"Biblioteca"},"content":{"rendered":"<p><img loading=\"lazy\" decoding=\"async\" class=\"alignnone size-medium wp-image-808\" src=\"https:\/\/blogsaverroes.juntadeandalucia.es\/eimartindegainza\/files\/2026\/01\/WhatsApp-Image-2026-01-16-at-10.11.34-300x225.jpeg\" alt=\"\" width=\"300\" height=\"225\" srcset=\"https:\/\/blogsaverroes.juntadeandalucia.es\/eimartindegainza\/files\/2026\/01\/WhatsApp-Image-2026-01-16-at-10.11.34-300x225.jpeg 300w, https:\/\/blogsaverroes.juntadeandalucia.es\/eimartindegainza\/files\/2026\/01\/WhatsApp-Image-2026-01-16-at-10.11.34-1024x768.jpeg 1024w, https:\/\/blogsaverroes.juntadeandalucia.es\/eimartindegainza\/files\/2026\/01\/WhatsApp-Image-2026-01-16-at-10.11.34-768x576.jpeg 768w, https:\/\/blogsaverroes.juntadeandalucia.es\/eimartindegainza\/files\/2026\/01\/WhatsApp-Image-2026-01-16-at-10.11.34-1536x1152.jpeg 1536w, https:\/\/blogsaverroes.juntadeandalucia.es\/eimartindegainza\/files\/2026\/01\/WhatsApp-Image-2026-01-16-at-10.11.34.jpeg 1600w\" sizes=\"(max-width: 300px) 100vw, 300px\" \/><\/p>\n<h2>Biblioteca<\/h2>\n<p>Nuestro concepto de biblioteca es un poco singular por varios motivos. Os los contamos.<\/p>\n<p>Todos los viernes, nuestro alumnado se lleva a casa los libros de biblioteca de aula en concepto de pr\u00e9stamo.<\/p>\n<p>Adem\u00e1s mensualmente en las aulas se leen libros de nuestra amplia colecci\u00f3n de coeducaci\u00f3n e igualdad. Estos libros pueden ser retirados una vez finalice el mes por las familias del centro que lo soliciten y tengan su carn\u00e9 de biblioteca.<\/p>\n<p>Tambi\u00e9n contamos con una biblio m\u00f3vil que sale de forma diaria a nuestro patio para que el alumnado pueda disfrutar debajo de nuestro olivo de lecturas tranquilas.<\/p>\n<p><img loading=\"lazy\" decoding=\"async\" class=\"alignnone size-medium wp-image-807\" src=\"https:\/\/blogsaverroes.juntadeandalucia.es\/eimartindegainza\/files\/2026\/01\/WhatsApp-Image-2026-01-16-at-10.11.34-1-300x225.jpeg\" alt=\"\" width=\"300\" height=\"225\" srcset=\"https:\/\/blogsaverroes.juntadeandalucia.es\/eimartindegainza\/files\/2026\/01\/WhatsApp-Image-2026-01-16-at-10.11.34-1-300x225.jpeg 300w, https:\/\/blogsaverroes.juntadeandalucia.es\/eimartindegainza\/files\/2026\/01\/WhatsApp-Image-2026-01-16-at-10.11.34-1-1024x768.jpeg 1024w, https:\/\/blogsaverroes.juntadeandalucia.es\/eimartindegainza\/files\/2026\/01\/WhatsApp-Image-2026-01-16-at-10.11.34-1-768x576.jpeg 768w, https:\/\/blogsaverroes.juntadeandalucia.es\/eimartindegainza\/files\/2026\/01\/WhatsApp-Image-2026-01-16-at-10.11.34-1-1536x1152.jpeg 1536w, https:\/\/blogsaverroes.juntadeandalucia.es\/eimartindegainza\/files\/2026\/01\/WhatsApp-Image-2026-01-16-at-10.11.34-1.jpeg 1600w\" sizes=\"(max-width: 300px) 100vw, 300px\" \/><\/p>\n","protected":false},"excerpt":{"rendered":"<p>Biblioteca Nuestro concepto de biblioteca es un poco singular por varios motivos. Os los contamos. Todos los viernes, nuestro alumnado se lleva a casa los&hellip;<\/p>\n","protected":false},"author":7051,"featured_media":0,"parent":0,"menu_order":0,"comment_status":"closed","ping_status":"closed","template":"","meta":{"ngg_post_thumbnail":0,"footnotes":""},"aioseo_notices":[],"_links":{"self":[{"href":"https:\/\/blogsaverroes.juntadeandalucia.es\/eimartindegainza\/wp-json\/wp\/v2\/pages\/35"}],"collection":[{"href":"https:\/\/blogsaverroes.juntadeandalucia.es\/eimartindegainza\/wp-json\/wp\/v2\/pages"}],"about":[{"href":"https:\/\/blogsaverroes.juntadeandalucia.es\/eimartindegainza\/wp-json\/wp\/v2\/types\/page"}],"author":[{"embeddable":true,"href":"https:\/\/blogsaverroes.juntadeandalucia.es\/eimartindegainza\/wp-json\/wp\/v2\/users\/7051"}],"replies":[{"embeddable":true,"href":"https:\/\/blogsaverroes.juntadeandalucia.es\/eimartindegainza\/wp-json\/wp\/v2\/comments?post=35"}],"version-history":[{"count":4,"href":"https:\/\/blogsaverroes.juntadeandalucia.es\/eimartindegainza\/wp-json\/wp\/v2\/pages\/35\/revisions"}],"predecessor-version":[{"id":809,"href":"https:\/\/blogsaverroes.juntadeandalucia.es\/eimartindegainza\/wp-json\/wp\/v2\/pages\/35\/revisions\/809"}],"wp:attachment":[{"href":"https:\/\/blogsaverroes.juntadeandalucia.es\/eimartindegainza\/wp-json\/wp\/v2\/media?parent=35"}],"curies":[{"name":"wp","href":"https:\/\/api.w.org\/{rel}","templated":true}]}}