{"id":352,"date":"2020-02-13T10:51:34","date_gmt":"2020-02-13T09:51:34","guid":{"rendered":"http:\/\/blogsaverroes.juntadeandalucia.es\/pre\/nuevoiesv2\/?page_id=352"},"modified":"2026-01-16T10:33:29","modified_gmt":"2026-01-16T09:33:29","slug":"planes-y-proyectos","status":"publish","type":"page","link":"https:\/\/blogsaverroes.juntadeandalucia.es\/eimartindegainza\/planes-y-proyectos\/","title":{"rendered":"Planes y Proyectos"},"content":{"rendered":"<h2>&nbsp;<\/h2>\n<h2>&nbsp;Planes y Proyectos<\/h2>\n<h2><span style=\"font-size: 14px;color: #e09900\">Nuestro centro cuenta con los siguientes Planes y Proyectos:<\/span><\/h2>\n<p><span style=\"color: #008902\"><strong>1. El huerto de mi cole.<\/strong><\/span><\/p>\n<p>Nuestro proyecto m\u00e1s importante, centrado en el huerto y todo lo que nos ofrece.<\/p>\n<p>Nos permite ense\u00f1ar desde el acercamiento del alumnado a su entorno, ense\u00f1\u00e1ndoles c\u00f3mo llevar una vida activa, sana y feliz.<\/p>\n<p>Alimentaci\u00f3n, deportes y habilidades sociales son sus pilares fundamentales.<\/p>\n<p><span style=\"color: #008910\"><strong>2. Practicum.<\/strong><\/span><\/p>\n<p><span style=\"font-size: 14px\">Le abrimos las puertas al alumnado de la Facultad de Ciencias de la Educaci\u00f3n para que compartan con nuestro alumnado las nuevas ense\u00f1anzas y metodolog\u00edas a cambio de poder ponerlas en pr\u00e1ctica.<\/span><\/p>\n<p><span style=\"color: #009115\"><strong>3. Plan de apertura.<\/strong><\/span><\/p>\n<p>Para poder conciliar la vida laboral y familiar, nuestro centro est\u00e1 abierto de 7:30 a 18:00 de lunes a viernes.<\/p>\n<p>Contamos con aula matinal, comedor y actividades extraescolares.<\/p>\n<p><span style=\"color: #008922\"><strong>4.Transformaci\u00f3n digital.<\/strong><\/span><\/p>\n<p>Con la creaci\u00f3n de contenidos digitales propios, poco a poco nos vamos acercando a la educaci\u00f3n del siglo XXI.<\/p>\n<p>Os pasamos nuestra nueva creaci\u00f3n: el Exelearning creado para trabajar <a href=\"\/\/procomun.intef.es\/ode\/view\/widget\/es_2024060412_9080038&quot; width=&quot;1100&quot; height=&quot;540&quot; frameborder=&quot;0&quot; allowfullscreen&gt;&lt;\/iframe&gt;\">NUESTRO CUERPO <\/a>.&nbsp;<a href=\"\/\/procomun.intef.es\/ode\/view\/widget\/es_2024060412_9080038&quot; width=&quot;1100&quot; height=&quot;540&quot; frameborder=&quot;0&quot; allowfullscreen&gt;&lt;\/iframe&gt;\"> As\u00ed soy yo<\/a><\/p>\n<blockquote><p><strong><span style=\"color: #007701\">5. Plan de igualdad.<\/span><\/strong><\/p>\n<p>Creemos en la igualdad de oportunidades, para nuestro centro, no es solo un proyecto obligatorio, es un una se\u00f1a de identidad. No importa si eres ni\u00f1o o ni\u00f1a: jugamos igual, creamos igual, pensamos igual y todos y todas somos diferentes y nos respetamos.<\/p>\n<p>Para ellos trabajamos con libros que las familias pueden llevarse en concepto de pr\u00e9stamo una vez se han trabajado en el aula.<\/p>\n<p><strong><span style=\"color: #008222\">6.<span style=\"color: #027f1f\"> Programaciones anuales<\/span><\/span><\/strong><\/p>\n<p>Programaci\u00f3n anual crecimiento en armon\u00eda<\/p>\n<p>Programaci\u00f3n anual descubrimiento y exploraci\u00f3n del entorno<\/p>\n<p>Programaci\u00f3n anual comunicaci\u00f3n y representaci\u00f3n de la realida<span style=\"color: #01004c\">d<\/span><\/p>\n<p><strong><span style=\"color: #007c1b\">7. Todos nuestro planes puedes consultarlos en nuestro <span style=\"font-size: large\">Plan de centro<\/span>.<\/span><\/strong><\/p>\n<p>Este Plan de centro est\u00e1 formado por tres documentos: Proyecto educativo(PE), nuestra se\u00f1a de identidad; ROF (reglamento de organizaci\u00f3n y funcionamiento) y Proyecto de gesti\u00f3n.<\/p>\n<p>Os compartimos algunos de ellos.<\/p><\/blockquote>\n<p><span style=\"color: #0000ff\"><strong><a style=\"color: #0000ff\" href=\"https:\/\/docs.google.com\/document\/d\/1VkSeNba6l0uN82B6dTnII2VwJEmQCknb\/edit?usp=sharing&amp;ouid=110979108089950574655&amp;rtpof=true&amp;sd=true\">ROF<\/a><\/strong><\/span><\/p>\n<blockquote><p><span style=\"color: #0000ff\"><a style=\"color: #0000ff\" href=\"https:\/\/docs.google.com\/document\/d\/1jzKrVQXv3TWNLWCsDJm50S33LPCoNhh7\/edit?usp=sharing&amp;ouid=110979108089950574655&amp;rtpof=true&amp;sd=true\"><strong>P.E.<\/strong><\/a><\/span><\/p>\n<p><strong><a href=\"https:\/\/drive.google.com\/file\/d\/1I1OYNLkqMSkQGuEEPbpzPCHyiva9WLPW\/view?usp=sharing\"><span style=\"color: #0000ff\">PROYECTO DE GESTI\u00d3N<\/span><\/a><\/strong><\/p><\/blockquote>\n<p><a href=\"https:\/\/drive.google.com\/file\/d\/1bM7Ty3KohkSEn6gH76E3DzzFR5O_2KMr\/view?usp=share_link\"><strong>Plan de comunicaci\u00f3n<\/strong> para conocer cu\u00e1l es la manera en la que el centro mantiene a las familias informadas de todo lo que ocurre<\/a><\/p>\n<blockquote><p>Adem\u00e1s puedes consultar pinchando en el enlace el <a href=\"https:\/\/drive.google.com\/file\/d\/1hw1GvilC69aDkfBDVxYyKDOlaAIDnS_R\/view?usp=sharing\">Proyecto de Direcci\u00f3n<\/a> que se hizo para el cole.<\/p><\/blockquote>\n<p>&nbsp;<\/p>\n<p>&nbsp;<\/p>\n<p>&nbsp;<\/p>\n<p>&nbsp;<\/p>\n","protected":false},"excerpt":{"rendered":"<p>&nbsp; &nbsp;Planes y Proyectos Nuestro centro cuenta con los siguientes Planes y Proyectos: 1. El huerto de mi cole. Nuestro proyecto m\u00e1s importante, centrado en&hellip;<\/p>\n","protected":false},"author":7051,"featured_media":0,"parent":0,"menu_order":0,"comment_status":"closed","ping_status":"closed","template":"","meta":{"ngg_post_thumbnail":0,"footnotes":""},"aioseo_notices":[],"_links":{"self":[{"href":"https:\/\/blogsaverroes.juntadeandalucia.es\/eimartindegainza\/wp-json\/wp\/v2\/pages\/352"}],"collection":[{"href":"https:\/\/blogsaverroes.juntadeandalucia.es\/eimartindegainza\/wp-json\/wp\/v2\/pages"}],"about":[{"href":"https:\/\/blogsaverroes.juntadeandalucia.es\/eimartindegainza\/wp-json\/wp\/v2\/types\/page"}],"author":[{"embeddable":true,"href":"https:\/\/blogsaverroes.juntadeandalucia.es\/eimartindegainza\/wp-json\/wp\/v2\/users\/7051"}],"replies":[{"embeddable":true,"href":"https:\/\/blogsaverroes.juntadeandalucia.es\/eimartindegainza\/wp-json\/wp\/v2\/comments?post=352"}],"version-history":[{"count":22,"href":"https:\/\/blogsaverroes.juntadeandalucia.es\/eimartindegainza\/wp-json\/wp\/v2\/pages\/352\/revisions"}],"predecessor-version":[{"id":816,"href":"https:\/\/blogsaverroes.juntadeandalucia.es\/eimartindegainza\/wp-json\/wp\/v2\/pages\/352\/revisions\/816"}],"wp:attachment":[{"href":"https:\/\/blogsaverroes.juntadeandalucia.es\/eimartindegainza\/wp-json\/wp\/v2\/media?parent=352"}],"curies":[{"name":"wp","href":"https:\/\/api.w.org\/{rel}","templated":true}]}}