{"id":39,"date":"2020-01-10T07:47:48","date_gmt":"2020-01-10T06:47:48","guid":{"rendered":"http:\/\/blogsaverroes.juntadeandalucia.es\/pre\/nuevoiesv2\/?page_id=39"},"modified":"2025-03-12T12:15:08","modified_gmt":"2025-03-12T11:15:08","slug":"comedor-escolar","status":"publish","type":"page","link":"https:\/\/blogsaverroes.juntadeandalucia.es\/eimartindegainza\/comedor-escolar\/","title":{"rendered":"Plan de apertura: Aula matinal, comedor y AAEE"},"content":{"rendered":"<p>&nbsp;<\/p>\n<h2>PLAN DE APERTURA<\/h2>\n<h2><strong>Comedor escolar<\/strong><\/h2>\n<blockquote><p>Actualmente nuestro comedor est\u00e1 gestionado por el <strong>catering Hermanos Gonz\u00e1lez<\/strong> . Pod\u00e9is informaros acerca de \u00e9l en la p\u00e1gina&nbsp; <a href=\"https:\/\/colectividadeshgonzalez.com\/\">https:\/\/colectividadeshgonzalez.com\/<\/a>&nbsp;<\/p>\n<p>Tenemos una capacidad para 90 comensales repartidos en dos turnos, dej\u00e1ndose el primero para los m\u00e1s peques. El servicio empieza a las 14:00 y termina a las 16:00. Los ni\u00f1os y ni\u00f1as que tienen alguna actividad extraescolar a partir de esa hora pasar\u00e1n directamente con los monitores\/as que las imparten.<\/p>\n<p>Pueden consultar m\u00e1s informaci\u00f3n sobre la organizaci\u00f3n de este servicio en nuestro<a href=\"https:\/\/docs.google.com\/document\/d\/1VkSeNba6l0uN82B6dTnII2VwJEmQCknb\/edit?usp=sharing&amp;ouid=110979108089950574655&amp;rtpof=true&amp;sd=true\"> ROF<\/a><\/p>\n<p>Las ausencias y sus justificaciones pueden hacerlas a trav\u00e9s del correo electr\u00f3nico comedorescolaruno@cateringhgonzalez.com adem\u00e1s de la notificaci\u00f3n previa al centro.<\/p><\/blockquote>\n<h2 id=\"h_53823578741671193173289\"><strong><span style=\"font-size: 18pt\">Aula matinal:&nbsp;<\/span><\/strong><\/h2>\n<p>Servicio que podr\u00e1s usar de 7:30 a 9:00. Gestionado por la empresa <strong>GPServicios educativos<\/strong>. Pod\u00e9is hacer vuestras consultas en el enlace: <a href=\"#h_53823578741671193173289\">Aula matinal<\/a><\/p>\n<p>&nbsp;<\/p>\n<p><strong style=\"font-size: 22px\">Actividades e<span style=\"background-color: #ffffff\">xtraescolares:<\/span><\/strong><\/p>\n<p><span style=\"background-color: #ffffff\">Actualmente la empresa a cargo de este servicio es <b>OSZAGALES<\/b><\/span><\/p>\n<p><span style=\"background-color: #ffffff\">Disponemos de cuatro actividades<\/span><\/p>\n<p><span style=\"font-size: 14px;background-color: #ffffff\">&nbsp;<span style=\"color: #cc99ff\">Multideporte&nbsp; e Ingl\u00e9s<\/span>, se impartir\u00e1n los lunes y mi\u00e9rcoles de 16 a 17h la primera y de 17 a 18:h la segunda.<\/span><\/p>\n<p><span style=\"font-size: 14px;background-color: #ffffff;color: #e02b20\"><span style=\"color: #cc99ff\">Art Attack<\/span> <\/span><span style=\"background-color: #ffffff\">&nbsp;tendr\u00e1 el siguiente horario: martes y jueves de 16 a 17h&nbsp;<\/span><\/p>\n<p><span style=\"background-color: #ffffff\">Todas acogidas al plan de apertura proporcionado por la Junta de Andaluc\u00eda y por tanto con posibilidad de ser bonificadas (solo bonifican 1 )<\/span><\/p>\n<p><span style=\"background-color: #ffffff\">Adem\u00e1s los viernes la empresa <strong>Educom\u00fasica<\/strong> imparte sus clases de m\u00fasica tambi\u00e9n en nuestro centro en un horario amplio, a partir de las 16:00.<\/span><\/p>\n<p>&nbsp;<\/p>\n","protected":false},"excerpt":{"rendered":"<p>&nbsp; PLAN DE APERTURA Comedor escolar Actualmente nuestro comedor est\u00e1 gestionado por el catering Hermanos Gonz\u00e1lez . Pod\u00e9is informaros acerca de \u00e9l en la p\u00e1gina&nbsp;&hellip;<\/p>\n","protected":false},"author":7051,"featured_media":0,"parent":0,"menu_order":0,"comment_status":"closed","ping_status":"closed","template":"","meta":{"ngg_post_thumbnail":0,"footnotes":""},"aioseo_notices":[],"_links":{"self":[{"href":"https:\/\/blogsaverroes.juntadeandalucia.es\/eimartindegainza\/wp-json\/wp\/v2\/pages\/39"}],"collection":[{"href":"https:\/\/blogsaverroes.juntadeandalucia.es\/eimartindegainza\/wp-json\/wp\/v2\/pages"}],"about":[{"href":"https:\/\/blogsaverroes.juntadeandalucia.es\/eimartindegainza\/wp-json\/wp\/v2\/types\/page"}],"author":[{"embeddable":true,"href":"https:\/\/blogsaverroes.juntadeandalucia.es\/eimartindegainza\/wp-json\/wp\/v2\/users\/7051"}],"replies":[{"embeddable":true,"href":"https:\/\/blogsaverroes.juntadeandalucia.es\/eimartindegainza\/wp-json\/wp\/v2\/comments?post=39"}],"version-history":[{"count":22,"href":"https:\/\/blogsaverroes.juntadeandalucia.es\/eimartindegainza\/wp-json\/wp\/v2\/pages\/39\/revisions"}],"predecessor-version":[{"id":782,"href":"https:\/\/blogsaverroes.juntadeandalucia.es\/eimartindegainza\/wp-json\/wp\/v2\/pages\/39\/revisions\/782"}],"wp:attachment":[{"href":"https:\/\/blogsaverroes.juntadeandalucia.es\/eimartindegainza\/wp-json\/wp\/v2\/media?parent=39"}],"curies":[{"name":"wp","href":"https:\/\/api.w.org\/{rel}","templated":true}]}}