{"id":141,"date":"2015-03-17T07:13:24","date_gmt":"2015-03-17T07:13:24","guid":{"rendered":"http:\/\/blogsaverroes.juntadeandalucia.es\/pre\/ceip\/?page_id=141"},"modified":"2020-05-15T14:09:03","modified_gmt":"2020-05-15T14:09:03","slug":"escolarizacion","status":"publish","type":"page","link":"https:\/\/blogsaverroes.juntadeandalucia.es\/eirocinante\/escolarizacion\/","title":{"rendered":"Escolarizaci\u00f3n"},"content":{"rendered":"<p><a href=\"https:\/\/blogsaverroes.juntadeandalucia.es\/eirocinante\/files\/2015\/03\/layout_set_logo.png\"><img loading=\"lazy\" decoding=\"async\" class=\"wp-image-2330 size-medium aligncenter\" src=\"https:\/\/blogsaverroes.juntadeandalucia.es\/eirocinante\/files\/2015\/03\/layout_set_logo-300x90.png\" alt=\"\" width=\"300\" height=\"90\" srcset=\"https:\/\/blogsaverroes.juntadeandalucia.es\/eirocinante\/files\/2015\/03\/layout_set_logo-300x90.png 300w, https:\/\/blogsaverroes.juntadeandalucia.es\/eirocinante\/files\/2015\/03\/layout_set_logo-24x7.png 24w, https:\/\/blogsaverroes.juntadeandalucia.es\/eirocinante\/files\/2015\/03\/layout_set_logo-36x11.png 36w, https:\/\/blogsaverroes.juntadeandalucia.es\/eirocinante\/files\/2015\/03\/layout_set_logo-48x14.png 48w, https:\/\/blogsaverroes.juntadeandalucia.es\/eirocinante\/files\/2015\/03\/layout_set_logo.png 395w\" sizes=\"(max-width: 300px) 100vw, 300px\" \/><\/a><\/p>\n<p><a title=\"Portal escolarizaci\u00f3n\" href=\"http:\/\/portals.ced.junta-andalucia.es\/educacion\/portals\/web\/escolarizacion\/0-a-3-anos-2016\">Enlace al portal de escolarizaci\u00f3n.<\/a><\/p>\n<p><a title=\"Procedimiento\" href=\"http:\/\/juntadeandalucia.es\/boja\/2009\/92\/d1.pdf\" target=\"_blank\" rel=\"noopener noreferrer\">Normativa<\/a> Decreto 149\/2009 por la que se regulan los centros que imparten el primer ciclo de educaci\u00f3n infantil<\/p>\n<p><a title=\"Procedimiento\" href=\"http:\/\/juntadeandalucia.es\/boja\/2011\/51\/d3.pdf\" target=\"_blank\" rel=\"noopener noreferrer\">Normativa<\/a> Orden de 8 de marzo de 2011 por la que se regula el procedimiento de admisi\u00f3n para el primer ciclo de educaci\u00f3n infantil<\/p>\n<p><a title=\"Procedimiento\" href=\"https:\/\/juntadeandalucia.es\/boja\/2017\/501\/1\" target=\"_blank\" rel=\"noopener noreferrer\">Normativa<\/a> Decreto Ley 1\/2017 de 28 de marzo de medidas urgentes para favorecerla escolarizaci\u00f3n en el primer ciclo de infantil en Andaluc\u00eda<\/p>\n<p><a title=\"Procedimiento\" href=\"https:\/\/juntadeandalucia.es\/boja\/2018\/202\/1\" target=\"_blank\" rel=\"noopener noreferrer\">Normativa<\/a> Orden de 11 de octubre de 2018 por la que se modifican los nexos I y II del Decreto Ley 1\/2017 de 28 de marzo de medidas urgentes para favorecerla escolarizaci\u00f3n en el primer ciclo de infantil en Andaluc\u00eda<\/p>\n<p>&nbsp;&nbsp;&nbsp;&nbsp;&nbsp;&nbsp;&nbsp;&nbsp;&nbsp;&nbsp;&nbsp;&nbsp;&nbsp;&nbsp;&nbsp;&nbsp;&nbsp;&nbsp;&nbsp;&nbsp;&nbsp;&nbsp;&nbsp;&nbsp;&nbsp;&nbsp;&nbsp;&nbsp;&nbsp;&nbsp;&nbsp;&nbsp;&nbsp;&nbsp;&nbsp;&nbsp;&nbsp;&nbsp;&nbsp;&nbsp;&nbsp;&nbsp;&nbsp;&nbsp;&nbsp;&nbsp;&nbsp;&nbsp;&nbsp;&nbsp;&nbsp;<\/p>\n<h3>PLAZOS PARA LA ESCOLARIZACI\u00d3N DEL CURSO 2020\/2021<\/h3>\n<ul>\n<li>\n<h4>RESERVA DE PLAZAS: DEL 18 DE MAYO AL 25 DE MAYO AMBOS INCLUSIVE<\/h4>\n<\/li>\n<li>\n<h4>NUEVO INGRESO: DEL 26 DE MAYO AL 10 DE JUNIO AMBOS INCLUSIVE<\/h4>\n<\/li>\n<\/ul>\n<h2><span style=\"color: #ff0000\">ES IMPRESCINDIBLE IR CON MASCARILLA<\/span><\/h2>\n<h3><span style=\"color: #3366ff\">EL HORARIO DE ATENCI\u00d3N SER\u00c1 DE LUNES A VIERNES DE 9:30 A 13:30.<\/span><\/h3>\n<p>&nbsp;<\/p>\n<p>Las solicitudes tambi\u00e9n podr\u00e1 realizarse por v\u00eda telem\u00e1tica. A continuaci\u00f3n os mostramos dos tutoriales para hacerlo:<\/p>\n<p>Con certificado digital: https:\/\/www.youtube.com\/watch?v=ksm-g4kbVnQ&amp;feature=youtu.be<\/p>\n<p>Sin certificado digital: https:\/\/www.youtube.com\/watch?v=0jzsoje-GyQ&amp;feature=youtu.be<\/p>\n<p>&nbsp;<\/p>\n<p>Documentaci\u00f3n a aportar por las familias en el proceso de admisi\u00f3n<\/p>\n<ul>\n<li>Fotocopia del DNI del padre y de la madre<\/li>\n<li>Copia autenticada del libro de familia completo<\/li>\n<li>Ni\u00f1os y ni\u00f1as en fase de gestaci\u00f3n: Certificaci\u00f3n m\u00e9dica que acredite el estado de gestaci\u00f3n de la madre y la fecha prevista de nacimiento, que no podr\u00e1 ser posterior al 12 de mayo.<\/li>\n<li>Certificado o volante de empadronamiento donde figuren todas las personas que conviven en el domicilio.<\/li>\n<li>Para acreditar las circunstancias de grave riesgo del menor, ser\u00e1 por medio de un informe emitido por los servicios sociales comunitarios.<\/li>\n<li>Acreditaci\u00f3n de usuaria de centro de acogida para mujeres v\u00edctimas de violencia de g\u00e9nero: Certificaci\u00f3n de la entidad titular del centro de acogida.<\/li>\n<li>Acreditaci\u00f3n de v\u00edctima de terrorismo: certificaci\u00f3n expedida por la administraci\u00f3n p\u00fablica correspondiente.<\/li>\n<li>Vida laboral del padre y de la madre y de todos los miembros integrantes de la unidad familiar mayores de 16 a\u00f1os.<\/li>\n<li>Certificado expedido por la empresa donde consta el n\u00famero de horas semanales de trabajo y el domicilio del lugar de trabajo.<\/li>\n<li>Los trabajadores pertenecientes a MUFACE, ISFAS Y MUGEJU: copia compulsada de la toma de posesi\u00f3n como funcionario y certificado del centro de trabajo indicando las horas de dedicaci\u00f3n semanal.<\/li>\n<li>Trabajador por cuenta propia:&nbsp; Vida laboral y \u00faltimo sello de pago de aut\u00f3nomo.&nbsp;&nbsp;&nbsp;&nbsp; Declaraci\u00f3n responsable indicando las horas de trabajo.<\/li>\n<li>Acreditaci\u00f3n de excedencia laboral por cuidado de hijos\/as: vida laboral y certificado de la empresa donde conste la fecha de incorporaci\u00f3n y el n\u00fanmero de horas semanales as\u00ed como el domicilio de la empresa.<\/li>\n<li>Fotocopia autenticada del carnet de familia numerosa<\/li>\n<li>Acreditaci\u00f3n de discapacidad o transtorno de desarrollo: certificaci\u00f3n a trav\u00e9s del CAIT en el que est\u00e1 recibiendo tratamiento. En caso de que alg\u00fan familiar de primer grado tenga un grado de discapacidad igual o superior al 33% se acreditar\u00e1 mediante autorizaci\u00f3n para su verificaci\u00f3n v\u00eda telem\u00e1tica.<\/li>\n<li>Acreditaci\u00f3n de la renta anual de la unidad familiar. Firmar la declaraci\u00f3n responsable por todos los miembros de la unidad familiar que est\u00e9n sujetos a obligaci\u00f3n tributaria.<\/li>\n<\/ul>\n","protected":false},"excerpt":{"rendered":"<p>Enlace al portal de escolarizaci\u00f3n. Normativa Decreto 149\/2009 por la que se regulan los centros que imparten el primer ciclo de educaci\u00f3n infantil Normativa Orden de 8 de marzo de 2011 por la que se regula el procedimiento de admisi\u00f3n para el primer ciclo de educaci\u00f3n infantil Normativa Decreto Ley 1\/2017 de 28 de marzo &hellip; <\/p>\n<p><a class=\"more-link btn\" href=\"https:\/\/blogsaverroes.juntadeandalucia.es\/eirocinante\/escolarizacion\/\">Seguir leyendo<\/a><\/p>\n","protected":false},"author":1,"featured_media":0,"parent":0,"menu_order":0,"comment_status":"closed","ping_status":"open","template":"","meta":{"ngg_post_thumbnail":0,"footnotes":"","_mc_calendar":[]},"aioseo_notices":[],"_links":{"self":[{"href":"https:\/\/blogsaverroes.juntadeandalucia.es\/eirocinante\/wp-json\/wp\/v2\/pages\/141"}],"collection":[{"href":"https:\/\/blogsaverroes.juntadeandalucia.es\/eirocinante\/wp-json\/wp\/v2\/pages"}],"about":[{"href":"https:\/\/blogsaverroes.juntadeandalucia.es\/eirocinante\/wp-json\/wp\/v2\/types\/page"}],"author":[{"embeddable":true,"href":"https:\/\/blogsaverroes.juntadeandalucia.es\/eirocinante\/wp-json\/wp\/v2\/users\/1"}],"replies":[{"embeddable":true,"href":"https:\/\/blogsaverroes.juntadeandalucia.es\/eirocinante\/wp-json\/wp\/v2\/comments?post=141"}],"version-history":[{"count":24,"href":"https:\/\/blogsaverroes.juntadeandalucia.es\/eirocinante\/wp-json\/wp\/v2\/pages\/141\/revisions"}],"predecessor-version":[{"id":2816,"href":"https:\/\/blogsaverroes.juntadeandalucia.es\/eirocinante\/wp-json\/wp\/v2\/pages\/141\/revisions\/2816"}],"wp:attachment":[{"href":"https:\/\/blogsaverroes.juntadeandalucia.es\/eirocinante\/wp-json\/wp\/v2\/media?parent=141"}],"curies":[{"name":"wp","href":"https:\/\/api.w.org\/{rel}","templated":true}]}}