{"id":2474,"date":"2018-10-10T13:34:46","date_gmt":"2018-10-10T13:34:46","guid":{"rendered":"https:\/\/blogsaverroes.juntadeandalucia.es\/eirocinante\/?page_id=2474"},"modified":"2018-10-19T12:06:55","modified_gmt":"2018-10-19T12:06:55","slug":"el-juego-heuristico","status":"publish","type":"page","link":"https:\/\/blogsaverroes.juntadeandalucia.es\/eirocinante\/el-juego-heuristico\/","title":{"rendered":"EL JUEGO HEUR\u00cdSTICO"},"content":{"rendered":"<p>Esta actividad est\u00e1 pensada para ni\u00f1os\/as de 1 a 2 a\u00f1os. &nbsp;A esta edad el ni\u00f1o\/a ha conseguido uno de sus logros m\u00e1s importantes, andar. La autonom\u00eda que experimenta unida a su curiosidad, le lleva a querer tocar, manipular, explorar y descubrirlo todo.<\/p>\n<p>El juego Heur\u00edstico es el juego que favorece en el ni\u00f1o\/a el desarrollo del descubrimiento, del uso de la raz\u00f3n y de la deducci\u00f3n.<\/p>\n<p>Los ni\u00f1os de forma natural y espont\u00e1nea, tienden a encajar, apilar, amontonar y a confrontar diferencias y semejanzas, completamente absortos y sin ser dirigidos por el adulto.<\/p>\n<p>El juego heur\u00edstico no es una actividad improvisada. Nuestra tarea, consiste en ofrecerles los materiales adecuados en el espacio adecuado, <a href=\"https:\/\/blogsaverroes.juntadeandalucia.es\/eirocinante\/files\/2018\/10\/DSC00993.jpg\"><img loading=\"lazy\" decoding=\"async\" class=\"wp-image-2480 alignleft\" src=\"https:\/\/blogsaverroes.juntadeandalucia.es\/eirocinante\/files\/2018\/10\/DSC00993-1024x768.jpg\" alt=\"\" width=\"405\" height=\"304\" srcset=\"https:\/\/blogsaverroes.juntadeandalucia.es\/eirocinante\/files\/2018\/10\/DSC00993-1024x768.jpg 1024w, https:\/\/blogsaverroes.juntadeandalucia.es\/eirocinante\/files\/2018\/10\/DSC00993-300x225.jpg 300w, https:\/\/blogsaverroes.juntadeandalucia.es\/eirocinante\/files\/2018\/10\/DSC00993-768x576.jpg 768w, https:\/\/blogsaverroes.juntadeandalucia.es\/eirocinante\/files\/2018\/10\/DSC00993-700x525.jpg 700w, https:\/\/blogsaverroes.juntadeandalucia.es\/eirocinante\/files\/2018\/10\/DSC00993-24x18.jpg 24w, https:\/\/blogsaverroes.juntadeandalucia.es\/eirocinante\/files\/2018\/10\/DSC00993-36x27.jpg 36w, https:\/\/blogsaverroes.juntadeandalucia.es\/eirocinante\/files\/2018\/10\/DSC00993-48x36.jpg 48w, https:\/\/blogsaverroes.juntadeandalucia.es\/eirocinante\/files\/2018\/10\/DSC00993.jpg 1600w\" sizes=\"(max-width: 405px) 100vw, 405px\" \/><\/a>para facilitarles la exploraci\u00f3n y una nueva actividad mental. Para llevar a cabo esta actividad, el ni\u00f1o necesita gran cantidad de objetos diferentes.<\/p>\n<p>Con esta actividad empiezan a reconocer, causa y efecto. Cada uno hace \u201csu\u201d juego y se divierte. No hay un prop\u00f3sito final, no se acierta porque \u201clo hago bien\u201d, tampoco hay frustraci\u00f3n porque \u201clo hago mal\u201d.<\/p>\n<p>En el juego heur\u00edstico se crea un clima de silencio y tranquilidad. Los ni\u00f1os se concentran en la actividad y siguen sus propios pensamientos l\u00f3gicos, mientras descubren las posibilidades de los materiales con los que juegan.<\/p>\n<p><strong>Los objetivos que nos proponemos como escuela a trav\u00e9s de esta actividad son los siguientes: <\/strong><\/p>\n<ul>\n<li>Iniciarse en el h\u00e1bito de compartir espacio de juego y respeto hacia los compa\u00f1eros, trabajando en una atm\u00f3sfera de tranquilidad y calma, aceptando y respetando la presencia activa de otros ni\u00f1os\/as.<\/li>\n<li>Adquirir nociones de recoger cuando termina el juego.<\/li>\n<li>Divertirse en el juego a partir de la experimentaci\u00f3n de los diferentes materiales<\/li>\n<li>Conocer las propiedades de los materiales que manipulan y el comportamiento de estos cuando los combinan.<\/li>\n<li>Concentrar la atenci\u00f3n en la actividad con los objetos.<\/li>\n<li>Valorar el material, conservarlo y respetarlo.<\/li>\n<li>Investigar, experimentar y hacer hip\u00f3tesis a trav\u00e9s de la manipulaci\u00f3n del material.<\/li>\n<li>Adquirir h\u00e1bitos de trabajo.<\/li>\n<li>Percibir a trav\u00e9s de los sentidos una gran cantidad de experiencias e informaci\u00f3n del entorno.<\/li>\n<li>Adquirir nuevos conocimientos a trav\u00e9s de su propia acci\u00f3n.<\/li>\n<\/ul>\n<p>La actividad consta de dos partes:<\/p>\n<ol>\n<li>Desarrollo propio de la actividad<\/li>\n<li>Recogida del material<\/li>\n<\/ol>\n<p>&nbsp;<\/p>\n<ol>\n<li><strong>Desarrollo de la actividad<\/strong><\/li>\n<\/ol>\n<ul>\n<li>Se necesitan al menos 15 tipos de objetos diferentes. Cada tipo de objeto se guardar\u00e1 en una bolsa de tela con un cord\u00f3n de cierre<\/li>\n<li>Debemos tener gran n\u00famero de objetos de cada tipo. Por lo menos de 50 a 60 anillas de cortinas, pinzas de la ropa, etc<a href=\"https:\/\/blogsaverroes.juntadeandalucia.es\/eirocinante\/files\/2018\/10\/DSC00995.jpg\"><img loading=\"lazy\" decoding=\"async\" class=\"alignright wp-image-2486\" src=\"https:\/\/blogsaverroes.juntadeandalucia.es\/eirocinante\/files\/2018\/10\/DSC00995-300x225.jpg\" alt=\"\" width=\"408\" height=\"306\" srcset=\"https:\/\/blogsaverroes.juntadeandalucia.es\/eirocinante\/files\/2018\/10\/DSC00995-300x225.jpg 300w, https:\/\/blogsaverroes.juntadeandalucia.es\/eirocinante\/files\/2018\/10\/DSC00995-768x576.jpg 768w, https:\/\/blogsaverroes.juntadeandalucia.es\/eirocinante\/files\/2018\/10\/DSC00995-1024x768.jpg 1024w, https:\/\/blogsaverroes.juntadeandalucia.es\/eirocinante\/files\/2018\/10\/DSC00995-700x525.jpg 700w, https:\/\/blogsaverroes.juntadeandalucia.es\/eirocinante\/files\/2018\/10\/DSC00995-24x18.jpg 24w, https:\/\/blogsaverroes.juntadeandalucia.es\/eirocinante\/files\/2018\/10\/DSC00995-36x27.jpg 36w, https:\/\/blogsaverroes.juntadeandalucia.es\/eirocinante\/files\/2018\/10\/DSC00995-48x36.jpg 48w, https:\/\/blogsaverroes.juntadeandalucia.es\/eirocinante\/files\/2018\/10\/DSC00995.jpg 1600w\" sizes=\"(max-width: 408px) 100vw, 408px\" \/><\/a><\/li>\n<li>Hacen falta 20 recipientes, latas, cestas o cajas de madera, que estar\u00e1n el suelo bien distribuidos por todo el espacio.<\/li>\n<li>El espacio debe ser di\u00e1fano y con un suelo c\u00e1lido<\/li>\n<li>El grupo debe ser reducido, de 8 a 10 ni\u00f1os<\/li>\n<li>Es importante usar todo el espacio de la sala elegida, para evitar aglomeraciones de los ni\u00f1os en uno o dos puntos.<\/li>\n<li>La tutora ser\u00e1 la encargada de preparar la sala antes de que comience el juego. Selecciona los objetos, saca de la bolsa todas las unidades y prepara los contenedores. En la sala, dependiendo del n\u00famero de ni\u00f1os\/as que participen, se pondr\u00e1 un foco de inter\u00e9s por alumno\/a. Se colocan los focos de material a una distancia equidistante. En cada foco habr\u00e1 una cantidad considerable de objetos seleccionados y un contenedor.<\/li>\n<li>Los ni\u00f1os elegir\u00e1n los objetos, sin ninguna sugerencia del adulto. Para decidir c\u00f3mo quieren jugar y con qu\u00e9 objetos, necesitan tiempo.<\/li>\n<li>Durante la hora aproximada de la sesi\u00f3n, la tutora puede organizar el material, sin que lo noten los ni\u00f1os, para mantener agradable el aspecto del espacio durante todo el tiempo del juego.<\/li>\n<\/ul>\n<p>&nbsp;&nbsp;&nbsp;<strong> 2. Recogida del material<\/strong><\/p>\n<ul>\n<li>Una vez terminado el tiempo propiamente de juego, la recogida del material se considera una actividad en s\u00ed misma, es continuaci\u00f3n de la anterior e igual de divertida. Debe reservarse tiempo suficiente para la recogida, que se har\u00e1 guardando en cada bolsa los objetos correspondient<a href=\"https:\/\/blogsaverroes.juntadeandalucia.es\/eirocinante\/files\/2018\/10\/DSC01010.jpg\"><img loading=\"lazy\" decoding=\"async\" class=\"alignleft wp-image-2484\" src=\"https:\/\/blogsaverroes.juntadeandalucia.es\/eirocinante\/files\/2018\/10\/DSC01010-300x225.jpg\" alt=\"\" width=\"346\" height=\"260\" srcset=\"https:\/\/blogsaverroes.juntadeandalucia.es\/eirocinante\/files\/2018\/10\/DSC01010-300x225.jpg 300w, https:\/\/blogsaverroes.juntadeandalucia.es\/eirocinante\/files\/2018\/10\/DSC01010-768x576.jpg 768w, https:\/\/blogsaverroes.juntadeandalucia.es\/eirocinante\/files\/2018\/10\/DSC01010-1024x768.jpg 1024w, https:\/\/blogsaverroes.juntadeandalucia.es\/eirocinante\/files\/2018\/10\/DSC01010-700x525.jpg 700w, https:\/\/blogsaverroes.juntadeandalucia.es\/eirocinante\/files\/2018\/10\/DSC01010-24x18.jpg 24w, https:\/\/blogsaverroes.juntadeandalucia.es\/eirocinante\/files\/2018\/10\/DSC01010-36x27.jpg 36w, https:\/\/blogsaverroes.juntadeandalucia.es\/eirocinante\/files\/2018\/10\/DSC01010-48x36.jpg 48w, https:\/\/blogsaverroes.juntadeandalucia.es\/eirocinante\/files\/2018\/10\/DSC01010.jpg 1600w\" sizes=\"(max-width: 346px) 100vw, 346px\" \/><\/a>es. La tutora ir\u00e1 comprobando el estado de cada cosa, mostrando con su actitud al ni\u00f1o, el cuidado que hay que tener con los objetos, y asegur\u00e1ndose que est\u00e1 en buen uso para la siguiente sesi\u00f3n.<\/li>\n<li>A la hora de empezar a recoger, es importante no hacer llamadas generalizadas, sino invitar de forma individual a que colaboren en la recogida del material.<\/li>\n<\/ul>\n<p>&nbsp;<\/p>\n","protected":false},"excerpt":{"rendered":"<p>Esta actividad est\u00e1 pensada para ni\u00f1os\/as de 1 a 2 a\u00f1os. &nbsp;A esta edad el ni\u00f1o\/a ha conseguido uno de sus logros m\u00e1s importantes, andar. La autonom\u00eda que experimenta unida a su curiosidad, le lleva a querer tocar, manipular, explorar y descubrirlo todo. El juego Heur\u00edstico es el juego que favorece en el ni\u00f1o\/a el &hellip; <\/p>\n<p><a class=\"more-link btn\" href=\"https:\/\/blogsaverroes.juntadeandalucia.es\/eirocinante\/el-juego-heuristico\/\">Seguir leyendo<\/a><\/p>\n","protected":false},"author":5934,"featured_media":0,"parent":0,"menu_order":0,"comment_status":"closed","ping_status":"closed","template":"","meta":{"ngg_post_thumbnail":0,"footnotes":"","_mc_calendar":[]},"aioseo_notices":[],"_links":{"self":[{"href":"https:\/\/blogsaverroes.juntadeandalucia.es\/eirocinante\/wp-json\/wp\/v2\/pages\/2474"}],"collection":[{"href":"https:\/\/blogsaverroes.juntadeandalucia.es\/eirocinante\/wp-json\/wp\/v2\/pages"}],"about":[{"href":"https:\/\/blogsaverroes.juntadeandalucia.es\/eirocinante\/wp-json\/wp\/v2\/types\/page"}],"author":[{"embeddable":true,"href":"https:\/\/blogsaverroes.juntadeandalucia.es\/eirocinante\/wp-json\/wp\/v2\/users\/5934"}],"replies":[{"embeddable":true,"href":"https:\/\/blogsaverroes.juntadeandalucia.es\/eirocinante\/wp-json\/wp\/v2\/comments?post=2474"}],"version-history":[{"count":4,"href":"https:\/\/blogsaverroes.juntadeandalucia.es\/eirocinante\/wp-json\/wp\/v2\/pages\/2474\/revisions"}],"predecessor-version":[{"id":2487,"href":"https:\/\/blogsaverroes.juntadeandalucia.es\/eirocinante\/wp-json\/wp\/v2\/pages\/2474\/revisions\/2487"}],"wp:attachment":[{"href":"https:\/\/blogsaverroes.juntadeandalucia.es\/eirocinante\/wp-json\/wp\/v2\/media?parent=2474"}],"curies":[{"name":"wp","href":"https:\/\/api.w.org\/{rel}","templated":true}]}}