{"id":2571,"date":"2019-02-18T12:23:22","date_gmt":"2019-02-18T12:23:22","guid":{"rendered":"https:\/\/blogsaverroes.juntadeandalucia.es\/eirocinante\/?page_id=2571"},"modified":"2019-02-18T13:07:10","modified_gmt":"2019-02-18T13:07:10","slug":"nuestro-huerto","status":"publish","type":"page","link":"https:\/\/blogsaverroes.juntadeandalucia.es\/eirocinante\/nuestro-huerto\/","title":{"rendered":"NUESTRO HUERTO"},"content":{"rendered":"<p>Al ser la educaci\u00f3n de infantil una etapa en la que la metodolog\u00eda utilizada es globalizadora, el huerto se presenta como una herramienta m\u00e1s que contribuye al desarrollo integral del ni\u00f1o\/a.<\/p>\n<p>El huerto escolar es un recurso educativo ideal para conectar a nuestroS ni\u00f1os y ni\u00f1as con la naturaleza. Es por tanto, una herramienta con la que nuestros ni\u00f1os y ni\u00f1as&nbsp; pueden tener un primer contacto&nbsp; con los frutos que nacen de la tierra y valorar y respetar la naturaleza. Disponer y trabajar de forma sistem\u00e1tica con un recurso educativo de este tipo, aumenta la sensibilidad de los alumnos\/as hacia cuestiones medioambientales.<\/p>\n<p>Los objetivos que perseguimos con el recurso del h<a href=\"https:\/\/blogsaverroes.juntadeandalucia.es\/eirocinante\/files\/2019\/02\/pixelada.jpg\"><img loading=\"lazy\" decoding=\"async\" class=\"alignright wp-image-2576\" src=\"https:\/\/blogsaverroes.juntadeandalucia.es\/eirocinante\/files\/2019\/02\/pixelada-300x220.jpg\" alt=\"\" width=\"400\" height=\"293\" srcset=\"https:\/\/blogsaverroes.juntadeandalucia.es\/eirocinante\/files\/2019\/02\/pixelada-300x220.jpg 300w, https:\/\/blogsaverroes.juntadeandalucia.es\/eirocinante\/files\/2019\/02\/pixelada-768x563.jpg 768w, https:\/\/blogsaverroes.juntadeandalucia.es\/eirocinante\/files\/2019\/02\/pixelada-1024x750.jpg 1024w, https:\/\/blogsaverroes.juntadeandalucia.es\/eirocinante\/files\/2019\/02\/pixelada-700x513.jpg 700w, https:\/\/blogsaverroes.juntadeandalucia.es\/eirocinante\/files\/2019\/02\/pixelada-24x18.jpg 24w, https:\/\/blogsaverroes.juntadeandalucia.es\/eirocinante\/files\/2019\/02\/pixelada-36x26.jpg 36w, https:\/\/blogsaverroes.juntadeandalucia.es\/eirocinante\/files\/2019\/02\/pixelada-48x35.jpg 48w, https:\/\/blogsaverroes.juntadeandalucia.es\/eirocinante\/files\/2019\/02\/pixelada.jpg 1600w\" sizes=\"(max-width: 400px) 100vw, 400px\" \/><\/a>uerto son los siguientes:<\/p>\n<ol>\n<li>Acercar a la escuela&nbsp; el entorno&nbsp; natural y rural.<\/li>\n<li>Observar el proceso de plantaci\u00f3n, crecimiento, cuidados y recolecci\u00f3n de las frutas, verduras y hortalizas.<\/li>\n<li>Implicar en todo este proceso a los miembros de la Comunidad educativa, distribuyendo y repartiendo los trabajos propios del huerto.<\/li>\n<\/ol>\n<p><strong>Desarrollo de la actividad<\/strong><\/p>\n<p>Una vez a la semana los ni\u00f1os y ni\u00f1as de las clases de dos a\u00f1os ir\u00e1n al huerto en grupos de 5 o 6 ni\u00f1o<a href=\"https:\/\/blogsaverroes.juntadeandalucia.es\/eirocinante\/files\/2019\/02\/pixelada-2.jpg\"><img loading=\"lazy\" decoding=\"async\" class=\"alignleft wp-image-2577\" src=\"https:\/\/blogsaverroes.juntadeandalucia.es\/eirocinante\/files\/2019\/02\/pixelada-2-225x300.jpg\" alt=\"\" width=\"300\" height=\"400\" srcset=\"https:\/\/blogsaverroes.juntadeandalucia.es\/eirocinante\/files\/2019\/02\/pixelada-2-225x300.jpg 225w, https:\/\/blogsaverroes.juntadeandalucia.es\/eirocinante\/files\/2019\/02\/pixelada-2-768x1024.jpg 768w, https:\/\/blogsaverroes.juntadeandalucia.es\/eirocinante\/files\/2019\/02\/pixelada-2-700x933.jpg 700w, https:\/\/blogsaverroes.juntadeandalucia.es\/eirocinante\/files\/2019\/02\/pixelada-2-18x24.jpg 18w, https:\/\/blogsaverroes.juntadeandalucia.es\/eirocinante\/files\/2019\/02\/pixelada-2-27x36.jpg 27w, https:\/\/blogsaverroes.juntadeandalucia.es\/eirocinante\/files\/2019\/02\/pixelada-2-36x48.jpg 36w, https:\/\/blogsaverroes.juntadeandalucia.es\/eirocinante\/files\/2019\/02\/pixelada-2.jpg 1200w\" sizes=\"(max-width: 300px) 100vw, 300px\" \/><\/a>s\/as.<\/p>\n<p>Al entrar y salir del huerto cambiareos&nbsp; los zapatos por las botas de trabajo que tenemos especiales para&nbsp; el huerto.<\/p>\n<p>Primera actividad: preparar el huerto para la siembra. En oto\u00f1o los adultos que salgan encargados del huerto, echar\u00e1n el herbicida para limpiar el terreno de malas hierbas.&nbsp; En enero, con los ni\u00f1os y ni\u00f1as limpiaremos el huerto de piedras y abonaremos la tierra.<\/p>\n<p>Segunda actividad: Sembrar las frutas, verduras y hortalizas y regarlas periodicamente.<\/p>\n<p>Tercera actividad: Recolecci\u00f3n. Seg\u00fan el huerto vayan ofreciendo los frutos, los llevaremos a la cocina o los comeremos en la clase todos juntos.<\/p>\n<p>&nbsp;<\/p>\n","protected":false},"excerpt":{"rendered":"<p>Al ser la educaci\u00f3n de infantil una etapa en la que la metodolog\u00eda utilizada es globalizadora, el huerto se presenta como una herramienta m\u00e1s que contribuye al desarrollo integral del ni\u00f1o\/a. El huerto escolar es un recurso educativo ideal para conectar a nuestroS ni\u00f1os y ni\u00f1as con la naturaleza. Es por tanto, una herramienta con &hellip; <\/p>\n<p><a class=\"more-link btn\" href=\"https:\/\/blogsaverroes.juntadeandalucia.es\/eirocinante\/nuestro-huerto\/\">Seguir leyendo<\/a><\/p>\n","protected":false},"author":5934,"featured_media":0,"parent":0,"menu_order":0,"comment_status":"closed","ping_status":"closed","template":"","meta":{"ngg_post_thumbnail":0,"footnotes":"","_mc_calendar":[]},"aioseo_notices":[],"_links":{"self":[{"href":"https:\/\/blogsaverroes.juntadeandalucia.es\/eirocinante\/wp-json\/wp\/v2\/pages\/2571"}],"collection":[{"href":"https:\/\/blogsaverroes.juntadeandalucia.es\/eirocinante\/wp-json\/wp\/v2\/pages"}],"about":[{"href":"https:\/\/blogsaverroes.juntadeandalucia.es\/eirocinante\/wp-json\/wp\/v2\/types\/page"}],"author":[{"embeddable":true,"href":"https:\/\/blogsaverroes.juntadeandalucia.es\/eirocinante\/wp-json\/wp\/v2\/users\/5934"}],"replies":[{"embeddable":true,"href":"https:\/\/blogsaverroes.juntadeandalucia.es\/eirocinante\/wp-json\/wp\/v2\/comments?post=2571"}],"version-history":[{"count":3,"href":"https:\/\/blogsaverroes.juntadeandalucia.es\/eirocinante\/wp-json\/wp\/v2\/pages\/2571\/revisions"}],"predecessor-version":[{"id":2578,"href":"https:\/\/blogsaverroes.juntadeandalucia.es\/eirocinante\/wp-json\/wp\/v2\/pages\/2571\/revisions\/2578"}],"wp:attachment":[{"href":"https:\/\/blogsaverroes.juntadeandalucia.es\/eirocinante\/wp-json\/wp\/v2\/media?parent=2571"}],"curies":[{"name":"wp","href":"https:\/\/api.w.org\/{rel}","templated":true}]}}