{"id":3496,"date":"2023-06-14T10:57:37","date_gmt":"2023-06-14T10:57:37","guid":{"rendered":"https:\/\/blogsaverroes.juntadeandalucia.es\/eirocinante\/?page_id=3496"},"modified":"2023-06-14T11:13:51","modified_gmt":"2023-06-14T11:13:51","slug":"protocolo-altas-temperaturas","status":"publish","type":"page","link":"https:\/\/blogsaverroes.juntadeandalucia.es\/eirocinante\/protocolo-altas-temperaturas\/","title":{"rendered":"PROTOCOLO ALTAS TEMPERATURAS"},"content":{"rendered":"<p><strong><u>PROTOCOLO ANTE OLAS DE CALOR O TEMPERATURAS EXCEPCIONALES<\/u><\/strong><\/p>\n<ol>\n<li><strong>INTRODUCCI\u00d3N<\/strong><\/li>\n<\/ol>\n<p>&nbsp;&nbsp; Ante los nuevos escenarios clim\u00e1ticos en los que nos encontramos, considerados hoy en d\u00eda como cambio clim\u00e1tico y que repercuten de forma directa en nuestra vida diaria, debemos establecer una serie de medidas organizativas, que contribuyan a paliar los efectos no deseados provocados por situaciones de ola de calor o temperaturas extremas.<\/p>\n<p>&nbsp;&nbsp; La atenci\u00f3n y protecci\u00f3n de todo el personal que se encuentre en nuestro centro educativo debe ser una prioridad; por ello, se articular\u00e1n una serie de medidas tanto organizativas, como de medios y materiales que pueda dar respuesta a estas problem\u00e1ticas situaciones derivadas de episodios de altas temperaturas.<\/p>\n<p>&nbsp;&nbsp; Por otra parte, la normativa vigente por la que se aprueban los correspondientes Reglamentos Org\u00e1nicos de los centros docentes, establece que el reglamento de organizaci\u00f3n y funcionamiento, teniendo en cuenta las caracter\u00edsticas propias del centro, contemplar\u00e1, entre otros aspectos, el Plan de Autoprotecci\u00f3n del centro. Es por ello que se deber\u00e1n recoger estas medidas e incorporarse al plan de autoprotecci\u00f3n del centro como indica la Orden 16 de abril de 2008 para la elaboraci\u00f3n y registro del plan de autoprotecci\u00f3n de los centros docentes p\u00fablicos.<\/p>\n<p>&nbsp;&nbsp; Para la elaboraci\u00f3n de este protocolo,se ha tenido en cuenta las instrucciones de 5 de mayo de 2023 de la viceconsejer\u00eda de desarrollo educativo para la adopci\u00f3n de medidas organizativas ante olas de calor o altas temperaturas excepcionales.<\/p>\n<ol start=\"2\">\n<li><strong>DIFUSI\u00d3N Y CONOCIMIENTO<\/strong><\/li>\n<\/ol>\n<p>Tras la elaboraci\u00f3n del protocolo se reunir\u00e1 la Consejo Escolar del centro para su lectura y aprobaci\u00f3n si procede y su inclusi\u00f3n en el Plan de Autoprotecci\u00f3n del mismo.<\/p>\n<p>Una vez aprobado en Consejo Escolar se subir\u00e1 a la p\u00e1gina web del centro y se informar\u00e1 a las familias a trav\u00e9s de los cauces habituales de informaci\u00f3n.<\/p>\n<ol start=\"3\">\n<li><strong>DESCRIPCI\u00d3N DEL CENTRO<\/strong><\/li>\n<\/ol>\n<p>&nbsp;&nbsp; Para este apartado nos remitimos al punto 2 de nuestro plan de autoprotecci\u00f3n.<\/p>\n<ol start=\"4\">\n<li><strong>FASES DEL PROTOCOLO. MEDIDA Y ACTUACIONES.&nbsp;<\/strong><\/li>\n<\/ol>\n<p><strong>A) MEDIDAS DE PREVENCI\u00d3N<\/strong><\/p>\n<p>&nbsp;&nbsp; Con la llegada de la primavera y los primeros d\u00edas de altas temperaturas, es conveniente realizar en nuestro centro una serie de medidas destinadas a prevenir posibles efectos adversos debido a las altas temperaturas:<\/p>\n<ul>\n<li>Se debe utilizar ropa c\u00f3moda y fresca, de algod\u00f3n o material absorbente que permita el movimiento y no guarden mucho el calor corporal.<\/li>\n<li>El calzado debe ser c\u00f3modo, ligero y transpirable.<\/li>\n<li>Utilizar gorras o similar antes de salir al patio y\/o zonas abiertas.<\/li>\n<li>Refrescarse la cabeza con cuidado antes de salir a zonas abiertas o soleadas.<\/li>\n<li>Promocionar el uso de las cremas de protecci\u00f3n solar para caras, brazos y zonas de la piel expuestas.<\/li>\n<li>Adecuar los horarios de la psicomotricidad a las primeras horas de la ma\u00f1ana evitando las horas de mayor temperatura o en lugares de sombra con menos calor.<\/li>\n<li>Reforzar todo material necesario para las situaciones de altas temperaturas.<\/li>\n<li>Promocionar la educaci\u00f3n para la salud entre las familias para el asesoramiento de todas estas medidas y la responsabilidad como familias de colaborar en ellas tanto en proporcionar el agua, el tipo de vestimenta, las cremas solares, etc.<\/li>\n<li>Aireaci\u00f3n diaria de todas las aulas antes de la llegada del alumnado.<\/li>\n<\/ul>\n<p>&nbsp;&nbsp; Toda esta informaci\u00f3n de car\u00e1cter preventivo se trasladar\u00e1 las familias del centro a trav\u00e9s de los grupos de whatsApp de las respectivas clases, con el comienzo de los primeros d\u00edas de temperaturas altas.<\/p>\n<p><strong>B) MEDIDAS ORGANIZATIVAS GENERALES.<\/strong><\/p>\n<p>&nbsp;&nbsp; Ante situaciones de olas de calor o temperaturas excepcionalmente altas con el fin de atender y proteger a todos los miembros de la comunidad educativa se dispondr\u00e1n las siguientes medidas organizativas de car\u00e1cter general:<\/p>\n<ul>\n<li>Se evitar\u00e1 la realizaci\u00f3n de actividad f\u00edsica o de los recreos en el patio carente de espacios con sombra. Para ello se utilizar\u00e1 la parte sombr\u00eda del patio. En el caso de alerta roja se realizar\u00e1 siempre dentro de clase.<\/li>\n<li>Se podr\u00e1 adelantar el horario del recreo a primera hora de la ma\u00f1ana, estando en las horas de m\u00e1s calor dentro de las clases o en la sala de psicomotricidad que est\u00e1 provistas de aire acondicionado.<\/li>\n<li>En la medida de lo posible y siempre que fuese posible se podr\u00eda intercambiar el horario de psicomotricidad a primeras horas del d\u00eda aprovechando las temperaturas m\u00e1s frescas.<\/li>\n<li>Ante estos episodios de calor se ofrecer\u00e1 agua m\u00e1s asiduamente al alumnado con el fin de que est\u00e9n hidratados.<\/li>\n<li>Favorecer las actividades sedentarias y evitar aquellas intensas en las horas m\u00e1s calurosas.<\/li>\n<li>Adaptar los ritmos de trabajo a las condiciones clim\u00e1ticas y tolerancia de los empleados al calor.<\/li>\n<li>Reducir la temperatura del interior mejorando la ventilaci\u00f3n: utilizar las persianas a partir del mediod\u00eda, hacer uso de la ventilaci\u00f3n cruzada (.<\/li>\n<li>En las ventanas con radiaci\u00f3n solar directa, se deber\u00e1n bajar las persianas para evitar la acumulaci\u00f3n de aire caliente.<\/li>\n<li>Se podr\u00e1 hacer uso del aire acondicionado con una temperatura no superior a 26 grados.<\/li>\n<li>Cuando la persona tenga s\u00edntomas de efectos adversos de calor, dejarla reposar en una habitaci\u00f3n fresca y tranquila y si est\u00e1 consciente que beba agua fresca. Llamar al 112 o a la asistencia sanitaria m\u00e1s cercana.<\/li>\n<li>En los d\u00edas que se prevean de activaci\u00f3n del protocolo, se refrescar\u00e1n las zonas expuestas al aire libre con el fin de humedecer el suelo.<\/li>\n<li>En los patios se colocan toldos para dar sombrar los meses m\u00e1s calurosos.<\/li>\n<li>Se programar\u00e1n para los ni\u00f1os y ni\u00f1as actividades y juegos con agua.<\/li>\n<\/ul>\n<p><strong>C) MEDIDAS ESPEC\u00cdFICAS<\/strong><\/p>\n<ul>\n<li>Posibilidad de flexibilizar el horario lectivo del alumnado con la salida anticipada a partir de las 12 del mediod\u00eda en aquellos d\u00edas en los que se active la alerta naranja o roja. Dicha salida deber\u00e1 ser autorizada por sus representantes legales firmando en el registro de salidas del centro.<\/li>\n<li>Aunque el centro no dispone actualmente de servicios complementarios, estos, si los hubiere no deber\u00e1n alterarse manteniendo los horarios establecidos.<\/li>\n<\/ul>\n<p>&nbsp;<\/p>\n<p><strong>D) MEDIDAS DE PRIMEROS AUXILIOS.<\/strong><\/p>\n<p>&nbsp;&nbsp; &nbsp;&nbsp;&nbsp;&nbsp;&nbsp; El calor no afecta a todas las personas por igual, algunas son m\u00e1s vulnerables por lo que tenemos que prestar especial atenci\u00f3n a:<\/p>\n<ul>\n<li>Personal infantil, especialmente los y las menores de 4 a\u00f1os.<\/li>\n<li>Personas con enfermedades cr\u00f3nicas y tratamientos con determinados f\u00e1rmacos.<\/li>\n<li>Personas con diversidad funcional<\/li>\n<li>Embarazadas<\/li>\n<li>Personas con obesidad y exceso de peso.<\/li>\n<\/ul>\n<p>Podemos encontrarnos con las siguientes situaciones:<\/p>\n<ul>\n<li><strong>Erupciones cut\u00e1neas<\/strong>: sarpullido de toda la vida.\n<ul>\n<li>Causa, piel mojada por exceso de sudor o humedad.<\/li>\n<li>Sus s\u00edntomas ser\u00edan picor intenso y podr\u00eda infectarse.<\/li>\n<li>\u00bfQu\u00e9 hacer? Limpiaremos la piel y la secaremos y cambiar ropa h\u00fameda por seca.<\/li>\n<\/ul>\n<\/li>\n<\/ul>\n<ul>\n<li><strong>Deshidrataci\u00f3n:<\/strong> p\u00e9rdida excesiva de agua.\n<ul>\n<li>Sus s\u00edntomas son la sed, sequedad de mucosa y la piel, fatiga, aturdimiento y orina oscura, menos frecuente y menos volumen.<\/li>\n<li>\u00bfQu\u00e9 hacer? Tumbar con piernas en alto, quitar o aflojar la ropa y refrescar tomando agua o abanicando.<\/li>\n<\/ul>\n<\/li>\n<\/ul>\n<ul>\n<li><strong>Calambres: <\/strong>\n<ul>\n<li>Causa, p\u00e9rdida excesiva de sales por el sudor. Debemos reponer agua sin reponer sales.<\/li>\n<li>Sus s\u00edntomas son contracturas musculares, dolorosas, breves, intermitentes, en la \u00faltima parte del ejercicio o despu\u00e9s de haber terminado.<\/li>\n<li>\u00bfQu\u00e9 hacer? Estiramientos suaves, frotar el m\u00fasculo, no hacer ejercicio en las siguientes horas. Si persiste m\u00e1s de una hora, llamar al m\u00e9dico.<\/li>\n<\/ul>\n<\/li>\n<\/ul>\n<ul>\n<li><strong>Agotamiento por calor: <\/strong>\n<ul>\n<li>Causa: esfuerzo continuado con calor y p\u00e9rdida de sales y agua en sudor.<\/li>\n<li>S\u00edntomas: debilidad, n\u00e1useas, v\u00f3mitos, cefaleas, piel pegajosa o sudorosa, mareos, calambres, irritabilidad, ansiedad, temperatura normal o algo ya elevada.<\/li>\n<li>\u00bfQu\u00e9 hacer? Lugar fresco, agua fresca con sales o bebidas isot\u00f3nicas, tumbar con piernas en alto. Aflojar y quitar ropa, refrescar rociando agua o abanicando.<\/li>\n<\/ul>\n<\/li>\n<\/ul>\n<ul>\n<li><strong>S\u00edncope por calor<\/strong>:\n<ul>\n<li>causas: estar de pie e inm\u00f3vil en un lugar caluroso.<\/li>\n<li>S\u00edntomas: desvanecimiento, visi\u00f3n borrosa y mareos.<\/li>\n<li>\u00bfQu\u00e9 hacer? Tumbar con piernas elevadas, si est\u00e1 consciente, lo pondremos en posici\u00f3n lateral de seguridad.<\/li>\n<\/ul>\n<\/li>\n<\/ul>\n<ul>\n<li><strong>Golpe de calor<\/strong>:\n<ul>\n<li>causa, estr\u00e9s por calor, habiendo un fallo en el sistema de termorregulaci\u00f3n.<\/li>\n<li>S\u00edntomas: piel seca y caliente, disminuye la sudoraci\u00f3n, fiebre de 39\u00ba-40\u00ba, alteraci\u00f3n de la consciencia, dolor de cabeza, mareos, delirios, convulsiones, etc.<\/li>\n<li>Situaciones de riesgo: trabajadores no aclimatados, enfermedades cardiovasculares, obesidad, deshidrataci\u00f3n, alcohol y otro agotamiento por calor. Todo esto puedo ocurrir de forma abrupta sin s\u00edntomas previos.<\/li>\n<li>\u00bfQu\u00e9 hacer? Retirar del calor y enfriar r\u00e1pidamente, lugar fresco, aflojar o quitar ropa, tumbar, si tiene p\u00e9rdida de consciencia se colocar\u00e1 en Posici\u00f3n Lateral de Seguridad (PLS), abanicar, envolver en una tela empapada con agua fresca, ba\u00f1ar con agua fr\u00eda.<\/li>\n<li>\u00bfQu\u00e9 no hacer? Dar bebida si est\u00e1 seminconsciente, usar hielo directamente, llamar al 112.<\/li>\n<\/ul>\n<\/li>\n<\/ul>\n<p>&nbsp;<\/p>\n<ol start=\"5\">\n<li><strong>CRITERIOS PARA LA ACTIVACI\u00d3N DEL PROTOCOLO DE ACTUACI\u00d3N<\/strong><\/li>\n<\/ol>\n<p>&nbsp;&nbsp; La Directora del centro es la encargada de activar el protocolo, para ellos se tendr\u00e1n en cuenta aquellos avisos meteorol\u00f3gicos oficiales que afecten a la zona geogr\u00e1fica de nuestro centro, especialmente los avisos naranja y rojo. Para ello adjuntamos la siguiente tabla que nos permite tener en cuenta la superaci\u00f3n de los umbrales de temperaturas m\u00e1ximas.<\/p>\n<table>\n<tbody>\n<tr>\n<td width=\"566\"><strong>Nivel verde o nivel 0<\/strong>: no se prev\u00e9 que se superen durante cinco d\u00edas consecutivos las temperaturas umbrales m\u00e1ximas y m\u00ednimas.<\/td>\n<\/tr>\n<tr>\n<td width=\"566\"><strong>Nivel amarillo o nivel 1<\/strong>: se prev\u00e9 la superaci\u00f3n de las temperatura umbrales m\u00e1ximas y m\u00ednimas durante uno o dos d\u00edas seguidos.<\/td>\n<\/tr>\n<tr>\n<td width=\"566\"><strong>Nivel naranja o nivel 2<\/strong>: se prev\u00e9 la superaci\u00f3n de las temperaturas umbrales m\u00e1ximas y m\u00ednimas durante tres o cuatro d\u00edas seguidos.<\/td>\n<\/tr>\n<tr>\n<td width=\"566\"><strong>Nivel m\u00e1ximas y m\u00ednimas rojo o nivel 3<\/strong>: se prev\u00e9 la superaci\u00f3n de las temperaturas umbrales m\u00e1ximas y m\u00ednimas durante cinco o m\u00e1s d\u00edas seguidos.<\/td>\n<\/tr>\n<\/tbody>\n<\/table>\n<p>&nbsp;<\/p>\n<p>&nbsp;&nbsp; Gracias a la disponibilidad de las predicciones de temperaturas con cinco d\u00edas de antelaci\u00f3n nos permite dar recomendaciones a la poblaci\u00f3n escolar para adoptar medidas de protecci\u00f3n.<\/p>\n<p>&nbsp;<\/p>\n<ol start=\"6\">\n<li><strong>COORDINACI\u00d3N, DIFUSI\u00d3N Y CONOCIMIENTO.<\/strong><\/li>\n<\/ol>\n<p>&nbsp;&nbsp; Las funciones del personal implicado en este protocolo ser\u00e1n las siguientes:<\/p>\n<ul>\n<li>Cada tutor, a nivel de aula ser\u00e1 el encargado de poner en marcha la mayor\u00eda de las medidas de car\u00e1cter preventivo y organizativo con el alumnado de su grupo, principalmente las de recordar medidas e informar a las familias, ventilaci\u00f3n del aula\u2026 Pondr\u00e1n en conocimiento de la direcci\u00f3n aquellos cambios en el horario que se prevean para mitigar esos efectos del calor.<\/li>\n<li>Ser\u00e1n funciones de las tutoras revisar todo lo referente a la ventilaci\u00f3n de las aulas, as\u00ed como las empleadas de la limpieza (PLA)el de una vez que finalicen las clases adoptar aquellas medidas necesarias que se deriven en lo referente al cierre de persianas, ventanas, apagados de aparatos\u2026<\/li>\n<li>Ser\u00e1n funciones de la direcci\u00f3n, activar el protocolo, suprimir o aplazar actividades consultando previamente con el consejo escolar, poner en marcha las medidas espec\u00edficas que se detallan en este protocolo, transmitir a la inspecci\u00f3n aquellas medidas organizativas que procedan o comunicar cualquier tipo de incidencia.<\/li>\n<\/ul>\n<p>&nbsp; &nbsp;&nbsp;&nbsp;&nbsp;&nbsp;&nbsp;&nbsp;&nbsp;&nbsp; &nbsp;<\/p>\n<ol start=\"7\">\n<li><strong>EVALUACI\u00d3N, REVISI\u00d3N Y ACTUALIZACI\u00d3N.<\/strong><\/li>\n<\/ol>\n<p>&nbsp;&nbsp; Para la aplicaci\u00f3n de este protocolo se hace necesario que el personal del centro realice aquellas formaciones que la Consejer\u00eda desarrolle para este \u00e1mbito. Asimismo, se llevar\u00e1 a cabo una coordinaci\u00f3n con la enfermera de enlace del centro de salud de la zona para recibir asesoramiento sobre estos temas.<\/p>\n<p>&nbsp;&nbsp; Con la finalidad de conocer la utilidad de este protocolo y de verificar su utilidad y eficacia conviene realizar evaluaciones peri\u00f3dicas. Una vez sea aplicado este protocolo y cumplimentado el informe anual en S\u00e9neca de aquellas incidencias que se hubieran producido se realizar\u00e1n propuestas destinadas a evitar su repetici\u00f3n. Una vez conocido los resultados se realizar\u00e1 un informe por parte del coordinador del Plan de Autoprotecci\u00f3n que permitan comprobar la eficacia de las medidas organizativas.<\/p>\n<p>&nbsp;&nbsp; Este protocolo ser\u00e1 siempre abierto y flexible, dispuesto a cualquier tipo de modificaci\u00f3n que pueda ir surgiendo.<\/p>\n<p>&nbsp;<\/p>\n<p>&nbsp;<\/p>\n<p>&nbsp;<\/p>\n<p>&nbsp;<\/p>\n<p>&nbsp;<\/p>\n","protected":false},"excerpt":{"rendered":"<p>PROTOCOLO ANTE OLAS DE CALOR O TEMPERATURAS EXCEPCIONALES INTRODUCCI\u00d3N &nbsp;&nbsp; Ante los nuevos escenarios clim\u00e1ticos en los que nos encontramos, considerados hoy en d\u00eda como cambio clim\u00e1tico y que repercuten de forma directa en nuestra vida diaria, debemos establecer una serie de medidas organizativas, que contribuyan a paliar los efectos no deseados provocados por situaciones &hellip; <\/p>\n<p><a class=\"more-link btn\" href=\"https:\/\/blogsaverroes.juntadeandalucia.es\/eirocinante\/protocolo-altas-temperaturas\/\">Seguir leyendo<\/a><\/p>\n","protected":false},"author":5934,"featured_media":0,"parent":0,"menu_order":0,"comment_status":"closed","ping_status":"closed","template":"","meta":{"ngg_post_thumbnail":0,"footnotes":"","_mc_calendar":[]},"aioseo_notices":[],"_links":{"self":[{"href":"https:\/\/blogsaverroes.juntadeandalucia.es\/eirocinante\/wp-json\/wp\/v2\/pages\/3496"}],"collection":[{"href":"https:\/\/blogsaverroes.juntadeandalucia.es\/eirocinante\/wp-json\/wp\/v2\/pages"}],"about":[{"href":"https:\/\/blogsaverroes.juntadeandalucia.es\/eirocinante\/wp-json\/wp\/v2\/types\/page"}],"author":[{"embeddable":true,"href":"https:\/\/blogsaverroes.juntadeandalucia.es\/eirocinante\/wp-json\/wp\/v2\/users\/5934"}],"replies":[{"embeddable":true,"href":"https:\/\/blogsaverroes.juntadeandalucia.es\/eirocinante\/wp-json\/wp\/v2\/comments?post=3496"}],"version-history":[{"count":3,"href":"https:\/\/blogsaverroes.juntadeandalucia.es\/eirocinante\/wp-json\/wp\/v2\/pages\/3496\/revisions"}],"predecessor-version":[{"id":3501,"href":"https:\/\/blogsaverroes.juntadeandalucia.es\/eirocinante\/wp-json\/wp\/v2\/pages\/3496\/revisions\/3501"}],"wp:attachment":[{"href":"https:\/\/blogsaverroes.juntadeandalucia.es\/eirocinante\/wp-json\/wp\/v2\/media?parent=3496"}],"curies":[{"name":"wp","href":"https:\/\/api.w.org\/{rel}","templated":true}]}}