{"id":4075,"date":"2025-10-06T11:26:03","date_gmt":"2025-10-06T11:26:03","guid":{"rendered":"https:\/\/blogsaverroes.juntadeandalucia.es\/eirocinante\/?page_id=4075"},"modified":"2025-10-06T11:32:13","modified_gmt":"2025-10-06T11:32:13","slug":"calendario-2","status":"publish","type":"page","link":"https:\/\/blogsaverroes.juntadeandalucia.es\/eirocinante\/calendario-2\/","title":{"rendered":"CALENDARIO"},"content":{"rendered":"<p style=\"text-align: center\"><u>SEPTIEMBRE<\/u><\/p>\n<p>1 Y 2: REUNIONES Y ENTREVISTAS INICIALES CON LAS FAMILIAS<\/p>\n<p>3: COMIENZO DEL CRUSO ESCOLAR<\/p>\n<p><span style=\"color: #ff0000\">24: FESTIVO LOCAL<\/span><\/p>\n<p>30: REUNI\u00d3N AMPA, ELECCI\u00d3N DE COMPONENTES<\/p>\n<p style=\"text-align: center\"><u>OCTUBRE<\/u><\/p>\n<p><span style=\"color: #ff0000\">13: FESTIVO NACIONAL (TRASLADO DEL D\u00cdA 12)<\/span><\/p>\n<p style=\"text-align: center\"><u>NOVIEMBRE<\/u><\/p>\n<p>16: D\u00cdA DEL FLAMENCO<\/p>\n<p>20 D\u00cdA DE LOS DERECHOS DEL NI\u00d1O\/A<\/p>\n<p style=\"text-align: center\"><u>DICIEMBRE<\/u><\/p>\n<p><span style=\"color: #ff0000\">8: FESTIVO NACIONAL<\/span><\/p>\n<p>18: FIESTA DE NAVIDAD<\/p>\n<p><span style=\"color: #ff0000\">DEL 23&nbsp; AL 4 DE ENERO AMBOS INCLUSIVE: VACACIONES DEL PERSONAL DE LA ESCUELA<\/span><\/p>\n<p>Durante el periodo vacacional de Navidad la Escuela permanecer\u00e1 ABIERTA los d\u00edas h\u00e1biles para aquellas familias que lo necesitaran por motivos laborales.<\/p>\n<ol start=\"24\">\n<li><span style=\"color: #ff0000\">D\u00cdA NO LECTIVO<\/span><\/li>\n<li><span style=\"color: #ff0000\">FESTIVIDAD DE NAVIDAD<\/span><\/li>\n<li><span style=\"color: #ff0000\">D\u00cdA NO LECTIVO<\/span><\/li>\n<\/ol>\n<p style=\"text-align: center\"><u>ENERO<\/u><\/p>\n<ol>\n<li><span style=\"color: #ff0000\">FESTIVIDAD DE A\u00d1O NUEVO<\/span><\/li>\n<li><span style=\"color: #ff0000\">NO LECTIVO<\/span><\/li>\n<li><span style=\"color: #ff0000\">FESTIVIDAD D\u00cdA DE REYES<\/span><\/li>\n<\/ol>\n<p>30: D\u00cdA DE LA PAZ Y LA NO VIOLENCIA<\/p>\n<p style=\"text-align: center\"><u>FEBRERO<\/u><\/p>\n<p>DEL 16 AL 20: SEMANA DE CARNAVAL<\/p>\n<p>26: CELEBRACI\u00d3N DEL D\u00cdA DE ANDALUC\u00cdA<\/p>\n<ol start=\"27\">\n<li><span style=\"color: #ff0000\">D\u00cdA NO LECTIVO. D\u00cdA DE LA COMUNIDAD EDUCATIVA<\/span><\/li>\n<li><span style=\"color: #ff0000\">FESTIVO. D\u00cdA DE ANDALUC\u00cdA<\/span><\/li>\n<\/ol>\n<p style=\"text-align: center\"><u>MARZO<\/u><\/p>\n<p>9: D\u00cdA INTERNACIONAL DE LA MUJER<\/p>\n<p style=\"text-align: center\"><u>ABRIL<\/u><\/p>\n<p><span style=\"color: #ff0000\">DEL 29 AL 5 DE ABRIL: VACACIONES DE SEMANA SANTA&nbsp;<\/span><\/p>\n<p>Durante el periodo vacacional de Semana Santa, la Escuela permanecer\u00e1 ABIERTA los d\u00edas h\u00e1biles para aquellas familias que lo necesitaran por motivos laborales.<\/p>\n<ol start=\"2\">\n<li><span style=\"color: #ff0000\">JUEVES SANTO<\/span><\/li>\n<li><span style=\"color: #ff0000\">FESTIVO VIERNES SANTO<\/span><\/li>\n<\/ol>\n<p>&nbsp;<\/p>\n<p>23: D\u00cdA DEL LIBRO<\/p>\n<p style=\"text-align: center\"><u>MAYO<\/u><\/p>\n<ol>\n<li><span style=\"color: #ff0000\">D\u00cdA DEL TRABAJO<\/span><\/li>\n<\/ol>\n<p>DEL 11 AL 15: FERIA<\/p>\n<ol start=\"11\">\n<li><span style=\"color: #ff0000\">FESTIVIDAD LOCAL. FERIA<\/span><\/li>\n<\/ol>\n<p style=\"text-align: center\"><u>JUNIO<\/u><\/p>\n<p>En la tercera semana de junio se celebrar\u00e1 la fiesta de fin de curso. Fecha por determinar<\/p>\n<p style=\"text-align: center\"><u>JULIO<\/u><\/p>\n<p>A partir del 10 de julio el personal de la escuela comenzar\u00e1 sus vacaciones de verano. La escuela permanecer\u00e1 abierta hasta el 30 de julio para aquellas familias que lo necesiten, los ni\u00f1os y ni\u00f1as quedar\u00e1n a cargo de la empresa externa.<\/p>\n<p>El mes de agosto la escuela permanecer\u00e1 cerrada.<\/p>\n","protected":false},"excerpt":{"rendered":"<p>SEPTIEMBRE 1 Y 2: REUNIONES Y ENTREVISTAS INICIALES CON LAS FAMILIAS 3: COMIENZO DEL CRUSO ESCOLAR 24: FESTIVO LOCAL 30: REUNI\u00d3N AMPA, ELECCI\u00d3N DE COMPONENTES OCTUBRE 13: FESTIVO NACIONAL (TRASLADO DEL D\u00cdA 12) NOVIEMBRE 16: D\u00cdA DEL FLAMENCO 20 D\u00cdA DE LOS DERECHOS DEL NI\u00d1O\/A DICIEMBRE 8: FESTIVO NACIONAL 18: FIESTA DE NAVIDAD DEL 23&nbsp; &hellip; <\/p>\n<p><a class=\"more-link btn\" href=\"https:\/\/blogsaverroes.juntadeandalucia.es\/eirocinante\/calendario-2\/\">Seguir leyendo<\/a><\/p>\n","protected":false},"author":5934,"featured_media":0,"parent":0,"menu_order":0,"comment_status":"closed","ping_status":"closed","template":"","meta":{"ngg_post_thumbnail":0,"footnotes":"","_mc_calendar":[]},"aioseo_notices":[],"_links":{"self":[{"href":"https:\/\/blogsaverroes.juntadeandalucia.es\/eirocinante\/wp-json\/wp\/v2\/pages\/4075"}],"collection":[{"href":"https:\/\/blogsaverroes.juntadeandalucia.es\/eirocinante\/wp-json\/wp\/v2\/pages"}],"about":[{"href":"https:\/\/blogsaverroes.juntadeandalucia.es\/eirocinante\/wp-json\/wp\/v2\/types\/page"}],"author":[{"embeddable":true,"href":"https:\/\/blogsaverroes.juntadeandalucia.es\/eirocinante\/wp-json\/wp\/v2\/users\/5934"}],"replies":[{"embeddable":true,"href":"https:\/\/blogsaverroes.juntadeandalucia.es\/eirocinante\/wp-json\/wp\/v2\/comments?post=4075"}],"version-history":[{"count":3,"href":"https:\/\/blogsaverroes.juntadeandalucia.es\/eirocinante\/wp-json\/wp\/v2\/pages\/4075\/revisions"}],"predecessor-version":[{"id":4079,"href":"https:\/\/blogsaverroes.juntadeandalucia.es\/eirocinante\/wp-json\/wp\/v2\/pages\/4075\/revisions\/4079"}],"wp:attachment":[{"href":"https:\/\/blogsaverroes.juntadeandalucia.es\/eirocinante\/wp-json\/wp\/v2\/media?parent=4075"}],"curies":[{"name":"wp","href":"https:\/\/api.w.org\/{rel}","templated":true}]}}