{"id":42,"date":"2015-03-13T08:40:47","date_gmt":"2015-03-13T08:40:47","guid":{"rendered":"http:\/\/blogsaverroes.juntadeandalucia.es\/pre\/ceip\/?page_id=42"},"modified":"2025-04-08T11:47:04","modified_gmt":"2025-04-08T11:47:04","slug":"equipo-directivo","status":"publish","type":"page","link":"https:\/\/blogsaverroes.juntadeandalucia.es\/eirocinante\/equipo-directivo\/","title":{"rendered":"Personal del centro"},"content":{"rendered":"<p>Bienvenidos y bienvenidas a la p\u00e1gina web de nuestro centro. Queremos con ella darnos a conocer tanto como grupo humano como las instalaciones y&nbsp; nuetro proyecto educativo. Pretendemos que sea un escaparate en el que aparezcan&nbsp; nuestras experiencias, vivencias y aprendizajes.&nbsp;<\/p>\n<p>Nuestra escuela ha pasado a lo largo de su vida de m\u00e1s de 40 a\u00f1os por distintas administraciones p\u00fablicas hasta que en el a\u00f1o 2009&nbsp; la Consejer\u00eda de Educaci\u00f3n absorve a las escuelas infantiles. Actualmente somos un centro propio de la Junta de Andaluc\u00eda.<\/p>\n<p>Queremos que este sitio web portal sea el punto de encuentro que d\u00e9 informaci\u00f3n y respuesta a muchas de vuestras preguntas.<\/p>\n<p>&nbsp;<\/p>\n","protected":false},"excerpt":{"rendered":"<p>Bienvenidos y bienvenidas a la p\u00e1gina web de nuestro centro. Queremos con ella darnos a conocer tanto como grupo humano como las instalaciones y&nbsp; nuetro proyecto educativo. Pretendemos que sea un escaparate en el que aparezcan&nbsp; nuestras experiencias, vivencias y aprendizajes.&nbsp; Nuestra escuela ha pasado a lo largo de su vida de m\u00e1s de 40 &hellip; <\/p>\n<p><a class=\"more-link btn\" href=\"https:\/\/blogsaverroes.juntadeandalucia.es\/eirocinante\/equipo-directivo\/\">Seguir leyendo<\/a><\/p>\n","protected":false},"author":1,"featured_media":0,"parent":0,"menu_order":0,"comment_status":"closed","ping_status":"open","template":"","meta":{"ngg_post_thumbnail":0,"footnotes":"","_mc_calendar":[]},"aioseo_notices":[],"_links":{"self":[{"href":"https:\/\/blogsaverroes.juntadeandalucia.es\/eirocinante\/wp-json\/wp\/v2\/pages\/42"}],"collection":[{"href":"https:\/\/blogsaverroes.juntadeandalucia.es\/eirocinante\/wp-json\/wp\/v2\/pages"}],"about":[{"href":"https:\/\/blogsaverroes.juntadeandalucia.es\/eirocinante\/wp-json\/wp\/v2\/types\/page"}],"author":[{"embeddable":true,"href":"https:\/\/blogsaverroes.juntadeandalucia.es\/eirocinante\/wp-json\/wp\/v2\/users\/1"}],"replies":[{"embeddable":true,"href":"https:\/\/blogsaverroes.juntadeandalucia.es\/eirocinante\/wp-json\/wp\/v2\/comments?post=42"}],"version-history":[{"count":9,"href":"https:\/\/blogsaverroes.juntadeandalucia.es\/eirocinante\/wp-json\/wp\/v2\/pages\/42\/revisions"}],"predecessor-version":[{"id":3992,"href":"https:\/\/blogsaverroes.juntadeandalucia.es\/eirocinante\/wp-json\/wp\/v2\/pages\/42\/revisions\/3992"}],"wp:attachment":[{"href":"https:\/\/blogsaverroes.juntadeandalucia.es\/eirocinante\/wp-json\/wp\/v2\/media?parent=42"}],"curies":[{"name":"wp","href":"https:\/\/api.w.org\/{rel}","templated":true}]}}