{"id":871,"date":"2015-03-16T07:25:46","date_gmt":"2015-03-16T07:25:46","guid":{"rendered":"http:\/\/blogsaverroes.juntadeandalucia.es\/pre\/ceip\/?page_id=106"},"modified":"2018-03-21T13:04:13","modified_gmt":"2018-03-21T13:04:13","slug":"actividades-extraescolares","status":"publish","type":"page","link":"https:\/\/blogsaverroes.juntadeandalucia.es\/eirocinante\/actividades-extraescolares\/","title":{"rendered":"Actividades complementarias"},"content":{"rendered":"<p style=\"text-align: left\">&nbsp;<\/p>\n<h4 style=\"text-align: center\">&nbsp;Actividades complementarias<\/h4>\n<p>En el centro se realizan convivencias con las familias a lo largo del curso con el objetivo de estrechar lazos y crear v\u00ednculos afectivos entre toda la comunidad educativa.<\/p>\n<p>Tenemos tres actividades fijas como son la zambomba jerezana, el d\u00eda de la paz y la excursi\u00f3n-convivencia con estos objetivos, sin perjuicio de que en cada curso escolar se programen o surjan otros momentos o encuentros que siempre estaremos dispuestos a&nbsp; organizar. &nbsp;<\/p>\n","protected":false},"excerpt":{"rendered":"<p>&nbsp; &nbsp;Actividades complementarias En el centro se realizan convivencias con las familias a lo largo del curso con el objetivo de estrechar lazos y crear v\u00ednculos afectivos entre toda la comunidad educativa. Tenemos tres actividades fijas como son la zambomba jerezana, el d\u00eda de la paz y la excursi\u00f3n-convivencia con estos objetivos, sin perjuicio de &hellip; <\/p>\n<p><a class=\"more-link btn\" href=\"https:\/\/blogsaverroes.juntadeandalucia.es\/eirocinante\/actividades-extraescolares\/\">Seguir leyendo<\/a><\/p>\n","protected":false},"author":1,"featured_media":0,"parent":0,"menu_order":0,"comment_status":"closed","ping_status":"open","template":"","meta":{"ngg_post_thumbnail":0,"footnotes":"","_mc_calendar":[]},"aioseo_notices":[],"_links":{"self":[{"href":"https:\/\/blogsaverroes.juntadeandalucia.es\/eirocinante\/wp-json\/wp\/v2\/pages\/871"}],"collection":[{"href":"https:\/\/blogsaverroes.juntadeandalucia.es\/eirocinante\/wp-json\/wp\/v2\/pages"}],"about":[{"href":"https:\/\/blogsaverroes.juntadeandalucia.es\/eirocinante\/wp-json\/wp\/v2\/types\/page"}],"author":[{"embeddable":true,"href":"https:\/\/blogsaverroes.juntadeandalucia.es\/eirocinante\/wp-json\/wp\/v2\/users\/1"}],"replies":[{"embeddable":true,"href":"https:\/\/blogsaverroes.juntadeandalucia.es\/eirocinante\/wp-json\/wp\/v2\/comments?post=871"}],"version-history":[{"count":5,"href":"https:\/\/blogsaverroes.juntadeandalucia.es\/eirocinante\/wp-json\/wp\/v2\/pages\/871\/revisions"}],"predecessor-version":[{"id":2352,"href":"https:\/\/blogsaverroes.juntadeandalucia.es\/eirocinante\/wp-json\/wp\/v2\/pages\/871\/revisions\/2352"}],"wp:attachment":[{"href":"https:\/\/blogsaverroes.juntadeandalucia.es\/eirocinante\/wp-json\/wp\/v2\/media?parent=871"}],"curies":[{"name":"wp","href":"https:\/\/api.w.org\/{rel}","templated":true}]}}