{"id":99,"date":"2015-03-16T07:22:54","date_gmt":"2015-03-16T07:22:54","guid":{"rendered":"http:\/\/blogsaverroes.juntadeandalucia.es\/pre\/ceip\/?page_id=99"},"modified":"2023-02-08T15:18:16","modified_gmt":"2023-02-08T15:18:16","slug":"comedor-escolar","status":"publish","type":"page","link":"https:\/\/blogsaverroes.juntadeandalucia.es\/eirocinante\/comedor-escolar\/","title":{"rendered":"Comedor escolar"},"content":{"rendered":"<h4 style=\"text-align: center\">COMEDOR DE LA ESCUELA INFANTIL ROCINANTE<\/h4>\n<h4>&nbsp;<\/h4>\n<p>La alimentaci\u00f3n como algo vital para las personas, con repercusiones en todas las facetas del desarrollo e implicaciones afectivas, cognitivas, relacionales, biol\u00f3gicas, etc., es una actividad id\u00f3nea a trav\u00e9s de la cual podemos favorecer la consecuci\u00f3n de los objetivos propuestos.<\/p>\n<p>Es un acto relacional y social. Desde el nacimiento, este tiempo y actividad se comparte con alguien m\u00e1s (la madre, el padre u otros adultos), y poco a poco, a medida que se va creciendo en autonom\u00eda, el protagonismo individual aumenta a la vez que se comparte con los otros, fundamentalmente con los iguales.<\/p>\n<p>Otro de los aspectos que queremos destacar es que, alrededor de ella se sit\u00faan momentos privilegiados para la comunicaci\u00f3n adulto-ni\u00f1o. Las actitudes y respuestas de los adultos van a ser determinantes para las actitudes de los ni\u00f1os y ni\u00f1as.<\/p>\n<p>El protagonismo que queremos concederle a ni\u00f1as y ni\u00f1os en su propio desarrollo, aqu\u00ed tiene un sentido especial. Permitirles que sean \u201cparte\u201d activa desde el principio, no oblig\u00e1ndolos a ser meros espectadores y receptores de alimentos, les va a permitir desarrollar su autonom\u00eda, habilidades cada vez m\u00e1s complejas, la confianza en s\u00ed mismos, su autoestima y seguridad y la imagen que tienen de s\u00ed mismos. Por tanto, supone considerarlos como sujetos \u201ccapaces\u201d, procurando no suplantarlos en todas aquellas facetas y capacidades que progresivamente puedan ir desarrollando.<\/p>\n<p>Otra de las ventajas de utilizar la alimentaci\u00f3n como organizadora de contenidos, est\u00e1 relacionada con la educaci\u00f3n para la salud. Aprender a comer de todo y valorar las ventajas que una alimentaci\u00f3n rica y equilibrada aporta a la salud es otro de los aspectos importantes.<\/p>\n<p>El conocimiento y progresiva interiorizaci\u00f3n de las normativas correspondientes, as\u00ed como la adquisici\u00f3n de h\u00e1bitos de orden, higiene, regularidad, ser\u00e1n contenidos importantes a trabajar en este tema.<\/p>\n<p>Todos los ni\u00f1os y ni\u00f1as que asisten al centro disfrutan del servicio de comedor. El centro cuenta con cocina propia en la cual se elaboran diariamente los men\u00fas de los ni\u00f1os\/as. Los men\u00fas son confeccionados por la Oficial 1\u00aa de Cocina y la directora de la escuela, bajo las directrices de los t\u00e9cnicos de sanidad y las recomendaciones de la junta de Andaluc\u00eda para los ni\u00f1os y ni\u00f1as de 0 a 3 a\u00f1os, asegurando una dieta sana, variada y adecuada a las edades de los alumnos y alumnas del centro.<\/p>\n<p>El men\u00fa mensual estar\u00e1 a disposici\u00f3n de las familias el primer d\u00eda de cada mes, con informaci\u00f3n y recomendaciones nutricionales.<\/p>\n<p>Los ni\u00f1os\/as comer\u00e1n en las clases, para no sacarlos del espacio conocido. As\u00ed tambi\u00e9n favoreceremos el que haya un grupo reducido que ya se conoce, en lugar del comedor com\u00fan, masificado y con infinitas distorsiones ac\u00fasticas.<\/p>\n<p>La evoluci\u00f3n en el proceso de alimentaci\u00f3n se har\u00e1 siempre respetando el ritmo de cada ni\u00f1o\/a y en estrecha colaboraci\u00f3n con las familias.<\/p>\n<p>&nbsp;<\/p>\n<p style=\"text-align: center\">&nbsp;MEN\u00da CENTRAL FEBRERO 2023<\/p>\n<p><a href=\"https:\/\/blogsaverroes.juntadeandalucia.es\/eirocinante\/comedor-escolar\/sin-titulo-2\/\" rel=\"attachment wp-att-3474\"><img loading=\"lazy\" decoding=\"async\" class=\"alignnone wp-image-3474 size-large\" src=\"https:\/\/blogsaverroes.juntadeandalucia.es\/eirocinante\/files\/2023\/02\/Sin-t\u00edtulo-1024x714.jpg\" alt=\"\" width=\"660\" height=\"460\" srcset=\"https:\/\/blogsaverroes.juntadeandalucia.es\/eirocinante\/files\/2023\/02\/Sin-t\u00edtulo-1024x714.jpg 1024w, https:\/\/blogsaverroes.juntadeandalucia.es\/eirocinante\/files\/2023\/02\/Sin-t\u00edtulo-300x209.jpg 300w, https:\/\/blogsaverroes.juntadeandalucia.es\/eirocinante\/files\/2023\/02\/Sin-t\u00edtulo-768x536.jpg 768w, https:\/\/blogsaverroes.juntadeandalucia.es\/eirocinante\/files\/2023\/02\/Sin-t\u00edtulo-700x488.jpg 700w, https:\/\/blogsaverroes.juntadeandalucia.es\/eirocinante\/files\/2023\/02\/Sin-t\u00edtulo.jpg 1197w\" sizes=\"(max-width: 660px) 100vw, 660px\" \/><\/a><\/p>\n<p>&nbsp;<\/p>\n<p style=\"text-align: center\">&nbsp;<\/p>\n<p>&nbsp;<\/p>\n<p>&nbsp;<\/p>\n","protected":false},"excerpt":{"rendered":"<p>COMEDOR DE LA ESCUELA INFANTIL ROCINANTE &nbsp; La alimentaci\u00f3n como algo vital para las personas, con repercusiones en todas las facetas del desarrollo e implicaciones afectivas, cognitivas, relacionales, biol\u00f3gicas, etc., es una actividad id\u00f3nea a trav\u00e9s de la cual podemos favorecer la consecuci\u00f3n de los objetivos propuestos. Es un acto relacional y social. Desde el &hellip; <\/p>\n<p><a class=\"more-link btn\" href=\"https:\/\/blogsaverroes.juntadeandalucia.es\/eirocinante\/comedor-escolar\/\">Seguir leyendo<\/a><\/p>\n","protected":false},"author":1,"featured_media":0,"parent":0,"menu_order":0,"comment_status":"closed","ping_status":"open","template":"","meta":{"ngg_post_thumbnail":0,"footnotes":"","_mc_calendar":[]},"aioseo_notices":[],"_links":{"self":[{"href":"https:\/\/blogsaverroes.juntadeandalucia.es\/eirocinante\/wp-json\/wp\/v2\/pages\/99"}],"collection":[{"href":"https:\/\/blogsaverroes.juntadeandalucia.es\/eirocinante\/wp-json\/wp\/v2\/pages"}],"about":[{"href":"https:\/\/blogsaverroes.juntadeandalucia.es\/eirocinante\/wp-json\/wp\/v2\/types\/page"}],"author":[{"embeddable":true,"href":"https:\/\/blogsaverroes.juntadeandalucia.es\/eirocinante\/wp-json\/wp\/v2\/users\/1"}],"replies":[{"embeddable":true,"href":"https:\/\/blogsaverroes.juntadeandalucia.es\/eirocinante\/wp-json\/wp\/v2\/comments?post=99"}],"version-history":[{"count":40,"href":"https:\/\/blogsaverroes.juntadeandalucia.es\/eirocinante\/wp-json\/wp\/v2\/pages\/99\/revisions"}],"predecessor-version":[{"id":3475,"href":"https:\/\/blogsaverroes.juntadeandalucia.es\/eirocinante\/wp-json\/wp\/v2\/pages\/99\/revisions\/3475"}],"wp:attachment":[{"href":"https:\/\/blogsaverroes.juntadeandalucia.es\/eirocinante\/wp-json\/wp\/v2\/media?parent=99"}],"curies":[{"name":"wp","href":"https:\/\/api.w.org\/{rel}","templated":true}]}}