{"id":58,"date":"2022-11-01T11:47:08","date_gmt":"2022-11-01T11:47:08","guid":{"rendered":"https:\/\/blogsaverroes.juntadeandalucia.es\/eisanjuan\/?page_id=58"},"modified":"2022-11-01T11:47:08","modified_gmt":"2022-11-01T11:47:08","slug":"proyecto-educativo","status":"publish","type":"page","link":"https:\/\/blogsaverroes.juntadeandalucia.es\/eisanjuan\/proyecto-educativo\/","title":{"rendered":"Proyecto educativo"},"content":{"rendered":"<p>Con la finalidad de mejorar los aprendizajes de nuestro alumnado, de forma que sean m\u00e1s significativos y globalizados para ellos para el curso 2022\/2023 vamos a apostar por una metodolog\u00eda m\u00e1s innovadora, \u201cLOS PROYECTOS\u201d.<\/p>\n<p>As\u00ed mismo creemos que a trav\u00e9s de esta metodolog\u00eda no solo mejoramos la calidad de los aprendizajes, sino que tambi\u00e9n respetamos los ritmos individuales de nuestro alumnado, Sin olvidar la etapa en la que est\u00e1n nuestros ni\u00f1@s (Educaci\u00f3n Infantil), por ello nuestra principal finalidad es que se sientan como en casa, que interact\u00faen con sus compa\u00f1er@s y sobre todo que jueguen y experimenten.&nbsp;<\/p>\n","protected":false},"excerpt":{"rendered":"<p>Con la finalidad de mejorar los aprendizajes de nuestro alumnado, de forma que sean m\u00e1s significativos y globalizados para ellos para el curso 2022\/2023 vamos a apostar por una metodolog\u00eda m\u00e1s innovadora, \u201cLOS PROYECTOS\u201d.&#46;&#46;&#46;<\/p>\n","protected":false},"author":14928,"featured_media":0,"parent":0,"menu_order":0,"comment_status":"closed","ping_status":"closed","template":"","meta":{"ngg_post_thumbnail":0,"footnotes":""},"aioseo_notices":[],"_links":{"self":[{"href":"https:\/\/blogsaverroes.juntadeandalucia.es\/eisanjuan\/wp-json\/wp\/v2\/pages\/58"}],"collection":[{"href":"https:\/\/blogsaverroes.juntadeandalucia.es\/eisanjuan\/wp-json\/wp\/v2\/pages"}],"about":[{"href":"https:\/\/blogsaverroes.juntadeandalucia.es\/eisanjuan\/wp-json\/wp\/v2\/types\/page"}],"author":[{"embeddable":true,"href":"https:\/\/blogsaverroes.juntadeandalucia.es\/eisanjuan\/wp-json\/wp\/v2\/users\/14928"}],"replies":[{"embeddable":true,"href":"https:\/\/blogsaverroes.juntadeandalucia.es\/eisanjuan\/wp-json\/wp\/v2\/comments?post=58"}],"version-history":[{"count":1,"href":"https:\/\/blogsaverroes.juntadeandalucia.es\/eisanjuan\/wp-json\/wp\/v2\/pages\/58\/revisions"}],"predecessor-version":[{"id":59,"href":"https:\/\/blogsaverroes.juntadeandalucia.es\/eisanjuan\/wp-json\/wp\/v2\/pages\/58\/revisions\/59"}],"wp:attachment":[{"href":"https:\/\/blogsaverroes.juntadeandalucia.es\/eisanjuan\/wp-json\/wp\/v2\/media?parent=58"}],"curies":[{"name":"wp","href":"https:\/\/api.w.org\/{rel}","templated":true}]}}