{"id":141,"date":"2015-03-17T07:13:24","date_gmt":"2015-03-17T07:13:24","guid":{"rendered":"http:\/\/blogsaverroes.juntadeandalucia.es\/pre\/ceip\/?page_id=141"},"modified":"2025-05-05T19:37:00","modified_gmt":"2025-05-05T19:37:00","slug":"escolarizacion","status":"publish","type":"page","link":"https:\/\/blogsaverroes.juntadeandalucia.es\/eisantamaria\/escolarizacion\/","title":{"rendered":"Escolarizaci\u00f3n"},"content":{"rendered":"<p><a href=\"https:\/\/www.juntadeandalucia.es\/educacion\/portales\/web\/escolarizacion\/0-a-3-anos\" target=\"_blank\" rel=\"noopener noreferrer\"><img decoding=\"async\" class=\"aligncenter\" src=\"https:\/\/www.juntadeandalucia.es\/educacion\/portals\/image\/layout_set_logo?img_id=22116&amp;t=1635835182366\" alt=\"Escolarizaci\u00f3n 2022\/2023\" width=\"395\" height=\"118\"><\/a><\/p>\n<p>El per\u00edodo ordinario de escolarizaci\u00f3n y matricula est\u00e1 cerrado. No obstante durante todo el curso permanece abierta la posibilidad de solicitar la admisi\u00f3n en el periodo extraordinario mientras existan plazas vacantes en la unidad que precise.<\/p>\n<p>Por lo que pueden presentar solicitudes para el presente curso 2024\/2025 ,en cualquier momento, que ser\u00e1n atendidas al existir plazas vacantes&nbsp;<\/p>\n<p>A partir del 1 de julio de 2025 podr\u00e1n presentarse solicitudes de admisi\u00f3n en per\u00edodo extraordinario para el curso 2025\/2026<\/p>\n<p style=\"text-align: center\"><a href=\"https:\/\/www.juntadeandalucia.es\/educacion\/portales\/web\/escolarizacion\/0-a-3-anos\">Enlace al portal de escolarizaci\u00f3n.<\/a><\/p>\n<p style=\"text-align: center\"><a href=\"https:\/\/www.juntadeandalucia.es\/organismos\/educacionydeporte\/areas\/ensenanzas-escolarizacion\/educacion-infantil.html#toc-normativa-de-aplicaci-n\">Normativa<\/a>&nbsp;sobre el proceso de escolarizaci\u00f3n.<\/p>\n<p style=\"text-align: center\"><a href=\"https:\/\/www.juntadeandalucia.es\/educacion\/portales\/documents\/100629\/1791480\/Anexo%20II.%20Procedimiento%20ordinario%20de%20admisio%C2%BFn.%20Imprimible%202025-26.pdf\/5ff76030-74e1-d2e4-07a9-4daf637f5ff1?version=1.1\">PINCHA AQU\u00cd PARA DESCARGAR EL IMPRESO DE SOLCITUD<\/a><\/p>\n","protected":false},"excerpt":{"rendered":"<p>El per\u00edodo ordinario de escolarizaci\u00f3n y matricula est\u00e1 cerrado. No obstante durante todo el curso permanece abierta la posibilidad de solicitar la admisi\u00f3n en el periodo extraordinario mientras existan plazas vacantes en la unidad que precise. Por lo que pueden presentar solicitudes para el presente curso 2024\/2025 ,en cualquier momento, que ser\u00e1n atendidas al existir [&hellip;]<\/p>\n","protected":false},"author":1,"featured_media":0,"parent":0,"menu_order":0,"comment_status":"closed","ping_status":"open","template":"","meta":{"ngg_post_thumbnail":0,"footnotes":"","_mc_calendar":[]},"aioseo_notices":[],"_links":{"self":[{"href":"https:\/\/blogsaverroes.juntadeandalucia.es\/eisantamaria\/wp-json\/wp\/v2\/pages\/141"}],"collection":[{"href":"https:\/\/blogsaverroes.juntadeandalucia.es\/eisantamaria\/wp-json\/wp\/v2\/pages"}],"about":[{"href":"https:\/\/blogsaverroes.juntadeandalucia.es\/eisantamaria\/wp-json\/wp\/v2\/types\/page"}],"author":[{"embeddable":true,"href":"https:\/\/blogsaverroes.juntadeandalucia.es\/eisantamaria\/wp-json\/wp\/v2\/users\/1"}],"replies":[{"embeddable":true,"href":"https:\/\/blogsaverroes.juntadeandalucia.es\/eisantamaria\/wp-json\/wp\/v2\/comments?post=141"}],"version-history":[{"count":30,"href":"https:\/\/blogsaverroes.juntadeandalucia.es\/eisantamaria\/wp-json\/wp\/v2\/pages\/141\/revisions"}],"predecessor-version":[{"id":2333,"href":"https:\/\/blogsaverroes.juntadeandalucia.es\/eisantamaria\/wp-json\/wp\/v2\/pages\/141\/revisions\/2333"}],"wp:attachment":[{"href":"https:\/\/blogsaverroes.juntadeandalucia.es\/eisantamaria\/wp-json\/wp\/v2\/media?parent=141"}],"curies":[{"name":"wp","href":"https:\/\/api.w.org\/{rel}","templated":true}]}}