{"id":3046,"date":"2023-06-13T18:04:22","date_gmt":"2023-06-13T18:04:22","guid":{"rendered":"https:\/\/blogsaverroes.juntadeandalucia.es\/eisantamaria\/?page_id=3046"},"modified":"2023-06-16T17:10:41","modified_gmt":"2023-06-16T17:10:41","slug":"proyecto-erasmus","status":"publish","type":"page","link":"https:\/\/blogsaverroes.juntadeandalucia.es\/eisantamaria\/proyecto-erasmus\/","title":{"rendered":"Proyecto Erasmus+"},"content":{"rendered":"<p>&nbsp;<\/p>\n<table style=\"border-collapse: collapse;width: 100%\">\n<tbody>\n<tr>\n<td style=\"width: 50%;border-style: none\"><a href=\"https:\/\/blogsaverroes.juntadeandalucia.es\/eisantamaria\/files\/2023\/06\/Cof-UE-e1686567518638.png\"><img decoding=\"async\" class=\"wp-image-3034 size-medium alignleft\" src=\"https:\/\/blogsaverroes.juntadeandalucia.es\/eisantamaria\/files\/2023\/06\/Cof-UE-300x73.png\" alt=\"\" width=\"300\" height=\"73\"><\/a><\/td>\n<td style=\"width: 50%;border-style: none\"><a href=\"https:\/\/blogsaverroes.juntadeandalucia.es\/eisantamaria\/files\/2023\/06\/EU-flag-Erasmus-e1686567797291.jpg\"><img decoding=\"async\" class=\"wp-image-3033 size-medium alignright\" src=\"https:\/\/blogsaverroes.juntadeandalucia.es\/eisantamaria\/files\/2023\/06\/EU-flag-Erasmus-300x86.jpg\" alt=\"\" width=\"300\" height=\"86\"><\/a><\/td>\n<\/tr>\n<\/tbody>\n<\/table>\n<p>&nbsp;<\/p>\n<p>En el a\u00f1o 2019 nuestra Escuela present\u00f3 el Proyecto: <strong>\u201cEDUCACI\u00d3N INFANTIL. OTRAS REALIDADES. NUEVOS CONOCIMIENTOS\u201d<\/strong>.(2019-1-ES01-KA101-063677)<\/p>\n<h3 style=\"text-align: left\">Accede a:<\/h3>\n<h3 style=\"text-align: center\"><a href=\"https:\/\/blogsaverroes.juntadeandalucia.es\/eisantamaria\/files\/2023\/06\/Resumen-proyecto-con-portada.pdf\">Resumen del Proyecto<\/a><\/h3>\n<h3 style=\"text-align: center\"><a href=\"https:\/\/blogsaverroes.juntadeandalucia.es\/eisantamaria\/files\/2023\/06\/Guia-de-observaci\u00f3n.pdf\">Gu\u00eda de observaci\u00f3n<\/a><\/h3>\n<h3 style=\"text-align: center\"><a href=\"https:\/\/www.youtube.com\/watch?v=ltRjJzhSTTY\">Video Presentaci\u00f3n del Proyecto<\/a><\/h3>\n<p>&nbsp;<\/p>\n<p>&nbsp;<\/p>\n<p><a href=\"http:\/\/www.sepie.es\"><img decoding=\"async\" class=\"size-medium wp-image-3055 aligncenter\" src=\"https:\/\/blogsaverroes.juntadeandalucia.es\/eisantamaria\/files\/2023\/06\/SEPIE_erasmus_plus-1-300x111.gif\" alt=\"\" width=\"300\" height=\"111\"><\/a><\/p>\n","protected":false},"excerpt":{"rendered":"<p>&nbsp; &nbsp; En el a\u00f1o 2019 nuestra Escuela present\u00f3 el Proyecto: \u201cEDUCACI\u00d3N INFANTIL. OTRAS REALIDADES. NUEVOS CONOCIMIENTOS\u201d.(2019-1-ES01-KA101-063677) Accede a: Resumen del Proyecto Gu\u00eda de observaci\u00f3n Video Presentaci\u00f3n del Proyecto &nbsp; &nbsp;<\/p>\n","protected":false},"author":10660,"featured_media":0,"parent":0,"menu_order":0,"comment_status":"closed","ping_status":"closed","template":"","meta":{"ngg_post_thumbnail":0,"footnotes":"","_mc_calendar":[]},"aioseo_notices":[],"_links":{"self":[{"href":"https:\/\/blogsaverroes.juntadeandalucia.es\/eisantamaria\/wp-json\/wp\/v2\/pages\/3046"}],"collection":[{"href":"https:\/\/blogsaverroes.juntadeandalucia.es\/eisantamaria\/wp-json\/wp\/v2\/pages"}],"about":[{"href":"https:\/\/blogsaverroes.juntadeandalucia.es\/eisantamaria\/wp-json\/wp\/v2\/types\/page"}],"author":[{"embeddable":true,"href":"https:\/\/blogsaverroes.juntadeandalucia.es\/eisantamaria\/wp-json\/wp\/v2\/users\/10660"}],"replies":[{"embeddable":true,"href":"https:\/\/blogsaverroes.juntadeandalucia.es\/eisantamaria\/wp-json\/wp\/v2\/comments?post=3046"}],"version-history":[{"count":15,"href":"https:\/\/blogsaverroes.juntadeandalucia.es\/eisantamaria\/wp-json\/wp\/v2\/pages\/3046\/revisions"}],"predecessor-version":[{"id":3071,"href":"https:\/\/blogsaverroes.juntadeandalucia.es\/eisantamaria\/wp-json\/wp\/v2\/pages\/3046\/revisions\/3071"}],"wp:attachment":[{"href":"https:\/\/blogsaverroes.juntadeandalucia.es\/eisantamaria\/wp-json\/wp\/v2\/media?parent=3046"}],"curies":[{"name":"wp","href":"https:\/\/api.w.org\/{rel}","templated":true}]}}