{"id":42,"date":"2015-03-13T08:40:47","date_gmt":"2015-03-13T08:40:47","guid":{"rendered":"http:\/\/blogsaverroes.juntadeandalucia.es\/pre\/ceip\/?page_id=42"},"modified":"2026-01-15T14:55:15","modified_gmt":"2026-01-15T14:55:15","slug":"equipo-directivo","status":"publish","type":"page","link":"https:\/\/blogsaverroes.juntadeandalucia.es\/eisantamaria\/equipo-directivo\/","title":{"rendered":"Equipo"},"content":{"rendered":"<p><a href=\"https:\/\/blogsaverroes.juntadeandalucia.es\/eisantamaria\/files\/2022\/09\/MURAL-PERSONAL-scaled-e1663586463562.jpg\"><img fetchpriority=\"high\" decoding=\"async\" class=\"alignright wp-image-2832\" src=\"https:\/\/blogsaverroes.juntadeandalucia.es\/eisantamaria\/files\/2022\/09\/MURAL-PERSONAL-scaled-e1663586463562-724x1024.jpg\" alt=\"Tambi\u00e9n nosotros\/as fuimos ni\u00f1os\/as\" width=\"500\" height=\"707\" srcset=\"https:\/\/blogsaverroes.juntadeandalucia.es\/eisantamaria\/files\/2022\/09\/MURAL-PERSONAL-scaled-e1663586463562-724x1024.jpg 724w, https:\/\/blogsaverroes.juntadeandalucia.es\/eisantamaria\/files\/2022\/09\/MURAL-PERSONAL-scaled-e1663586463562-212x300.jpg 212w, https:\/\/blogsaverroes.juntadeandalucia.es\/eisantamaria\/files\/2022\/09\/MURAL-PERSONAL-scaled-e1663586463562-768x1086.jpg 768w, https:\/\/blogsaverroes.juntadeandalucia.es\/eisantamaria\/files\/2022\/09\/MURAL-PERSONAL-scaled-e1663586463562-1086x1536.jpg 1086w, https:\/\/blogsaverroes.juntadeandalucia.es\/eisantamaria\/files\/2022\/09\/MURAL-PERSONAL-scaled-e1663586463562.jpg 1131w\" sizes=\"(max-width: 500px) 100vw, 500px\" \/><\/a>Nuestra Escuela Infantil cuenta con un equipo de profesionales en diferentes \u00e1reas:<\/p>\n<p><strong>Direcci\u00f3n: <\/strong>Antonio Montes Burgos<\/p>\n<p><strong>Educadora Infantil: <\/strong>Sandra S\u00e1nchez Garc\u00eda<\/p>\n<p><strong>T\u00e9cnicos Superiores en Educaci\u00f3n Infantil:<\/strong><\/p>\n<ul>\n<li>Marcelina Ruiz Romero<\/li>\n<li>Aurora M Rengifo Garc\u00eda<\/li>\n<li>Patricia Ram\u00edrez Hierro<\/li>\n<li>&nbsp;<\/li>\n<li>&nbsp;<\/li>\n<\/ul>\n<p><strong>Personal de Limpieza y Alojamiento:<\/strong><\/p>\n<ul>\n<li>Joaquina Barrag\u00e1n L\u00f3pez<\/li>\n<li>Sandra Rodr\u00edguez Pina<\/li>\n<li>Isabel M\u00aa V\u00e1zquez Acebedo<\/li>\n<\/ul>\n<p><strong>Personal de Cocina:<\/strong><\/p>\n<ul>\n<li>Joaqu\u00edn del Valle Rodr\u00edguez \/ Cristina Beardo Galvez<\/li>\n<li>Luz M\u00aa Calvo Lanaspa \/ Aquilina L\u00f3pez Calvo<\/li>\n<\/ul>\n<p><strong>Mantenimiento:<\/strong> Manuel Silva Carrasco<\/p>\n<p>&nbsp;<\/p>\n","protected":false},"excerpt":{"rendered":"<p>Nuestra Escuela Infantil cuenta con un equipo de profesionales en diferentes \u00e1reas: Direcci\u00f3n: Antonio Montes Burgos Educadora Infantil: Sandra S\u00e1nchez Garc\u00eda T\u00e9cnicos Superiores en Educaci\u00f3n Infantil: Marcelina Ruiz Romero Aurora M Rengifo Garc\u00eda Patricia Ram\u00edrez Hierro &nbsp; &nbsp; Personal de Limpieza y Alojamiento: Joaquina Barrag\u00e1n L\u00f3pez Sandra Rodr\u00edguez Pina Isabel M\u00aa V\u00e1zquez Acebedo Personal de [&hellip;]<\/p>\n","protected":false},"author":1,"featured_media":0,"parent":0,"menu_order":0,"comment_status":"closed","ping_status":"open","template":"","meta":{"ngg_post_thumbnail":0,"footnotes":"","_mc_calendar":[]},"aioseo_notices":[],"_links":{"self":[{"href":"https:\/\/blogsaverroes.juntadeandalucia.es\/eisantamaria\/wp-json\/wp\/v2\/pages\/42"}],"collection":[{"href":"https:\/\/blogsaverroes.juntadeandalucia.es\/eisantamaria\/wp-json\/wp\/v2\/pages"}],"about":[{"href":"https:\/\/blogsaverroes.juntadeandalucia.es\/eisantamaria\/wp-json\/wp\/v2\/types\/page"}],"author":[{"embeddable":true,"href":"https:\/\/blogsaverroes.juntadeandalucia.es\/eisantamaria\/wp-json\/wp\/v2\/users\/1"}],"replies":[{"embeddable":true,"href":"https:\/\/blogsaverroes.juntadeandalucia.es\/eisantamaria\/wp-json\/wp\/v2\/comments?post=42"}],"version-history":[{"count":18,"href":"https:\/\/blogsaverroes.juntadeandalucia.es\/eisantamaria\/wp-json\/wp\/v2\/pages\/42\/revisions"}],"predecessor-version":[{"id":3575,"href":"https:\/\/blogsaverroes.juntadeandalucia.es\/eisantamaria\/wp-json\/wp\/v2\/pages\/42\/revisions\/3575"}],"wp:attachment":[{"href":"https:\/\/blogsaverroes.juntadeandalucia.es\/eisantamaria\/wp-json\/wp\/v2\/media?parent=42"}],"curies":[{"name":"wp","href":"https:\/\/api.w.org\/{rel}","templated":true}]}}