{"id":44,"date":"2015-03-13T08:42:15","date_gmt":"2015-03-13T08:42:15","guid":{"rendered":"http:\/\/blogsaverroes.juntadeandalucia.es\/pre\/ceip\/?page_id=44"},"modified":"2024-09-15T18:28:11","modified_gmt":"2024-09-15T18:28:11","slug":"planes-y-proyectos","status":"publish","type":"page","link":"https:\/\/blogsaverroes.juntadeandalucia.es\/eisantamaria\/planes-y-proyectos\/","title":{"rendered":"Planes, Programas y Proyectos"},"content":{"rendered":"<p>En la actualidad desarrollamos el <strong>Plan de Igualdad, <\/strong>coordinado por la Educadora Infantil, Sandra Garc\u00eda<\/p>\n<p>Ha sido aceptada nuestra solicitud de participaci\u00f3n en el Programa \u00abCreciendo en Salud\u00bb de las Consejer\u00edas de Desarrollo Educativo y F.P. y Salud y Consumo, para el curso 2022\/2023. para el curso 2023\/2024 se ha integrado este Programa en el <strong><a href=\"https:\/\/www.juntadeandalucia.es\/educacion\/eaprendizaje\/cima\/\" target=\"_blank\" rel=\"noopener\">Programa CIMA<\/a><\/strong> que renovaremos para el curso 2024\/2025<\/p>\n<p><img decoding=\"async\" class=\"aligncenter wp-image-3035\" src=\"https:\/\/blogsaverroes.juntadeandalucia.es\/eisantamaria\/files\/2023\/06\/logo_responsive_bg-150x150.png\" alt=\"\" width=\"74\" height=\"74\" srcset=\"https:\/\/blogsaverroes.juntadeandalucia.es\/eisantamaria\/files\/2023\/06\/logo_responsive_bg-150x150.png 150w, https:\/\/blogsaverroes.juntadeandalucia.es\/eisantamaria\/files\/2023\/06\/logo_responsive_bg-300x300.png 300w, https:\/\/blogsaverroes.juntadeandalucia.es\/eisantamaria\/files\/2023\/06\/logo_responsive_bg-1024x1024.png 1024w, https:\/\/blogsaverroes.juntadeandalucia.es\/eisantamaria\/files\/2023\/06\/logo_responsive_bg-768x768.png 768w, https:\/\/blogsaverroes.juntadeandalucia.es\/eisantamaria\/files\/2023\/06\/logo_responsive_bg.png 1500w\" sizes=\"(max-width: 74px) 100vw, 74px\" \/><\/p>\n<p>En el curso 2021\/2022 participamos en el Programa de prevenci\u00f3n de la violencia de genero recogido en el Pacto de Estado contra la violencia de g\u00e9nero.<\/p>\n<p><a href=\"https:\/\/violenciagenero.igualdad.gob.es\/pactoEstado\/\"><img decoding=\"async\" class=\"wp-image-2448 aligncenter\" src=\"https:\/\/blogsaverroes.juntadeandalucia.es\/eisantamaria\/files\/2022\/01\/logopactoestadocolor.png\" alt=\"\" width=\"134\" height=\"103\" srcset=\"https:\/\/blogsaverroes.juntadeandalucia.es\/eisantamaria\/files\/2022\/01\/logopactoestadocolor.png 882w, https:\/\/blogsaverroes.juntadeandalucia.es\/eisantamaria\/files\/2022\/01\/logopactoestadocolor-300x230.png 300w, https:\/\/blogsaverroes.juntadeandalucia.es\/eisantamaria\/files\/2022\/01\/logopactoestadocolor-768x589.png 768w\" sizes=\"(max-width: 134px) 100vw, 134px\" \/><\/a><\/p>\n<p>Durante el curso 2019\/2020 desarrollamos el Proyecto Erasmus+<em>\u00abEducaci\u00f3n Infantil. Otras realidades, nuevos conocimientos\u00bb <\/em>que nos fue aprobado por la Uni\u00f3n Europea y nos permiti\u00f3 formarnos por observaci\u00f3n en Escuelas Infantiles de la ciudad de Bolonia en Italia.<\/p>\n<p><img decoding=\"async\" class=\"wp-image-3034 size-full alignleft\" src=\"https:\/\/blogsaverroes.juntadeandalucia.es\/eisantamaria\/files\/2023\/06\/Cof-UE-e1686567518638.png\" alt=\"\" width=\"160\" height=\"39\"><\/p>\n<p><img loading=\"lazy\" decoding=\"async\" class=\"wp-image-3033 size-full alignright\" src=\"https:\/\/blogsaverroes.juntadeandalucia.es\/eisantamaria\/files\/2023\/06\/EU-flag-Erasmus-e1686567797291.jpg\" alt=\"\" width=\"160\" height=\"46\"><\/p>\n<p>&nbsp;<\/p>\n<p>&nbsp;<\/p>\n<p>En el curso 2023\/2024 solicitamos nuestra participaci\u00f3n en los Programas de Educaci\u00f3n Ambiental de la Diputaci\u00f3n de C\u00e1diz. Para el presente curso ya hemos renovado nuestra participaci\u00f3n, en concreto en el <em>Programa 3 \u00abHuertos de C\u00e1diz\u00bb<\/em><\/p>\n<p><img loading=\"lazy\" decoding=\"async\" class=\"aligncenter wp-image-3305 size-full\" src=\"https:\/\/blogsaverroes.juntadeandalucia.es\/eisantamaria\/files\/2024\/09\/Diputacion.jpg\" alt=\"\" width=\"140\" height=\"40\"><\/p>\n<p>Desde este Centro estamos a la espera de poder adherirnos a alguno de los diferentes <strong>Planes y Programas<\/strong> promovidos desde la Consejer\u00eda de Desarrollo Educativo y Formaci\u00f3n Profesional. Con el fin de mejorar nuestro Proyecto Educativo.<\/p>\n<p>&nbsp;<\/p>\n","protected":false},"excerpt":{"rendered":"<p>En la actualidad desarrollamos el Plan de Igualdad, coordinado por la Educadora Infantil, Sandra Garc\u00eda Ha sido aceptada nuestra solicitud de participaci\u00f3n en el Programa \u00abCreciendo en Salud\u00bb de las Consejer\u00edas de Desarrollo Educativo y F.P. y Salud y Consumo, para el curso 2022\/2023. para el curso 2023\/2024 se ha integrado este Programa en el [&hellip;]<\/p>\n","protected":false},"author":1,"featured_media":0,"parent":0,"menu_order":0,"comment_status":"closed","ping_status":"closed","template":"page-c.php","meta":{"ngg_post_thumbnail":0,"footnotes":"","_mc_calendar":[]},"aioseo_notices":[],"_links":{"self":[{"href":"https:\/\/blogsaverroes.juntadeandalucia.es\/eisantamaria\/wp-json\/wp\/v2\/pages\/44"}],"collection":[{"href":"https:\/\/blogsaverroes.juntadeandalucia.es\/eisantamaria\/wp-json\/wp\/v2\/pages"}],"about":[{"href":"https:\/\/blogsaverroes.juntadeandalucia.es\/eisantamaria\/wp-json\/wp\/v2\/types\/page"}],"author":[{"embeddable":true,"href":"https:\/\/blogsaverroes.juntadeandalucia.es\/eisantamaria\/wp-json\/wp\/v2\/users\/1"}],"replies":[{"embeddable":true,"href":"https:\/\/blogsaverroes.juntadeandalucia.es\/eisantamaria\/wp-json\/wp\/v2\/comments?post=44"}],"version-history":[{"count":18,"href":"https:\/\/blogsaverroes.juntadeandalucia.es\/eisantamaria\/wp-json\/wp\/v2\/pages\/44\/revisions"}],"predecessor-version":[{"id":3308,"href":"https:\/\/blogsaverroes.juntadeandalucia.es\/eisantamaria\/wp-json\/wp\/v2\/pages\/44\/revisions\/3308"}],"wp:attachment":[{"href":"https:\/\/blogsaverroes.juntadeandalucia.es\/eisantamaria\/wp-json\/wp\/v2\/media?parent=44"}],"curies":[{"name":"wp","href":"https:\/\/api.w.org\/{rel}","templated":true}]}}