{"id":871,"date":"2015-03-16T07:25:46","date_gmt":"2015-03-16T07:25:46","guid":{"rendered":"http:\/\/blogsaverroes.juntadeandalucia.es\/pre\/ceip\/?page_id=106"},"modified":"2026-01-15T15:08:36","modified_gmt":"2026-01-15T15:08:36","slug":"actividades-complementarias","status":"publish","type":"page","link":"https:\/\/blogsaverroes.juntadeandalucia.es\/eisantamaria\/actividades-complementarias\/","title":{"rendered":"Actividades complementarias"},"content":{"rendered":"<p style=\"text-align: left\">Incluido en nuestro Proyecto Educativo y Asistencial anualmente presentamos un Plan de actividades complementarias que desarrollan el curr\u00edculo de forma transversal.<\/p>\n<p>Adem\u00e1s, pretendemos con ellas aumentar la participaci\u00f3n de las familias y con la difusi\u00f3n del Plan que se conozca con tiempo suficiente las actividades en las que esperamos la contribuci\u00f3n, de alguna forma, de las familias.<a href=\"https:\/\/blogsaverroes.juntadeandalucia.es\/eisantamaria\/files\/2025\/10\/P-ACTIVIDADES-COMPLEME-25-26.jpg\"><img fetchpriority=\"high\" decoding=\"async\" class=\"wp-image-3541 size-large aligncenter\" src=\"https:\/\/blogsaverroes.juntadeandalucia.es\/eisantamaria\/files\/2025\/10\/P-ACTIVIDADES-COMPLEME-25-26-1024x724.jpg\" alt=\"\" width=\"843\" height=\"596\" srcset=\"https:\/\/blogsaverroes.juntadeandalucia.es\/eisantamaria\/files\/2025\/10\/P-ACTIVIDADES-COMPLEME-25-26-1024x724.jpg 1024w, https:\/\/blogsaverroes.juntadeandalucia.es\/eisantamaria\/files\/2025\/10\/P-ACTIVIDADES-COMPLEME-25-26-300x212.jpg 300w, https:\/\/blogsaverroes.juntadeandalucia.es\/eisantamaria\/files\/2025\/10\/P-ACTIVIDADES-COMPLEME-25-26-768x543.jpg 768w, https:\/\/blogsaverroes.juntadeandalucia.es\/eisantamaria\/files\/2025\/10\/P-ACTIVIDADES-COMPLEME-25-26-1536x1087.jpg 1536w, https:\/\/blogsaverroes.juntadeandalucia.es\/eisantamaria\/files\/2025\/10\/P-ACTIVIDADES-COMPLEME-25-26-2048x1449.jpg 2048w\" sizes=\"(max-width: 843px) 100vw, 843px\" \/><\/a><\/p>\n<p>&nbsp;<\/p>\n<p>&nbsp;<\/p>\n<p>&nbsp;<\/p>\n<p>&nbsp;<\/p>\n","protected":false},"excerpt":{"rendered":"<p>Incluido en nuestro Proyecto Educativo y Asistencial anualmente presentamos un Plan de actividades complementarias que desarrollan el curr\u00edculo de forma transversal. Adem\u00e1s, pretendemos con ellas aumentar la participaci\u00f3n de las familias y con la difusi\u00f3n del Plan que se conozca con tiempo suficiente las actividades en las que esperamos la contribuci\u00f3n, de alguna forma, de [&hellip;]<\/p>\n","protected":false},"author":1,"featured_media":0,"parent":0,"menu_order":0,"comment_status":"closed","ping_status":"open","template":"","meta":{"ngg_post_thumbnail":0,"footnotes":"","_mc_calendar":[]},"aioseo_notices":[],"_links":{"self":[{"href":"https:\/\/blogsaverroes.juntadeandalucia.es\/eisantamaria\/wp-json\/wp\/v2\/pages\/871"}],"collection":[{"href":"https:\/\/blogsaverroes.juntadeandalucia.es\/eisantamaria\/wp-json\/wp\/v2\/pages"}],"about":[{"href":"https:\/\/blogsaverroes.juntadeandalucia.es\/eisantamaria\/wp-json\/wp\/v2\/types\/page"}],"author":[{"embeddable":true,"href":"https:\/\/blogsaverroes.juntadeandalucia.es\/eisantamaria\/wp-json\/wp\/v2\/users\/1"}],"replies":[{"embeddable":true,"href":"https:\/\/blogsaverroes.juntadeandalucia.es\/eisantamaria\/wp-json\/wp\/v2\/comments?post=871"}],"version-history":[{"count":16,"href":"https:\/\/blogsaverroes.juntadeandalucia.es\/eisantamaria\/wp-json\/wp\/v2\/pages\/871\/revisions"}],"predecessor-version":[{"id":3577,"href":"https:\/\/blogsaverroes.juntadeandalucia.es\/eisantamaria\/wp-json\/wp\/v2\/pages\/871\/revisions\/3577"}],"wp:attachment":[{"href":"https:\/\/blogsaverroes.juntadeandalucia.es\/eisantamaria\/wp-json\/wp\/v2\/media?parent=871"}],"curies":[{"name":"wp","href":"https:\/\/api.w.org\/{rel}","templated":true}]}}