{"id":99,"date":"2015-03-16T07:22:54","date_gmt":"2015-03-16T07:22:54","guid":{"rendered":"http:\/\/blogsaverroes.juntadeandalucia.es\/pre\/ceip\/?page_id=99"},"modified":"2026-03-26T11:59:05","modified_gmt":"2026-03-26T11:59:05","slug":"comedor-escolar","status":"publish","type":"page","link":"https:\/\/blogsaverroes.juntadeandalucia.es\/eisantamaria\/comedor-escolar\/","title":{"rendered":"Comedor"},"content":{"rendered":"<p>El servicio de comidas en nuestra etapa educativa forma parte del propio curr\u00edculo, por tanto tiene una serie de caracter\u00edsticas que lo diferencias de un comedor escolar de cualquier otra etapa<\/p>\n<ul>\n<li>Se realiza dentro de la jornada, habitualmente comienza a las 12&#8217;30 h.<\/li>\n<li>Est\u00e1 atendido por su tutora.<\/li>\n<li>La preparaci\u00f3n de la comida se realiza en el propio centro en el mismo d\u00eda.<\/li>\n<\/ul>\n<p>Con el servicio de comedor queremos promover una alimentaci\u00f3n saludable, para lo que nuestro men\u00fa est\u00e1 supervisado por la empresa Cibus.<a href=\"http:\/\/cibusalimentaria.es\/\"><img decoding=\"async\" class=\"wp-image-3103 aligncenter\" src=\"https:\/\/blogsaverroes.juntadeandalucia.es\/eisantamaria\/files\/2023\/10\/Logo-Cibus-300x200.jpg\" alt=\"\" width=\"126\" height=\"84\" srcset=\"https:\/\/blogsaverroes.juntadeandalucia.es\/eisantamaria\/files\/2023\/10\/Logo-Cibus-300x200.jpg 300w, https:\/\/blogsaverroes.juntadeandalucia.es\/eisantamaria\/files\/2023\/10\/Logo-Cibus-1024x683.jpg 1024w, https:\/\/blogsaverroes.juntadeandalucia.es\/eisantamaria\/files\/2023\/10\/Logo-Cibus-768x512.jpg 768w, https:\/\/blogsaverroes.juntadeandalucia.es\/eisantamaria\/files\/2023\/10\/Logo-Cibus-1536x1025.jpg 1536w, https:\/\/blogsaverroes.juntadeandalucia.es\/eisantamaria\/files\/2023\/10\/Logo-Cibus.jpg 1600w\" sizes=\"(max-width: 126px) 100vw, 126px\" \/><\/a><\/p>\n<p>Buscamos una variedad en los platos por lo que nuestra rotaci\u00f3n en los men\u00fas es de tres meses (12 semanas)<\/p>\n<p>Al tener cocina propia nos permite:<\/p>\n<ul>\n<li>Seleccionar a los proveedores, primando siempre la calidad .<\/li>\n<li>Adaptar el men\u00fa al momento evolutivo de cada ni\u00f1o\/a o las situaciones sobrevenidas.<\/li>\n<li>Controlar la adaptaci\u00f3n que haya que realizar al men\u00fa diario en cuanto a posibles alergias.<\/li>\n<li>Sugerir cambios en el men\u00fa atendiendo a su grado aceptaci\u00f3n.<\/li>\n<\/ul>\n<p>El precio del comedor supone un 25% de la tasa que corresponda abonar y se solicita en el mismo impreso de admisi\u00f3n<\/p>\n<pre><b> MEN\u00da<\/b><strong> MES EN CURSO\r\n<a href=\"https:\/\/blogsaverroes.juntadeandalucia.es\/eisantamaria\/files\/2026\/03\/ABR-26.gif\"><img decoding=\"async\" class=\"wp-image-3584 size-thumbnail aligncenter\" src=\"https:\/\/blogsaverroes.juntadeandalucia.es\/eisantamaria\/files\/2026\/03\/ABR-26-150x150.gif\" alt=\"\" width=\"150\" height=\"150\"><\/a>\r\n<\/strong><\/pre>\n","protected":false},"excerpt":{"rendered":"<p>El servicio de comidas en nuestra etapa educativa forma parte del propio curr\u00edculo, por tanto tiene una serie de caracter\u00edsticas que lo diferencias de un comedor escolar de cualquier otra etapa Se realiza dentro de la jornada, habitualmente comienza a las 12&#8217;30 h. Est\u00e1 atendido por su tutora. La preparaci\u00f3n de la comida se realiza [&hellip;]<\/p>\n","protected":false},"author":1,"featured_media":0,"parent":0,"menu_order":0,"comment_status":"closed","ping_status":"open","template":"","meta":{"ngg_post_thumbnail":0,"footnotes":"","_mc_calendar":[]},"aioseo_notices":[],"_links":{"self":[{"href":"https:\/\/blogsaverroes.juntadeandalucia.es\/eisantamaria\/wp-json\/wp\/v2\/pages\/99"}],"collection":[{"href":"https:\/\/blogsaverroes.juntadeandalucia.es\/eisantamaria\/wp-json\/wp\/v2\/pages"}],"about":[{"href":"https:\/\/blogsaverroes.juntadeandalucia.es\/eisantamaria\/wp-json\/wp\/v2\/types\/page"}],"author":[{"embeddable":true,"href":"https:\/\/blogsaverroes.juntadeandalucia.es\/eisantamaria\/wp-json\/wp\/v2\/users\/1"}],"replies":[{"embeddable":true,"href":"https:\/\/blogsaverroes.juntadeandalucia.es\/eisantamaria\/wp-json\/wp\/v2\/comments?post=99"}],"version-history":[{"count":43,"href":"https:\/\/blogsaverroes.juntadeandalucia.es\/eisantamaria\/wp-json\/wp\/v2\/pages\/99\/revisions"}],"predecessor-version":[{"id":3586,"href":"https:\/\/blogsaverroes.juntadeandalucia.es\/eisantamaria\/wp-json\/wp\/v2\/pages\/99\/revisions\/3586"}],"wp:attachment":[{"href":"https:\/\/blogsaverroes.juntadeandalucia.es\/eisantamaria\/wp-json\/wp\/v2\/media?parent=99"}],"curies":[{"name":"wp","href":"https:\/\/api.w.org\/{rel}","templated":true}]}}