{"id":41,"date":"2020-01-09T12:45:03","date_gmt":"2020-01-09T11:45:03","guid":{"rendered":"http:\/\/blogsaverroes.juntadeandalucia.es\/pre\/nuevoceip2v2\/?page_id=41"},"modified":"2022-11-13T10:50:14","modified_gmt":"2022-11-13T09:50:14","slug":"el-centro","status":"publish","type":"page","link":"https:\/\/blogsaverroes.juntadeandalucia.es\/eisoldeportocarrero\/el-centro\/","title":{"rendered":"El centro"},"content":{"rendered":"<h2><img loading=\"lazy\" decoding=\"async\" class=\"aligncenter size-medium wp-image-562\" src=\"https:\/\/blogsaverroes.juntadeandalucia.es\/eisoldeportocarrero\/files\/2021\/09\/2020_1203_09534500-e1631208506909-300x133.jpg\" alt=\"\" width=\"300\" height=\"133\" srcset=\"https:\/\/blogsaverroes.juntadeandalucia.es\/eisoldeportocarrero\/files\/2021\/09\/2020_1203_09534500-e1631208506909-300x133.jpg 300w, https:\/\/blogsaverroes.juntadeandalucia.es\/eisoldeportocarrero\/files\/2021\/09\/2020_1203_09534500-e1631208506909-1024x455.jpg 1024w, https:\/\/blogsaverroes.juntadeandalucia.es\/eisoldeportocarrero\/files\/2021\/09\/2020_1203_09534500-e1631208506909-768x341.jpg 768w, https:\/\/blogsaverroes.juntadeandalucia.es\/eisoldeportocarrero\/files\/2021\/09\/2020_1203_09534500-e1631208506909-1080x480.jpg 1080w, https:\/\/blogsaverroes.juntadeandalucia.es\/eisoldeportocarrero\/files\/2021\/09\/2020_1203_09534500-e1631208506909.jpg 1433w\" sizes=\"(max-width: 300px) 100vw, 300px\" \/><\/h2>\n<p style=\"text-align: left\"><span style=\"font-size: 12pt\"><span style=\"font-weight: 400\">Nuestro colegio se encuentra en Las Norias de Daza, que pertenece al t\u00e9rmino municipal de El Ejido, es una localidad compuesta por numerosos n\u00facleos de poblaci\u00f3n extendidos a lo largo de&nbsp; <\/span><span style=\"font-weight: 400\">7 km de carretera.<\/span><\/span><\/p>\n<p style=\"text-align: left\"><span style=\"font-size: 12pt\">El centro est\u00e1 formado por un solo edificio ,con dos plantas, y un patio que lo rodea , con una zona de huerto escolar y la pista deportiva. Alberga la etapa educativa que comprende desde los 3 a los 6 a\u00f1os, contando con tres l\u00edneas.<\/span><\/p>\n<p style=\"text-align: left\"><span style=\"font-weight: 400;font-size: 12pt\">Destacamos que la caracter\u00edstica principal de nuestro centro es la multiculturalidad. En cuanto a la l\u00ednea de trabajo destaca la apuesta por metodolog\u00edas activas como: trabajo por proyectos, rincones de trabajo y el ABN.<\/span><\/p>\n<p><span style=\"font-weight: 400\">El centro pertenece a la red de territorios \u201cICI\u201d, Proyecto iniciado por la obra social de La Caixa en colaboraci\u00f3n con la Asociaci\u00f3n CODENAF y el EXCMO Ayuntamiento de El Ejido. Este trabajo comenz\u00f3 en el a\u00f1o 2011, y a partir de aqu\u00ed naci\u00f3 La Mesa Local de <\/span><span style=\"font-weight: 400\">Educaci\u00f3n y Comunidad de Las Norias de Daza. Un espacio de encuentro de todos los <\/span><span style=\"font-weight: 400\">colegios del pueblo, centro de salud, delegaci\u00f3n de educaci\u00f3n, Ayuntamiento, Asociaciones de vecinos, mujeres e inmigrantes. Esta Mesa surge de la necesidad de aunar actuaciones en el pueblo para favorecer una convivencia positiva, no solo una \u201ccoexistencia\u201d. Esta Mesa Local se re\u00fane varias veces a lo largo del curso para trabajar puntos en com\u00fan y organizar actividades de forma conjunta. Estas relaciones son muy importantes y beneficiosas para nuestro centro, para el alumnado y para las familias.&nbsp;<\/span><\/p>\n<p><span style=\"font-weight: 400\">La buena relaci\u00f3n entre los centros educativos escolares de Las Norias de Daza ha <\/span><span style=\"font-weight: 400\">provocado que desde hace varios cursos se mantienen reuniones peri\u00f3dicas para elaborar un Proyecto Educativo com\u00fan.<\/span><\/p>\n<p style=\"text-align: left\">&nbsp;<\/p>\n","protected":false},"excerpt":{"rendered":"<p>Nuestro colegio se encuentra en Las Norias de Daza, que pertenece al t\u00e9rmino municipal de El Ejido, es una localidad compuesta por numerosos n\u00facleos de&hellip;<\/p>\n","protected":false},"author":13406,"featured_media":0,"parent":0,"menu_order":0,"comment_status":"closed","ping_status":"closed","template":"","meta":{"ngg_post_thumbnail":0,"footnotes":""},"aioseo_notices":[],"_links":{"self":[{"href":"https:\/\/blogsaverroes.juntadeandalucia.es\/eisoldeportocarrero\/wp-json\/wp\/v2\/pages\/41"}],"collection":[{"href":"https:\/\/blogsaverroes.juntadeandalucia.es\/eisoldeportocarrero\/wp-json\/wp\/v2\/pages"}],"about":[{"href":"https:\/\/blogsaverroes.juntadeandalucia.es\/eisoldeportocarrero\/wp-json\/wp\/v2\/types\/page"}],"author":[{"embeddable":true,"href":"https:\/\/blogsaverroes.juntadeandalucia.es\/eisoldeportocarrero\/wp-json\/wp\/v2\/users\/13406"}],"replies":[{"embeddable":true,"href":"https:\/\/blogsaverroes.juntadeandalucia.es\/eisoldeportocarrero\/wp-json\/wp\/v2\/comments?post=41"}],"version-history":[{"count":11,"href":"https:\/\/blogsaverroes.juntadeandalucia.es\/eisoldeportocarrero\/wp-json\/wp\/v2\/pages\/41\/revisions"}],"predecessor-version":[{"id":855,"href":"https:\/\/blogsaverroes.juntadeandalucia.es\/eisoldeportocarrero\/wp-json\/wp\/v2\/pages\/41\/revisions\/855"}],"wp:attachment":[{"href":"https:\/\/blogsaverroes.juntadeandalucia.es\/eisoldeportocarrero\/wp-json\/wp\/v2\/media?parent=41"}],"curies":[{"name":"wp","href":"https:\/\/api.w.org\/{rel}","templated":true}]}}