{"id":857,"date":"2022-11-13T10:57:40","date_gmt":"2022-11-13T09:57:40","guid":{"rendered":"https:\/\/blogsaverroes.juntadeandalucia.es\/eisoldeportocarrero\/?page_id=857"},"modified":"2022-11-13T11:03:52","modified_gmt":"2022-11-13T10:03:52","slug":"contacto","status":"publish","type":"page","link":"https:\/\/blogsaverroes.juntadeandalucia.es\/eisoldeportocarrero\/el-centro\/contacto\/","title":{"rendered":"Contacto"},"content":{"rendered":"<p>Puedes contactar con nosotros, por varias v\u00edas:<\/p>\n<p><img loading=\"lazy\" decoding=\"async\" class=\"\" src=\"https:\/\/img.freepik.com\/vector-gratis\/telefono-rojo-realista_1284-34783.jpg\" alt=\"Im\u00e1genes de Numero De Telefono | Vectores, fotos de stock y ...\" width=\"89\" height=\"89\"> 950579722<\/p>\n<p><img loading=\"lazy\" decoding=\"async\" class=\"\" src=\"https:\/\/www.internet-didactica.es\/wp-content\/uploads\/que-es-email-correo-electronico-e1643025171861-640x440.jpg\" alt=\"Email o correo electronico\" width=\"99\" height=\"68\" data-wp-editing=\"1\">04601907@eisoldeportocarrero.com<\/p>\n<p><img decoding=\"async\" src=\"https:\/\/encrypted-tbn0.gstatic.com\/images?q=tbn:ANd9GcT-kVXF8540b8Es4rk95h7w_gEhFCJE0-LKylD8Dxvu1A&amp;s\" alt=\"iPasen, versi\u00f3n para m\u00f3viles de PASEN - I.E.S. Mediterr\u00e1neo ...\"> Mediante la pesta\u00f1a comunicaci\u00f3n<\/p>\n<p>&nbsp;<\/p>\n<p>&nbsp;<\/p>\n","protected":false},"excerpt":{"rendered":"<p>Puedes contactar con nosotros, por varias v\u00edas: 950579722 04601907@eisoldeportocarrero.com Mediante la pesta\u00f1a comunicaci\u00f3n &nbsp; &nbsp;<\/p>\n","protected":false},"author":13406,"featured_media":0,"parent":41,"menu_order":2,"comment_status":"closed","ping_status":"closed","template":"","meta":{"ngg_post_thumbnail":0,"footnotes":""},"aioseo_notices":[],"_links":{"self":[{"href":"https:\/\/blogsaverroes.juntadeandalucia.es\/eisoldeportocarrero\/wp-json\/wp\/v2\/pages\/857"}],"collection":[{"href":"https:\/\/blogsaverroes.juntadeandalucia.es\/eisoldeportocarrero\/wp-json\/wp\/v2\/pages"}],"about":[{"href":"https:\/\/blogsaverroes.juntadeandalucia.es\/eisoldeportocarrero\/wp-json\/wp\/v2\/types\/page"}],"author":[{"embeddable":true,"href":"https:\/\/blogsaverroes.juntadeandalucia.es\/eisoldeportocarrero\/wp-json\/wp\/v2\/users\/13406"}],"replies":[{"embeddable":true,"href":"https:\/\/blogsaverroes.juntadeandalucia.es\/eisoldeportocarrero\/wp-json\/wp\/v2\/comments?post=857"}],"version-history":[{"count":1,"href":"https:\/\/blogsaverroes.juntadeandalucia.es\/eisoldeportocarrero\/wp-json\/wp\/v2\/pages\/857\/revisions"}],"predecessor-version":[{"id":858,"href":"https:\/\/blogsaverroes.juntadeandalucia.es\/eisoldeportocarrero\/wp-json\/wp\/v2\/pages\/857\/revisions\/858"}],"up":[{"embeddable":true,"href":"https:\/\/blogsaverroes.juntadeandalucia.es\/eisoldeportocarrero\/wp-json\/wp\/v2\/pages\/41"}],"wp:attachment":[{"href":"https:\/\/blogsaverroes.juntadeandalucia.es\/eisoldeportocarrero\/wp-json\/wp\/v2\/media?parent=857"}],"curies":[{"name":"wp","href":"https:\/\/api.w.org\/{rel}","templated":true}]}}