{"id":141,"date":"2015-03-17T07:13:24","date_gmt":"2015-03-17T07:13:24","guid":{"rendered":"http:\/\/blogsaverroes.juntadeandalucia.es\/pre\/ceip\/?page_id=141"},"modified":"2021-04-13T09:08:14","modified_gmt":"2021-04-13T09:08:14","slug":"escolarizacion","status":"publish","type":"page","link":"https:\/\/blogsaverroes.juntadeandalucia.es\/eivirgendelvalle\/escolarizacion\/","title":{"rendered":"Escolarizaci\u00f3n"},"content":{"rendered":"<p><a href=\"https:\/\/blogsaverroes.juntadeandalucia.es\/eivirgendelvalle\/files\/2021\/04\/Primer-Ciclo-de-Infantil-851x315-1.png\"><img loading=\"lazy\" decoding=\"async\" class=\"wp-image-2374 aligncenter\" src=\"https:\/\/blogsaverroes.juntadeandalucia.es\/eivirgendelvalle\/files\/2021\/04\/Primer-Ciclo-de-Infantil-851x315-1-300x111.png\" alt=\"\" width=\"376\" height=\"139\" srcset=\"https:\/\/blogsaverroes.juntadeandalucia.es\/eivirgendelvalle\/files\/2021\/04\/Primer-Ciclo-de-Infantil-851x315-1-300x111.png 300w, https:\/\/blogsaverroes.juntadeandalucia.es\/eivirgendelvalle\/files\/2021\/04\/Primer-Ciclo-de-Infantil-851x315-1-768x284.png 768w, https:\/\/blogsaverroes.juntadeandalucia.es\/eivirgendelvalle\/files\/2021\/04\/Primer-Ciclo-de-Infantil-851x315-1-600x220.png 600w, https:\/\/blogsaverroes.juntadeandalucia.es\/eivirgendelvalle\/files\/2021\/04\/Primer-Ciclo-de-Infantil-851x315-1.png 851w\" sizes=\"(max-width: 376px) 100vw, 376px\" \/><\/a><\/p>\n<p>Esta secci\u00f3n contiene cuanta informaci\u00f3n sea de utilidad para las familias a la hora de de iniciar el proceso de escolarizaci\u00f3n: plazos, documentos, normativa, enlaces, etc.<\/p>\n<p><a title=\"Portal escolarizaci\u00f3n\" href=\"http:\/\/www.juntadeandalucia.es\/educacion\/webportal\/web\/portal-escolarizacion\/infantil-primaria-eso-bachillerato\" target=\"_blank\" rel=\"noopener noreferrer\">Enlace al portal de escolarizaci\u00f3n.<\/a><\/p>\n<p><a href=\"https:\/\/www.juntadeandalucia.es\/educacion\/portals\/web\/escolarizacion\/0-a-3-anos\/normativa\">NORMATIVA<\/a>&nbsp; sobre el proceso de escolarizaci\u00f3n.<\/p>\n","protected":false},"excerpt":{"rendered":"<p>Esta secci\u00f3n contiene cuanta informaci\u00f3n sea de utilidad para las familias a la hora de de iniciar el proceso de escolarizaci\u00f3n: plazos, documentos, normativa, enlaces, etc. Enlace al portal de escolarizaci\u00f3n. NORMATIVA&nbsp; sobre el&#46;&#46;&#46;<\/p>\n","protected":false},"author":1,"featured_media":0,"parent":0,"menu_order":0,"comment_status":"closed","ping_status":"open","template":"page-cs.php","meta":{"ngg_post_thumbnail":0,"footnotes":"","_mc_calendar":[]},"aioseo_notices":[],"_links":{"self":[{"href":"https:\/\/blogsaverroes.juntadeandalucia.es\/eivirgendelvalle\/wp-json\/wp\/v2\/pages\/141"}],"collection":[{"href":"https:\/\/blogsaverroes.juntadeandalucia.es\/eivirgendelvalle\/wp-json\/wp\/v2\/pages"}],"about":[{"href":"https:\/\/blogsaverroes.juntadeandalucia.es\/eivirgendelvalle\/wp-json\/wp\/v2\/types\/page"}],"author":[{"embeddable":true,"href":"https:\/\/blogsaverroes.juntadeandalucia.es\/eivirgendelvalle\/wp-json\/wp\/v2\/users\/1"}],"replies":[{"embeddable":true,"href":"https:\/\/blogsaverroes.juntadeandalucia.es\/eivirgendelvalle\/wp-json\/wp\/v2\/comments?post=141"}],"version-history":[{"count":9,"href":"https:\/\/blogsaverroes.juntadeandalucia.es\/eivirgendelvalle\/wp-json\/wp\/v2\/pages\/141\/revisions"}],"predecessor-version":[{"id":2378,"href":"https:\/\/blogsaverroes.juntadeandalucia.es\/eivirgendelvalle\/wp-json\/wp\/v2\/pages\/141\/revisions\/2378"}],"wp:attachment":[{"href":"https:\/\/blogsaverroes.juntadeandalucia.es\/eivirgendelvalle\/wp-json\/wp\/v2\/media?parent=141"}],"curies":[{"name":"wp","href":"https:\/\/api.w.org\/{rel}","templated":true}]}}