{"id":2291,"date":"2021-04-12T08:42:13","date_gmt":"2021-04-12T08:42:13","guid":{"rendered":"https:\/\/blogsaverroes.juntadeandalucia.es\/eivirgendelvalle\/?page_id=2291"},"modified":"2023-10-06T09:45:54","modified_gmt":"2023-10-06T09:45:54","slug":"tutoras","status":"publish","type":"page","link":"https:\/\/blogsaverroes.juntadeandalucia.es\/eivirgendelvalle\/tutoras\/","title":{"rendered":"Tutoras"},"content":{"rendered":"<p style=\"text-align: left\">&nbsp;<\/p>\n<p style=\"text-align: left\">&nbsp; &nbsp; &nbsp; &nbsp; &nbsp; &nbsp; &nbsp; &nbsp;Nuestro centro cuenta con un grupo excepcional de profesionales,&nbsp; 6 tutoras y una de apoyo para la clase de los m\u00e1s peque\u00f1os.<\/p>\n<p>&nbsp;<\/p>\n<p>&nbsp; &nbsp; &nbsp; &nbsp; &nbsp; &nbsp; <span style=\"text-decoration: underline\">&nbsp;<strong>CLASE ELEFANTE<\/strong><\/span>&nbsp; &nbsp;&nbsp;<\/p>\n<p>&nbsp; &nbsp; &nbsp; &nbsp; &nbsp; La clase Elefante cuenta con las tutoras:<\/p>\n<p>&nbsp; &nbsp; &nbsp; &nbsp; &nbsp; &nbsp; &nbsp; &nbsp; &nbsp; &nbsp; &nbsp; &nbsp; &nbsp; &nbsp;Gloria Burgal\u00e9s. T\u00e9cnico Superior de Educaci\u00f3n Infantil.<\/p>\n<p>&nbsp; &nbsp; &nbsp; &nbsp; &nbsp; &nbsp; &nbsp; &nbsp; &nbsp; &nbsp; &nbsp; &nbsp; &nbsp; &nbsp;Susana S\u00e1nchez. T\u00e9cnico Superior de Educaci\u00f3n Infantil.<\/p>\n<p><a href=\"https:\/\/blogsaverroes.juntadeandalucia.es\/eivirgendelvalle\/files\/2023\/10\/WhatsApp-Image-2023-10-05-at-11.44.41.jpeg\"><img loading=\"lazy\" decoding=\"async\" class=\"size-medium wp-image-2625 aligncenter\" src=\"https:\/\/blogsaverroes.juntadeandalucia.es\/eivirgendelvalle\/files\/2023\/10\/WhatsApp-Image-2023-10-05-at-11.44.41-300x225.jpeg\" alt=\"\" width=\"300\" height=\"225\" srcset=\"https:\/\/blogsaverroes.juntadeandalucia.es\/eivirgendelvalle\/files\/2023\/10\/WhatsApp-Image-2023-10-05-at-11.44.41-300x225.jpeg 300w, https:\/\/blogsaverroes.juntadeandalucia.es\/eivirgendelvalle\/files\/2023\/10\/WhatsApp-Image-2023-10-05-at-11.44.41-1024x768.jpeg 1024w, https:\/\/blogsaverroes.juntadeandalucia.es\/eivirgendelvalle\/files\/2023\/10\/WhatsApp-Image-2023-10-05-at-11.44.41-768x576.jpeg 768w, https:\/\/blogsaverroes.juntadeandalucia.es\/eivirgendelvalle\/files\/2023\/10\/WhatsApp-Image-2023-10-05-at-11.44.41-1536x1152.jpeg 1536w, https:\/\/blogsaverroes.juntadeandalucia.es\/eivirgendelvalle\/files\/2023\/10\/WhatsApp-Image-2023-10-05-at-11.44.41.jpeg 1600w\" sizes=\"(max-width: 300px) 100vw, 300px\" \/><\/a>&nbsp;<\/p>\n<p>&nbsp; &nbsp; &nbsp; &nbsp; &nbsp; &nbsp; &nbsp; &nbsp; &nbsp; &nbsp; &nbsp; &nbsp; &nbsp; &nbsp; &nbsp; &nbsp; &nbsp; &nbsp; &nbsp; &nbsp; &nbsp; &nbsp; &nbsp; &nbsp; &nbsp; &nbsp; &nbsp; &nbsp; &nbsp; &nbsp; &nbsp; &nbsp; &nbsp; &nbsp; &nbsp; &nbsp;&nbsp; &nbsp; &nbsp; &nbsp; &nbsp; &nbsp;&nbsp; &nbsp; &nbsp; &nbsp; &nbsp; &nbsp; &nbsp; &nbsp; &nbsp; &nbsp; &nbsp; &nbsp;&nbsp;<\/p>\n<p>&nbsp;<a href=\"https:\/\/blogsaverroes.juntadeandalucia.es\/eivirgendelvalle\/files\/2021\/04\/WhatsApp-Image-2021-04-12-at-10.15.50-5.jpeg\"><img loading=\"lazy\" decoding=\"async\" class=\"size-medium wp-image-2346 alignnone\" src=\"https:\/\/blogsaverroes.juntadeandalucia.es\/eivirgendelvalle\/files\/2021\/04\/WhatsApp-Image-2021-04-12-at-10.15.50-5-300x206.jpeg\" alt=\"\" width=\"300\" height=\"206\" srcset=\"https:\/\/blogsaverroes.juntadeandalucia.es\/eivirgendelvalle\/files\/2021\/04\/WhatsApp-Image-2021-04-12-at-10.15.50-5-300x206.jpeg 300w, https:\/\/blogsaverroes.juntadeandalucia.es\/eivirgendelvalle\/files\/2021\/04\/WhatsApp-Image-2021-04-12-at-10.15.50-5-1024x703.jpeg 1024w, https:\/\/blogsaverroes.juntadeandalucia.es\/eivirgendelvalle\/files\/2021\/04\/WhatsApp-Image-2021-04-12-at-10.15.50-5-768x527.jpeg 768w, https:\/\/blogsaverroes.juntadeandalucia.es\/eivirgendelvalle\/files\/2021\/04\/WhatsApp-Image-2021-04-12-at-10.15.50-5-1536x1054.jpeg 1536w, https:\/\/blogsaverroes.juntadeandalucia.es\/eivirgendelvalle\/files\/2021\/04\/WhatsApp-Image-2021-04-12-at-10.15.50-5.jpeg 1600w\" sizes=\"(max-width: 300px) 100vw, 300px\" \/><\/a>&nbsp; &nbsp; &nbsp; &nbsp; &nbsp; &nbsp; &nbsp; &nbsp; &nbsp; &nbsp; &nbsp; &nbsp; &nbsp; &nbsp; &nbsp; &nbsp; &nbsp; &nbsp; &nbsp; &nbsp; &nbsp;<a href=\"https:\/\/blogsaverroes.juntadeandalucia.es\/eivirgendelvalle\/files\/2021\/04\/WhatsApp-Image-2021-04-12-at-10.15.50-1.jpeg\"><img loading=\"lazy\" decoding=\"async\" class=\"alignnone size-medium wp-image-2345\" src=\"https:\/\/blogsaverroes.juntadeandalucia.es\/eivirgendelvalle\/files\/2021\/04\/WhatsApp-Image-2021-04-12-at-10.15.50-1-300x207.jpeg\" alt=\"\" width=\"300\" height=\"207\" srcset=\"https:\/\/blogsaverroes.juntadeandalucia.es\/eivirgendelvalle\/files\/2021\/04\/WhatsApp-Image-2021-04-12-at-10.15.50-1-300x207.jpeg 300w, https:\/\/blogsaverroes.juntadeandalucia.es\/eivirgendelvalle\/files\/2021\/04\/WhatsApp-Image-2021-04-12-at-10.15.50-1-1024x705.jpeg 1024w, https:\/\/blogsaverroes.juntadeandalucia.es\/eivirgendelvalle\/files\/2021\/04\/WhatsApp-Image-2021-04-12-at-10.15.50-1-768x529.jpeg 768w, https:\/\/blogsaverroes.juntadeandalucia.es\/eivirgendelvalle\/files\/2021\/04\/WhatsApp-Image-2021-04-12-at-10.15.50-1-1536x1058.jpeg 1536w, https:\/\/blogsaverroes.juntadeandalucia.es\/eivirgendelvalle\/files\/2021\/04\/WhatsApp-Image-2021-04-12-at-10.15.50-1.jpeg 1600w\" sizes=\"(max-width: 300px) 100vw, 300px\" \/><\/a>&nbsp; &nbsp;<\/p>\n<p>&nbsp; &nbsp; &nbsp; &nbsp; &nbsp; &nbsp; &nbsp; &nbsp; &nbsp; &nbsp; &nbsp; &nbsp; &nbsp; &nbsp; &nbsp; &nbsp; &nbsp; &nbsp; &nbsp; &nbsp; &nbsp; &nbsp; &nbsp; &nbsp; &nbsp; &nbsp; &nbsp; &nbsp; &nbsp; &nbsp; &nbsp;<a href=\"https:\/\/blogsaverroes.juntadeandalucia.es\/eivirgendelvalle\/files\/2021\/04\/WhatsApp-Image-2021-04-12-at-10.15.50-2.jpeg\"><img loading=\"lazy\" decoding=\"async\" class=\"alignnone size-medium wp-image-2347\" src=\"https:\/\/blogsaverroes.juntadeandalucia.es\/eivirgendelvalle\/files\/2021\/04\/WhatsApp-Image-2021-04-12-at-10.15.50-2-300x196.jpeg\" alt=\"\" width=\"300\" height=\"196\" srcset=\"https:\/\/blogsaverroes.juntadeandalucia.es\/eivirgendelvalle\/files\/2021\/04\/WhatsApp-Image-2021-04-12-at-10.15.50-2-300x196.jpeg 300w, https:\/\/blogsaverroes.juntadeandalucia.es\/eivirgendelvalle\/files\/2021\/04\/WhatsApp-Image-2021-04-12-at-10.15.50-2-1024x670.jpeg 1024w, https:\/\/blogsaverroes.juntadeandalucia.es\/eivirgendelvalle\/files\/2021\/04\/WhatsApp-Image-2021-04-12-at-10.15.50-2-768x503.jpeg 768w, https:\/\/blogsaverroes.juntadeandalucia.es\/eivirgendelvalle\/files\/2021\/04\/WhatsApp-Image-2021-04-12-at-10.15.50-2-1536x1005.jpeg 1536w, https:\/\/blogsaverroes.juntadeandalucia.es\/eivirgendelvalle\/files\/2021\/04\/WhatsApp-Image-2021-04-12-at-10.15.50-2.jpeg 1600w\" sizes=\"(max-width: 300px) 100vw, 300px\" \/><\/a>&nbsp; &nbsp; &nbsp; &nbsp; &nbsp; &nbsp; &nbsp; &nbsp; &nbsp; &nbsp; &nbsp; &nbsp; &nbsp; &nbsp; &nbsp; &nbsp; &nbsp; &nbsp; &nbsp; &nbsp; &nbsp; &nbsp; &nbsp; &nbsp; &nbsp;<\/p>\n<p>&nbsp;<\/p>\n<p>&nbsp; &nbsp; &nbsp; &nbsp; &nbsp; &nbsp; <strong><span style=\"text-decoration: underline\">&nbsp;CLASE JIRAFA<\/span><\/strong><\/p>\n<p>&nbsp; &nbsp; &nbsp; &nbsp; &nbsp; Este curso, la clase Jirafa cuenta con las tutoras:<\/p>\n<p>&nbsp; &nbsp; &nbsp; &nbsp; &nbsp; &nbsp; &nbsp; &nbsp; &nbsp; &nbsp; &nbsp; &nbsp;Isabel G\u00f3mez. T\u00e9cnico Superior de Educaci\u00f3n Infantil.<\/p>\n<p>&nbsp; &nbsp; &nbsp; &nbsp; &nbsp; &nbsp; &nbsp; &nbsp; &nbsp; &nbsp; &nbsp; &nbsp; Mercedes V\u00e1zquez.&nbsp; T\u00e9cnico Superior de Educaci\u00f3n Infantil.<\/p>\n<p><a href=\"https:\/\/blogsaverroes.juntadeandalucia.es\/eivirgendelvalle\/files\/2023\/10\/WhatsApp-Image-2023-10-05-at-11.19.19.jpeg\"><img loading=\"lazy\" decoding=\"async\" class=\"size-medium wp-image-2627 aligncenter\" src=\"https:\/\/blogsaverroes.juntadeandalucia.es\/eivirgendelvalle\/files\/2023\/10\/WhatsApp-Image-2023-10-05-at-11.19.19-300x232.jpeg\" alt=\"\" width=\"300\" height=\"232\" srcset=\"https:\/\/blogsaverroes.juntadeandalucia.es\/eivirgendelvalle\/files\/2023\/10\/WhatsApp-Image-2023-10-05-at-11.19.19-300x232.jpeg 300w, https:\/\/blogsaverroes.juntadeandalucia.es\/eivirgendelvalle\/files\/2023\/10\/WhatsApp-Image-2023-10-05-at-11.19.19-1024x792.jpeg 1024w, https:\/\/blogsaverroes.juntadeandalucia.es\/eivirgendelvalle\/files\/2023\/10\/WhatsApp-Image-2023-10-05-at-11.19.19-768x594.jpeg 768w, https:\/\/blogsaverroes.juntadeandalucia.es\/eivirgendelvalle\/files\/2023\/10\/WhatsApp-Image-2023-10-05-at-11.19.19-1536x1189.jpeg 1536w, https:\/\/blogsaverroes.juntadeandalucia.es\/eivirgendelvalle\/files\/2023\/10\/WhatsApp-Image-2023-10-05-at-11.19.19.jpeg 1578w\" sizes=\"(max-width: 300px) 100vw, 300px\" \/><\/a><\/p>\n<p>&nbsp; &nbsp;<\/p>\n<p>&nbsp; <a href=\"https:\/\/blogsaverroes.juntadeandalucia.es\/eivirgendelvalle\/files\/2021\/04\/WhatsApp-Image-2021-04-12-at-11.06.44-1.jpeg\"><img loading=\"lazy\" decoding=\"async\" class=\"alignnone size-medium wp-image-2349\" src=\"https:\/\/blogsaverroes.juntadeandalucia.es\/eivirgendelvalle\/files\/2021\/04\/WhatsApp-Image-2021-04-12-at-11.06.44-1-300x135.jpeg\" alt=\"\" width=\"300\" height=\"135\" srcset=\"https:\/\/blogsaverroes.juntadeandalucia.es\/eivirgendelvalle\/files\/2021\/04\/WhatsApp-Image-2021-04-12-at-11.06.44-1-300x135.jpeg 300w, https:\/\/blogsaverroes.juntadeandalucia.es\/eivirgendelvalle\/files\/2021\/04\/WhatsApp-Image-2021-04-12-at-11.06.44-1-1024x461.jpeg 1024w, https:\/\/blogsaverroes.juntadeandalucia.es\/eivirgendelvalle\/files\/2021\/04\/WhatsApp-Image-2021-04-12-at-11.06.44-1-768x346.jpeg 768w, https:\/\/blogsaverroes.juntadeandalucia.es\/eivirgendelvalle\/files\/2021\/04\/WhatsApp-Image-2021-04-12-at-11.06.44-1-1536x691.jpeg 1536w, https:\/\/blogsaverroes.juntadeandalucia.es\/eivirgendelvalle\/files\/2021\/04\/WhatsApp-Image-2021-04-12-at-11.06.44-1.jpeg 1600w\" sizes=\"(max-width: 300px) 100vw, 300px\" \/><\/a>&nbsp; &nbsp; &nbsp; &nbsp; &nbsp; &nbsp; &nbsp; &nbsp; &nbsp; &nbsp; &nbsp; &nbsp; &nbsp; &nbsp; &nbsp; &nbsp; &nbsp; &nbsp; &nbsp; &nbsp; &nbsp;<a href=\"https:\/\/blogsaverroes.juntadeandalucia.es\/eivirgendelvalle\/files\/2021\/04\/WhatsApp-Image-2021-04-12-at-11.06.45-3.jpeg\"><img loading=\"lazy\" decoding=\"async\" class=\"alignnone size-medium wp-image-2350\" src=\"https:\/\/blogsaverroes.juntadeandalucia.es\/eivirgendelvalle\/files\/2021\/04\/WhatsApp-Image-2021-04-12-at-11.06.45-3-300x135.jpeg\" alt=\"\" width=\"300\" height=\"135\" srcset=\"https:\/\/blogsaverroes.juntadeandalucia.es\/eivirgendelvalle\/files\/2021\/04\/WhatsApp-Image-2021-04-12-at-11.06.45-3-300x135.jpeg 300w, https:\/\/blogsaverroes.juntadeandalucia.es\/eivirgendelvalle\/files\/2021\/04\/WhatsApp-Image-2021-04-12-at-11.06.45-3-1024x461.jpeg 1024w, https:\/\/blogsaverroes.juntadeandalucia.es\/eivirgendelvalle\/files\/2021\/04\/WhatsApp-Image-2021-04-12-at-11.06.45-3-768x346.jpeg 768w, https:\/\/blogsaverroes.juntadeandalucia.es\/eivirgendelvalle\/files\/2021\/04\/WhatsApp-Image-2021-04-12-at-11.06.45-3-1536x691.jpeg 1536w, https:\/\/blogsaverroes.juntadeandalucia.es\/eivirgendelvalle\/files\/2021\/04\/WhatsApp-Image-2021-04-12-at-11.06.45-3.jpeg 1600w\" sizes=\"(max-width: 300px) 100vw, 300px\" \/><\/a>&nbsp; &nbsp;<\/p>\n<p><a href=\"https:\/\/blogsaverroes.juntadeandalucia.es\/eivirgendelvalle\/files\/2021\/04\/WhatsApp-Image-2021-04-12-at-11.06.45-1.jpeg\"><img loading=\"lazy\" decoding=\"async\" class=\"size-medium wp-image-2351 aligncenter\" src=\"https:\/\/blogsaverroes.juntadeandalucia.es\/eivirgendelvalle\/files\/2021\/04\/WhatsApp-Image-2021-04-12-at-11.06.45-1-300x135.jpeg\" alt=\"\" width=\"300\" height=\"135\" srcset=\"https:\/\/blogsaverroes.juntadeandalucia.es\/eivirgendelvalle\/files\/2021\/04\/WhatsApp-Image-2021-04-12-at-11.06.45-1-300x135.jpeg 300w, https:\/\/blogsaverroes.juntadeandalucia.es\/eivirgendelvalle\/files\/2021\/04\/WhatsApp-Image-2021-04-12-at-11.06.45-1-1024x461.jpeg 1024w, https:\/\/blogsaverroes.juntadeandalucia.es\/eivirgendelvalle\/files\/2021\/04\/WhatsApp-Image-2021-04-12-at-11.06.45-1-768x346.jpeg 768w, https:\/\/blogsaverroes.juntadeandalucia.es\/eivirgendelvalle\/files\/2021\/04\/WhatsApp-Image-2021-04-12-at-11.06.45-1-1536x691.jpeg 1536w, https:\/\/blogsaverroes.juntadeandalucia.es\/eivirgendelvalle\/files\/2021\/04\/WhatsApp-Image-2021-04-12-at-11.06.45-1.jpeg 1600w\" sizes=\"(max-width: 300px) 100vw, 300px\" \/><\/a> &nbsp; &nbsp; &nbsp; &nbsp; &nbsp; &nbsp; &nbsp; &nbsp; &nbsp; &nbsp; &nbsp; &nbsp; &nbsp; &nbsp; &nbsp; &nbsp; &nbsp; &nbsp; &nbsp; &nbsp; &nbsp; &nbsp; &nbsp; &nbsp; &nbsp; &nbsp; &nbsp; &nbsp; &nbsp; &nbsp; &nbsp;&nbsp;<\/p>\n<p>&nbsp;<\/p>\n<p>&nbsp; &nbsp; &nbsp; &nbsp; &nbsp; &nbsp;&nbsp;<strong><span style=\"text-decoration: underline\"> CLASE PATITO<\/span><\/strong><\/p>\n<p>&nbsp; &nbsp; &nbsp; &nbsp; &nbsp; &nbsp; &nbsp; &nbsp; &nbsp; &nbsp; Las tutoras de la clase Patito este a\u00f1o son:<\/p>\n<p>&nbsp; &nbsp; &nbsp; &nbsp; &nbsp; &nbsp; &nbsp; &nbsp; &nbsp; &nbsp; &nbsp; &nbsp;Laura Falc\u00f3n.&nbsp; T\u00e9cnico Superior de Educaci\u00f3n Infantil.<\/p>\n<p>&nbsp; &nbsp; &nbsp; &nbsp; &nbsp; &nbsp; &nbsp; &nbsp; &nbsp; &nbsp; &nbsp; &nbsp;Eva L\u00f3pez.&nbsp; T\u00e9cnico Superior de Educaci\u00f3n Infantil.<\/p>\n<p><a href=\"https:\/\/blogsaverroes.juntadeandalucia.es\/eivirgendelvalle\/files\/2023\/10\/WhatsApp-Image-2023-10-05-at-11.47.23.jpeg\"><img loading=\"lazy\" decoding=\"async\" class=\"size-medium wp-image-2626 aligncenter\" src=\"https:\/\/blogsaverroes.juntadeandalucia.es\/eivirgendelvalle\/files\/2023\/10\/WhatsApp-Image-2023-10-05-at-11.47.23-300x225.jpeg\" alt=\"\" width=\"300\" height=\"225\" srcset=\"https:\/\/blogsaverroes.juntadeandalucia.es\/eivirgendelvalle\/files\/2023\/10\/WhatsApp-Image-2023-10-05-at-11.47.23-300x225.jpeg 300w, https:\/\/blogsaverroes.juntadeandalucia.es\/eivirgendelvalle\/files\/2023\/10\/WhatsApp-Image-2023-10-05-at-11.47.23-1024x768.jpeg 1024w, https:\/\/blogsaverroes.juntadeandalucia.es\/eivirgendelvalle\/files\/2023\/10\/WhatsApp-Image-2023-10-05-at-11.47.23-768x576.jpeg 768w, https:\/\/blogsaverroes.juntadeandalucia.es\/eivirgendelvalle\/files\/2023\/10\/WhatsApp-Image-2023-10-05-at-11.47.23-1536x1152.jpeg 1536w, https:\/\/blogsaverroes.juntadeandalucia.es\/eivirgendelvalle\/files\/2023\/10\/WhatsApp-Image-2023-10-05-at-11.47.23.jpeg 1600w\" sizes=\"(max-width: 300px) 100vw, 300px\" \/><\/a><\/p>\n<p>&nbsp; &nbsp; &nbsp; &nbsp; &nbsp; &nbsp; &nbsp; &nbsp; &nbsp; &nbsp; &nbsp; &nbsp; &nbsp; &nbsp; &nbsp; &nbsp; &nbsp; &nbsp; &nbsp; &nbsp; &nbsp; &nbsp; &nbsp; &nbsp; &nbsp; &nbsp; &nbsp; &nbsp; &nbsp; &nbsp;<\/p>\n<p><a href=\"https:\/\/blogsaverroes.juntadeandalucia.es\/eivirgendelvalle\/files\/2021\/04\/WhatsApp-Image-2021-04-12-at-11.54.28.jpeg\"><img loading=\"lazy\" decoding=\"async\" class=\"alignnone size-medium wp-image-2353\" src=\"https:\/\/blogsaverroes.juntadeandalucia.es\/eivirgendelvalle\/files\/2021\/04\/WhatsApp-Image-2021-04-12-at-11.54.28-300x225.jpeg\" alt=\"\" width=\"300\" height=\"225\" srcset=\"https:\/\/blogsaverroes.juntadeandalucia.es\/eivirgendelvalle\/files\/2021\/04\/WhatsApp-Image-2021-04-12-at-11.54.28-300x225.jpeg 300w, https:\/\/blogsaverroes.juntadeandalucia.es\/eivirgendelvalle\/files\/2021\/04\/WhatsApp-Image-2021-04-12-at-11.54.28-1024x768.jpeg 1024w, https:\/\/blogsaverroes.juntadeandalucia.es\/eivirgendelvalle\/files\/2021\/04\/WhatsApp-Image-2021-04-12-at-11.54.28-768x576.jpeg 768w, https:\/\/blogsaverroes.juntadeandalucia.es\/eivirgendelvalle\/files\/2021\/04\/WhatsApp-Image-2021-04-12-at-11.54.28-1536x1152.jpeg 1536w, https:\/\/blogsaverroes.juntadeandalucia.es\/eivirgendelvalle\/files\/2021\/04\/WhatsApp-Image-2021-04-12-at-11.54.28.jpeg 1600w\" sizes=\"(max-width: 300px) 100vw, 300px\" \/><\/a>&nbsp; &nbsp; &nbsp; &nbsp; &nbsp; &nbsp; &nbsp; &nbsp; &nbsp; &nbsp; &nbsp; &nbsp; &nbsp; &nbsp; &nbsp; &nbsp; &nbsp; &nbsp; &nbsp; <a href=\"https:\/\/blogsaverroes.juntadeandalucia.es\/eivirgendelvalle\/files\/2021\/04\/WhatsApp-Image-2021-04-12-at-11.54.29-5.jpeg\"><img loading=\"lazy\" decoding=\"async\" class=\"alignnone size-medium wp-image-2354\" src=\"https:\/\/blogsaverroes.juntadeandalucia.es\/eivirgendelvalle\/files\/2021\/04\/WhatsApp-Image-2021-04-12-at-11.54.29-5-300x225.jpeg\" alt=\"\" width=\"300\" height=\"225\" srcset=\"https:\/\/blogsaverroes.juntadeandalucia.es\/eivirgendelvalle\/files\/2021\/04\/WhatsApp-Image-2021-04-12-at-11.54.29-5-300x225.jpeg 300w, https:\/\/blogsaverroes.juntadeandalucia.es\/eivirgendelvalle\/files\/2021\/04\/WhatsApp-Image-2021-04-12-at-11.54.29-5-1024x768.jpeg 1024w, https:\/\/blogsaverroes.juntadeandalucia.es\/eivirgendelvalle\/files\/2021\/04\/WhatsApp-Image-2021-04-12-at-11.54.29-5-768x576.jpeg 768w, https:\/\/blogsaverroes.juntadeandalucia.es\/eivirgendelvalle\/files\/2021\/04\/WhatsApp-Image-2021-04-12-at-11.54.29-5-1536x1152.jpeg 1536w, https:\/\/blogsaverroes.juntadeandalucia.es\/eivirgendelvalle\/files\/2021\/04\/WhatsApp-Image-2021-04-12-at-11.54.29-5.jpeg 1600w\" sizes=\"(max-width: 300px) 100vw, 300px\" \/><\/a><\/p>\n<p>&nbsp;<\/p>\n<p>&nbsp; &nbsp; &nbsp; &nbsp; &nbsp; &nbsp; &nbsp; &nbsp; &nbsp; &nbsp; &nbsp; &nbsp; &nbsp; &nbsp; &nbsp; &nbsp; &nbsp; &nbsp; &nbsp; &nbsp; &nbsp; &nbsp; &nbsp; &nbsp; &nbsp; &nbsp; &nbsp; &nbsp; &nbsp; &nbsp; &nbsp; <a href=\"https:\/\/blogsaverroes.juntadeandalucia.es\/eivirgendelvalle\/files\/2021\/04\/WhatsApp-Image-2021-04-12-at-11.57.55.jpeg\"><img loading=\"lazy\" decoding=\"async\" class=\"alignnone size-medium wp-image-2355\" src=\"https:\/\/blogsaverroes.juntadeandalucia.es\/eivirgendelvalle\/files\/2021\/04\/WhatsApp-Image-2021-04-12-at-11.57.55-300x225.jpeg\" alt=\"\" width=\"300\" height=\"225\" srcset=\"https:\/\/blogsaverroes.juntadeandalucia.es\/eivirgendelvalle\/files\/2021\/04\/WhatsApp-Image-2021-04-12-at-11.57.55-300x225.jpeg 300w, https:\/\/blogsaverroes.juntadeandalucia.es\/eivirgendelvalle\/files\/2021\/04\/WhatsApp-Image-2021-04-12-at-11.57.55-1024x768.jpeg 1024w, https:\/\/blogsaverroes.juntadeandalucia.es\/eivirgendelvalle\/files\/2021\/04\/WhatsApp-Image-2021-04-12-at-11.57.55-768x576.jpeg 768w, https:\/\/blogsaverroes.juntadeandalucia.es\/eivirgendelvalle\/files\/2021\/04\/WhatsApp-Image-2021-04-12-at-11.57.55-1536x1152.jpeg 1536w, https:\/\/blogsaverroes.juntadeandalucia.es\/eivirgendelvalle\/files\/2021\/04\/WhatsApp-Image-2021-04-12-at-11.57.55.jpeg 1600w\" sizes=\"(max-width: 300px) 100vw, 300px\" \/><\/a><\/p>\n","protected":false},"excerpt":{"rendered":"<p>&nbsp; &nbsp; &nbsp; &nbsp; &nbsp; &nbsp; &nbsp; &nbsp; &nbsp;Nuestro centro cuenta con un grupo excepcional de profesionales,&nbsp; 6 tutoras y una de apoyo para la clase de los m\u00e1s peque\u00f1os. &nbsp; &nbsp; &nbsp; &nbsp;&#46;&#46;&#46;<\/p>\n","protected":false},"author":11783,"featured_media":0,"parent":0,"menu_order":0,"comment_status":"closed","ping_status":"closed","template":"","meta":{"ngg_post_thumbnail":0,"footnotes":"","_mc_calendar":[]},"aioseo_notices":[],"_links":{"self":[{"href":"https:\/\/blogsaverroes.juntadeandalucia.es\/eivirgendelvalle\/wp-json\/wp\/v2\/pages\/2291"}],"collection":[{"href":"https:\/\/blogsaverroes.juntadeandalucia.es\/eivirgendelvalle\/wp-json\/wp\/v2\/pages"}],"about":[{"href":"https:\/\/blogsaverroes.juntadeandalucia.es\/eivirgendelvalle\/wp-json\/wp\/v2\/types\/page"}],"author":[{"embeddable":true,"href":"https:\/\/blogsaverroes.juntadeandalucia.es\/eivirgendelvalle\/wp-json\/wp\/v2\/users\/11783"}],"replies":[{"embeddable":true,"href":"https:\/\/blogsaverroes.juntadeandalucia.es\/eivirgendelvalle\/wp-json\/wp\/v2\/comments?post=2291"}],"version-history":[{"count":28,"href":"https:\/\/blogsaverroes.juntadeandalucia.es\/eivirgendelvalle\/wp-json\/wp\/v2\/pages\/2291\/revisions"}],"predecessor-version":[{"id":2628,"href":"https:\/\/blogsaverroes.juntadeandalucia.es\/eivirgendelvalle\/wp-json\/wp\/v2\/pages\/2291\/revisions\/2628"}],"wp:attachment":[{"href":"https:\/\/blogsaverroes.juntadeandalucia.es\/eivirgendelvalle\/wp-json\/wp\/v2\/media?parent=2291"}],"curies":[{"name":"wp","href":"https:\/\/api.w.org\/{rel}","templated":true}]}}