{"id":141,"date":"2021-02-26T07:13:24","date_gmt":"2021-02-26T07:13:24","guid":{"rendered":"http:\/\/blogsaverroes.juntadeandalucia.es\/pre\/ceip\/?page_id=141"},"modified":"2026-03-04T12:49:31","modified_gmt":"2026-03-04T12:49:31","slug":"escolarizacion","status":"publish","type":"page","link":"https:\/\/blogsaverroes.juntadeandalucia.es\/eizapata\/escolarizacion\/","title":{"rendered":"Escolarizaci\u00f3n"},"content":{"rendered":"<div style=\"text-align: center\"><strong>ADMISI\u00d3N\/MATRICULACI\u00d3N 2026\/2027<\/strong><\/div>\n<div>&nbsp;<\/div>\n<div>NORMATIVA:&nbsp;<\/div>\n<div><a href=\"https:\/\/www.juntadeandalucia.es\/educacion\/portales\/web\/inspeccion-educativa\/w\/resolucion-de-11-de-febrero-de-2026-por-la-que-se-publica-el-listado-de-institutos-de-educacion-secundaria-en-los-que-tendra-prioridad-en-la-admision-el-alumnado-que-curse-simultaneamente-educacion-secundaria-y-ensenanzas-profesionales-de-musica-y-danza-2?redirect=%2Feducacion%2Fportales%2Fweb%2Fescolarizacion%2Finfantil-a-bachillerato%2Fnormativa\">Resoluci\u00f3n de 11 de febrero de 2026<\/a>, de la Direcci\u00f3n General de Planificaci\u00f3n, Centros y Ense\u00f1anza Concertada, por la que se publica el listado de institutos de educaci\u00f3n secundaria en los que tendr\u00e1 prioridad en la admisi\u00f3n el alumnado que curse simult\u00e1neamente educaci\u00f3n secundaria y ense\u00f1anzas profesionales de m\u00fasica y danza o el que siga programas deportivos incluidos en los niveles del deporte de rendimiento en Andaluc\u00eda, sea deportista de alto nivel o alto rendimiento, o disponga de licencia deportiva de una sociedad an\u00f3nima deportiva andaluza que compita en la m\u00e1xima categor\u00eda nacional, para el curso escolar 2026\/27<\/div>\n<div>&nbsp;<\/div>\n<div style=\"text-align: justify\"><a href=\"https:\/\/www.juntadeandalucia.es\/educacion\/portales\/web\/inspeccion-educativa\/w\/correccion-de-errores-de-la-resolucion-de-19-de-enero-de-2026-por-la-que-se-establece-el-calendario-de-actuaciones-del-procedimiento-ordinario-de-admision-del-alumnado-en-los-centros-docentes-publicos-y-privados-concertados-para-cursar-las-ensenanzas-de-s?redirect=%2Feducacion%2Fportales%2Fweb%2Fescolarizacion%2Finfantil-a-bachillerato%2Fnormativa\">Correcci\u00f3n de errores de la Resoluci\u00f3n de 19 de enero de 2026<\/a>, de la Direcci\u00f3n General de Planificaci\u00f3n, Centros y Ense\u00f1anza Concertada, por la que se establece el calendario de actuaciones del procedimiento ordinario de admisi\u00f3n del alumnado en los centros docentes p\u00fablicos y privados concertados para cursar las ense\u00f1anzas de segundo ciclo de educaci\u00f3n infantil, educaci\u00f3n primaria, educaci\u00f3n especial, educaci\u00f3n secundaria obligatoria y bachillerato para el curso escolar 2026\/27 (BOJA n\u00fam. 16, de 26.1.2026)<\/div>\n<div>&nbsp;<\/div>\n<div><a href=\"https:\/\/blogsaverroes.juntadeandalucia.es\/eizapata\/files\/2024\/02\/Blue-Orange-and-Black-Minimalist-Click-Circle-Technology-Logo-Design.png\"><img loading=\"lazy\" decoding=\"async\" class=\"aligncenter size-full wp-image-3307\" src=\"https:\/\/blogsaverroes.juntadeandalucia.es\/eizapata\/files\/2024\/02\/Blue-Orange-and-Black-Minimalist-Click-Circle-Technology-Logo-Design.png\" alt=\"\" width=\"500\" height=\"500\" srcset=\"https:\/\/blogsaverroes.juntadeandalucia.es\/eizapata\/files\/2024\/02\/Blue-Orange-and-Black-Minimalist-Click-Circle-Technology-Logo-Design.png 500w, https:\/\/blogsaverroes.juntadeandalucia.es\/eizapata\/files\/2024\/02\/Blue-Orange-and-Black-Minimalist-Click-Circle-Technology-Logo-Design-300x300.png 300w, https:\/\/blogsaverroes.juntadeandalucia.es\/eizapata\/files\/2024\/02\/Blue-Orange-and-Black-Minimalist-Click-Circle-Technology-Logo-Design-150x150.png 150w, https:\/\/blogsaverroes.juntadeandalucia.es\/eizapata\/files\/2024\/02\/Blue-Orange-and-Black-Minimalist-Click-Circle-Technology-Logo-Design-100x100.png 100w\" sizes=\"(max-width: 500px) 100vw, 500px\" \/><\/a><\/div>\n<div style=\"text-align: center\">&nbsp;<\/div>\n<div style=\"text-align: center\"><a href=\"https:\/\/drive.google.com\/file\/d\/1fFa-N1PToUWqiuyZnnkslswu9sNTdIom\/view?usp=sharing\">https:\/\/drive.google.com\/file\/d\/1fFa-N1PToUWqiuyZnnkslswu9sNTdIom\/view?usp=sharing<\/a><\/div>\n<div>&nbsp;<\/div>\n<div><a href=\"https:\/\/blogsaverroes.juntadeandalucia.es\/eizapata\/files\/2024\/02\/ADMISION.png\"><img loading=\"lazy\" decoding=\"async\" class=\"aligncenter wp-image-3673 size-full\" src=\"https:\/\/blogsaverroes.juntadeandalucia.es\/eizapata\/files\/2026\/02\/Copia-de-Copia-de-Copia-de-Orange-And-Yellow-Modern-University-Promotion-Flyer-Portrait.png\" alt=\"\" width=\"1414\" height=\"2000\" srcset=\"https:\/\/blogsaverroes.juntadeandalucia.es\/eizapata\/files\/2026\/02\/Copia-de-Copia-de-Copia-de-Orange-And-Yellow-Modern-University-Promotion-Flyer-Portrait.png 1414w, https:\/\/blogsaverroes.juntadeandalucia.es\/eizapata\/files\/2026\/02\/Copia-de-Copia-de-Copia-de-Orange-And-Yellow-Modern-University-Promotion-Flyer-Portrait-212x300.png 212w, https:\/\/blogsaverroes.juntadeandalucia.es\/eizapata\/files\/2026\/02\/Copia-de-Copia-de-Copia-de-Orange-And-Yellow-Modern-University-Promotion-Flyer-Portrait-724x1024.png 724w, https:\/\/blogsaverroes.juntadeandalucia.es\/eizapata\/files\/2026\/02\/Copia-de-Copia-de-Copia-de-Orange-And-Yellow-Modern-University-Promotion-Flyer-Portrait-768x1086.png 768w, https:\/\/blogsaverroes.juntadeandalucia.es\/eizapata\/files\/2026\/02\/Copia-de-Copia-de-Copia-de-Orange-And-Yellow-Modern-University-Promotion-Flyer-Portrait-1086x1536.png 1086w\" sizes=\"(max-width: 706px) 89vw, (max-width: 767px) 82vw, 740px\" \/><\/a><\/div>\n<div>&nbsp;<\/div>\n<div>&nbsp;<\/div>\n<div style=\"text-align: center\"><strong>ADMISI\u00d3N 2026\/2027<\/strong><\/div>\n<p dir=\"ltr\">&nbsp;<\/p>\n<p dir=\"ltr\">El periodo de admisi\u00f3n dar\u00e1 comienzo el <b>1 de marzo y terminar\u00e1 el 31 de marzo<\/b>.&nbsp;<\/p>\n<p dir=\"ltr\">Las solicitudes pueden realizarse de dos formas:<\/p>\n<p dir=\"ltr\">1.<b>Telem\u00e1tica<\/b> (la m\u00e1s aconsejable), a trav\u00e9s de la p\u00e1gina web de la Junta de Andaluc\u00eda:<\/p>\n<p dir=\"ltr\" role=\"presentation\"><span style=\"font-size: 1rem\">https:\/\/portals.ced.junta-andalucia.es\/educacion\/portals\/web\/escolarizacion<\/span><\/p>\n<p>2. En el centro, en horario de 9:30 h a 13:30 h, de lunes a viernes, desde el 2 de marzo al 31 de marzo.&nbsp; El impreso de solicitud de plaza es el <a href=\"https:\/\/drive.google.com\/file\/d\/1tPX9ruVz90RNW1kb6SmvQiHOAvBClQr7\/view?usp=sharing\"><b>Anexo III<\/b><\/a> que pueden descargar en nuestra p\u00e1gina web&nbsp; o lo pueden pedir a la Direcci\u00f3n del centro.&nbsp;<\/p>\n<p dir=\"ltr\" style=\"text-align: center\"><strong>&nbsp;&nbsp;Documentos que deben aportar para solicitar la plaza:<\/strong><\/p>\n<ol>\n<li>\n<p dir=\"ltr\" role=\"presentation\">Impreso (<a href=\"https:\/\/drive.google.com\/file\/d\/1tPX9ruVz90RNW1kb6SmvQiHOAvBClQr7\/view?usp=sharing\"><b>Anexo III<\/b><\/a>) relleno en todos sus apartados y firmado por el solicitante.<\/p>\n<\/li>\n<li>\n<p dir=\"ltr\" role=\"presentation\">Fotocopia DNI del padre, madre y ni\u00f1o\/a (o libro de familia en caso de que el menor no posea DNI).<\/p>\n<\/li>\n<li>\n<p dir=\"ltr\" role=\"presentation\">Una foto tama\u00f1o carnet solo para el alumnado solicitante de 3 A\u00f1os Educaci\u00f3n Infantil.<\/p>\n<\/li>\n<li>\n<p dir=\"ltr\" role=\"presentation\">La informaci\u00f3n sobre familia numerosa, monoparental, empadronamiento y minusval\u00edas, seg\u00fan corresponda.<\/p>\n<\/li>\n<\/ol>\n<div style=\"text-align: center\"><strong><em>Para cualquier duda pueden llamar a los tel\u00e9fonos: <\/em><\/strong><\/div>\n<div style=\"text-align: center\"><strong><em>671 594 053 \u2013 951 298 329&nbsp; <\/em><\/strong><strong><em>en horario de 9:30 a 13:30h.,<\/em><\/strong><\/div>\n<div style=\"text-align: center\"><strong><em>de lunes a viernes.&nbsp;<\/em><\/strong><\/div>\n<div style=\"text-align: center\">&nbsp;<\/div>\n<div style=\"text-align: center\">&nbsp;<\/div>\n<p dir=\"ltr\" style=\"text-align: center\"><b>Documentos para descargar:<\/b><\/p>\n<ul>\n<li><a href=\"https:\/\/drive.google.com\/file\/d\/1OVajXBBBmOHasboUNmdw04jjcPpRYLo1\/view?usp=sharing\" target=\"_blank\" rel=\"noopener noreferrer\">ZONA DE INFLUENCIA<\/a><\/li>\n<li><a href=\"https:\/\/drive.google.com\/file\/d\/1YsAfHcJxGzThlfAsRM85DIyMFX6aMdcH\/view?usp=sharing\" target=\"_blank\" rel=\"noopener noreferrer\">CALLEJERO DE LA ZONA DE INFLUENCIA<\/a><\/li>\n<li><a href=\"https:\/\/drive.google.com\/file\/d\/1tPX9ruVz90RNW1kb6SmvQiHOAvBClQr7\/view?usp=sharing\" target=\"_blank\" rel=\"noopener noreferrer\">ANEXO III<\/a><\/li>\n<li><a href=\"https:\/\/drive.google.com\/file\/d\/1ZvAZlFWUpwKfh1E6sl33z3l8wZergk6D\/view?usp=sharing\" target=\"_blank\" rel=\"noopener noreferrer\">OFERTA EDUCATIVA<\/a><\/li>\n<li><a href=\"https:\/\/drive.google.com\/file\/d\/10JeM59ynKpEafcMzqnokypZWsKaguSTd\/view?usp=sharing\" target=\"_blank\" rel=\"noopener noreferrer\">OFERTA DE VACANTES<\/a><\/li>\n<li><a href=\"https:\/\/drive.google.com\/file\/d\/1pjsniX-fMAnJhlEJ1u3jzFlpSfz13dO7\/view?usp=sharing\" target=\"_blank\" rel=\"noopener noreferrer\">CUADRO DE BAREMACI\u00d3N<\/a><\/li>\n<li><a href=\"https:\/\/drive.google.com\/file\/d\/1czIGQMrthvVKeOruL_9l0cM3v2Ad_Jbu\/view?usp=sharing\" target=\"_blank\" rel=\"noopener noreferrer\">CERTIFICADO DE LA PUBLICACI\u00d3N<\/a><\/li>\n<\/ul>\n<h2 class=\"vc_custom_heading\" style=\"text-align: center\"><strong>PROCEDIMIENTO ORDINARIO DE ADMISI\u00d3N PARA INFANTIL Y PRIMARIA<\/strong><br \/>\n<strong>CALENDARIO DE ACTUACIONES CURSO 2026\/ 27<\/strong><\/h2>\n<table>\n<tbody>\n<tr>\n<td width=\"141\">DEL 1 MARZO AL 31 DE MARZO (ambos incluidos)<\/td>\n<td width=\"425\">PRESENTACI\u00d3N SOLICITUDES DE ADMISI\u00d3N. *Subsanaci\u00f3n de solicitud o aportaci\u00f3n de documentos (comunicaci\u00f3n con acuse de recibo por el centro y plazo de 10 d\u00edas h\u00e1biles para subsanaciones).<\/td>\n<\/tr>\n<tr>\n<td width=\"141\">21 Y 22 DE ABRIL<\/td>\n<td width=\"425\">PUBLICACI\u00d3N RELACI\u00d3N SOLICITANTES BAREMADA. *Desde el 2 de marzo (inclusive) S\u00e9neca facilitar\u00e1 un INFORME DE DISCREPANCIAS EN LA BAREMACI\u00d3N en casos no coincidentes<\/td>\n<\/tr>\n<tr>\n<td width=\"141\">21 DE ABRIL<\/td>\n<td width=\"425\">COMIENZA TR\u00c1MITE DE AUDIENCIA Y ALEGACIONES Diez d\u00edas lectivos. (art . 23 Orden 20 febrero 2020)<\/td>\n<\/tr>\n<tr>\n<td width=\"141\">13 DE MAYO<\/td>\n<td width=\"425\">SORTEO P\u00daBLICO PARA DIRIMIR SITUACIONES DE EMPATE<\/td>\n<\/tr>\n<tr>\n<td width=\"141\">14 DE MAYO<\/td>\n<td width=\"425\">PUBLICACI\u00d3N RELACI\u00d3N ADMITIDOS EN LOS CENTROS ELEGIDOS COMO PRIORITARIOS<\/td>\n<\/tr>\n<tr>\n<td width=\"141\">25 DE MAYO<\/td>\n<td width=\"425\">PUBLICACI\u00d3N ADJUDICACI\u00d3N DE PLAZA ESCOLAR ALUMNADO NO ADMITIDO EN EL CENTRO ELEGIDO COMO PRIORITARIO<\/td>\n<\/tr>\n<tr>\n<td width=\"141\">26 DE MAYO<\/td>\n<td width=\"425\">RECURSOS Y RECLAMACIONES 1 mes. (Art, 48 Decreto 21\/2020 de 17 de febrero)<\/td>\n<\/tr>\n<tr>\n<td width=\"141\">DEL 1 AL 8 DE JUNIO<\/td>\n<td width=\"425\">MATRICULACI\u00d3N 2\u00ba CICLO ED. INFANTIL, ED.PRIMARIA y ED. ESPECIAL (y ESO en centros p\u00fablicos que impartan primaria) *Hasta el 12 de junio CERTIFICACI\u00d3N DE MATR\u00cdCULA<\/td>\n<\/tr>\n<\/tbody>\n<\/table>\n<p>&nbsp;<\/p>\n<p>&nbsp;<\/p>\n<p>&nbsp;<\/p>\n<p>A\u00d1OS ANTERIORES&#8230;<\/p>\n<p style=\"text-align: center\"><strong>INFORMACI\u00d3N SOBRE LA CONVOCATORIA DE ADMISI\u00d3N 2024\/2025<\/strong><\/p>\n<p>Desde hoy, viernes 12 de abril de 2024 se puede consultar la publicaci\u00f3n de&nbsp; la relaci\u00f3n alfab\u00e9tica de solicitantes y el certificado de su publicaci\u00f3n, as\u00ed como la relaci\u00f3n baremada de alumnos y alumnas que han solicitado el centro como prioritario:<\/p>\n<ul>\n<li><a href=\"https:\/\/drive.google.com\/file\/d\/1YK6q6FjWBVIKxtrm9p-b9SFxW9UZYLAK\/view?usp=drive_link\">RELACI\u00d3N ALFAB\u00c9TICA DE SOLICITUDES RECIBIDAS<\/a><\/li>\n<li><a href=\"https:\/\/drive.google.com\/file\/d\/1nZRHDbV8Bz6uop1IzjPxw37AKeiGy0VC\/view?usp=sharing\">CERTIFICADO DE LA PUBLICACI\u00d3N DE LA RELACI\u00d3N ALFAB\u00c9TICA DE LAS SOLICITUDES RECIBIDAS<\/a><\/li>\n<li><a href=\"https:\/\/drive.google.com\/file\/d\/1R6xCUfvaKyMjIWiuWZxOuy_ZLSOWoSR9\/view?usp=sharing\">RELACI\u00d3N BAREMADA DE ALUMNOS Y ALUMNAS QUE HAN SOLICITADO ESTE CENTRO COMO PRIORITARIO.<\/a><\/li>\n<li><a href=\"https:\/\/drive.google.com\/file\/d\/11OxBoY8oH0oQL_Ie_DLXKTvI4QmWzdOM\/view?usp=sharing\">CERTIFICADO DE&nbsp; LA&nbsp;RELACI\u00d3N BAREMADA DE ALUMNOS Y ALUMNAS QUE HAN SOLICITADO ESTE CENTRO COMO PRIORITARIO.<\/a><\/li>\n<\/ul>\n<p>Desde hoy, martes 14 de mayo de 2024 se puede consultar la publicaci\u00f3n de&nbsp; la relaci\u00f3n admitidos en los centros elegidos como prioritarios:<\/p>\n<ul>\n<li><a href=\"https:\/\/drive.google.com\/file\/d\/1sJVOco2GEmuhOygG14CDcW7Y8TfC2MdB\/view?usp=sharing\">RELACI\u00d3N ADMITIDOS EN LOS CENTROS ELEGIDOS COMO PRIORITARIOS.<\/a><\/li>\n<li><a href=\"https:\/\/drive.google.com\/file\/d\/1WaaBV4y0SaAtFXFhS9nZsfZm9iocKk5E\/view?usp=sharing\">CERTIFICADO DE LA PUBLICACI\u00d3N DE LA RELACI\u00d3N ADMITIDOS EN LOS CENTROS ELEGIDOS COMO PRIORITARIOS.<\/a><\/li>\n<li><a href=\"https:\/\/drive.google.com\/file\/d\/1-b1EZkewOIz8VDo6oD_IKHC9j0b7yh2R\/view?usp=sharing\">SORTEO P\u00daBLICO PARA DIRIMIR SITUACIONES DE EMPATE.<\/a><\/li>\n<li><a href=\"https:\/\/drive.google.com\/file\/d\/1JOlhsJEBl7DZSep4-CEv1aXVj8fhRr-X\/view?usp=sharing\">CERTIFICADO DEL SORTEO P\u00daBLICO PARA DIRIMIR SITUACIONES DE EMPATE.<\/a><\/li>\n<\/ul>\n<p>A partir del 24 de mayo de 2024 podr\u00e1 consultarse la publicaci\u00f3n de la&nbsp; adjudicaci\u00f3n de plaza escolar al alumnado no admitido en el centro elegido como prioritario.<\/p>\n<p style=\"text-align: center\"><strong>INFORMACI\u00d3N SOBRE LA MATRICULACI\u00d3N DEL CURSO 2024\/2025. Enlaces de inter\u00e9s:<\/strong><\/p>\n<p><a title=\"Portal escolarizaci\u00f3n\" href=\"https:\/\/www.juntadeandalucia.es\/temas\/estudiar\/infantil\/admision-segundo-ciclo.html#toc-matriculaci-n\" target=\"_blank\" rel=\"noopener noreferrer\">Enlace al portal de escolarizaci\u00f3n.<\/a><\/p>\n<p><a title=\"Procedimiento\" href=\"https:\/\/www.juntadeandalucia.es\/educacion\/portales\/web\/escolarizacion\/infantil-a-bachillerato\/normativa\" target=\"_blank\" rel=\"noopener noreferrer\">Normativa<\/a>&nbsp;sobre el proceso de escolarizaci\u00f3n.<\/p>\n<p><a href=\"https:\/\/youtu.be\/eHMWFfaG8rU?feature=shared\">Tutorial matr\u00edcula electr\u00f3nica con IANDE.<\/a><\/p>\n<p>La <strong>matr\u00edcula<\/strong> se podr\u00e1 formalizar, desde el 1 al 10 de junio, de <strong>forma presencial<\/strong> en nuestro centro dentro de los horarios establecidos (solicitando cita a trav\u00e9s de nuestro tel\u00e9fono 671.594.053) o de <strong>forma telem\u00e1tica<\/strong>.<\/p>\n<p>&nbsp;<\/p>\n<p><strong>PRESENTACI\u00d3N TELEM\u00c1TICA DE LA SOLICITUD DE MATRICULACI\u00d3N:<\/strong><\/p>\n<p>La matriculaci\u00f3n para los centros docentes sostenidos con fondos p\u00fablicos se puede tramitar de manera telem\u00e1tica. Esto facilita que las familias puedan realizar el tr\u00e1mite desde un ordenador o un tel\u00e9fono m\u00f3vil, evitando tener que desplazarse al centro educativo en horario laboral.&nbsp;<\/p>\n<p>La Consejer\u00eda ha habilitado un m\u00e9todo de autenticaci\u00f3n y firma llamado <a href=\"https:\/\/www.juntadeandalucia.es\/educacion\/secretariavirtual\/autenticacion\/registroUsuarioIANDE\/\">iANDE<\/a>, complementario a los m\u00e9todos tradicionales de uso de certificados digitales y servicios de la plataforma Cl@ve. Puedes localizar tu<strong> clave iANDE<\/strong> a trav\u00e9s de <a href=\"https:\/\/seneca.juntadeandalucia.es\/seneca\/jsp\/portalpasen\/\">iPASEN<\/a> y, si necesitas solicitar una nueva clave, dir\u00edgete de forma presencial a cualquier centro educativo. &nbsp;<\/p>\n<p>De esta forma, la matriculaci\u00f3n online puede realizarse por dos v\u00edas:<\/p>\n<ul>\n<li><strong>A trav\u00e9s de iPASEN:<\/strong> desde la <a href=\"https:\/\/seneca.juntadeandalucia.es\/seneca\/jsp\/portalpasen\/\">app iPASEN<\/a> se proporciona un acceso directo a la Secretar\u00eda Virtual para realizar la matr\u00edcula de forma autenticada (recuerda actualizar la app para no trabajar con una versi\u00f3n obsoleta). Accede a la aplicaci\u00f3n y, en el apartado de tus mensajes encontrar\u00e1s uno del Administrador PASEN con el Identificador Andaluz Educativo (<a href=\"https:\/\/www.juntadeandalucia.es\/educacion\/secretariavirtual\/autenticacion\/registroUsuarioIANDE\/\">iANDE<\/a>) en el que se informa de que para realizar telem\u00e1ticamente los procedimientos relacionados con el centro (admisi\u00f3n, matriculaci\u00f3n y otros tr\u00e1mites) se te facilita la clave (iANDE) de cada uno de tus hijos o hijas y para ti mismo si eres&nbsp;alumno\/a.&nbsp;<\/li>\n<li><strong>A trav\u00e9s del formulario habilitado en la <a href=\"https:\/\/www.juntadeandalucia.es\/educacion\/secretariavirtual\/\">Secretar\u00eda Virtual<\/a><\/strong>&nbsp;de los centros educativos del portal web de la Consejer\u00eda de Desarrollo Educativo y Formaci\u00f3n Profesional. El citado tr\u00e1mite de la Secretar\u00eda Virtual ofertar\u00e1 la matr\u00edcula en el curso que se determine en la pantalla (bloque de Solicitudes).<\/li>\n<\/ul>\n<p>Este procedimiento online permite a las familias adem\u00e1s de tramitar la matr\u00edcula, seleccionar las distintas materias curriculares, presentar los formularios de los servicios complementarios de comedor escolar, aula matinal y actividades extraescolares, y dar autorizaci\u00f3n para el uso de im\u00e1genes, entre otras cosas.<\/p>\n<p>&nbsp;<\/p>\n<p style=\"text-align: center\">&nbsp;<\/p>\n<h2 class=\"vc_custom_heading\" style=\"text-align: center\">&nbsp;<\/h2>\n<div class=\"wpb_text_column wpb_content_element \">\n<div class=\"wpb_wrapper\">\n<p>&nbsp;<\/p>\n<\/div>\n<\/div>\n","protected":false},"excerpt":{"rendered":"<p>ADMISI\u00d3N\/MATRICULACI\u00d3N 2026\/2027 &nbsp; NORMATIVA:&nbsp; Resoluci\u00f3n de 11 de febrero de 2026, de la Direcci\u00f3n General de Planificaci\u00f3n, Centros y Ense\u00f1anza Concertada, por la que se publica el listado de institutos de educaci\u00f3n secundaria en los que tendr\u00e1 prioridad en la admisi\u00f3n el alumnado que curse simult\u00e1neamente educaci\u00f3n secundaria y ense\u00f1anzas profesionales de m\u00fasica y danza &hellip; <\/p>\n<p class=\"link-more\"><a href=\"https:\/\/blogsaverroes.juntadeandalucia.es\/eizapata\/escolarizacion\/\" class=\"more-link\">Continuar leyendo<span class=\"screen-reader-text\"> \u00abEscolarizaci\u00f3n\u00bb<\/span><\/a><\/p>\n","protected":false},"author":1,"featured_media":0,"parent":0,"menu_order":0,"comment_status":"closed","ping_status":"open","template":"","meta":{"ngg_post_thumbnail":0,"footnotes":"","_mc_calendar":[]},"aioseo_notices":[],"_links":{"self":[{"href":"https:\/\/blogsaverroes.juntadeandalucia.es\/eizapata\/wp-json\/wp\/v2\/pages\/141"}],"collection":[{"href":"https:\/\/blogsaverroes.juntadeandalucia.es\/eizapata\/wp-json\/wp\/v2\/pages"}],"about":[{"href":"https:\/\/blogsaverroes.juntadeandalucia.es\/eizapata\/wp-json\/wp\/v2\/types\/page"}],"author":[{"embeddable":true,"href":"https:\/\/blogsaverroes.juntadeandalucia.es\/eizapata\/wp-json\/wp\/v2\/users\/1"}],"replies":[{"embeddable":true,"href":"https:\/\/blogsaverroes.juntadeandalucia.es\/eizapata\/wp-json\/wp\/v2\/comments?post=141"}],"version-history":[{"count":71,"href":"https:\/\/blogsaverroes.juntadeandalucia.es\/eizapata\/wp-json\/wp\/v2\/pages\/141\/revisions"}],"predecessor-version":[{"id":3677,"href":"https:\/\/blogsaverroes.juntadeandalucia.es\/eizapata\/wp-json\/wp\/v2\/pages\/141\/revisions\/3677"}],"wp:attachment":[{"href":"https:\/\/blogsaverroes.juntadeandalucia.es\/eizapata\/wp-json\/wp\/v2\/media?parent=141"}],"curies":[{"name":"wp","href":"https:\/\/api.w.org\/{rel}","templated":true}]}}