{"id":3192,"date":"2023-05-17T11:57:19","date_gmt":"2023-05-17T11:57:19","guid":{"rendered":"https:\/\/blogsaverroes.juntadeandalucia.es\/eizapata\/?page_id=3192"},"modified":"2023-05-17T12:01:48","modified_gmt":"2023-05-17T12:01:48","slug":"cumpleanos-especiales","status":"publish","type":"page","link":"https:\/\/blogsaverroes.juntadeandalucia.es\/eizapata\/cumpleanos-especiales\/","title":{"rendered":"CUMPLEA\u00d1OS ESPECIALES"},"content":{"rendered":"<div class=\"xdj266r x11i5rnm xat24cr x1mh8g0r x1vvkbs x126k92a\">\n<div dir=\"auto\">\u201cmi caja de recuerdos\u201d.<\/div>\n<\/div>\n<div class=\"x11i5rnm xat24cr x1mh8g0r x1vvkbs xtlvy1s x126k92a\">\n<div dir=\"auto\">Esta caja es un tesoro que podr\u00e1n ir llenando a lo largo de ese a\u00f1o con recuerdos y objetos que representen momentos importantes de su vida cuando esa edad. Puede incluir cosas como fotos, entradas de conciertos, cartas de amigos y familiares, recortes de peri\u00f3dicos y revistas, y peque\u00f1os objetos que le recuerden a experiencias especiales. Nosotros, en clase le preparamos detalles como: una foto-im\u00e1n de nuestra clase, corazones dedicados, una pulsera, su huella, palabras o cosas que gustan al cumplea\u00f1ero, pegatinas bonitas, brillantes, globos\u2026<\/div>\n<\/div>\n<div class=\"x11i5rnm xat24cr x1mh8g0r x1vvkbs xtlvy1s x126k92a\">\n<div dir=\"auto\">La caja de recuerdos es una manera maravillosa de mantener vivos esos momentos especiales y recordarlos. Cada vez que la abran, sentir\u00e1n una oleada de emociones y nostalgia que les recordar\u00e1n lo importante que son los recuerdos.<\/div>\n<\/div>\n<div class=\"x11i5rnm xat24cr x1mh8g0r x1vvkbs xtlvy1s x126k92a\">\n<div dir=\"auto\">&nbsp;<\/div>\n<div dir=\"auto\">&nbsp;<\/div>\n<\/div>\n<p><iframe loading=\"lazy\" src=\"https:\/\/www.facebook.com\/plugins\/post.php?href=https%3A%2F%2Fwww.facebook.com%2Fei.zapata.5%2Fposts%2Fpfbid033yvMgB9P5BcZeZ7TTo16QsZiSGbVjdvAnWdzcN2uajcjDiWYVkGmr4yeAqGUpcmil&amp;show_text=true&amp;width=500\" width=\"500\" height=\"684\" frameborder=\"0\" scrolling=\"no\"><\/iframe><\/p>\n","protected":false},"excerpt":{"rendered":"<p>\u201cmi caja de recuerdos\u201d. Esta caja es un tesoro que podr\u00e1n ir llenando a lo largo de ese a\u00f1o con recuerdos y objetos que representen momentos importantes de su vida cuando esa edad. Puede incluir cosas como fotos, entradas de conciertos, cartas de amigos y familiares, recortes de peri\u00f3dicos y revistas, y peque\u00f1os objetos que &hellip; <\/p>\n<p class=\"link-more\"><a href=\"https:\/\/blogsaverroes.juntadeandalucia.es\/eizapata\/cumpleanos-especiales\/\" class=\"more-link\">Continuar leyendo<span class=\"screen-reader-text\"> \u00abCUMPLEA\u00d1OS ESPECIALES\u00bb<\/span><\/a><\/p>\n","protected":false},"author":10362,"featured_media":0,"parent":0,"menu_order":0,"comment_status":"closed","ping_status":"closed","template":"","meta":{"ngg_post_thumbnail":0,"footnotes":"","_mc_calendar":[]},"aioseo_notices":[],"_links":{"self":[{"href":"https:\/\/blogsaverroes.juntadeandalucia.es\/eizapata\/wp-json\/wp\/v2\/pages\/3192"}],"collection":[{"href":"https:\/\/blogsaverroes.juntadeandalucia.es\/eizapata\/wp-json\/wp\/v2\/pages"}],"about":[{"href":"https:\/\/blogsaverroes.juntadeandalucia.es\/eizapata\/wp-json\/wp\/v2\/types\/page"}],"author":[{"embeddable":true,"href":"https:\/\/blogsaverroes.juntadeandalucia.es\/eizapata\/wp-json\/wp\/v2\/users\/10362"}],"replies":[{"embeddable":true,"href":"https:\/\/blogsaverroes.juntadeandalucia.es\/eizapata\/wp-json\/wp\/v2\/comments?post=3192"}],"version-history":[{"count":4,"href":"https:\/\/blogsaverroes.juntadeandalucia.es\/eizapata\/wp-json\/wp\/v2\/pages\/3192\/revisions"}],"predecessor-version":[{"id":3198,"href":"https:\/\/blogsaverroes.juntadeandalucia.es\/eizapata\/wp-json\/wp\/v2\/pages\/3192\/revisions\/3198"}],"wp:attachment":[{"href":"https:\/\/blogsaverroes.juntadeandalucia.es\/eizapata\/wp-json\/wp\/v2\/media?parent=3192"}],"curies":[{"name":"wp","href":"https:\/\/api.w.org\/{rel}","templated":true}]}}